{"id":4828,"date":"2023-11-22T08:30:15","date_gmt":"2023-11-22T08:30:15","guid":{"rendered":"https:\/\/ivfathenscenter.gr\/artificial-intelligence\/"},"modified":"2024-10-16T06:34:22","modified_gmt":"2024-10-16T06:34:22","slug":"intelligenza-artificiale-ia","status":"publish","type":"page","link":"https:\/\/ivfathenscenter.gr\/it\/fivet\/intelligenza-artificiale-ia\/","title":{"rendered":"Intelligenza Artificiale (IA)"},"content":{"rendered":"\r\n<section class=\"title-section \" >\r\n    <div class=\"ivf-container\">\r\n        <div class=\"page-title-wrap  animate\">\r\n            <div>\r\n                <h1 class=\"h2 page-title\">Intelligenza Artificiale (IA)<\/h1>\r\n                            <\/div>\r\n        <\/div>\r\n    <\/div>\r\n<\/section>\r\n\n\n\n<section class=\" services-content\">\n\n    \n    <div class=\"ivf-container  ivf-small-container section-content-wrap split\">\n\n                    <div class=\"image \">\n                <img loading=\"lazy\" decoding=\"async\" width=\"1\" height=\"1\" src=\"https:\/\/ivfathenscenter.gr\/wp-content\/uploads\/2023\/12\/Group-1823.svg\" class=\"attachment-large size-large\" alt=\"\" \/>            <\/div>\n        \n        <div class=\"text\">\n            <p class=\"text__desc\">\n                <p><strong><span style=\"color: #b02e85\">L&#8217;intelligenza artificiale (IA)<\/span><\/strong> \u00e8 uno strumento ampiamente utilizzato nella vita moderna, che influenza la nostra routine quotidiana anche se non ce ne accorgiamo. Poich\u00e9 le tecniche di fecondazione in vitro (FIV) sono in continua evoluzione, nella speranza che ogni tentativo sia coronato da successo e porti alla nascita di un bambino sano, anche l&#8217;IA \u00e8 stata introdotta per rivoluzionare questo campo.<\/p>\n<p><strong><span style=\"color: #b02e85\">L&#8217;intelligenza artificiale (IA)<\/span><\/strong> soddisfa i pi\u00f9 alti standard della tecnologia di laboratorio nel campo della FIV.<\/p>\n<p>Siamo lieti di affermare che l&#8217;Athens IVF Center, ancora una volta all&#8217;avanguardia, \u00e8 una delle prime unit\u00e0 FIV in Grecia, ma anche a livello mondiale, ad aver incluso <span style=\"color: #b02e85\"><strong>l&#8217;Intelligenza Artificiale (IA)<\/strong><\/span> nel laboratorio dal 2021.<\/p>\n<p>Utilizziamo iDAScore, un algoritmo software di intelligenza artificiale (IA), in combinazione con <span style=\"color: #b02e85\">EmbryoScope\u00ae<\/span>.<\/p>\n            <\/p>\n        <\/div>\n\n        \n    <\/div>\n\n        \n<\/section>\n\n\n\n<section class=\" services-content services-content-2\">\n\n    \n    <div class=\"ivf-container  ivf-small-container section-content-wrap split\">\n\n        \n        <div class=\"text\">\n            <p class=\"text__desc\">\n                <p><strong><span style=\"color: #b02e85\">iDAScore<\/span><\/strong> \u00e8 un miglioramento significativo rispetto a qualsiasi altro sistema utilizzato finora nell&#8217;embriologia umana, dopo essere stato testato e basato su studi multicentrici (115.000 embrioni da 18 diverse cliniche in tutto il mondo) e fornisce processi di selezione e valutazione completamente automatizzati per ogni embrione della coorte di pazienti, eliminando le valutazioni soggettive con analisi completamente oggettive.<\/p>\n<p>Ulteriori studi da allora hanno dimostrato che gli embrioni con il punteggio pi\u00f9 alto nel processo di selezione automatizzato offrono le maggiori probabilit\u00e0 di successo dell&#8217;impianto e di battito cardiaco positivo del feto.<\/p>\n<p>Recentemente, una nuova versione del iDA Score \u00e8 stata installata presso il Centro IVF di Atene (<strong><span style=\"color: #b02e85\">iDA Score versione 2.0<\/span><\/strong>), basata sulla stessa tecnologia di intelligenza artificiale, derivata da pi\u00f9 dati (&gt;181.000 embrioni), pi\u00f9 unit\u00e0 di FIV e dopo risultati ben provati (tassi di nascita). Fornisce un processo di selezione ed valutazione completamente automatizzato per ogni ovocita fecondato (embrione) e a pi\u00f9 stadi di sviluppo (giorno 2, 3 o 5\/6).<\/p>\n<p>&nbsp;<\/p>\n<p>I vantaggi della <strong><span style=\"color: #b02e85\">versione 2.0 di iDA Score<\/span><\/strong> installata sono:<\/p>\n<ul>\n<li style=\"font-weight: 400\">La disponibilit\u00e0 di un punteggio in qualsiasi momento dal giorno 2 (almeno 39 ore dopo la fecondazione), dal giorno 3 (72 ore dopo la fecondazione) o fino ai giorni 5\/6 (108 &#8211; 148 ore dopo la fecondazione).<\/li>\n<li style=\"font-weight: 400\">I risultati sono comparabili tra i giorni, il che significa che un embrione del giorno 2 con un punteggio alto ha la stessa probabilit\u00e0 di impianto indipendentemente dal giorno del trasferimento dell&#8217;embrione, e gli embrioni con punteggi simili hanno la stessa probabilit\u00e0 di impianto indipendentemente dal giorno della valutazione.<\/li>\n<\/ul>\n            <\/p>\n        <\/div>\n\n                    <div class=\"image \">\n                <img loading=\"lazy\" decoding=\"async\" width=\"1024\" height=\"656\" src=\"https:\/\/ivfathenscenter.gr\/wp-content\/uploads\/2023\/12\/6453211@2x-1024x656.png\" class=\"attachment-large size-large\" alt=\"\" srcset=\"https:\/\/ivfathenscenter.gr\/wp-content\/uploads\/2023\/12\/6453211@2x-1024x656.png 1024w, https:\/\/ivfathenscenter.gr\/wp-content\/uploads\/2023\/12\/6453211@2x-300x192.png 300w, https:\/\/ivfathenscenter.gr\/wp-content\/uploads\/2023\/12\/6453211@2x-768x492.png 768w, https:\/\/ivfathenscenter.gr\/wp-content\/uploads\/2023\/12\/6453211@2x.png 1302w\" sizes=\"auto, (max-width: 1024px) 100vw, 1024px\" \/>            <\/div>\n        \n    <\/div>\n\n        \n<\/section>\n\n\n    <section class=\"services-faqs reverse\" id=>\r\n\r\n                    <div class=\"ivf-container ivf-small-container section-title-wrap\">\r\n                <h3 class=\"section-title\">\r\n                    FAQ sull&#039;Intelligenza Artificiale (IA)                <\/h3>\r\n            <\/div>\r\n        \r\n        <div class=\"ivf-container ivf-small-container section-content-wrap\">\r\n            <div class=\"text\">\r\n                <div class=\"faq\">\r\n\r\n                                            <h4 class=\"faq-title active\">\r\n                            Come influisce l&#039;IA sulla fecondazione in vitro (FIVET)?                        <\/h4>\r\n                        <div class=\"faq-desc\">\r\n                            <span class=\"faq-desc-content\">\r\n                                <p>Studi scientifici hanno dimostrato che la combinazione di esseri umani (embriologi) e intelligenza artificiale (IA) nella selezione degli embrioni potrebbe essere la chiave per massimizzare i risultati di successo e anche ridurre il tempo, i costi e lo stress delle persone subfertili e delle loro famiglie.<\/p>\n                            <\/span>\r\n                        <\/div>\r\n                                            <h4 class=\"faq-title \">\r\n                            Cosa significa un punteggio iDA elevato per gli embrioni in sviluppo?                        <\/h4>\r\n                        <div class=\"faq-desc\">\r\n                            <span class=\"faq-desc-content\">\r\n                                <p>Studi hanno dimostrato che gli embrioni con i punteggi <strong><span style=\"color: #b02e85\">iDA<\/span><\/strong> pi\u00f9 alti hanno le maggiori probabilit\u00e0 di portare alla nascita di bambini sani e sono associati a:<\/p>\n<ul>\n<li style=\"font-weight: 400\">tassi aumentati di nascite vive in un periodo di tempo pi\u00f9 breve<\/li>\n<li style=\"font-weight: 400\">percentuali aumentate di embrioni sani (euploidi)<\/li>\n<li style=\"font-weight: 400\">tassi pi\u00f9 bassi di aborti spontanei (1\u00b0 e 2\u00b0 trimestre)<\/li>\n<\/ul>\n                            <\/span>\r\n                        <\/div>\r\n                    \r\n                <\/div>\r\n            <\/div>\r\n        <\/div>\r\n    <\/section>\r\n\n\n","protected":false},"excerpt":{"rendered":"","protected":false},"author":1,"featured_media":0,"parent":6299,"menu_order":0,"comment_status":"closed","ping_status":"closed","template":"","meta":{"_acf_changed":false,"footnotes":""},"class_list":["post-4828","page","type-page","status-publish","hentry"],"acf":[],"_links":{"self":[{"href":"https:\/\/ivfathenscenter.gr\/it\/wp-json\/wp\/v2\/pages\/4828","targetHints":{"allow":["GET"]}}],"collection":[{"href":"https:\/\/ivfathenscenter.gr\/it\/wp-json\/wp\/v2\/pages"}],"about":[{"href":"https:\/\/ivfathenscenter.gr\/it\/wp-json\/wp\/v2\/types\/page"}],"author":[{"embeddable":true,"href":"https:\/\/ivfathenscenter.gr\/it\/wp-json\/wp\/v2\/users\/1"}],"replies":[{"embeddable":true,"href":"https:\/\/ivfathenscenter.gr\/it\/wp-json\/wp\/v2\/comments?post=4828"}],"version-history":[{"count":6,"href":"https:\/\/ivfathenscenter.gr\/it\/wp-json\/wp\/v2\/pages\/4828\/revisions"}],"predecessor-version":[{"id":6781,"href":"https:\/\/ivfathenscenter.gr\/it\/wp-json\/wp\/v2\/pages\/4828\/revisions\/6781"}],"up":[{"embeddable":true,"href":"https:\/\/ivfathenscenter.gr\/it\/wp-json\/wp\/v2\/pages\/6299"}],"wp:attachment":[{"href":"https:\/\/ivfathenscenter.gr\/it\/wp-json\/wp\/v2\/media?parent=4828"}],"curies":[{"name":"wp","href":"https:\/\/api.w.org\/{rel}","templated":true}]}}