{"id":4494,"date":"2023-08-21T11:45:04","date_gmt":"2023-08-21T11:45:04","guid":{"rendered":"https:\/\/ivfathenscenter.gr\/free-phone-call\/"},"modified":"2024-10-10T19:23:54","modified_gmt":"2024-10-10T19:23:54","slug":"telefonata-gratuita","status":"publish","type":"page","link":"https:\/\/ivfathenscenter.gr\/it\/telefonata-gratuita\/","title":{"rendered":"Telefonata Gratuita"},"content":{"rendered":"\r\n<section class=\"title-section  with-desc\" >\r\n    <div class=\"ivf-container\">\r\n        <div class=\"page-title-wrap \">\r\n            <div>\r\n                <h1 class=\"h2 page-title\">TELEFONATA GRATUITA<\/h1>\r\n                                    <div class=\"page-desc\">\r\n                        <p><p>Puoi contattarci telefonicamente, gratuitamente e senza ulteriori impegni o obblighi.<\/p>\n<p>&nbsp;<\/p>\n<p>Compila i campi sottostanti e il nostro Chief Listening Officer ti chiamer\u00e0 quando ti sar\u00e0 pi\u00f9 comodo.<\/p>\n<\/p>\r\n                    <\/div>\r\n                            <\/div>\r\n        <\/div>\r\n    <\/div>\r\n<\/section>\r\n\n\n\r\n<section class=\"contact-gen\">\r\n    <div class=\"ivf-container section-content-wrap split\">\r\n\r\n        \r\n            <div class=\"image\">\r\n                <img loading=\"lazy\" decoding=\"async\" width=\"946\" height=\"1024\" src=\"https:\/\/ivfathenscenter.gr\/wp-content\/uploads\/2023\/08\/free-phone-call-946x1024.png\" class=\"attachment-large size-large\" alt=\"\" srcset=\"https:\/\/ivfathenscenter.gr\/wp-content\/uploads\/2023\/08\/free-phone-call-946x1024.png 946w, https:\/\/ivfathenscenter.gr\/wp-content\/uploads\/2023\/08\/free-phone-call-277x300.png 277w, https:\/\/ivfathenscenter.gr\/wp-content\/uploads\/2023\/08\/free-phone-call-768x832.png 768w, https:\/\/ivfathenscenter.gr\/wp-content\/uploads\/2023\/08\/free-phone-call.png 988w\" sizes=\"auto, (max-width: 946px) 100vw, 946px\" \/>            <\/div>\r\n\r\n        \r\n        <div class=\"contact-form-wrap text\">\r\n\r\n            \n<div class=\"wpcf7 no-js\" id=\"wpcf7-f5081-o1\" lang=\"it-IT\" dir=\"ltr\" data-wpcf7-id=\"5081\">\n<div class=\"screen-reader-response\"><p role=\"status\" aria-live=\"polite\" aria-atomic=\"true\"><\/p> <ul><\/ul><\/div>\n<form action=\"\/it\/wp-json\/wp\/v2\/pages\/4494#wpcf7-f5081-o1\" method=\"post\" class=\"wpcf7-form init\" aria-label=\"Modulo di contatto\" novalidate=\"novalidate\" data-status=\"init\">\n<fieldset class=\"hidden-fields-container\"><input type=\"hidden\" name=\"_wpcf7\" value=\"5081\" \/><input type=\"hidden\" name=\"_wpcf7_version\" value=\"6.1.5\" \/><input type=\"hidden\" name=\"_wpcf7_locale\" value=\"it_IT\" \/><input type=\"hidden\" name=\"_wpcf7_unit_tag\" value=\"wpcf7-f5081-o1\" \/><input type=\"hidden\" name=\"_wpcf7_container_post\" value=\"0\" \/><input type=\"hidden\" name=\"_wpcf7_posted_data_hash\" value=\"\" \/><input type=\"hidden\" name=\"_wpcf7_recaptcha_response\" value=\"\" \/>\n<\/fieldset>\n<div class=\"wrap js-consultation-form\">\n    <p class=\"half-col\">\n        <label>\n            <span class=\"wpcf7-form-control-wrap\" data-name=\"your-name\"><input size=\"40\" maxlength=\"400\" class=\"wpcf7-form-control wpcf7-text wpcf7-validates-as-required\" autocomplete=\"name\" aria-required=\"true\" aria-invalid=\"false\" placeholder=\"NOME *\" value=\"\" type=\"text\" name=\"your-name\" \/><\/span>\n        <\/label>\n    <\/p>\n    <p class=\"half-col\">\n        <label>\n            <span class=\"wpcf7-form-control-wrap\" data-name=\"lastname\"><input size=\"40\" maxlength=\"400\" class=\"wpcf7-form-control wpcf7-text wpcf7-validates-as-required\" autocomplete=\"name\" aria-required=\"true\" aria-invalid=\"false\" placeholder=\"COGNOME*\" value=\"\" type=\"text\" name=\"lastname\" \/><\/span>\n        <\/label>\n    <\/p>\n    <p class=\"half-col\">\n        <label>\n            <span class=\"wpcf7-form-control-wrap\" data-name=\"your-email\"><input size=\"40\" maxlength=\"400\" class=\"wpcf7-form-control wpcf7-email wpcf7-validates-as-required wpcf7-text wpcf7-validates-as-email\" autocomplete=\"email\" aria-required=\"true\" aria-invalid=\"false\" placeholder=\"E-MAIL*\" value=\"\" type=\"email\" name=\"your-email\" \/><\/span>\n        <\/label>\n    <\/p>\n    <p class=\"half-col\">\n        <label>\n            <span class=\"wpcf7-form-control-wrap\" data-name=\"subject\"><input size=\"40\" maxlength=\"400\" class=\"wpcf7-form-control wpcf7-text wpcf7-validates-as-required\" autocomplete=\"name\" aria-required=\"true\" aria-invalid=\"false\" placeholder=\"SOGGETTO*\" value=\"\" type=\"text\" name=\"subject\" \/><\/span>\n        <\/label>\n    <\/p>\n    <p class=\"half-col\">\n        <label>\n            <span class=\"wpcf7-form-control-wrap\" data-name=\"your-country\"><input size=\"40\" maxlength=\"400\" class=\"wpcf7-form-control wpcf7-text wpcf7-validates-as-required\" autocomplete=\"country\" aria-required=\"true\" aria-invalid=\"false\" placeholder=\"PAESE*\" value=\"\" type=\"text\" name=\"your-country\" \/><\/span>\n        <\/label>\n    <\/p>\n    <p class=\"dropdown\">\n        <label>\n            <span class=\"wpcf7-form-control-wrap\" data-name=\"language\"><select class=\"wpcf7-form-control wpcf7-select wpcf7-validates-as-required form-control\" id=\"language\" aria-required=\"true\" aria-invalid=\"false\" name=\"language\"><option value=\"\">LINGUA PREFERITA*<\/option><option value=\"English\">English<\/option><option value=\"Greek\">Greek<\/option><option value=\"Italy\">Italy<\/option><option value=\"French\">French<\/option><\/select><\/span>\n        <\/label>\n    <\/p>\n    <p>\n        <label>\n            <span class=\"wpcf7-form-control-wrap\" data-name=\"phone\"><input size=\"40\" maxlength=\"400\" class=\"wpcf7-form-control wpcf7-tel wpcf7-validates-as-required wpcf7-text wpcf7-validates-as-tel\" aria-required=\"true\" aria-invalid=\"false\" placeholder=\"TELEFONO*\" value=\"\" type=\"tel\" name=\"phone\" \/><\/span>\n        <\/label>\n    <\/p>\n    <p class=\"dropdown\">\n        <label>\n            <span class=\"wpcf7-form-control-wrap\" data-name=\"schedule\"><select class=\"wpcf7-form-control wpcf7-select form-control\" id=\"schedule\" aria-invalid=\"false\" name=\"schedule\"><option value=\"\">ORARIO PREFERITO*<\/option><option value=\"mattino 9:00 - 14:00\">mattino 9:00 &#8211; 14:00<\/option><option value=\"pomeriggio 15:00 - 17:00\">pomeriggio 15:00 &#8211; 17:00<\/option><\/select><\/span>\n        <\/label>\n    <\/p>\n\n    <span id=\"wpcf7-69df267af33c3-wrapper\" class=\"wpcf7-form-control-wrap honeypot-534-wrap\" style=\"display:none !important; visibility:hidden !important;\"><label for=\"wpcf7-69df267af33c3-field\" class=\"hp-message\">Si prega di lasciare vuoto questo campo.<\/label><input id=\"wpcf7-69df267af33c3-field\"  class=\"wpcf7-form-control wpcf7-text\" type=\"text\" name=\"honeypot-534\" value=\"\" size=\"40\" tabindex=\"-1\" autocomplete=\"off\" \/><\/span>\n<\/div>\n<p class=\"submit-wrap\">\n    <input class=\"wpcf7-form-control wpcf7-submit has-spinner wpc7-submit linkmore\" type=\"submit\" value=\"INVIA\" \/>\n<\/p><div class=\"wpcf7-response-output\" aria-hidden=\"true\"><\/div>\n<\/form>\n<\/div>\n\r\n        <\/div>\r\n    <\/div>\r\n<\/section>\r\n","protected":false},"excerpt":{"rendered":"","protected":false},"author":1,"featured_media":0,"parent":0,"menu_order":0,"comment_status":"closed","ping_status":"closed","template":"","meta":{"_acf_changed":false,"footnotes":""},"class_list":["post-4494","page","type-page","status-publish","hentry"],"acf":[],"_links":{"self":[{"href":"https:\/\/ivfathenscenter.gr\/it\/wp-json\/wp\/v2\/pages\/4494","targetHints":{"allow":["GET"]}}],"collection":[{"href":"https:\/\/ivfathenscenter.gr\/it\/wp-json\/wp\/v2\/pages"}],"about":[{"href":"https:\/\/ivfathenscenter.gr\/it\/wp-json\/wp\/v2\/types\/page"}],"author":[{"embeddable":true,"href":"https:\/\/ivfathenscenter.gr\/it\/wp-json\/wp\/v2\/users\/1"}],"replies":[{"embeddable":true,"href":"https:\/\/ivfathenscenter.gr\/it\/wp-json\/wp\/v2\/comments?post=4494"}],"version-history":[{"count":3,"href":"https:\/\/ivfathenscenter.gr\/it\/wp-json\/wp\/v2\/pages\/4494\/revisions"}],"predecessor-version":[{"id":5935,"href":"https:\/\/ivfathenscenter.gr\/it\/wp-json\/wp\/v2\/pages\/4494\/revisions\/5935"}],"wp:attachment":[{"href":"https:\/\/ivfathenscenter.gr\/it\/wp-json\/wp\/v2\/media?parent=4494"}],"curies":[{"name":"wp","href":"https:\/\/api.w.org\/{rel}","templated":true}]}}