{"id":4458,"date":"2023-08-21T08:15:51","date_gmt":"2023-08-21T08:15:51","guid":{"rendered":"https:\/\/ivfathenscenter.gr\/visual-material\/"},"modified":"2024-10-11T04:48:13","modified_gmt":"2024-10-11T04:48:13","slug":"video","status":"publish","type":"page","link":"https:\/\/ivfathenscenter.gr\/it\/video\/","title":{"rendered":"Video di Supporto per i Pazienti"},"content":{"rendered":"\r\n<section class=\"title-section  with-desc\"  id=strutture>\r\n    <div class=\"ivf-container\">\r\n        <div class=\"page-title-wrap \">\r\n            <div>\r\n                <h1 class=\"h2 page-title\">PREMESSE<\/h1>\r\n                                    <div class=\"page-desc\">\r\n                        <p><p>Il nostro dovere, in primo luogo, si fonda sul massimo rispetto per la coppia infertile. Siamo orgogliosi del fatto che sinora, grazie ai nostri sforzi, sono nati pi\u00f9 di 3.000 bambini. Da anni ci dedichiamo ai problemi delle coppie infertili e il nostro primo principio \u00e8 quello di fornire un\u2019assistenza reale, onesta e di qualit\u00e0 a chi ne ha bisogno, nell\u2019ambito della coerenza scientifica e dell\u2019etica. Il costante adattarsi di IVF Athens Center ai continui sviluppi della scienza, la nostra eccellente infrastruttura, l\u2019ambiente familiare e accogliente e l\u2019alta formazione dei medici e del personale, ci permettono di creare le condizioni ideali in cui consigliare e guidare le coppie infertili che si rivolgono a noi verso il raggiungimento del loro obiettivo, in modo sicuro e responsabile.<\/p>\n<p>&nbsp;<\/p>\n<p>La nostra sede si trova in un viale centrale di Atene, a pochi passi da due delle maggiori cliniche ostetriche private della citt\u00e0, e offre maggiore sicurezza alla coppia e supera gli standard di conformit\u00e0 di laboratorio. Il Centro dispone di un Laboratorio di embriologia e andrologia e di una sala operatoria completamente attrezzata, tutti certificati secondo la norma ISO 9001.<\/p>\n<\/p>\r\n                    <\/div>\r\n                            <\/div>\r\n        <\/div>\r\n    <\/div>\r\n<\/section>\r\n\n\n    <section class=\"premises\">\r\n        <div class=\"ivf-container section-content-wrap\">\r\n            <div class=\"gallery\">\r\n                <div class=\"gallery-image\">\r\n                    \r\n                                            <a href=\"https:\/\/ivfathenscenter.gr\/wp-content\/uploads\/2023\/08\/premises-1.jpg\" class=\"html5lightbox scaleup-anim\" data-group=\"premises-gallery\">\r\n                            <img loading=\"lazy\" decoding=\"async\" width=\"1000\" height=\"544\" src=\"https:\/\/ivfathenscenter.gr\/wp-content\/uploads\/2023\/08\/premises-1.jpg\" class=\"html5lightbox scaleup-anim\" alt=\"\" data-group=\"premises-gallery\" srcset=\"https:\/\/ivfathenscenter.gr\/wp-content\/uploads\/2023\/08\/premises-1.jpg 1000w, https:\/\/ivfathenscenter.gr\/wp-content\/uploads\/2023\/08\/premises-1-300x163.jpg 300w, https:\/\/ivfathenscenter.gr\/wp-content\/uploads\/2023\/08\/premises-1-768x418.jpg 768w\" sizes=\"auto, (max-width: 1000px) 100vw, 1000px\" \/>                        <\/a>\r\n                                            <a href=\"https:\/\/ivfathenscenter.gr\/wp-content\/uploads\/2023\/08\/premises-2.jpg\" class=\"html5lightbox scaleup-anim\" data-group=\"premises-gallery\">\r\n                            <img loading=\"lazy\" decoding=\"async\" width=\"428\" height=\"544\" src=\"https:\/\/ivfathenscenter.gr\/wp-content\/uploads\/2023\/08\/premises-2.jpg\" class=\"html5lightbox scaleup-anim\" alt=\"\" data-group=\"premises-gallery\" srcset=\"https:\/\/ivfathenscenter.gr\/wp-content\/uploads\/2023\/08\/premises-2.jpg 428w, https:\/\/ivfathenscenter.gr\/wp-content\/uploads\/2023\/08\/premises-2-236x300.jpg 236w\" sizes=\"auto, (max-width: 428px) 100vw, 428px\" \/>                        <\/a>\r\n                                            <a href=\"https:\/\/ivfathenscenter.gr\/wp-content\/uploads\/2023\/08\/premises-3.jpg\" class=\"html5lightbox scaleup-anim\" data-group=\"premises-gallery\">\r\n                            <img loading=\"lazy\" decoding=\"async\" width=\"428\" height=\"544\" src=\"https:\/\/ivfathenscenter.gr\/wp-content\/uploads\/2023\/08\/premises-3.jpg\" class=\"html5lightbox scaleup-anim\" alt=\"\" data-group=\"premises-gallery\" srcset=\"https:\/\/ivfathenscenter.gr\/wp-content\/uploads\/2023\/08\/premises-3.jpg 428w, https:\/\/ivfathenscenter.gr\/wp-content\/uploads\/2023\/08\/premises-3-236x300.jpg 236w\" sizes=\"auto, (max-width: 428px) 100vw, 428px\" \/>                        <\/a>\r\n                                            <a href=\"https:\/\/ivfathenscenter.gr\/wp-content\/uploads\/2023\/08\/premises-4.jpg\" class=\"html5lightbox scaleup-anim\" data-group=\"premises-gallery\">\r\n                            <img loading=\"lazy\" decoding=\"async\" width=\"1000\" height=\"544\" src=\"https:\/\/ivfathenscenter.gr\/wp-content\/uploads\/2023\/08\/premises-4.jpg\" class=\"html5lightbox scaleup-anim\" alt=\"\" data-group=\"premises-gallery\" srcset=\"https:\/\/ivfathenscenter.gr\/wp-content\/uploads\/2023\/08\/premises-4.jpg 1000w, https:\/\/ivfathenscenter.gr\/wp-content\/uploads\/2023\/08\/premises-4-300x163.jpg 300w, https:\/\/ivfathenscenter.gr\/wp-content\/uploads\/2023\/08\/premises-4-768x418.jpg 768w\" sizes=\"auto, (max-width: 1000px) 100vw, 1000px\" \/>                        <\/a>\r\n                                            <a href=\"https:\/\/ivfathenscenter.gr\/wp-content\/uploads\/2023\/08\/premises-5-1024x374.jpg\" class=\"html5lightbox scaleup-anim\" data-group=\"premises-gallery\">\r\n                            <img loading=\"lazy\" decoding=\"async\" width=\"1024\" height=\"374\" src=\"https:\/\/ivfathenscenter.gr\/wp-content\/uploads\/2023\/08\/premises-5-1024x374.jpg\" class=\"html5lightbox scaleup-anim\" alt=\"\" data-group=\"premises-gallery\" srcset=\"https:\/\/ivfathenscenter.gr\/wp-content\/uploads\/2023\/08\/premises-5-1024x374.jpg 1024w, https:\/\/ivfathenscenter.gr\/wp-content\/uploads\/2023\/08\/premises-5-300x110.jpg 300w, https:\/\/ivfathenscenter.gr\/wp-content\/uploads\/2023\/08\/premises-5-768x280.jpg 768w, https:\/\/ivfathenscenter.gr\/wp-content\/uploads\/2023\/08\/premises-5.jpg 1490w\" sizes=\"auto, (max-width: 1024px) 100vw, 1024px\" \/>                        <\/a>\r\n                                            <a href=\"https:\/\/ivfathenscenter.gr\/wp-content\/uploads\/2023\/08\/premises-6-1024x374.jpg\" class=\"html5lightbox scaleup-anim\" data-group=\"premises-gallery\">\r\n                            <img loading=\"lazy\" decoding=\"async\" width=\"1024\" height=\"374\" src=\"https:\/\/ivfathenscenter.gr\/wp-content\/uploads\/2023\/08\/premises-6-1024x374.jpg\" class=\"html5lightbox scaleup-anim\" alt=\"\" data-group=\"premises-gallery\" srcset=\"https:\/\/ivfathenscenter.gr\/wp-content\/uploads\/2023\/08\/premises-6-1024x374.jpg 1024w, https:\/\/ivfathenscenter.gr\/wp-content\/uploads\/2023\/08\/premises-6-300x110.jpg 300w, https:\/\/ivfathenscenter.gr\/wp-content\/uploads\/2023\/08\/premises-6-768x280.jpg 768w, https:\/\/ivfathenscenter.gr\/wp-content\/uploads\/2023\/08\/premises-6.jpg 1490w\" sizes=\"auto, (max-width: 1024px) 100vw, 1024px\" \/>                        <\/a>\r\n                                            <a href=\"https:\/\/ivfathenscenter.gr\/wp-content\/uploads\/2023\/08\/premises-7.jpg\" class=\"html5lightbox scaleup-anim\" data-group=\"premises-gallery\">\r\n                            <img loading=\"lazy\" decoding=\"async\" width=\"1000\" height=\"544\" src=\"https:\/\/ivfathenscenter.gr\/wp-content\/uploads\/2023\/08\/premises-7.jpg\" class=\"html5lightbox scaleup-anim\" alt=\"\" data-group=\"premises-gallery\" srcset=\"https:\/\/ivfathenscenter.gr\/wp-content\/uploads\/2023\/08\/premises-7.jpg 1000w, https:\/\/ivfathenscenter.gr\/wp-content\/uploads\/2023\/08\/premises-7-300x163.jpg 300w, https:\/\/ivfathenscenter.gr\/wp-content\/uploads\/2023\/08\/premises-7-768x418.jpg 768w\" sizes=\"auto, (max-width: 1000px) 100vw, 1000px\" \/>                        <\/a>\r\n                                            <a href=\"https:\/\/ivfathenscenter.gr\/wp-content\/uploads\/2023\/08\/premises-8.jpg\" class=\"html5lightbox scaleup-anim\" data-group=\"premises-gallery\">\r\n                            <img loading=\"lazy\" decoding=\"async\" width=\"428\" height=\"544\" src=\"https:\/\/ivfathenscenter.gr\/wp-content\/uploads\/2023\/08\/premises-8.jpg\" class=\"html5lightbox scaleup-anim\" alt=\"\" data-group=\"premises-gallery\" srcset=\"https:\/\/ivfathenscenter.gr\/wp-content\/uploads\/2023\/08\/premises-8.jpg 428w, https:\/\/ivfathenscenter.gr\/wp-content\/uploads\/2023\/08\/premises-8-236x300.jpg 236w\" sizes=\"auto, (max-width: 428px) 100vw, 428px\" \/>                        <\/a>\r\n                                            <a href=\"https:\/\/ivfathenscenter.gr\/wp-content\/uploads\/2023\/08\/premises-9.jpg\" class=\"html5lightbox scaleup-anim\" data-group=\"premises-gallery\">\r\n                            <img loading=\"lazy\" decoding=\"async\" width=\"428\" height=\"544\" src=\"https:\/\/ivfathenscenter.gr\/wp-content\/uploads\/2023\/08\/premises-9.jpg\" class=\"html5lightbox scaleup-anim\" alt=\"\" data-group=\"premises-gallery\" srcset=\"https:\/\/ivfathenscenter.gr\/wp-content\/uploads\/2023\/08\/premises-9.jpg 428w, https:\/\/ivfathenscenter.gr\/wp-content\/uploads\/2023\/08\/premises-9-236x300.jpg 236w\" sizes=\"auto, (max-width: 428px) 100vw, 428px\" \/>                        <\/a>\r\n                                            <a href=\"https:\/\/ivfathenscenter.gr\/wp-content\/uploads\/2023\/08\/premises-10.jpg\" class=\"html5lightbox scaleup-anim\" data-group=\"premises-gallery\">\r\n                            <img loading=\"lazy\" decoding=\"async\" width=\"1000\" height=\"544\" src=\"https:\/\/ivfathenscenter.gr\/wp-content\/uploads\/2023\/08\/premises-10.jpg\" class=\"html5lightbox scaleup-anim\" alt=\"\" data-group=\"premises-gallery\" srcset=\"https:\/\/ivfathenscenter.gr\/wp-content\/uploads\/2023\/08\/premises-10.jpg 1000w, https:\/\/ivfathenscenter.gr\/wp-content\/uploads\/2023\/08\/premises-10-300x163.jpg 300w, https:\/\/ivfathenscenter.gr\/wp-content\/uploads\/2023\/08\/premises-10-768x418.jpg 768w\" sizes=\"auto, (max-width: 1000px) 100vw, 1000px\" \/>                        <\/a>\r\n                    \r\n                <\/div>\r\n            <\/div>\r\n        <\/div>\r\n    <\/section>\r\n\n\n    <section class=\"interviews reverse\" id=\"interviste\">\n\n                    <div class=\"ivf-container ivf-small-container section-title-wrap\">\n                <h3 class=\"section-title\">\n                    Interviste                <\/h3>\n            <\/div>\n        \n        <div class=\"ivf-container section-content-wrap\">\n            <div class=\"gallery\">\n                <div class=\"gallery-video\">\n\n                                            <a href=\"https:\/\/youtu.be\/yNBW3sh6bvw\" class=\"html5lightbox scaleup-anim\" data-group=\"interviews-gallery\" target=\"_blank\" rel=\"noopener\">\n                            <iframe src=\"https:\/\/www.youtube.com\/embed\/yNBW3sh6bvw\"\n                                class=\"gallery-video-iframe\"><\/iframe>\n                            <div class=\"gallery-video-info\">\n                                <p class=\"gallery-video-date\">\n                                    26 Agosto                                <\/p>\n                                <p class=\"gallery-video-title\">\n                                    LA GRECIA NELLA LUCE &#8211; Intervista al Dott. Vasiliou Athanasiou e il Dott. Katerina Athanasiou                                <\/p>\n                            <\/div>\n                        <\/a>\n                                            <a href=\"https:\/\/youtu.be\/HnNfx0-trZ4\" class=\"html5lightbox scaleup-anim\" data-group=\"interviews-gallery\" target=\"_blank\" rel=\"noopener\">\n                            <iframe src=\"https:\/\/www.youtube.com\/embed\/HnNfx0-trZ4\"\n                                class=\"gallery-video-iframe\"><\/iframe>\n                            <div class=\"gallery-video-info\">\n                                <p class=\"gallery-video-date\">\n                                    26 Agosto                                <\/p>\n                                <p class=\"gallery-video-title\">\n                                    LA GRECIA NELLA LUCE &#8211; Intervista al Dott. Maria Sakelariou e l&#8217;embriologa Electra Prifti                                <\/p>\n                            <\/div>\n                        <\/a>\n                                            <a href=\"https:\/\/youtu.be\/Tvq6pZt1AaM\" class=\"html5lightbox scaleup-anim\" data-group=\"interviews-gallery\" target=\"_blank\" rel=\"noopener\">\n                            <iframe src=\"https:\/\/www.youtube.com\/embed\/Tvq6pZt1AaM\"\n                                class=\"gallery-video-iframe\"><\/iframe>\n                            <div class=\"gallery-video-info\">\n                                <p class=\"gallery-video-date\">\n                                    24 Settembre                                <\/p>\n                                <p class=\"gallery-video-title\">\n                                    PRESENDATION OF IVF ATHENS                                <\/p>\n                            <\/div>\n                        <\/a>\n                                            <a href=\"https:\/\/youtu.be\/oZiSbkckYVs\" class=\"html5lightbox scaleup-anim\" data-group=\"interviews-gallery\" target=\"_blank\" rel=\"noopener\">\n                            <iframe src=\"https:\/\/www.youtube.com\/embed\/oZiSbkckYVs\"\n                                class=\"gallery-video-iframe\"><\/iframe>\n                            <div class=\"gallery-video-info\">\n                                <p class=\"gallery-video-date\">\n                                    24 Giugno                                <\/p>\n                                <p class=\"gallery-video-title\">\n                                    IL IVF ATHENS CENTER UTILIZZA EMBRIOSCOPE                                <\/p>\n                            <\/div>\n                        <\/a>\n                                            <a href=\"https:\/\/youtu.be\/sQNSTCcYyJg\" class=\"html5lightbox scaleup-anim\" data-group=\"interviews-gallery\" target=\"_blank\" rel=\"noopener\">\n                            <iframe src=\"https:\/\/www.youtube.com\/embed\/sQNSTCcYyJg\"\n                                class=\"gallery-video-iframe\"><\/iframe>\n                            <div class=\"gallery-video-info\">\n                                <p class=\"gallery-video-date\">\n                                    12 Aprile                                <\/p>\n                                <p class=\"gallery-video-title\">\n                                    UNA PRESENTAZIONE DEL NOSTRO CENTRO                                <\/p>\n                            <\/div>\n                        <\/a>\n                                            <a href=\"https:\/\/youtu.be\/GaZ2YAvPBXg\" class=\"html5lightbox scaleup-anim\" data-group=\"interviews-gallery\" target=\"_blank\" rel=\"noopener\">\n                            <iframe src=\"https:\/\/www.youtube.com\/embed\/GaZ2YAvPBXg\"\n                                class=\"gallery-video-iframe\"><\/iframe>\n                            <div class=\"gallery-video-info\">\n                                <p class=\"gallery-video-date\">\n                                    10 Aprile                                <\/p>\n                                <p class=\"gallery-video-title\">\n                                    L\u2019ICSI D\u00c0 RISULTATI MIGLIORI RISPETTO ALLA FIVET CONVENZIONALE?                                <\/p>\n                            <\/div>\n                        <\/a>\n                                            <a href=\"https:\/\/youtu.be\/DKlQyTQt-aQ\" class=\"html5lightbox scaleup-anim\" data-group=\"interviews-gallery\" target=\"_blank\" rel=\"noopener\">\n                            <iframe src=\"https:\/\/www.youtube.com\/embed\/DKlQyTQt-aQ\"\n                                class=\"gallery-video-iframe\"><\/iframe>\n                            <div class=\"gallery-video-info\">\n                                <p class=\"gallery-video-date\">\n                                    28 Marzo                                <\/p>\n                                <p class=\"gallery-video-title\">\n                                    MEGLIO FARE UN TRASFERIMENTO DI EMBRIONI AL GIORNO 3 O 5?                                <\/p>\n                            <\/div>\n                        <\/a>\n                                            <a href=\"https:\/\/youtu.be\/M_e2_9kUCpg\" class=\"html5lightbox scaleup-anim\" data-group=\"interviews-gallery\" target=\"_blank\" rel=\"noopener\">\n                            <iframe src=\"https:\/\/www.youtube.com\/embed\/M_e2_9kUCpg\"\n                                class=\"gallery-video-iframe\"><\/iframe>\n                            <div class=\"gallery-video-info\">\n                                <p class=\"gallery-video-date\">\n                                    14 Febbraio                                <\/p>\n                                <p class=\"gallery-video-title\">\n                                    QUANTI OVULI DEVO CONGELARE?                                <\/p>\n                            <\/div>\n                        <\/a>\n                                            <a href=\"https:\/\/youtu.be\/JQFqaaa7A8A\" class=\"html5lightbox scaleup-anim\" data-group=\"interviews-gallery\" target=\"_blank\" rel=\"noopener\">\n                            <iframe src=\"https:\/\/www.youtube.com\/embed\/JQFqaaa7A8A\"\n                                class=\"gallery-video-iframe\"><\/iframe>\n                            <div class=\"gallery-video-info\">\n                                <p class=\"gallery-video-date\">\n                                    3 Agosto                                <\/p>\n                                <p class=\"gallery-video-title\">\n                                    QUALI SONO LE TECNICHE PGD E PGS E QUAL \u00c8 LA DIFFERENZA?                                <\/p>\n                            <\/div>\n                        <\/a>\n                                            <a href=\"https:\/\/youtu.be\/r-ADSbbQArk\" class=\"html5lightbox scaleup-anim\" data-group=\"interviews-gallery\" target=\"_blank\" rel=\"noopener\">\n                            <iframe src=\"https:\/\/www.youtube.com\/embed\/r-ADSbbQArk\"\n                                class=\"gallery-video-iframe\"><\/iframe>\n                            <div class=\"gallery-video-info\">\n                                <p class=\"gallery-video-date\">\n                                    12 Giugno                                <\/p>\n                                <p class=\"gallery-video-title\">\n                                    FARE LA SCELTA GIUSTA: MI SPINGERETE A SOTTOPORMI AL TRATTAMENTO FIVET? (1)                                <\/p>\n                            <\/div>\n                        <\/a>\n                                            <a href=\"https:\/\/youtu.be\/gt0cI9rkOGI\" class=\"html5lightbox scaleup-anim\" data-group=\"interviews-gallery\" target=\"_blank\" rel=\"noopener\">\n                            <iframe src=\"https:\/\/www.youtube.com\/embed\/gt0cI9rkOGI\"\n                                class=\"gallery-video-iframe\"><\/iframe>\n                            <div class=\"gallery-video-info\">\n                                <p class=\"gallery-video-date\">\n                                    12 Giugno                                <\/p>\n                                <p class=\"gallery-video-title\">\n                                    FARE LA SCELTA GIUSTA: MI SPINGERETE A SOTTOPORMI AL TRATTAMENTO FIVET? (2)                                <\/p>\n                            <\/div>\n                        <\/a>\n                                            <a href=\"https:\/\/youtu.be\/4mZKKugmSQY\" class=\"html5lightbox scaleup-anim\" data-group=\"interviews-gallery\" target=\"_blank\" rel=\"noopener\">\n                            <iframe src=\"https:\/\/www.youtube.com\/embed\/4mZKKugmSQY\"\n                                class=\"gallery-video-iframe\"><\/iframe>\n                            <div class=\"gallery-video-info\">\n                                <p class=\"gallery-video-date\">\n                                    12 Giugno                                <\/p>\n                                <p class=\"gallery-video-title\">\n                                    CHI SIAMO &#8211; QUAL \u00c8 IL NOSTRO BACKGROUND NEL CAMPO DELLA FERTILIT\u00c0?                                <\/p>\n                            <\/div>\n                        <\/a>\n                    \n                <\/div>\n            <\/div>\n        <\/div>\n    <\/section>\n\n\n\n\n<section class=\"brochure \" id=\"brochure\">\n    <div class=\"ivf-container ivf-small-container section-title-wrap\">\n        <h3 class=\"section-title\">\n            Opuscolo        <\/h3>\n    <\/div>\n    <div class=\"ivf-container section-content-wrap\">\n        <p style=\"text-align: center\">Il nostro opuscolo in lingua inglese vi fornir\u00e0 informazioni dettagliate su IVF Athens Center, le sue tecniche di procreazione assistita e le novit\u00e0, nonch\u00e9 diverse &#8220;verit\u00e0 e false credenze&#8221; sulla fecondazione in vitro.<\/p>\n<p>&nbsp;<\/p>\n<p style=\"text-align: center\">Non esitate a scaricarlo e a stamparlo come riferimento personale, facendo clic sull\u2019anteprima qui di seguito.<\/p>\n<p>&nbsp;<\/p>\n<p>&nbsp;<\/p>\n<p><a class=\"scaleup-anim scaleUpAnim\" href=\"http:\/\/ivfathenscenter.gr\/wp-content\/uploads\/2024\/08\/24selido-ITA.pdf\" target=\"_blank\" rel=\"noopener noreferrer\"><img loading=\"lazy\" decoding=\"async\" class=\"aligncenter wp-image-808 size-full\" src=\"http:\/\/ivfathenscenter.gr\/wp-content\/uploads\/2024\/08\/book-it-wdujwnw.jpg\" alt=\"\" width=\"1056\" height=\"1020\" \/><\/a><\/p>\n    <\/div>\n<\/section>\n\n\n\n<section class=\"fasa light-magenta\">\n            <div class=\"ivf-container\">\n                <p>Per visualizzare il documento \u00e8 necessario aver installato Adobe Reader. Se non disponete di Adobe Reader, fate clic <a href=\"https:\/\/get.adobe.com\/uk\/reader\/download\" target=\"_blank\" rel=\"noopener noreferrer\">qui<\/a> per scaricarlo e installarlo.<\/p>\n            <\/div>\n        <\/section>\n","protected":false},"excerpt":{"rendered":"<p>Per visualizzare il documento \u00e8 necessario aver installato Adobe Reader. Se non disponete di Adobe Reader, fate clic qui per scaricarlo e installarlo.<\/p>\n","protected":false},"author":1,"featured_media":0,"parent":0,"menu_order":0,"comment_status":"closed","ping_status":"closed","template":"","meta":{"_acf_changed":false,"footnotes":""},"class_list":["post-4458","page","type-page","status-publish","hentry"],"acf":[],"_links":{"self":[{"href":"https:\/\/ivfathenscenter.gr\/it\/wp-json\/wp\/v2\/pages\/4458","targetHints":{"allow":["GET"]}}],"collection":[{"href":"https:\/\/ivfathenscenter.gr\/it\/wp-json\/wp\/v2\/pages"}],"about":[{"href":"https:\/\/ivfathenscenter.gr\/it\/wp-json\/wp\/v2\/types\/page"}],"author":[{"embeddable":true,"href":"https:\/\/ivfathenscenter.gr\/it\/wp-json\/wp\/v2\/users\/1"}],"replies":[{"embeddable":true,"href":"https:\/\/ivfathenscenter.gr\/it\/wp-json\/wp\/v2\/comments?post=4458"}],"version-history":[{"count":9,"href":"https:\/\/ivfathenscenter.gr\/it\/wp-json\/wp\/v2\/pages\/4458\/revisions"}],"predecessor-version":[{"id":6448,"href":"https:\/\/ivfathenscenter.gr\/it\/wp-json\/wp\/v2\/pages\/4458\/revisions\/6448"}],"wp:attachment":[{"href":"https:\/\/ivfathenscenter.gr\/it\/wp-json\/wp\/v2\/media?parent=4458"}],"curies":[{"name":"wp","href":"https:\/\/api.w.org\/{rel}","templated":true}]}}