{"id":4424,"date":"2023-08-21T08:14:38","date_gmt":"2023-08-21T08:14:38","guid":{"rendered":"https:\/\/ivfathenscenter.gr\/faqs\/"},"modified":"2024-10-11T07:45:23","modified_gmt":"2024-10-11T07:45:23","slug":"faqs","status":"publish","type":"page","link":"https:\/\/ivfathenscenter.gr\/it\/faqs\/","title":{"rendered":"Domande Frequenti (FAQs)"},"content":{"rendered":"\r\n<section class=\"title-section \"  id=egg>\r\n    <div class=\"ivf-container\">\r\n        <div class=\"page-title-wrap  animate\">\r\n            <div>\r\n                <h1 class=\"h2 page-title\">Ovodonazione<\/h1>\r\n                            <\/div>\r\n        <\/div>\r\n    <\/div>\r\n<\/section>\r\n\n\n    <section class=\"faqs reverse\" id=>\r\n\r\n        \r\n        <div class=\"ivf-container ivf-small-container section-content-wrap\">\r\n            <div class=\"text\">\r\n                <div class=\"faq\">\r\n\r\n                                            <h4 class=\"faq-title active\">\r\n                            Lo screening e l\u2019abbinamento delle donatrici di ovociti vengono effettuati internamente?                        <\/h4>\r\n                        <div class=\"faq-desc\">\r\n                            <span class=\"faq-desc-content\">\r\n                                <p>Reclutiamo e selezioniamo le donatrici principalmente in Grecia, rispettando le linee guida della normativa nazionale e il nostro codice deontologico. Prima di iniziare la procedura di prelievo degli ovociti, le donatrici devono sottoporsi a esami clinici e di laboratorio. IVF Athens Center richiede ulteriori test raccomandati dalla Societ\u00e0 Europea di Riproduzione Umana ed Embriologia (ESHRE). Il nostro processo di screening comprende un esame completo dell\u2019anamnesi medica personale e familiare, esame fisico, screening genetico (cariotipo e sindrome dell\u2019X fragile), test per le malattie infettive e screening della salute mentale. A testimonianza del nostro approccio integrato, il nostro team per lo screening delle donatrici riunisce scienziati di diverse discipline e comprende un medico, un embriologo, un consulente genetico e uno psicologo.<\/p>\n                            <\/span>\r\n                        <\/div>\r\n                                            <h4 class=\"faq-title \">\r\n                            Le donatrici hanno fertilit\u00e0 provata?                        <\/h4>\r\n                        <div class=\"faq-desc\">\r\n                            <span class=\"faq-desc-content\">\r\n                                <p>Tutte le nostre donatrici hanno un\u2019et\u00e0 massima di 30 anni e un eccellente profilo ormonale. La maggior parte di loro ha avuto almeno un parto con nato vivo.<\/p>\n                            <\/span>\r\n                        <\/div>\r\n                                            <h4 class=\"faq-title \">\r\n                            \u00c8 prevista l\u2019opzione di donatrice nota (non anonima)?                        <\/h4>\r\n                        <div class=\"faq-desc\">\r\n                            <span class=\"faq-desc-content\">\r\n                                <div class=\"flex flex-grow flex-col max-w-full\">\n<div class=\"min-h-[20px] text-message flex flex-col items-start whitespace-pre-wrap break-words [.text-message+&amp;]:mt-5 juice:w-full juice:items-end overflow-x-auto gap-2\" dir=\"auto\" data-message-author-role=\"assistant\" data-message-id=\"b85ede39-d6b1-40f1-8f49-aa11c3878133\">\n<div class=\"flex w-full flex-col gap-1 juice:empty:hidden juice:first:pt-[3px]\">\n<div class=\"markdown prose w-full break-words dark:prose-invert light\">\n<p>Il Centro IVF di Atene \u00e8 pienamente conforme alle leggi greche sulla riproduzione assistita. La recente legge 4958 (<a href=\"https:\/\/eaiya.gov.gr\/wp-content\/uploads\/2022\/09\/%CE%9D.-4958.2022.pdf\" target=\"_blank\" rel=\"noopener\">legge 4958\/2022<\/a>) \u00e8 considerata estremamente importante perch\u00e9 abolisce l&#8217;anonimato esclusivo del terzo donatore.<br \/>\n<strong>La ricevetrice sceglie se avere una donatrice di ovuli anonima o non anonima.<\/strong><\/p>\n<\/div>\n<\/div>\n<\/div>\n<\/div>\n                            <\/span>\r\n                        <\/div>\r\n                                            <h4 class=\"faq-title \">\r\n                            Cosa posso aspettarmi dopo il completamento di un ciclo di trattamento con Ovodonazione?                        <\/h4>\r\n                        <div class=\"faq-desc\">\r\n                            <span class=\"faq-desc-content\">\r\n                                <p>IVF Athens Center garantisce 2 (due) embrioni di buona qualit\u00e0 al 3\u00b0-5\u00b0 giorno di sviluppo durante un ciclo di trattamento con Ovodonazione<\/p>\n                            <\/span>\r\n                        <\/div>\r\n                                            <h4 class=\"faq-title \">\r\n                            Qual \u00e8 il tempo medio di attesa della clinica per l\u2019abbinamento con una donatrice di ovociti?                        <\/h4>\r\n                        <div class=\"faq-desc\">\r\n                            <span class=\"faq-desc-content\">\r\n                                <p>A IVF Athens Center non ci sono liste d\u2019attesa<\/p>\n                            <\/span>\r\n                        <\/div>\r\n                                            <h4 class=\"faq-title \">\r\n                            Quali sono le tecniche embriologiche avanzate disponibili?                        <\/h4>\r\n                        <div class=\"faq-desc\">\r\n                            <span class=\"faq-desc-content\">\r\n                                <p>A IVF Athens Center ci teniamo aggiornati su tutte le pi\u00f9 recenti tecniche di FIVET, compreso il congelamento (vitrificazione) di tutti gli embrioni al 5\u00b0 giorno di sviluppo (stadio di blastocisti) e il loro trasferimento in cicli successivi. A differenza dei protocolli di FIVET convenzionali, con la tecnica &#8220;freeze-all&#8221; (vitrificazione) si sceglie di congelare tutti gli embrioni generati da un ciclo di prelievo di ovociti e di trasferirli in un ciclo successivo. Un recente studio ha dimostrato che questa tecnica \u00e8 associata a un significativo miglioramento dei risultati della FIV, in particolare nelle donne di et\u00e0 oltre i 40 anni.<\/p>\n<p>La vitrificazione \u00e8 il metodo pi\u00f9 efficiente per congelare non solo gli embrioni, ma anche gli ovociti non fecondati, con il massimo successo dopo il riscaldamento.<\/p>\n                            <\/span>\r\n                        <\/div>\r\n                                            <h4 class=\"faq-title \">\r\n                            Quali sono le tecniche embriologiche avanzate disponibili?                        <\/h4>\r\n                        <div class=\"faq-desc\">\r\n                            <span class=\"faq-desc-content\">\r\n                                <p>At IVF Athens Center crediamo fermamente che il pi\u00f9 piccolo dettaglio faccia la differenza. Seguendo questa filosofia, implementiamo una valutazione completa del liquido seminale, che comprende oltre all\u2019esame di base (esame macroscopico e microscopico), analisi estesa (indice di frammentazione del DNA spermatico &#8211; DFI, test genetico per i fattori di infertilit\u00e0 maschile) e analisi avanzata (test dello stress ossidativo su campione seminale e delle specie reattive dell\u2019ossigeno) per le indagini di routine sulla fertilit\u00e0 maschile.<\/p>\n                            <\/span>\r\n                        <\/div>\r\n                                            <h4 class=\"faq-title \">\r\n                            Le donne single possono partecipare a un programma di trattamento con Ovodonazione?                        <\/h4>\r\n                        <div class=\"faq-desc\">\r\n                            <span class=\"faq-desc-content\">\r\n                                <p>Accogliamo tutte le pazienti di sesso femminile fino ai 54 anni, indipendentemente dal loro stato civile, dalla loro relazione o dal loro orientamento sessuale. Secondo la legislazione ellenica, l\u2019accesso a un programma di Ovodonazione \u00e8 consentito alle donne single previa presentazione di atto notarile.<\/p>\n                            <\/span>\r\n                        <\/div>\r\n                                            <h4 class=\"faq-title \">\r\n                            Che esperienza hanno i medici e gli embriologi? Ci sono altri specialisti come psicologi e consulenti genetici?                        <\/h4>\r\n                        <div class=\"faq-desc\">\r\n                            <span class=\"faq-desc-content\">\r\n                                <p>I co-fondatori di IVF Athens Center, Dr. Athanassiou ostetrico-ginecologo e la Dr Sakellariou, embriologo senior con certificazione ESHRE lavorano insieme da oltre <strong>20 anni<\/strong> e sono tra gli esperti di fertilit\u00e0 pi\u00f9 esperti e di successo in Grecia. Insieme guidano un team di scienziati di grande esperienza &#8211; medici, embriologi, ostetriche e psicologi &#8211; che abbracciano ogni singola paziente e coppia con integrit\u00e0 e, soprattutto, umanit\u00e0.<\/p>\n                            <\/span>\r\n                        <\/div>\r\n                    \r\n                <\/div>\r\n            <\/div>\r\n        <\/div>\r\n    <\/section>\r\n\n\n    <section class=\"faqs reverse\" id=fivet>\r\n\r\n                    <div class=\"ivf-container ivf-small-container section-title-wrap\">\r\n                <h3 class=\"section-title\">\r\n                    FIVET                <\/h3>\r\n            <\/div>\r\n        \r\n        <div class=\"ivf-container ivf-small-container section-content-wrap\">\r\n            <div class=\"text\">\r\n                <div class=\"faq\">\r\n\r\n                                            <h4 class=\"faq-title active\">\r\n                            La procedura di FIVET \u00e8 dolorosa?                        <\/h4>\r\n                        <div class=\"faq-desc\">\r\n                            <span class=\"faq-desc-content\">\r\n                                <p>Molte donne temono che la FIVET sia dolorosa. La verit\u00e0 \u00e8 che la procedura di per s\u00e9 non \u00e8 dolorosa, ma crea uno stato emotivo doloroso. Un nuovo mondo tecnologico invade la vita sessuale, coniugale e riproduttiva della coppia e &#8220;colpisce&#8221; non solo la coppia ma anche la famiglia nel senso pi\u00f9 lato.<\/p>\n<p>Questo \u00e8 il motivo per cui un consulente FIVET \u00e8 prezioso durante i tentativi di fertilit\u00e0, in quanto &#8220;ascolta&#8221; le parole cariche di emotivit\u00e0 della coppia, assicura un miglioramento del loro rapporto e gestisce le loro aspettative per un esito positivo del tentativo.<\/p>\n                            <\/span>\r\n                        <\/div>\r\n                                            <h4 class=\"faq-title \">\r\n                            Quanto spesso si pu\u00f2 ripetere un ciclo di FIVET?                        <\/h4>\r\n                        <div class=\"faq-desc\">\r\n                            <span class=\"faq-desc-content\">\r\n                                <p>Nonostante tutti gli sforzi fatti, non sempre \u00e8 possibile ottenere un risultato positivo. In caso di risultato negativo, la procedura pu\u00f2 essere ripetuta dopo un periodo di 2-3 mesi, per permettere al corpo di rilassarsi dagli ormoni. Durante questo periodo, tuttavia, si pu\u00f2 tentare una procedura di ciclo naturale oppure si pu\u00f2 effettuare un trasferimento di embrioni con embrioni crioconservati e scongelati (se del caso).<\/p>\n                            <\/span>\r\n                        <\/div>\r\n                                            <h4 class=\"faq-title \">\r\n                            Il mio corpo risentir\u00e0 dell\u2019uso di ormoni per la stimolazione?                        <\/h4>\r\n                        <div class=\"faq-desc\">\r\n                            <span class=\"faq-desc-content\">\r\n                                <p>Nella maggior parte delle donne che ricevono una stimolazione farmacologica per un tentativo di FIVET, l\u2019assunzione di ormoni non causa problemi particolari. Una piccola percentuale di donne presenta lievi gonfiori o una leggera ritenzione di liquidi, sintomi che vengono tollerati, senza alcun significato particolare.<\/p>\n                            <\/span>\r\n                        <\/div>\r\n                                            <h4 class=\"faq-title \">\r\n                            Con quale frequenza \u00e8 necessario recarsi in clinica durante un tentativo di FIVET ?                        <\/h4>\r\n                        <div class=\"faq-desc\">\r\n                            <span class=\"faq-desc-content\">\r\n                                <p>Durante ogni tentativo di FIVET, ogni donna deve essere trattata individualmente, perch\u00e9 ogni volta il corpo pu\u00f2 rispondere in modo diverso. Di conseguenza, le visite al Centro variano a seconda della risposta alla stimolazione ormonale, del profilo ormonale e del tipo di di stimolazione farmacologica da seguire.<\/p>\n<p>Anche se 3-4 visite sono di solito sufficienti, dobbiamo tenere presente che solo un monitoraggio meticoloso pu\u00f2 garantire un risultato positivo.<\/p>\n                            <\/span>\r\n                        <\/div>\r\n                                            <h4 class=\"faq-title \">\r\n                            Per quanti giorni devo astenermi dal lavorare o prendere un congedo?                        <\/h4>\r\n                        <div class=\"faq-desc\">\r\n                            <span class=\"faq-desc-content\">\r\n                                <p>Di solito il giorno del prelievo degli ovociti e il giorno del trasferimento degli embrioni (ET) consigliamo alle donne di astenersi dal lavoro. Il motivo non \u00e8 la debolezza fisica, ma piuttosto evitare lo stress aggiuntivo di quando finir\u00e0 la procedura, se far\u00e0 tardi, se sar\u00e0 in grado di guidare ecc.<\/p>\n<p>Dopo l\u2019ET e a seconda dell\u2019attivit\u00e0 professionale di ogni donna, consigliamo di svolgere un\u2019attivit\u00e0 leggera per i successivi 2-3 giorni e poi continuare la vita normale, solo seguendo scrupolosamente le istruzioni fornite per il supporto medico.<\/p>\n                            <\/span>\r\n                        <\/div>\r\n                                            <h4 class=\"faq-title \">\r\n                            \u00c8 possibile interrompere o annullare un ciclo?                        <\/h4>\r\n                        <div class=\"faq-desc\">\r\n                            <span class=\"faq-desc-content\">\r\n                                <p>Se la risposta alla stimolazione ormonale non \u00e8 soddisfacente, pu\u00f2 essere necessario interrompere o annullare il ciclo.<\/p>\n<p>Questo \u00e8 in ogni caso preferibile al proseguire la procedura quando i segnali non sono incoraggianti.<\/p>\n                            <\/span>\r\n                        <\/div>\r\n                                            <h4 class=\"faq-title \">\r\n                            \u00c8 necessario sottoporsi a isteroscopia prima di una procedura di FIVET?                        <\/h4>\r\n                        <div class=\"faq-desc\">\r\n                            <span class=\"faq-desc-content\">\r\n                                <p>\u00c8 consigliabile eseguire un\u2019isteroscopia prima di iniziare un ciclo di FIVET per escludere qualsiasi distorsione della cavit\u00e0 uterina.<\/p>\n<p>Oltre alla medicina, \u00e8 risaputo che prevenire \u00e8 meglio che curare!<\/p>\n                            <\/span>\r\n                        <\/div>\r\n                                            <h4 class=\"faq-title \">\r\n                            \u00c8 possibile un parto naturale?                        <\/h4>\r\n                        <div class=\"faq-desc\">\r\n                            <span class=\"faq-desc-content\">\r\n                                <p>Se durante la gravidanza tutto procede normalmente e non ci sono problemi particolari (posizione podalica, gravidanze multiple, ecc.) la donna pu\u00f2 partorire per via vaginale in modo sicuro, indipendentemente dal metodo di concepimento.<\/p>\n                            <\/span>\r\n                        <\/div>\r\n                                            <h4 class=\"faq-title \">\r\n                            Farmaci per FIVET e cancro                        <\/h4>\r\n                        <div class=\"faq-desc\">\r\n                            <span class=\"faq-desc-content\">\r\n                                <p>Associare il rischio di tumori alla stimolazione ormonale durante la FIVET \u00e8 la maggiore preoccupazione di ogni donna che inizia un trattamento di fertilit\u00e0. Tuttavia, una dovizia di riferimenti raccolti da studi scientifici attendibili e pubblicati su riviste mediche di prestigio a livello mondiale, sono rassicuranti e non confermano questa preoccupazione.<\/p>\n                            <\/span>\r\n                        <\/div>\r\n                    \r\n                <\/div>\r\n            <\/div>\r\n        <\/div>\r\n    <\/section>\r\n","protected":false},"excerpt":{"rendered":"","protected":false},"author":1,"featured_media":0,"parent":0,"menu_order":0,"comment_status":"closed","ping_status":"closed","template":"","meta":{"_acf_changed":false,"footnotes":""},"class_list":["post-4424","page","type-page","status-publish","hentry"],"acf":[],"_links":{"self":[{"href":"https:\/\/ivfathenscenter.gr\/it\/wp-json\/wp\/v2\/pages\/4424","targetHints":{"allow":["GET"]}}],"collection":[{"href":"https:\/\/ivfathenscenter.gr\/it\/wp-json\/wp\/v2\/pages"}],"about":[{"href":"https:\/\/ivfathenscenter.gr\/it\/wp-json\/wp\/v2\/types\/page"}],"author":[{"embeddable":true,"href":"https:\/\/ivfathenscenter.gr\/it\/wp-json\/wp\/v2\/users\/1"}],"replies":[{"embeddable":true,"href":"https:\/\/ivfathenscenter.gr\/it\/wp-json\/wp\/v2\/comments?post=4424"}],"version-history":[{"count":10,"href":"https:\/\/ivfathenscenter.gr\/it\/wp-json\/wp\/v2\/pages\/4424\/revisions"}],"predecessor-version":[{"id":6496,"href":"https:\/\/ivfathenscenter.gr\/it\/wp-json\/wp\/v2\/pages\/4424\/revisions\/6496"}],"wp:attachment":[{"href":"https:\/\/ivfathenscenter.gr\/it\/wp-json\/wp\/v2\/media?parent=4424"}],"curies":[{"name":"wp","href":"https:\/\/api.w.org\/{rel}","templated":true}]}}