{"id":4418,"date":"2023-08-21T08:14:10","date_gmt":"2023-08-21T08:14:10","guid":{"rendered":"https:\/\/ivfathenscenter.gr\/finances-policy\/"},"modified":"2024-10-11T04:38:54","modified_gmt":"2024-10-11T04:38:54","slug":"politica-finanziaria","status":"publish","type":"page","link":"https:\/\/ivfathenscenter.gr\/it\/politica-finanziaria\/","title":{"rendered":"Politica"},"content":{"rendered":"\r\n<section class=\"title-section  with-desc\" >\r\n    <div class=\"ivf-container\">\r\n        <div class=\"page-title-wrap \">\r\n            <div>\r\n                <h1 class=\"h2 page-title\">POLITICA<\/h1>\r\n                                    <div class=\"page-desc\">\r\n                        <p><p>A IVF Athens Center ci impegniamo a offrire servizi medici e biologici di qualit\u00e0 eccellente, personalizzati e incentrati sul paziente, in un ambiente privo di stress. Tutto ci\u00f2 \u00e8 anche correlato con l\u2019aspetto economico.<\/p>\n<p>&nbsp;<\/p>\n<p>L\u2019assistenza personalizzata comporta una variazione dei costi a seconda del piano di trattamento individuale. Nella nostra filosofia c\u2019\u00e8 un costo fisso che comprende tutto ci\u00f2 che \u00e8 necessario per un trattamento di fertilit\u00e0, ad eccezione dei farmaci. Per ridurre al minimo i costi del trattamento e offrire al contempo un eccellente livello di assistenza, offriamo una serie di Programmi di trattamento della fertilit\u00e0.<\/p>\n<p>&nbsp;<\/p>\n<p>I costi dei farmaci per la FIVET non sono inclusi nei costi del ciclo di FIVET e possono variare a seconda del dosaggio del farmaco prescritto dal medico. In ogni caso siate certi che vi assisteremo nel trovare il modo economicamente pi\u00f9 vantaggioso per acquistare i farmaci necessari.<\/p>\n<\/p>\r\n                    <\/div>\r\n                            <\/div>\r\n        <\/div>\r\n    <\/div>\r\n<\/section>\r\n\n\n\n<section class=\"reverse \">\n\n            <div class=\"ivf-container ivf-small-container section-title-wrap\">\n            <h3 class=\"section-title\">Requisiti di pagamento<\/h3>\n        <\/div>\n    \n    <div class=\"ivf-container  section-content-wrap split\">\n\n                    <div class=\"image \">\n                <img loading=\"lazy\" decoding=\"async\" width=\"959\" height=\"928\" src=\"https:\/\/ivfathenscenter.gr\/wp-content\/uploads\/2023\/08\/finances-policy-1.png\" class=\"attachment-large size-large\" alt=\"\" srcset=\"https:\/\/ivfathenscenter.gr\/wp-content\/uploads\/2023\/08\/finances-policy-1.png 959w, https:\/\/ivfathenscenter.gr\/wp-content\/uploads\/2023\/08\/finances-policy-1-300x290.png 300w, https:\/\/ivfathenscenter.gr\/wp-content\/uploads\/2023\/08\/finances-policy-1-768x743.png 768w\" sizes=\"auto, (max-width: 959px) 100vw, 959px\" \/>            <\/div>\n        \n        <div class=\"text\">\n            <p class=\"text__desc\">\n                <p class=\"p1\">Il nostro Assistente Dedicato si impegna a fornire un preventivo sulla base delle indicazioni del team medico e biologico prima del trattamento. Il preventivo personalizzato conterr\u00e0 tutte le informazioni necessarie e i dettagli relativi ai costi di trattamento, dei farmaci e della crioconservazione per permettervi di strutturare le vostre preferenze e approntare le vostre finanze.<\/p>\n            <\/p>\n        <\/div>\n\n        \n    <\/div>\n\n        \n<\/section>\n\n\n\n<section class=\"payment-opt\">\n    <div class=\"ivf-container\">\n        <h3 class=\"section-title\">Opzioni di pagamento<\/h3>\n        <p class=\"section-desc\">IVF Athens Center accetta contanti, carte di credito e di debito, trasferimento bancario.<\/p>\n    <\/div>\n<\/section>\n\n\n\r\n<section class=\"further-info light-magenta\">\r\n            <div class=\"ivf-container section-title-wrap\">\r\n            <h2 class=\"section-title\">Maggiori informazioni<\/h2>\r\n        <\/div>\r\n        <div class=\"ivf-container section-content-wrap\">\r\n        <div class=\"col-wrap\">\r\n            <div class=\"col\">\r\n                <div class=\"col-title\">\r\n                    <svg viewBox=\"0 0 350 350\">\r\n                        <path id=\"curve\" d=\"\r\n                                M43,175\r\n                                a132,132 \r\n                                0 0,1 264,0\r\n                                a132,132 \r\n                                0 0,1 -264,0\"><\/path>\r\n                        <text>\r\n                            <textPath xlink:href=\"#curve\" startOffset=\"36%\" text-anchor=\"middle\">CONTATTATEMI PER TELEFONO                            <\/textPath>\r\n                        <\/text>\r\n                    <\/svg>\r\n                <\/div>\r\n                <a href=\"tel:+30 6983073982\" class=\"col-link\">\r\n                    +30 6983073982                <\/a>\r\n            <\/div>\r\n            <div class=\"col\">\r\n                <p class=\"col-desc\">Nel caso domande relative a questioni finanziarie si prega di contattare Konstantina Tzenou, Chief Listening Officer<\/p>\r\n            <\/div>\r\n            <div class=\"col\">\r\n                <div class=\"col-title\">\r\n                    <svg viewBox=\"0 0 350 350\">\r\n                        <path id=\"curve\" d=\"\r\n                                M43,175\r\n                                a132,132 \r\n                                0 0,1 264,0\r\n                                a132,132 \r\n                                0 0,1 -264,0\"><\/path>\r\n                        <text>\r\n                            <textPath xlink:href=\"#curve\" startOffset=\"36%\" text-anchor=\"middle\">CONTATTATEMI PER EMAIL                            <\/textPath>\r\n                        <\/text>\r\n                    <\/svg>\r\n                <\/div>\r\n                <a href=\"mailto:clo@ivfathenscenter.gr\" class=\"col-link\">\r\n                    clo@<span class=\"nowrap\">ivfathenscenter.gr<\/span>                <\/a>\r\n            <\/div>\r\n        <\/div>\r\n    <\/div>\r\n<\/section>\r\n","protected":false},"excerpt":{"rendered":"<p>Opzioni di pagamento IVF Athens Center accetta contanti, carte di credito e di debito, trasferimento bancario.<\/p>\n","protected":false},"author":1,"featured_media":0,"parent":0,"menu_order":0,"comment_status":"closed","ping_status":"closed","template":"","meta":{"_acf_changed":false,"footnotes":""},"class_list":["post-4418","page","type-page","status-publish","hentry"],"acf":[],"_links":{"self":[{"href":"https:\/\/ivfathenscenter.gr\/it\/wp-json\/wp\/v2\/pages\/4418","targetHints":{"allow":["GET"]}}],"collection":[{"href":"https:\/\/ivfathenscenter.gr\/it\/wp-json\/wp\/v2\/pages"}],"about":[{"href":"https:\/\/ivfathenscenter.gr\/it\/wp-json\/wp\/v2\/types\/page"}],"author":[{"embeddable":true,"href":"https:\/\/ivfathenscenter.gr\/it\/wp-json\/wp\/v2\/users\/1"}],"replies":[{"embeddable":true,"href":"https:\/\/ivfathenscenter.gr\/it\/wp-json\/wp\/v2\/comments?post=4418"}],"version-history":[{"count":8,"href":"https:\/\/ivfathenscenter.gr\/it\/wp-json\/wp\/v2\/pages\/4418\/revisions"}],"predecessor-version":[{"id":6446,"href":"https:\/\/ivfathenscenter.gr\/it\/wp-json\/wp\/v2\/pages\/4418\/revisions\/6446"}],"wp:attachment":[{"href":"https:\/\/ivfathenscenter.gr\/it\/wp-json\/wp\/v2\/media?parent=4418"}],"curies":[{"name":"wp","href":"https:\/\/api.w.org\/{rel}","templated":true}]}}