{"id":4327,"date":"2023-08-21T08:10:55","date_gmt":"2023-08-21T08:10:55","guid":{"rendered":"https:\/\/ivfathenscenter.gr\/psychological-counseling\/"},"modified":"2024-10-10T20:49:49","modified_gmt":"2024-10-10T20:49:49","slug":"sostegno-psicologico-e-counselling","status":"publish","type":"page","link":"https:\/\/ivfathenscenter.gr\/it\/sostegno-psicologico-e-counselling\/","title":{"rendered":"Sostegno Psicologico e Counselling"},"content":{"rendered":"\r\n<section class=\"title-section \" >\r\n    <div class=\"ivf-container\">\r\n        <div class=\"page-title-wrap \">\r\n            <div>\r\n                <h1 class=\"h2 page-title\">SOSTEGNO PSICOLOGICO e COUNSELLING<\/h1>\r\n                            <\/div>\r\n        <\/div>\r\n    <\/div>\r\n<\/section>\r\n\n\n\n<section class=\" services-content psychological-counseling\">\n\n    \n    <div class=\"ivf-container  ivf-small-container section-content-wrap split\">\n\n                    <div class=\"image \">\n                <img loading=\"lazy\" decoding=\"async\" width=\"1024\" height=\"605\" src=\"https:\/\/ivfathenscenter.gr\/wp-content\/uploads\/2023\/08\/counseling-psychological-1024x605.png\" class=\"attachment-large size-large\" alt=\"\" srcset=\"https:\/\/ivfathenscenter.gr\/wp-content\/uploads\/2023\/08\/counseling-psychological-1024x605.png 1024w, https:\/\/ivfathenscenter.gr\/wp-content\/uploads\/2023\/08\/counseling-psychological-300x177.png 300w, https:\/\/ivfathenscenter.gr\/wp-content\/uploads\/2023\/08\/counseling-psychological-768x454.png 768w, https:\/\/ivfathenscenter.gr\/wp-content\/uploads\/2023\/08\/counseling-psychological-1536x908.png 1536w, https:\/\/ivfathenscenter.gr\/wp-content\/uploads\/2023\/08\/counseling-psychological.png 1613w\" sizes=\"auto, (max-width: 1024px) 100vw, 1024px\" \/>            <\/div>\n        \n        <div class=\"text\">\n            <p class=\"text__desc\">\n                <p>La fecondazione in vitro (FIVET) \u00e8 una procedura che offre alle coppie con problemi riproduttivi la possibilit\u00e0 di diventare genitori. La ricerca e gli sviluppi costanti in questo campo rendono sempre pi\u00f9 probabile un risultato positivo.<\/p>\n<p>&nbsp;<\/p>\n<p>Tuttavia, la fecondazione in vitro \u00e8 una procedura psicologicamente estenuante per entrambi i partner. Una coppia che decide di ricorrere alla FIVET per realizzare il proprio sogno di avere un figlio \u00e8 di solito gi\u00e0 mentalmente esausta dopo mesi o addirittura anni di tentativi infruttuosi. A ci\u00f2 si aggiungono lo stress e le paure che circondano le procedure e i risultati della FIVET, nonch\u00e9 l\u2019effetto che i cambiamenti ormonali avranno inevitabilmente sullo stato psicologico della donna. Inoltre, quando l\u2019infertilit\u00e0 \u00e8 attribuita a uno dei due partner, \u00e8 molto probabile che l\u2019altro partner, anche inconsciamente, lo\/la incolpi. Questo mette a rischio il loro rapporto.<\/p>\n<p>&nbsp;<\/p>\n<p>Il sostegno psicologico durante la FIVET \u00e8 estremamente utile per i seguenti motivi:<\/p>\n<ul>\n<li>Entrambi i partner vengono aiutati a gestire lo stress e i sentimenti negativi attraverso l\u2019addestramento a varie tecniche di rilassamento<\/li>\n<li>Il rapporto di coppia \u00e8 rafforzato contro i vari fattori di stress della situazione in cui si trova<\/li>\n<li>Nel caso di un ciclo di FIVET non riuscito o della perdita di una gravidanza, i sentimenti di dolore e di impotenza vengono elaborati in modo pi\u00f9 efficace, dando alla coppia la forza di continuare i tentativi di FIVET fino a raggiungere l\u2019obiettivo<\/li>\n<li>La coppia viene aiutata a prendere decisioni difficili e complesse in modo pi\u00f9 calmo e lucido<\/li>\n<li>A entrambi i partner viene insegnato come gestire le pressioni esterne, ad esempio quelle provenienti dalla famiglia o dalla cerchia sociale, riducendo cos\u00ec le emozioni negative prodotte da tali pressioni<\/li>\n<li>Durante la gravidanza, la gestante viene aiutata a elaborare e a gestire lo stress, la paura, l\u2019ansia, l\u2019umore depresso, ecc. che derivano sia dalla maggiore tensione psicologica della situazione, sia dalla naturale fluttuazione dei livelli ormonali<\/li>\n<\/ul>\n<p>&nbsp;<\/p>\n<p>In conclusione, il sostegno psicologico durante tutte le fasi della FIVET \u00e8 assai prezioso, in quanto riduce i sintomi psicologici negativi in entrambi i partner e, cosa forse ancora pi\u00f9 importante, protegge il loro rapporto.<\/p>\n            <\/p>\n        <\/div>\n\n        \n    <\/div>\n\n        \n<\/section>\n\n\n","protected":false},"excerpt":{"rendered":"","protected":false},"author":1,"featured_media":0,"parent":0,"menu_order":0,"comment_status":"closed","ping_status":"closed","template":"","meta":{"_acf_changed":false,"footnotes":""},"class_list":["post-4327","page","type-page","status-publish","hentry"],"acf":[],"_links":{"self":[{"href":"https:\/\/ivfathenscenter.gr\/it\/wp-json\/wp\/v2\/pages\/4327","targetHints":{"allow":["GET"]}}],"collection":[{"href":"https:\/\/ivfathenscenter.gr\/it\/wp-json\/wp\/v2\/pages"}],"about":[{"href":"https:\/\/ivfathenscenter.gr\/it\/wp-json\/wp\/v2\/types\/page"}],"author":[{"embeddable":true,"href":"https:\/\/ivfathenscenter.gr\/it\/wp-json\/wp\/v2\/users\/1"}],"replies":[{"embeddable":true,"href":"https:\/\/ivfathenscenter.gr\/it\/wp-json\/wp\/v2\/comments?post=4327"}],"version-history":[{"count":2,"href":"https:\/\/ivfathenscenter.gr\/it\/wp-json\/wp\/v2\/pages\/4327\/revisions"}],"predecessor-version":[{"id":5176,"href":"https:\/\/ivfathenscenter.gr\/it\/wp-json\/wp\/v2\/pages\/4327\/revisions\/5176"}],"wp:attachment":[{"href":"https:\/\/ivfathenscenter.gr\/it\/wp-json\/wp\/v2\/media?parent=4327"}],"curies":[{"name":"wp","href":"https:\/\/api.w.org\/{rel}","templated":true}]}}