{"id":4318,"date":"2023-08-21T08:08:51","date_gmt":"2023-08-21T08:08:51","guid":{"rendered":"https:\/\/ivfathenscenter.gr\/endometriosis\/"},"modified":"2024-10-16T06:36:50","modified_gmt":"2024-10-16T06:36:50","slug":"endometriosi","status":"publish","type":"page","link":"https:\/\/ivfathenscenter.gr\/it\/gynecologia\/endometriosi\/","title":{"rendered":"Endometriosi"},"content":{"rendered":"\r\n<section class=\"title-section \" >\r\n    <div class=\"ivf-container\">\r\n        <div class=\"page-title-wrap \">\r\n            <div>\r\n                <h1 class=\"h2 page-title\">Endometriosi<\/h1>\r\n                            <\/div>\r\n        <\/div>\r\n    <\/div>\r\n<\/section>\r\n\n\n\n<section class=\" services-content\">\n\n    \n    <div class=\"ivf-container  ivf-small-container section-content-wrap split\">\n\n                    <div class=\"image \">\n                <img loading=\"lazy\" decoding=\"async\" width=\"1000\" height=\"1015\" src=\"https:\/\/ivfathenscenter.gr\/wp-content\/uploads\/2023\/08\/endometriosis-1.png\" class=\"attachment-large size-large\" alt=\"\" srcset=\"https:\/\/ivfathenscenter.gr\/wp-content\/uploads\/2023\/08\/endometriosis-1.png 1000w, https:\/\/ivfathenscenter.gr\/wp-content\/uploads\/2023\/08\/endometriosis-1-296x300.png 296w, https:\/\/ivfathenscenter.gr\/wp-content\/uploads\/2023\/08\/endometriosis-1-768x780.png 768w\" sizes=\"auto, (max-width: 1000px) 100vw, 1000px\" \/>            <\/div>\n        \n        <div class=\"text\">\n            <p class=\"text__desc\">\n                <p>L\u2019endometrio \u00e8 il tessuto che ricopre la cavit\u00e0 uterina come un tappeto, dove verr\u00e0 impiantato l\u2019embrione. L\u2019endometriosi \u00e8 una patologia in cui un tessuto identico alla parete uterina (endometrio) viene rilevato al di fuori dell\u2019utero, in particolare nella cavit\u00e0 pelvica. Questo tessuto pu\u00f2 svilupparsi in organi come le ovaie, l\u2019utero, le pareti intestinali e pelviche, causando infiammazione e dolore.<\/p>\n<p>&nbsp;<\/p>\n<p>Durante ogni ciclo, quando un ovocita non viene fecondato e non si verificano impianto o gravidanza, il rivestimento interno dell\u2019utero viene rigettato con un sanguinamento attraverso la cavit\u00e0 vaginale (mestruazioni). Ma se la parete esterna dell\u2019utero si rompe, il sangue non pu\u00f2 defluire dal corpo, causando infiammazione e dolore. L\u2019endometriosi pu\u00f2 colpire le donne dal punto di vista fisico, sociale e anche mentale. I sintomi pi\u00f9 comuni sono dismenorrea e ovulazione dolorosa, sanguinamento anomalo, dolore durante o dopo i rapporti sessuali, dolore addominale, affaticamento e possibile infertilit\u00e0.<\/p>\n<p>&nbsp;<\/p>\n<p>Circa il 10% delle donne in et\u00e0 fertile presenta sintomi di endometriosi e il 30-40% di esse potrebbe non essere mai in grado di avere figli. Inoltre, il 50% delle donne non fertili soffre di endometriosi. Ad oggi non esiste una cura conosciuta per l\u2019endometriosi e la diagnosi avviene per via laparoscopica. Da notare che quando si iniziano ad avvertire i primi sintomi, ci vogliono in media 8,5 anni prima della diagnosi completa.<\/p>\n<p>&nbsp;<\/p>\n<p>L\u2019adenomiosi \u00e8 una condizione patologica in cui il tessuto endometriale penetra nella parete dell\u2019utero. Si verifica nelle donne in et\u00e0 riproduttiva ed \u00e8 una malattia benigna. A volte si manifestano sintomi come dolore durante le mestruazioni (dismenorrea), aumento del flusso sanguigno durante le mestruazioni e aumento delle dimensioni dell\u2019utero. Sono state avanzate diverse teorie sull\u2019adenomiosi, come i fattori genetici associati allo sviluppo uterino del feto durante i primi mesi di gravidanza.<\/p>\n            <\/p>\n        <\/div>\n\n        \n    <\/div>\n\n        \n<\/section>\n\n\n\n<section class=\" services-content services-content-2 mb-fd-col-rev\">\n\n    \n    <div class=\"ivf-container  ivf-small-container section-content-wrap split\">\n\n        \n        <div class=\"text\">\n            <p class=\"text__desc\">\n                <p>Altri ritengono che la rottura dello strato tra endometrio e miometrio durante un intervento chirurgico consenta la penetrazione delle cellule endometriali nel miometrio. Recentemente la tecnologia all\u2019avanguardia dell\u2019ecografia e della risonanza magnetica 3D ci permette di confermare la presenza dell\u2019adenomiosi.<\/p>\n<p>I metodi di imaging indolore sopra descritti, in combinazione con l\u2019istopatologia, ci aiutano a classificare l\u2019adenomiosi in due categorie: adenomiosi focale con aspetto di tumore benigno localizzato (adenomioma) e adenomiosi diffusa.<\/p>\n<p>&nbsp;<\/p>\n<p>Le donne affette da adenomiosi tendono a presentare un tasso maggiore di infertilit\u00e0 e di aborti spontanei rispetto alle donne della stessa et\u00e0 e con lo stesso profilo riproduttivo in generale. Ci\u00f2 \u00e8 dovuto ad alterazioni del microambiente dell\u2019utero, che non \u00e8 pi\u00f9 ricettivo all\u2019impianto dell\u2019embrione. Per quanto riguarda gli aborti spontanei, essi sono principalmente legati a fattori ormonali variabili e a una microcircolazione alterata della cavit\u00e0 endometriale.<\/p>\n<p>Pertanto, lo specialista della fertilit\u00e0 deve evidenziare l\u2019esistenza dell\u2019adenomiosi nella coppia non fertile e approntare una strategia adeguata per ottenere una gravidanza nel pi\u00f9 breve tempo possibile.<\/p>\n<p>&nbsp;<\/p>\n<p>L\u2019approccio pu\u00f2 essere farmacologico, chirurgico &#8211; laparoscopico o anche solo di attesa, cio\u00e8 nel caso di una giovane coppia non fertile senza altri fattori coesistenti, l\u2019attesa e il monitoraggio potrebbero forse portare i risultati desiderati.<\/p>\n<p>&nbsp;<\/p>\n<p>La presenza di adenomiosi coesiste nella maggior parte dei casi con l\u2019endometriosi. Sia l\u2019endometriosi sia l\u2019adenomiosi rimangono ancora un enigma medico per quanto riguarda la loro fisiopatologia e non sono state ancora completamente chiarite. I trattamenti delle coppie non fertili devono essere meticolose, poich\u00e9 il nostro obiettivo \u00e8 ottenere il miglior risultato possibile.<\/p>\n            <\/p>\n        <\/div>\n\n                    <div class=\"image \">\n                <img loading=\"lazy\" decoding=\"async\" width=\"1024\" height=\"868\" src=\"https:\/\/ivfathenscenter.gr\/wp-content\/uploads\/2023\/08\/endometriosis-2-1024x868.png\" class=\"attachment-large size-large\" alt=\"\" srcset=\"https:\/\/ivfathenscenter.gr\/wp-content\/uploads\/2023\/08\/endometriosis-2-1024x868.png 1024w, https:\/\/ivfathenscenter.gr\/wp-content\/uploads\/2023\/08\/endometriosis-2-300x254.png 300w, https:\/\/ivfathenscenter.gr\/wp-content\/uploads\/2023\/08\/endometriosis-2-768x651.png 768w, https:\/\/ivfathenscenter.gr\/wp-content\/uploads\/2023\/08\/endometriosis-2.png 1180w\" sizes=\"auto, (max-width: 1024px) 100vw, 1024px\" \/>            <\/div>\n        \n    <\/div>\n\n        \n<\/section>\n\n\n","protected":false},"excerpt":{"rendered":"","protected":false},"author":1,"featured_media":0,"parent":6184,"menu_order":0,"comment_status":"closed","ping_status":"closed","template":"","meta":{"_acf_changed":false,"footnotes":""},"class_list":["post-4318","page","type-page","status-publish","hentry"],"acf":[],"_links":{"self":[{"href":"https:\/\/ivfathenscenter.gr\/it\/wp-json\/wp\/v2\/pages\/4318","targetHints":{"allow":["GET"]}}],"collection":[{"href":"https:\/\/ivfathenscenter.gr\/it\/wp-json\/wp\/v2\/pages"}],"about":[{"href":"https:\/\/ivfathenscenter.gr\/it\/wp-json\/wp\/v2\/types\/page"}],"author":[{"embeddable":true,"href":"https:\/\/ivfathenscenter.gr\/it\/wp-json\/wp\/v2\/users\/1"}],"replies":[{"embeddable":true,"href":"https:\/\/ivfathenscenter.gr\/it\/wp-json\/wp\/v2\/comments?post=4318"}],"version-history":[{"count":2,"href":"https:\/\/ivfathenscenter.gr\/it\/wp-json\/wp\/v2\/pages\/4318\/revisions"}],"predecessor-version":[{"id":6793,"href":"https:\/\/ivfathenscenter.gr\/it\/wp-json\/wp\/v2\/pages\/4318\/revisions\/6793"}],"up":[{"embeddable":true,"href":"https:\/\/ivfathenscenter.gr\/it\/wp-json\/wp\/v2\/pages\/6184"}],"wp:attachment":[{"href":"https:\/\/ivfathenscenter.gr\/it\/wp-json\/wp\/v2\/media?parent=4318"}],"curies":[{"name":"wp","href":"https:\/\/api.w.org\/{rel}","templated":true}]}}