{"id":4308,"date":"2023-08-21T08:07:45","date_gmt":"2023-08-21T08:07:45","guid":{"rendered":"https:\/\/ivfathenscenter.gr\/laparoscopy\/"},"modified":"2024-10-16T06:36:15","modified_gmt":"2024-10-16T06:36:15","slug":"laparoscopia","status":"publish","type":"page","link":"https:\/\/ivfathenscenter.gr\/it\/gynecologia\/laparoscopia\/","title":{"rendered":"Laparoscopia"},"content":{"rendered":"\r\n<section class=\"title-section \" >\r\n    <div class=\"ivf-container\">\r\n        <div class=\"page-title-wrap \">\r\n            <div>\r\n                <h1 class=\"h2 page-title\">Laparoscopia<\/h1>\r\n                            <\/div>\r\n        <\/div>\r\n    <\/div>\r\n<\/section>\r\n\n\n\n<section class=\" services-content\">\n\n    \n    <div class=\"ivf-container  section-content-wrap split\">\n\n                    <div class=\"image \">\n                <img loading=\"lazy\" decoding=\"async\" width=\"1000\" height=\"1000\" src=\"https:\/\/ivfathenscenter.gr\/wp-content\/uploads\/2023\/08\/laparoscopy.png\" class=\"attachment-large size-large\" alt=\"\" srcset=\"https:\/\/ivfathenscenter.gr\/wp-content\/uploads\/2023\/08\/laparoscopy.png 1000w, https:\/\/ivfathenscenter.gr\/wp-content\/uploads\/2023\/08\/laparoscopy-300x300.png 300w, https:\/\/ivfathenscenter.gr\/wp-content\/uploads\/2023\/08\/laparoscopy-150x150.png 150w, https:\/\/ivfathenscenter.gr\/wp-content\/uploads\/2023\/08\/laparoscopy-768x768.png 768w\" sizes=\"auto, (max-width: 1000px) 100vw, 1000px\" \/>            <\/div>\n        \n        <div class=\"text\">\n            <p class=\"text__desc\">\n                <p><strong><span style='color: #b02e85'>La laparoscopia <\/span><\/strong> <span style=\"font-weight: 400\">\u00e8 la visione d\u2019insieme dell\u2019addome. \u00c8 una metodica che pu\u00f2 avere valore diagnostico o terapeutico in quanto indica qualsiasi patologia dell\u2019addome. <\/span><\/p>\n<p>Grazie alla chirurgia laparoscopica, oltre l\u201980% dei problemi ginecologici viene oggi trattato in modo pi\u00f9 efficiente e immediato, anche quelli non legati all\u2019infertilit\u00e0.<\/p>\n<p>Le patologie pi\u00f9 comuni che vengono trattate con la chirurgia laparoscopica sono:<\/p>\n<p>&nbsp;<\/p>\n<ul>\n<li>Fibromi uterini<\/li>\n<li>Aderenze<\/li>\n<li>Cisti ovariche<\/li>\n<li>Idrosalpinge<\/li>\n<li>Endometriosi<\/li>\n<li>Perforazione ovarica (Sindrome dell\u2019ovaio policistico grave)<\/li>\n<li>Gravidanza ectopica (extra-uterina)<\/li>\n<li>Certificazione della perviet\u00e0 tubarica (dye test)<\/li>\n<li>Malformazioni uterine congenite (malformazioni m\u00fclleriane)<\/li>\n<\/ul>\n<p>&nbsp;<\/p>\n<p>La laparoscopia ha sostituito in larga misura la chirurgia tradizionale ed \u00e8 utilizzata in tutto il mondo perch\u00e9 offre molti vantaggi, come l\u2019assenza di un\u2019ampia incisione chirurgica e la sua sostituzione con tre piccole incisioni.<\/p>\n<p>Ci\u00f2 significa trauma e dolore minimi, sanguinamento minimo, assenza di aderenze intra-addominali e degenza post-operatoria ridotta. Nella maggior parte dei casi il recupero \u00e8 immediato e il ritorno alle attivit\u00e0 quotidiane \u00e8 possibile nei giorni successivi.<\/p>\n<p>Infine, l\u2019assenza di un\u2019incisione estesa non ha alcun effetto estetico, migliorando cos\u00ec la psicologia della donna e portandola a un recupero pi\u00f9 rapido.<\/p>\n            <\/p>\n        <\/div>\n\n        \n    <\/div>\n\n        \n<\/section>\n\n\n","protected":false},"excerpt":{"rendered":"","protected":false},"author":1,"featured_media":0,"parent":6184,"menu_order":0,"comment_status":"closed","ping_status":"closed","template":"","meta":{"_acf_changed":false,"footnotes":""},"class_list":["post-4308","page","type-page","status-publish","hentry"],"acf":[],"_links":{"self":[{"href":"https:\/\/ivfathenscenter.gr\/it\/wp-json\/wp\/v2\/pages\/4308","targetHints":{"allow":["GET"]}}],"collection":[{"href":"https:\/\/ivfathenscenter.gr\/it\/wp-json\/wp\/v2\/pages"}],"about":[{"href":"https:\/\/ivfathenscenter.gr\/it\/wp-json\/wp\/v2\/types\/page"}],"author":[{"embeddable":true,"href":"https:\/\/ivfathenscenter.gr\/it\/wp-json\/wp\/v2\/users\/1"}],"replies":[{"embeddable":true,"href":"https:\/\/ivfathenscenter.gr\/it\/wp-json\/wp\/v2\/comments?post=4308"}],"version-history":[{"count":2,"href":"https:\/\/ivfathenscenter.gr\/it\/wp-json\/wp\/v2\/pages\/4308\/revisions"}],"predecessor-version":[{"id":6790,"href":"https:\/\/ivfathenscenter.gr\/it\/wp-json\/wp\/v2\/pages\/4308\/revisions\/6790"}],"up":[{"embeddable":true,"href":"https:\/\/ivfathenscenter.gr\/it\/wp-json\/wp\/v2\/pages\/6184"}],"wp:attachment":[{"href":"https:\/\/ivfathenscenter.gr\/it\/wp-json\/wp\/v2\/media?parent=4308"}],"curies":[{"name":"wp","href":"https:\/\/api.w.org\/{rel}","templated":true}]}}