{"id":4304,"date":"2023-08-21T08:06:23","date_gmt":"2023-08-21T08:06:23","guid":{"rendered":"https:\/\/ivfathenscenter.gr\/hysteroscopy\/"},"modified":"2024-10-16T06:36:20","modified_gmt":"2024-10-16T06:36:20","slug":"isteroscopia","status":"publish","type":"page","link":"https:\/\/ivfathenscenter.gr\/it\/gynecologia\/isteroscopia\/","title":{"rendered":"Isteroscopia"},"content":{"rendered":"\r\n<section class=\"title-section \" >\r\n    <div class=\"ivf-container\">\r\n        <div class=\"page-title-wrap \">\r\n            <div>\r\n                <h1 class=\"h2 page-title\">Isteroscopia<\/h1>\r\n                            <\/div>\r\n        <\/div>\r\n    <\/div>\r\n<\/section>\r\n\n\n\n<section class=\" services-content\">\n\n    \n    <div class=\"ivf-container  ivf-small-container section-content-wrap split\">\n\n                    <div class=\"image \">\n                <img loading=\"lazy\" decoding=\"async\" width=\"1000\" height=\"1000\" src=\"https:\/\/ivfathenscenter.gr\/wp-content\/uploads\/2023\/08\/hysterosopy.png\" class=\"attachment-large size-large\" alt=\"\" srcset=\"https:\/\/ivfathenscenter.gr\/wp-content\/uploads\/2023\/08\/hysterosopy.png 1000w, https:\/\/ivfathenscenter.gr\/wp-content\/uploads\/2023\/08\/hysterosopy-300x300.png 300w, https:\/\/ivfathenscenter.gr\/wp-content\/uploads\/2023\/08\/hysterosopy-150x150.png 150w, https:\/\/ivfathenscenter.gr\/wp-content\/uploads\/2023\/08\/hysterosopy-768x768.png 768w\" sizes=\"auto, (max-width: 1000px) 100vw, 1000px\" \/>            <\/div>\n        \n        <div class=\"text\">\n            <p class=\"text__desc\">\n                <p><strong><span style=\"color: #b02e85\">Hysteroscopy <\/span><\/strong><span style=\"font-weight: 400\">\u00e8 la visione d\u2019insieme dell\u2019utero, che rileva e tratta la patologia della parte interna (endometrio), la zona in cui si impianter\u00e0 il feto.<\/span><\/p>\n<p>&nbsp;<\/p>\n<p>Quali sono le indicazioni per un\u2019isteroscopia operativa:<\/p>\n<ul>\n<li>Polipi endometriali<\/li>\n<li>Fibromi<\/li>\n<li>Aderenze<\/li>\n<li>Metaplasia ossea dell\u2019endometrio<\/li>\n<li>e malformazioni anatomiche dell\u2019utero, come ad esempio: Utero bicorne e setto<\/li>\n<\/ul>\n<p>&nbsp;<\/p>\n<p><span style=\"font-weight: 400\">Durante l\u2019isteroscopia viene inserito un apposito strumento (isteroscopio) attraverso la vagina e la cervice uterina, mentre \u00e8 necessaria l\u2019anestesia. Il recupero \u00e8 immediato e la donna pu\u00f2 tornare alle sue normali attivit\u00e0 il giorno stesso. <\/span><\/p>\n<p>&nbsp;<\/p>\n<p><span style=\"font-weight: 400\">Soprattutto nei casi di ripetuti tentativi di fecondazione in vitro non riusciti, \u00e8 necessaria l\u2019isteroscopia, poich\u00e9 in questo modo vengono rilevate e riparate le anomalie anatomiche della cavit\u00e0 uterina. <\/span><\/p>\n<p>&nbsp;<\/p>\n<p><span style=\"font-weight: 400\">La correzione isteroscopica di queste anomalie porta pi\u00f9 rapidamente al risultato desiderato, ovvero alla gravidanza e al parto. <\/span><\/p>\n<p>&nbsp;<\/p>\n<p><span style=\"font-weight: 400\">I recenti studi rivelano che il trasferimento di embrioni nelle donne che si sono sottoposte a isteroscopia hanno percentuali pi\u00f9 elevate di test di gravidanza positivi e di nati vivi, sia per le isteroscopie diagnostiche sia in quelle operative. <\/span><\/p>\n<p>&nbsp;<\/p>\n<p>Pur essendo semplice nella tecnica, \u00e8 affidabile ed efficace, economica e facilmente tollerata da ogni donna.<\/p>\n            <\/p>\n        <\/div>\n\n        \n    <\/div>\n\n        \n<\/section>\n\n\n","protected":false},"excerpt":{"rendered":"","protected":false},"author":1,"featured_media":0,"parent":6184,"menu_order":0,"comment_status":"closed","ping_status":"closed","template":"","meta":{"_acf_changed":false,"footnotes":""},"class_list":["post-4304","page","type-page","status-publish","hentry"],"acf":[],"_links":{"self":[{"href":"https:\/\/ivfathenscenter.gr\/it\/wp-json\/wp\/v2\/pages\/4304","targetHints":{"allow":["GET"]}}],"collection":[{"href":"https:\/\/ivfathenscenter.gr\/it\/wp-json\/wp\/v2\/pages"}],"about":[{"href":"https:\/\/ivfathenscenter.gr\/it\/wp-json\/wp\/v2\/types\/page"}],"author":[{"embeddable":true,"href":"https:\/\/ivfathenscenter.gr\/it\/wp-json\/wp\/v2\/users\/1"}],"replies":[{"embeddable":true,"href":"https:\/\/ivfathenscenter.gr\/it\/wp-json\/wp\/v2\/comments?post=4304"}],"version-history":[{"count":3,"href":"https:\/\/ivfathenscenter.gr\/it\/wp-json\/wp\/v2\/pages\/4304\/revisions"}],"predecessor-version":[{"id":6791,"href":"https:\/\/ivfathenscenter.gr\/it\/wp-json\/wp\/v2\/pages\/4304\/revisions\/6791"}],"up":[{"embeddable":true,"href":"https:\/\/ivfathenscenter.gr\/it\/wp-json\/wp\/v2\/pages\/6184"}],"wp:attachment":[{"href":"https:\/\/ivfathenscenter.gr\/it\/wp-json\/wp\/v2\/media?parent=4304"}],"curies":[{"name":"wp","href":"https:\/\/api.w.org\/{rel}","templated":true}]}}