{"id":4294,"date":"2023-08-21T08:09:34","date_gmt":"2023-08-21T08:09:34","guid":{"rendered":"https:\/\/ivfathenscenter.gr\/egg-donation-process\/"},"modified":"2025-07-24T09:12:05","modified_gmt":"2025-07-24T09:12:05","slug":"processo-di-ovodonazione","status":"publish","type":"page","link":"https:\/\/ivfathenscenter.gr\/it\/ovodonazione\/processo-di-ovodonazione\/","title":{"rendered":"Processo di Ovodonazione"},"content":{"rendered":"\r\n<section class=\"title-section  with-desc\" >\r\n    <div class=\"ivf-container\">\r\n        <div class=\"page-title-wrap \">\r\n            <div>\r\n                <h1 class=\"h2 page-title\">Processo di Ovodonazione<\/h1>\r\n                                    <div class=\"page-desc\">\r\n                        <p><p>Trattamento con ovodonazione in Grecia, tutto compreso e senza stress, che include assistenza medica di alto livello, alloggio e trasporto.<\/p>\n<\/p>\r\n                    <\/div>\r\n                            <\/div>\r\n        <\/div>\r\n    <\/div>\r\n<\/section>\r\n\n\n\n<section class=\" services-content\">\n\n    \n    <div class=\"ivf-container  ivf-small-container section-content-wrap split\">\n\n                    <div class=\"image \">\n                <img loading=\"lazy\" decoding=\"async\" width=\"1024\" height=\"928\" src=\"https:\/\/ivfathenscenter.gr\/wp-content\/uploads\/2023\/08\/egg-donation-process-1-1024x928.png\" class=\"attachment-large size-large\" alt=\"\" srcset=\"https:\/\/ivfathenscenter.gr\/wp-content\/uploads\/2023\/08\/egg-donation-process-1-1024x928.png 1024w, https:\/\/ivfathenscenter.gr\/wp-content\/uploads\/2023\/08\/egg-donation-process-1-300x272.png 300w, https:\/\/ivfathenscenter.gr\/wp-content\/uploads\/2023\/08\/egg-donation-process-1-768x696.png 768w, https:\/\/ivfathenscenter.gr\/wp-content\/uploads\/2023\/08\/egg-donation-process-1.png 1200w\" sizes=\"auto, (max-width: 1024px) 100vw, 1024px\" \/>            <\/div>\n        \n        <div class=\"text\">\n            <p class=\"text__desc\">\n                <p>La decisione di ricevere materiale genetico da un\/a donatore\/donatrice \u00e8 una questione molto delicata che richiede un\u2019attenzione e un esame approfonditi. La nostra vasta esperienza garantisce la copertura di tutti gli aspetti legali e sanitari e la gestione anonima e discreta di ogni paziente o donatore\/donatrice. Le coppie provenienti dall\u2019estero riceveranno, oltre a un meticoloso aiuto terapeutico, un trattamento all-inclusive che comprende alloggio e trasporto.<\/p>\n<p>&nbsp;<\/p>\n<p>La procedura di ovodonazione inizia solitamente con un consulto iniziale per la coppia, che pu\u00f2 svolgersi al telefono, tramite Skype o presso la nostra clinica della fertilit\u00e0, in modo che possiate conoscere il nostro team e familiarizzare con la struttura. Vi spiegheremo l\u2019intera procedura, esamineremo la vostra anamnesi clinica e vi consiglieremo se la donazione di ovociti \u00e8 la scelta giusta per voi. Verranno discussi tutti gli altri aspetti rilevanti, compresi i costi.<\/p>\n<p>&nbsp;<\/p>\n<p>Le donne devono sottoporsi all\u2019esame ecografico del rivestimento uterino il giorno stesso presso la nostra clinica o nella citta in cui risiedono casa a entrambi i partner verranno prescritti alcuni esami del sangue necessari per la procedura.<\/p>\n<p>&nbsp;<\/p>\n<p>Una volta completate le fasi iniziali, la coppia pu\u00f2 scegliere tra due opzioni:<\/p>\n<p>&nbsp;<\/p>\n<ul>\n<li>Il coniuge\/partner deve recarsi presso la nostra clinica il giorno prima del prelievo degli ovociti della donatrice, per fornirci un campione di sperma da analizzare. Il campione pu\u00f2 anche essere congelato per un uso successivo. La coniuge\/partner pu\u00f2 recarsi presso la nostra clinica il giorno prima del trasferimento degli embrioni.<\/li>\n<li>Entrambi i partner possono venire ad Atene e rimanere per tutta la durata della procedura (soggiorno prolungato): prelievo degli ovociti e trasferimento degli embrioni. Questa opzione richiede in genere fino a 2 settimane, sempre a seconda di quando la donatrice inizier\u00e0 la stimolazione ovarica.<\/li>\n<\/ul>\n            <\/p>\n        <\/div>\n\n        \n    <\/div>\n\n        \n<\/section>\n\n\n\n<section class=\" services-content services-content-2 mb-fd-col-rev\">\n\n    \n    <div class=\"ivf-container  ivf-small-container section-content-wrap split\">\n\n        \n        <div class=\"text\">\n            <p class=\"text__desc\">\n                <p class=\"p1\"><span class=\"s1\">Dopo il trasferimento dell\u2019embrione o degli embrioni, la donna rimane a letto per circa un ora e mezza e poi pu\u00f2 lasciare la clinica, e, con i farmaci prescritti, deve riposare e limitare le attivit\u00e0 che causano affaticamento fisico. In caso di precedenti aborti ricorrenti o di indicazioni post-ecografia (polipi, fibromi, ecc.), si consiglia di effettuare <strong><a href=\"https:\/\/ivfathenscenter.gr\/it\/gynecologia\/isteroscopia\/\">un\u2019isteroscopia<\/a><\/strong> per esaminare meglio l\u2019interno dell\u2019utero.<\/span><\/p>\n<p><strong><span style=\"color: #b02e85\">La procedura di donazione degli ovociti &#8211; Ciclo\u00a0<\/span><\/strong><\/p>\n<p>Per preparare il corpo della madre alla gravidanza, la produzione degli ormoni deve essere medicalmente indotta. Dopo la valutazione ormonale, le verranno somministrati estrogeni e altri integratori per preparare l\u2019endometrio. Questo avviene in concomitanza con l\u2019inizio del trattamento farmacologico per la stimolazione ovarica nella donatrice di ovociti, oppure viene determinato dal protocollo personalizzato. Grazie a frequenti analisi del sangue e controlli ecografici possiamo monitorare il rivestimento uterino per garantire la perfetta ricettivit\u00e0 degli embrioni. Se preferisce, le analisi del sangue e le ecografie possono essere eseguite nel suo Paese e inviate per e-mail.<\/p>\n<p>&nbsp;<\/p>\n<p>Il giorno del prelievo degli ovociti della donatrice, il coniuge\/ partner fornir\u00e0 un campione di sperma per fecondare gli ovociti freschi, oppure possiamo utilizzare un campione di sperma congelato e scongelato che ci ha gi\u00e0 fornito. In quel giorno le sar\u00e0 somministrata anche un\u2019iniezione o un ovulo vaginale di progesterone. Circa tre (3) &#8211; cinque (5) giorni dopo la fecondazione, gli embrioni vengono trasferiti nell\u2019utero. Le verr\u00e0 chiesto di effettuare un test di gravidanza al decimo (10) e dodicesimo (12) giorno, per verificare se l\u2019impianto dell\u2019embrione \u00e8 avvenuto con successo. Se il risultato \u00e8 positivo, sar\u00e0 necessario continuare ad assumere estrogeni e progesterone per altri due mesi. A seconda del protocollo, possono essere somministrati anche farmaci supplementari.<\/p>\n            <\/p>\n        <\/div>\n\n                    <div class=\"image \">\n                <img loading=\"lazy\" decoding=\"async\" width=\"1000\" height=\"1000\" src=\"https:\/\/ivfathenscenter.gr\/wp-content\/uploads\/2023\/08\/egg-donation-process-2.png\" class=\"attachment-large size-large\" alt=\"\" srcset=\"https:\/\/ivfathenscenter.gr\/wp-content\/uploads\/2023\/08\/egg-donation-process-2.png 1000w, https:\/\/ivfathenscenter.gr\/wp-content\/uploads\/2023\/08\/egg-donation-process-2-300x300.png 300w, https:\/\/ivfathenscenter.gr\/wp-content\/uploads\/2023\/08\/egg-donation-process-2-150x150.png 150w, https:\/\/ivfathenscenter.gr\/wp-content\/uploads\/2023\/08\/egg-donation-process-2-768x768.png 768w\" sizes=\"auto, (max-width: 1000px) 100vw, 1000px\" \/>            <\/div>\n        \n    <\/div>\n\n            <a href=\"https:\/\/ivfathenscenter.gr\/it\/faqs\/\" class=\"linkmore\">Domande frequenti sulla donazione di ovociti <\/a>\n        \n<\/section>\n\n\n","protected":false},"excerpt":{"rendered":"","protected":false},"author":1,"featured_media":0,"parent":6304,"menu_order":0,"comment_status":"closed","ping_status":"closed","template":"","meta":{"_acf_changed":false,"footnotes":""},"class_list":["post-4294","page","type-page","status-publish","hentry"],"acf":[],"_links":{"self":[{"href":"https:\/\/ivfathenscenter.gr\/it\/wp-json\/wp\/v2\/pages\/4294","targetHints":{"allow":["GET"]}}],"collection":[{"href":"https:\/\/ivfathenscenter.gr\/it\/wp-json\/wp\/v2\/pages"}],"about":[{"href":"https:\/\/ivfathenscenter.gr\/it\/wp-json\/wp\/v2\/types\/page"}],"author":[{"embeddable":true,"href":"https:\/\/ivfathenscenter.gr\/it\/wp-json\/wp\/v2\/users\/1"}],"replies":[{"embeddable":true,"href":"https:\/\/ivfathenscenter.gr\/it\/wp-json\/wp\/v2\/comments?post=4294"}],"version-history":[{"count":16,"href":"https:\/\/ivfathenscenter.gr\/it\/wp-json\/wp\/v2\/pages\/4294\/revisions"}],"predecessor-version":[{"id":15442,"href":"https:\/\/ivfathenscenter.gr\/it\/wp-json\/wp\/v2\/pages\/4294\/revisions\/15442"}],"up":[{"embeddable":true,"href":"https:\/\/ivfathenscenter.gr\/it\/wp-json\/wp\/v2\/pages\/6304"}],"wp:attachment":[{"href":"https:\/\/ivfathenscenter.gr\/it\/wp-json\/wp\/v2\/media?parent=4294"}],"curies":[{"name":"wp","href":"https:\/\/api.w.org\/{rel}","templated":true}]}}