{"id":4280,"date":"2023-08-21T08:05:01","date_gmt":"2023-08-21T08:05:01","guid":{"rendered":"https:\/\/ivfathenscenter.gr\/male-fertility-evaluation\/"},"modified":"2024-10-16T06:35:14","modified_gmt":"2024-10-16T06:35:14","slug":"valutazione-della-fertilita-maschile","status":"publish","type":"page","link":"https:\/\/ivfathenscenter.gr\/it\/infertilita\/valutazione-della-fertilita-maschile\/","title":{"rendered":"Valutazione della fertilit\u00e0 maschile"},"content":{"rendered":"\r\n<section class=\"title-section \" >\r\n    <div class=\"ivf-container\">\r\n        <div class=\"page-title-wrap \">\r\n            <div>\r\n                <h1 class=\"h2 page-title\">Valutazione della fertilit\u00e0 maschile<\/h1>\r\n                            <\/div>\r\n        <\/div>\r\n    <\/div>\r\n<\/section>\r\n\n\n\n<section class=\" services-content\">\n\n    \n    <div class=\"ivf-container  ivf-small-container section-content-wrap split\">\n\n                    <div class=\"image \">\n                <img loading=\"lazy\" decoding=\"async\" width=\"833\" height=\"1024\" src=\"https:\/\/ivfathenscenter.gr\/wp-content\/uploads\/2023\/08\/male-fertility-evaluation-1-833x1024.png\" class=\"attachment-large size-large\" alt=\"\" srcset=\"https:\/\/ivfathenscenter.gr\/wp-content\/uploads\/2023\/08\/male-fertility-evaluation-1-833x1024.png 833w, https:\/\/ivfathenscenter.gr\/wp-content\/uploads\/2023\/08\/male-fertility-evaluation-1-244x300.png 244w, https:\/\/ivfathenscenter.gr\/wp-content\/uploads\/2023\/08\/male-fertility-evaluation-1-768x944.png 768w, https:\/\/ivfathenscenter.gr\/wp-content\/uploads\/2023\/08\/male-fertility-evaluation-1.png 1085w\" sizes=\"auto, (max-width: 833px) 100vw, 833px\" \/>            <\/div>\n        \n        <div class=\"text\">\n            <p class=\"text__desc\">\n                <p><strong><span style='color: #b02e85'><b>Forniamo una valutazione completa della fertilit\u00e0 maschile in base all\u2019anamnesi medica di ogni paziente e ai criteri della 6a edizione del Manuale di laboratorio dell\u2019OMS.<\/b><\/span><\/strong><\/p>\n<p>&nbsp;<\/p>\n<p>Nello specifico:<\/p>\n<ul>\n<li><strong style=\"color: #b02e85\">Esame di base dello sperma che comprende:<br \/>\n<\/strong><\/p>\n<ul>\n<li>Esame macroscopico e prelievi per la coltura dello sperma<\/li>\n<li>Esame microscopico<\/li>\n<\/ul>\n<\/li>\n<li><strong><span style='color: #b02e85'>Analisi estese<\/span><\/strong> (indice di frammentazione del DNA spermatico &#8211; DFI, test genetici per i fattori di infertilit\u00e0 maschile, ecc.)<\/li>\n<li><strong><span style='color: #b02e85'>Analisi avanzate <\/span><\/strong> (test dello stress ossidativo su campione di sperma e rilevamento delle specie reattive dell\u2019ossigeno &#8211; sORP, analisi dello sperma assistita da computer &#8211; CASA, ecc.)<\/li>\n<\/ul>\n<p>&nbsp;<\/p>\n<p><span style=\"font-weight: 400\">Secondo la 6a edizione del Manuale di laboratorio dell\u2019OMS (2021), <strong style=\"color: #b02e85\">l\u2019esame di base del liquido seminale<\/strong><span style=\"font-weight: 400\"> \u00e8 il primo screening e quello pi\u00f9 comune screening per gli uomini. I parametri pi\u00f9 importanti e raccomandati (macro e microscopici) da valutare sono: \u00a0<\/span><\/span><\/p>\n<ul>\n<li style=\"font-weight: 400\">Volume dello sperma<\/li>\n<li style=\"font-weight: 400\">liquefazione<\/li>\n<li style=\"font-weight: 400\">aspetto<\/li>\n<li style=\"font-weight: 400\">viscosit\u00e0<\/li>\n<li style=\"font-weight: 400\"><span style=\"font-weight: 400\">pH<\/span><\/li>\n<li style=\"font-weight: 400\">concentrazione<\/li>\n<li style=\"font-weight: 400\">motilit\u00e0<\/li>\n<li style=\"font-weight: 400\">morfologia<\/li>\n<li style=\"font-weight: 400\">presenza di altre cellule<\/li>\n<\/ul>\n<p><i><span style=\"font-weight: 400\">* * Tutti conformi alla 6a edizione del Manuale di laboratorio dell\u2019OMS, 2021. <\/span><\/i><\/p>\n<p>&nbsp;<\/p>\n<p><strong style=\"color: #b02e85\">Test dell\u2019indice di frammentazione del DNA dello sperma (DFI)<\/strong><\/p>\n<p>&nbsp;<\/p>\n<p>La frammentazione del DNA spermatico (DFI) \u00e8 uno dei disturbi pi\u00f9 comuni che interessano il materiale genetico maschile.<\/p>\n<p>&nbsp;<\/p>\n<p><span style=\"font-weight: 400\">Il test DFI dello sperma appartiene all\u2019<\/span><b> <strong style=\"color: #b02e85\">analisi estesa dello sperma<\/strong><\/b><span style=\"font-weight: 400\"> \u00e8 una tecnica molecolare che rileva la percentuale di spermatozoi con materiale frammentato e danneggiato. Questi spermatozoi sono entrati nel processo di apoptosi (morte cellulare programmata), che in realt\u00e0 \u00e8 un processo normale, seguito da tutte le cellule di ogni organismo vivente. I soggetti subfertili, tuttavia, hanno una percentuale di cellule spermatiche apoptotiche superiore a quella della popolazione fertile.<\/span><\/p>\n<p><span style=\"font-weight: 400\"><br \/>\nLa frammentazione del DNA degli spermatozoi \u00e8 stata associata a una riduzione dei tassi di inseminazione e fecondazione, della qualit\u00e0 degli embrioni, dei tassi di gravidanza, a un aumento dei tassi di aborto spontaneo e a una maggiore probabilit\u00e0 di interruzione prematura dello sviluppo embrionale.<br \/>\n<\/span><\/p>\n<p>&nbsp;<\/p>\n<p>Classifichiamo il DFI in tre gruppi:<\/p>\n<ul>\n<li style=\"font-weight: 400\">0-15%: Indice di frammentazione del DNA basso: elevata capacit\u00e0 di fecondazione<\/li>\n<li style=\"font-weight: 400\">16-30%: Indice di frammentazione del DNA moderato: capacit\u00e0 di fecondazione moderata<\/li>\n<li style=\"font-weight: 400\">&gt;30%: Indice di frammentazione del DNA alto: bassa capacit\u00e0 di fecondazione<\/li>\n<\/ul>\n            <\/p>\n        <\/div>\n\n        \n    <\/div>\n\n        \n<\/section>\n\n\n\n<section class=\" services-content services-content-2\">\n\n    \n    <div class=\"ivf-container  ivf-small-container section-content-wrap split\">\n\n        \n        <div class=\"text\">\n            <p class=\"text__desc\">\n                <p><b><strong><span style='color: #b02e85'>Cause dell\u2019indice di frammentazione del DNA: <\/span><\/strong><\/b><\/p>\n<p>Molte cause possono aumentare la frammentazione del DNA, come temperature elevate, bagni caldi, fumatore accanito, uso prolungato di steroidi, obesit\u00e0, alimentazione non sana, ecc.)<\/p>\n<p>&nbsp;<\/p>\n<p><span style=\"font-weight: 400\">Secondo l\u2019OMS 2021,<\/span><b style=\"color: #b02e85\">\u00a0 i test di analisi avanzata <\/b><span style=\"font-weight: 400\"> comprendono\u00a0\u00a0<\/span><\/p>\n<p><b style=\"color: #b02e85\">Indice di stress ossidativo seminale (OS),<\/b><span style=\"font-weight: 400\">\u00a0una situazione ben nota che potrebbe influenzare la fertilit\u00e0 maschile. Sempre pi\u00f9 prove suggeriscono che lo <\/span><b style=\"color: #b02e85\">stress ossidativo (OS)<\/b><span style=\"font-weight: 400\">\u00a0pu\u00f2 avere un ruolo indipendente nell\u2019eziologia dell\u2019infertilit\u00e0 maschile, con il 30%-80% degli uomini subfertili che presentano elevati livelli di specie reattive dell\u2019ossigeno nello sperma. \u00a0<\/span><\/p>\n<p>&nbsp;<\/p>\n<p><b style=\"color: #b02e85\">Lo stress ossidativo (OS)<\/b><span style=\"font-weight: 400\"> pu\u00f2 influire negativamente sulla fertilit\u00e0 in molti modi, tra cui l\u2019interferenza con la capacitazione spermatica e i possibili danni alla membrana e al DNA degli spermatozoi, che possono compromettere il loro potenziale di fecondazione. \u00a0<\/span><\/p>\n            <\/p>\n        <\/div>\n\n                    <div class=\"image \">\n                <img loading=\"lazy\" decoding=\"async\" width=\"1024\" height=\"1007\" src=\"https:\/\/ivfathenscenter.gr\/wp-content\/uploads\/2023\/08\/male-fertility-evaluation-2-1024x1007.png\" class=\"attachment-large size-large\" alt=\"\" srcset=\"https:\/\/ivfathenscenter.gr\/wp-content\/uploads\/2023\/08\/male-fertility-evaluation-2-1024x1007.png 1024w, https:\/\/ivfathenscenter.gr\/wp-content\/uploads\/2023\/08\/male-fertility-evaluation-2-300x295.png 300w, https:\/\/ivfathenscenter.gr\/wp-content\/uploads\/2023\/08\/male-fertility-evaluation-2-768x755.png 768w, https:\/\/ivfathenscenter.gr\/wp-content\/uploads\/2023\/08\/male-fertility-evaluation-2-1536x1510.png 1536w, https:\/\/ivfathenscenter.gr\/wp-content\/uploads\/2023\/08\/male-fertility-evaluation-2.png 1972w\" sizes=\"auto, (max-width: 1024px) 100vw, 1024px\" \/>            <\/div>\n        \n    <\/div>\n\n        \n<\/section>\n\n\n\n<section class=\" services-content\">\n\n    \n    <div class=\"ivf-container  ivf-small-container section-content-wrap split\">\n\n                    <div class=\"image \">\n                <img loading=\"lazy\" decoding=\"async\" width=\"968\" height=\"1024\" src=\"https:\/\/ivfathenscenter.gr\/wp-content\/uploads\/2023\/08\/male-fertility-evaluation-3-968x1024.png\" class=\"attachment-large size-large\" alt=\"\" srcset=\"https:\/\/ivfathenscenter.gr\/wp-content\/uploads\/2023\/08\/male-fertility-evaluation-3-968x1024.png 968w, https:\/\/ivfathenscenter.gr\/wp-content\/uploads\/2023\/08\/male-fertility-evaluation-3-284x300.png 284w, https:\/\/ivfathenscenter.gr\/wp-content\/uploads\/2023\/08\/male-fertility-evaluation-3-768x813.png 768w, https:\/\/ivfathenscenter.gr\/wp-content\/uploads\/2023\/08\/male-fertility-evaluation-3.png 1000w\" sizes=\"auto, (max-width: 968px) 100vw, 968px\" \/>            <\/div>\n        \n        <div class=\"text\">\n            <p class=\"text__desc\">\n                <p><span style=\"font-weight: 400\">Proponiamo il termine <\/span><b style=\"color: #b02e85\">Infertilit\u00e0 maschile da stress ossidativo (Male Oxidative Stress Infertility o MOSI),<\/b><span style=\"font-weight: 400\"> come nuovo descrittore per gli uomini infertili con caratteristiche anomale del liquido seminale e OS, che comprende molti pazienti che in precedenza erano classificati come affetti da infertilit\u00e0 maschile idiopatica. Con la crescente consapevolezza e comprensione della MOSI come diagnosi distinta di infertilit\u00e0 maschile, i futuri sforzi di ricerca possono facilitare lo sviluppo di trattamenti basati sul dati concreti, che mirano alla sua causa di base.<\/span><span style=\"font-weight: 400\"><br \/>\n<\/span><span style=\"font-weight: 400\"><br \/>\n<\/span><b style=\"color: #b02e85\">Cause dello stress ossidativo dello sperma:\u00a0<\/b><\/p>\n<p>per quanto riguarda la frammentazione del DNA, sono molte le cause che possono essere incriminate per lo squilibrio dello stress ossidativo, come il fumo, i farmaci, l\u2019alcol, i problemi di salute (ad esempio il diabete, alcuni tipi di cancro, la prostatite, le infiammazioni) e altri fattori associati all\u2019apparato riproduttivo maschile.<\/p>\n<p>&nbsp;<\/p>\n<p><span style=\"font-weight: 400\">La\u00a0<\/span><b style=\"color: #b02e85\">misurazione dello stress ossidativo dello sperma <\/b><span style=\"font-weight: 400\">\u00a0viene eseguito presso <\/span><b style=\"color: #b02e85\">IVF Athens Center,<\/b><span style=\"font-weight: 400\">\u00a0mediante un dispositivo specializzato utilizzato nel nostro Laboratorio di andrologia.<\/span><\/p>\n<p><span style=\"font-weight: 400\"><br \/>\n<\/span><span style=\"font-weight: 400\">Il test viene eseguito su un campione di sperma, con un parametro restrittivo in presenza di un numero sufficiente di spermatozoi (concentrazione di spermatozoi&gt; 1 milione di spermatozoi\/mL). <\/span><\/p>\n            <\/p>\n        <\/div>\n\n        \n    <\/div>\n\n        \n<\/section>\n\n\n    <section class=\"services-faqs reverse\" id=>\r\n\r\n                    <div class=\"ivf-container ivf-small-container section-title-wrap\">\r\n                <h3 class=\"section-title\">\r\n                    Domande frequenti sulla subfertilit\u00e0 maschile                <\/h3>\r\n            <\/div>\r\n        \r\n        <div class=\"ivf-container ivf-small-container section-content-wrap\">\r\n            <div class=\"text\">\r\n                <div class=\"faq\">\r\n\r\n                                            <h4 class=\"faq-title active\">\r\n                            Quanti giorni di astinenza \u00e8 meglio osservare per un\u2019analisi rappresentativa del liquido seminale?                        <\/h4>\r\n                        <div class=\"faq-desc\">\r\n                            <span class=\"faq-desc-content\">\r\n                                <p>Secondo le linee guida dell\u2019OMS, 3-5 giorni di astinenza sono il tempo consigliato prima di un\u2019analisi del liquido seminale. Il volume dello sperma e il numero di spermatozoi (concentrazione) aumentano dopo questo periodo, ma d\u2019altra parte la motilit\u00e0 (movimento) e la morfologia degli spermatozoi diminuiscono significativamente dopo 7-10 giorni. Ecco perch\u00e9 i dati pi\u00f9 recenti della letteratura indicano il risultato come pi\u00f9 rappresentativo, quando il periodo di astinenza non supera i due giorni.<\/p>\n                            <\/span>\r\n                        <\/div>\r\n                                            <h4 class=\"faq-title \">\r\n                            Lo stress pu\u00f2 influenzare l\u2019analisi dello sperma?                        <\/h4>\r\n                        <div class=\"faq-desc\">\r\n                            <span class=\"faq-desc-content\">\r\n                                <p>I fattori di stress possono chiaramente influenzare l\u2019analisi dello sperma e alcuni studi hanno persino osservato una diminuzione del 39% della concentrazione di spermatozoi e del 48% della motilit\u00e0, associati allo stress dovuto alla produzione del campione. Ecco perch\u00e9 presso IVF Athens Center disponiamo di una sala appositamente progettata per ridurre ogni possibile fattore di stress durante la procedura di ogni processo di fertilit\u00e0!<\/p>\n                            <\/span>\r\n                        <\/div>\r\n                    \r\n                <\/div>\r\n            <\/div>\r\n        <\/div>\r\n    <\/section>\r\n\n\n\n<section class=\"fasa light-magenta\">\n    <div class=\"ivf-container\">\n        <p> Nel Centro IVF di Atene, crediamo fermamente che l&#8217;approccio personalizzato e la terapia su misura siano le chiavi del successo di ogni processo di fertilit\u00e0!<\/p>\n    <\/div>\n<\/section>\n\n\n","protected":false},"excerpt":{"rendered":"<p>Nel Centro IVF di Atene, crediamo fermamente che l&#8217;approccio personalizzato e la terapia su misura siano le chiavi del successo di ogni processo di fertilit\u00e0!<\/p>\n","protected":false},"author":1,"featured_media":0,"parent":6099,"menu_order":0,"comment_status":"closed","ping_status":"closed","template":"","meta":{"_acf_changed":false,"footnotes":""},"class_list":["post-4280","page","type-page","status-publish","hentry"],"acf":[],"_links":{"self":[{"href":"https:\/\/ivfathenscenter.gr\/it\/wp-json\/wp\/v2\/pages\/4280","targetHints":{"allow":["GET"]}}],"collection":[{"href":"https:\/\/ivfathenscenter.gr\/it\/wp-json\/wp\/v2\/pages"}],"about":[{"href":"https:\/\/ivfathenscenter.gr\/it\/wp-json\/wp\/v2\/types\/page"}],"author":[{"embeddable":true,"href":"https:\/\/ivfathenscenter.gr\/it\/wp-json\/wp\/v2\/users\/1"}],"replies":[{"embeddable":true,"href":"https:\/\/ivfathenscenter.gr\/it\/wp-json\/wp\/v2\/comments?post=4280"}],"version-history":[{"count":4,"href":"https:\/\/ivfathenscenter.gr\/it\/wp-json\/wp\/v2\/pages\/4280\/revisions"}],"predecessor-version":[{"id":6786,"href":"https:\/\/ivfathenscenter.gr\/it\/wp-json\/wp\/v2\/pages\/4280\/revisions\/6786"}],"up":[{"embeddable":true,"href":"https:\/\/ivfathenscenter.gr\/it\/wp-json\/wp\/v2\/pages\/6099"}],"wp:attachment":[{"href":"https:\/\/ivfathenscenter.gr\/it\/wp-json\/wp\/v2\/media?parent=4280"}],"curies":[{"name":"wp","href":"https:\/\/api.w.org\/{rel}","templated":true}]}}