{"id":4263,"date":"2023-08-21T08:02:24","date_gmt":"2023-08-21T08:02:24","guid":{"rendered":"https:\/\/ivfathenscenter.gr\/pgt\/"},"modified":"2024-10-16T06:34:46","modified_gmt":"2024-10-16T06:34:46","slug":"diagnosi-genetica-preimpianto-dgp","status":"publish","type":"page","link":"https:\/\/ivfathenscenter.gr\/it\/fivet\/diagnosi-genetica-preimpianto-dgp\/","title":{"rendered":"Diagnosi genetica preimpianto (DGP)"},"content":{"rendered":"\r\n<section class=\"title-section  with-desc\" >\r\n    <div class=\"ivf-container\">\r\n        <div class=\"page-title-wrap \">\r\n            <div>\r\n                <h1 class=\"h2 page-title\">Diagnosi genetica preimpianto (DGP)<\/h1>\r\n                                    <div class=\"page-desc\">\r\n                        <p><p><b>La diagnosi genetica preimpianto (PGT)\u00a0<\/b><span style=\"font-weight: 400\">\u00e8 consentita previo consenso e autorizzazione<br \/>\ndell\u2019<\/span><b>Autorit\u00e0 nazionale per la procreazione assistita<\/b><span style=\"font-weight: 400\">,\u00a0 al fine di evitare che alcune malattie o disturbi genetici vengano trasmessi al bambino (PGT-M, PGT-SR o PGT-A). La PGT-A pu\u00f2 essere utilizzata anche per identificare le cause di infertilit\u00e0 nelle coppie con aborti ripetuti o fallimenti dopo cicli di FIVET (almeno tre tentativi falliti)<\/span><span style=\"font-weight: 400\">\u00a0<a href=\"https:\/\/eaiya.gov.gr\/wp-content\/uploads\/2023\/01\/%CE%A6%CE%95%CE%9A-6549.%CE%92.21.12.20221.pdf\" target=\"_blank\" rel=\"noopener\">(Gazzetta Ufficiale del Governo ellenico 6549\/2022)<br \/>\n<\/a><\/span><span style=\"font-weight: 400\">\u00a0<\/span><\/p>\n<\/p>\r\n                    <\/div>\r\n                            <\/div>\r\n        <\/div>\r\n    <\/div>\r\n<\/section>\r\n\n\n\n<section class=\" services-content\">\n\n    \n    <div class=\"ivf-container  ivf-small-container section-content-wrap split\">\n\n                    <div class=\"image \">\n                <img loading=\"lazy\" decoding=\"async\" width=\"1024\" height=\"841\" src=\"https:\/\/ivfathenscenter.gr\/wp-content\/uploads\/2023\/08\/pgd-1024x841.png\" class=\"attachment-large size-large\" alt=\"\" srcset=\"https:\/\/ivfathenscenter.gr\/wp-content\/uploads\/2023\/08\/pgd-1024x841.png 1024w, https:\/\/ivfathenscenter.gr\/wp-content\/uploads\/2023\/08\/pgd-300x246.png 300w, https:\/\/ivfathenscenter.gr\/wp-content\/uploads\/2023\/08\/pgd-768x631.png 768w, https:\/\/ivfathenscenter.gr\/wp-content\/uploads\/2023\/08\/pgd.png 1396w\" sizes=\"auto, (max-width: 1024px) 100vw, 1024px\" \/>            <\/div>\n        \n        <div class=\"text\">\n            <p class=\"text__desc\">\n                <p>La rapida crescita della scienza genetica consente alle coppie,<\/p>\n<p>&nbsp;<\/p>\n<p>Grazie alla diagnosi genetica preimpianto, questi ovociti fecondati che presentano aberrazioni cromosomiche e le malattie genetiche possono essere individuati ed esclusi, in modo che solo quelli sani vengano trasferite nell\u2019utero della donna.<\/p>\n<p>&nbsp;<\/p>\n<p>La procedura non \u00e8 molto diversa da quella di un ciclo di fecondazione in vitro, tranne per il fatto che essa comprende la biopsia degli embrioni nel laboratorio di embriologia. Con il processo della biopsia, vengono isolati e analizzati alcuni blastomeri (cellule) degli embrioni in crescita, in un laboratorio di genetica adeguatamente specializzato.<\/p>\n<p>&nbsp;<\/p>\n<p>La biopsia degli embrioni viene eseguita in diverse fasi<\/p>\n<p>&nbsp;<\/p>\n<ul>\n<li style=\"font-weight: 400\">Il 3\u00b0 giorno dopo il prelievo degli ovociti, su quegli embrioni che si trovavano a circa 8 cellule ed \u00e8 stato il primo metodo a essere utilizzato<\/li>\n<li style=\"font-weight: 400\">Il 5\u00b0 giorno dopo il prelievo degli ovociti, sugli embrioni allo stadio di blastocisti. La biopsia della blastocisti sta riscuotendo un interesse sempre maggiore e tende a sostituire la biopsia del 3\u00b0 giorno, in quanto presenta molti vantaggi.<\/li>\n<li style=\"font-weight: 400\">In alternativa, per verificare la qualit\u00e0 del materiale genetico materno senza intervenire sull\u2019embrione \u00e8 stata suggerita la biopsia del globulo polare, ma a causa dei limiti del metodo non viene utilizzato di routine.<\/li>\n<\/ul>\n<p>&nbsp;<\/p>\n<p>La procedura pi\u00f9 comune dopo la tecnica bioptica consiste nel congelare le blastocisti che sono state sottoposte a biopsia per un breve periodo di tempo, fino a ricevere i risultati del laboratorio di genetica. Il trasferimento dell\u2019embrione viene effettuato in un ciclo successivo, quando la donna ha una preparazione endometriale ottimale, solo con gli embrioni suggeriti, in modo da ottenere una gravidanza sana.<\/p>\n<p>&nbsp;<\/p>\n<p>&nbsp;<\/p>\n<p>La formazione dei nostri embriologi riguardo questa tecnica \u00e8 iniziata gi\u00e0 dal 2000 e continua fino ad oggi con i pi\u00f9 sofisticati protocolli formativi.<\/p>\n            <\/p>\n        <\/div>\n\n        \n    <\/div>\n\n        \n<\/section>\n\n\n    <section class=\"services-faqs reverse\" id=>\r\n\r\n                    <div class=\"ivf-container ivf-small-container section-title-wrap\">\r\n                <h3 class=\"section-title\">\r\n                    Domande frequenti sulla PGT                <\/h3>\r\n            <\/div>\r\n        \r\n        <div class=\"ivf-container ivf-small-container section-content-wrap\">\r\n            <div class=\"text\">\r\n                <div class=\"faq\">\r\n\r\n                                            <h4 class=\"faq-title active\">\r\n                            In quali casi si applica il diagnosi genetica preimpianto?                        <\/h4>\r\n                        <div class=\"faq-desc\">\r\n                            <span class=\"faq-desc-content\">\r\n                                <p>La PGT pu\u00f2 essere applicata per molte malattie. Siamo orgogliosi del nostro elevato tasso di successo in molti casi di talassemia e anemia falciforme e di malattie rare come la neurofibromatosi, le sindromi di Stargart, la agammaglobulinemia legata al cromosoma X (XLA), ecc.<\/p>\n<p>A suggellare il successo e l\u2019innovazione che caratterizzano IVF Athens Center, abbiamo portato a termine la prima gravidanza al mondo di una donna con acondroplasia (nanismo) dopo la PGT. Sono stati eseguiti trasferimenti di embrioni in cicli artificiali dopo la crioconservazione e il riscaldamento di blastocisti sane e grazie alla tecnica, la coppia \u00e8 riuscita ad avere due figli belli e sani.<\/p>\n                            <\/span>\r\n                        <\/div>\r\n                    \r\n                <\/div>\r\n            <\/div>\r\n        <\/div>\r\n    <\/section>\r\n\n\n","protected":false},"excerpt":{"rendered":"","protected":false},"author":1,"featured_media":0,"parent":6299,"menu_order":0,"comment_status":"closed","ping_status":"closed","template":"","meta":{"_acf_changed":false,"footnotes":""},"class_list":["post-4263","page","type-page","status-publish","hentry"],"acf":[],"_links":{"self":[{"href":"https:\/\/ivfathenscenter.gr\/it\/wp-json\/wp\/v2\/pages\/4263","targetHints":{"allow":["GET"]}}],"collection":[{"href":"https:\/\/ivfathenscenter.gr\/it\/wp-json\/wp\/v2\/pages"}],"about":[{"href":"https:\/\/ivfathenscenter.gr\/it\/wp-json\/wp\/v2\/types\/page"}],"author":[{"embeddable":true,"href":"https:\/\/ivfathenscenter.gr\/it\/wp-json\/wp\/v2\/users\/1"}],"replies":[{"embeddable":true,"href":"https:\/\/ivfathenscenter.gr\/it\/wp-json\/wp\/v2\/comments?post=4263"}],"version-history":[{"count":6,"href":"https:\/\/ivfathenscenter.gr\/it\/wp-json\/wp\/v2\/pages\/4263\/revisions"}],"predecessor-version":[{"id":6783,"href":"https:\/\/ivfathenscenter.gr\/it\/wp-json\/wp\/v2\/pages\/4263\/revisions\/6783"}],"up":[{"embeddable":true,"href":"https:\/\/ivfathenscenter.gr\/it\/wp-json\/wp\/v2\/pages\/6299"}],"wp:attachment":[{"href":"https:\/\/ivfathenscenter.gr\/it\/wp-json\/wp\/v2\/media?parent=4263"}],"curies":[{"name":"wp","href":"https:\/\/api.w.org\/{rel}","templated":true}]}}