{"id":4257,"date":"2023-08-21T08:02:08","date_gmt":"2023-08-21T08:02:08","guid":{"rendered":"https:\/\/ivfathenscenter.gr\/oocyte-vitrification\/"},"modified":"2025-07-24T09:13:48","modified_gmt":"2025-07-24T09:13:48","slug":"crioconservazione-degli-ovociti-vitrificazione","status":"publish","type":"page","link":"https:\/\/ivfathenscenter.gr\/it\/fivet\/crioconservazione-degli-ovociti-vitrificazione\/","title":{"rendered":"Crioconservazione Degli Ovociti (Vitrificazione)"},"content":{"rendered":"\r\n<section class=\"title-section \" >\r\n    <div class=\"ivf-container\">\r\n        <div class=\"page-title-wrap \">\r\n            <div>\r\n                <h1 class=\"h2 page-title\">Crioconservazione Degli Ovociti (Vitrificazione)<\/h1>\r\n                            <\/div>\r\n        <\/div>\r\n    <\/div>\r\n<\/section>\r\n\n\n\n<section class=\" services-content\">\n\n    \n    <div class=\"ivf-container  ivf-small-container section-content-wrap split\">\n\n                    <div class=\"image \">\n                <img loading=\"lazy\" decoding=\"async\" width=\"1000\" height=\"1000\" src=\"https:\/\/ivfathenscenter.gr\/wp-content\/uploads\/2023\/08\/egg-freezing.png\" class=\"attachment-large size-large\" alt=\"\" srcset=\"https:\/\/ivfathenscenter.gr\/wp-content\/uploads\/2023\/08\/egg-freezing.png 1000w, https:\/\/ivfathenscenter.gr\/wp-content\/uploads\/2023\/08\/egg-freezing-300x300.png 300w, https:\/\/ivfathenscenter.gr\/wp-content\/uploads\/2023\/08\/egg-freezing-150x150.png 150w, https:\/\/ivfathenscenter.gr\/wp-content\/uploads\/2023\/08\/egg-freezing-768x768.png 768w\" sizes=\"auto, (max-width: 1000px) 100vw, 1000px\" \/>            <\/div>\n        \n        <div class=\"text\">\n            <p class=\"text__desc\">\n                <p>La vitrificazione degli ovociti, comunemente nota come congelamento degli ovociti, \u00e8 una tecnica innovativa, diffusa e sicura che consente alla donna di mantenere e preservare la propria fertilit\u00e0, fino a quando non sar\u00e0 pronta per la maternit\u00e0.<\/p>\n<p>&nbsp;<\/p>\n<p>La vitrificazione degli ovociti pu\u00f2 essere applicata per ragioni relative sia alla donna sia all\u2019uomo.<\/p>\n<p>&nbsp;<\/p>\n<p>Per quanto riguarda le ragioni relative alla donna, la vitrificazione \u00e8 indicata non solo per le donne che desiderano avere figli in futuro, ma anche per le donne che hanno un\u2019anamnesi medica (valore dell\u2019ormone antimulleriano-AMH basso, ormone follico-stimolante-FSH alto o indicazioni di menopausa precoce) o che devono affrontare varie ragioni etiche. \u00c8 altamente raccomandata in caso di problemi di salute quando \u00e8 necessaria la chemioterapia o la radioterapia (anche il tessuto ovarico pu\u00f2 essere crioconservato).<\/p>\n<p>&nbsp;<\/p>\n<p>Le ragioni relative all\u2019uomo possono essere l\u2019assenza prolungata del coniuge, la difficolt\u00e0 a produrre sperma e motivi medici (gravi problemi di salute o disfunzioni delle gonadi maschili).<\/p>\n<p>&nbsp;<\/p>\n<p>Questa procedura consente di vitrificare gli ovociti non fecondati e offre l\u2019autonomia di pianificare la famiglia in un momento futuro con un potenziale di fertilit\u00e0 pi\u00f9 giovane, senza pressioni o timori che scada il tempo a disposizione.<\/p>\n            <\/p>\n        <\/div>\n\n        \n    <\/div>\n\n        \n<\/section>\n\n\n\n<div class=\"wp-block-group\"><div class=\"wp-block-group__inner-container is-layout-constrained wp-block-group-is-layout-constrained\">\n<div class=\"wp-block-group ivf-container ivf-small-container is-nowrap is-layout-flex wp-container-core-group-is-layout-ad2f72ca wp-block-group-is-layout-flex\">\n<div class=\"wp-block-columns is-layout-flex wp-container-core-columns-is-layout-9d6595d7 wp-block-columns-is-layout-flex\">\n<div class=\"wp-block-column is-layout-flow wp-block-column-is-layout-flow\">\n<p>La vitrificazione degli ovociti \u00e8 un ciclo di FIVET &#8220;tradizionale&#8221;, con un protocollo adattato all\u2019anamnesi medica e al profilo ormonale della donna, il che significa<\/p>\n\n\n\n<ul class=\"wp-block-list\">\n<li><strong><a href=\"https:\/\/ivfathenscenter.gr\/it\/fivet\/stimolazione-ovarica\/\">stimolazione ovarica<\/a><\/strong> e misurazioni ormonali<\/li>\n\n\n\n<li><strong><a href=\"https:\/\/ivfathenscenter.gr\/it\/fivet\/monitoraggio-dellovulazione\/\">monitoraggio<\/a><\/strong> ecografico delle dimensioni del\/i follicolo\/i&nbsp;<\/li>\n\n\n\n<li>una tecnica semplice e invasiva (<strong><a href=\"https:\/\/ivfathenscenter.gr\/it\/fivet\/prelievo-degli-ovociti\/\">prelievo di ovociti<\/a>) <\/strong>quando i follicoli hanno raggiunto la giusta dimensione e maturit\u00e0<\/li>\n\n\n\n<li>e la <strong>vitrificazione<\/strong> degli ovociti maturi come fase finale.<\/li>\n<\/ul>\n\n\n\n<p>A IVF Athens Center, i nostri embriologi appositamente formati, sempre al passo con gli ultimi sviluppi della FIVET, utilizzano il <a href=\"https:\/\/kitazato-ivf.com\/wp-content\/uploads\/2022\/03\/Kitazato-Vitrification-Catalogue.pdf\" target=\"_blank\" rel=\"noopener\">&#8220;Metodo Cryotop\u00ae&#8221;<\/a> per la vitrificazione e il riscaldamento degli ovociti. Questo metodo viene applicato ogni anno in oltre 2.500.000 casi clinici in tutto il mondo (in oltre 115 Paesi e 3.000 centri di procreazione assistita). Centinaia di pubblicazioni scientifiche certificano l\u2019eccellenza di questo metodo per quanto riguarda i tassi di sopravvivenza (come mostrato di seguito).<\/p>\n\n\n<div class=\"wp-block-image wp-image-3292\">\n<figure class=\"aligncenter\"><img loading=\"lazy\" decoding=\"async\" width=\"1024\" height=\"742\" src=\"http:\/\/ivfathenscenter.gr\/wp-content\/uploads\/2023\/11\/Screenshot-2023-11-22-at-10.49.51-AM-1024x742.jpg\" alt=\"\" class=\"wp-image-3292\" srcset=\"https:\/\/ivfathenscenter.gr\/wp-content\/uploads\/2023\/11\/Screenshot-2023-11-22-at-10.49.51-AM-1024x742.jpg 1024w, https:\/\/ivfathenscenter.gr\/wp-content\/uploads\/2023\/11\/Screenshot-2023-11-22-at-10.49.51-AM-300x217.jpg 300w, https:\/\/ivfathenscenter.gr\/wp-content\/uploads\/2023\/11\/Screenshot-2023-11-22-at-10.49.51-AM-768x556.jpg 768w, https:\/\/ivfathenscenter.gr\/wp-content\/uploads\/2023\/11\/Screenshot-2023-11-22-at-10.49.51-AM.jpg 1292w\" sizes=\"auto, (max-width: 1024px) 100vw, 1024px\" \/><figcaption class=\"wp-element-caption\"><em>Fonti: Cobo A., Oocyte vitrification as an efficient option for elective fertility preservation. Fertility &amp; Sterility, 2016. &#8212; Cobo A., Effect of oocyte vitrification on embryo quality: time-lapse analysis and morphokinetic evaluation. Fertility &amp; Sterility, 2017. &#8212; Rienzi L., Definition of a clinical strategy to enhance the efficacy, efficiency and safety of egg donation cycles with imported vitrified oocytes. Human Reproduction, 2020.<\/em><\/figcaption><\/figure><\/div>\n\n\n<p><br>Tutte le donne che desiderano &#8220;salvaguardare&#8221; la propria fertilit\u00e0 devono prestare particolare attenzione a quanto segue:<\/p>\n\n\n\n<p>\u0391. Un protocollo di stimolazione leggera individualizzato\/personalizzato.<br>\u0392. Un Centro di Medicina Riproduttiva registrato che garantir\u00e0 la conservazione degli ovociti &#8220;di valore&#8221;.<br>C. Un laboratorio di embriologia esperto.<br>D. Un rapporto di fiducia ed efficienza della donna con il medico e il personale dell\u2019Unit\u00e0 (in quanto si riveler\u00e0 prezioso per facilitare la procedura, senza problemi e senza ansia).<\/p>\n<\/div>\n<\/div>\n<\/div>\n<\/div><\/div>\n\n\n    <section class=\"services-faqs reverse\" id=>\r\n\r\n                    <div class=\"ivf-container ivf-small-container section-title-wrap\">\r\n                <h3 class=\"section-title\">\r\n                    Domande frequenti sulla crioconservazione degli ovociti                <\/h3>\r\n            <\/div>\r\n        \r\n        <div class=\"ivf-container ivf-small-container section-content-wrap\">\r\n            <div class=\"text\">\r\n                <div class=\"faq\">\r\n\r\n                                            <h4 class=\"faq-title active\">\r\n                            Qual \u00e8 il limite d\u2019et\u00e0 per la vitrificazione degli ovociti?                        <\/h4>\r\n                        <div class=\"faq-desc\">\r\n                            <span class=\"faq-desc-content\">\r\n                                <p>In realt\u00e0, non esiste un limite d\u2019et\u00e0 per la vitrificazione degli ovociti, tuttavia il potenziale di nati vivi per questi ovociti diminuisce con l\u2019aumentare dell\u2019et\u00e0. Le donne che desiderano procedere al congelamento degli ovociti dovrebbero farlo il prima possibile. Infatti, se ci si sottopone all\u2019intervento a 28 anni e si decide di utilizzarli a 38 anni, le probabilit\u00e0 di successo sono quelle di una donna di 28 anni e non di una di 38 anni.<\/p>\n                            <\/span>\r\n                        <\/div>\r\n                                            <h4 class=\"faq-title \">\r\n                            Se congelo i miei ovuli, posso comunque avere figli in modo naturale?                        <\/h4>\r\n                        <div class=\"faq-desc\">\r\n                            <span class=\"faq-desc-content\">\r\n                                <p>S\u00ec, \u00e8 certamente possibile. Durante la procedura di vitrificazione degli ovociti, utilizziamo solo gli ovociti assegnati a uno specifico ciclo mestruale. Quindi, la riserva ovarica in una donna rimane intatta.<\/p>\n                            <\/span>\r\n                        <\/div>\r\n                                            <h4 class=\"faq-title \">\r\n                            Quanti ovociti devo congelare?                        <\/h4>\r\n                        <div class=\"faq-desc\">\r\n                            <span class=\"faq-desc-content\">\r\n                                <p>La situazione di ogni paziente \u00e8 unica e diversa, ma una media di 8-10 ovociti maturi \u00e8 ideale per ottenere almeno un bambino.<\/p>\n                            <\/span>\r\n                        <\/div>\r\n                    \r\n                <\/div>\r\n            <\/div>\r\n        <\/div>\r\n    <\/section>\r\n\n\n","protected":false},"excerpt":{"rendered":"<p>La vitrificazione degli ovociti \u00e8 un ciclo di FIVET &#8220;tradizionale&#8221;, con un protocollo adattato all\u2019anamnesi medica e al profilo ormonale della donna, il che significa A IVF Athens Center, i nostri embriologi appositamente formati, sempre al passo con gli ultimi sviluppi della FIVET, utilizzano il &#8220;Metodo Cryotop\u00ae&#8221; per la vitrificazione e il riscaldamento degli ovociti. [&hellip;]<\/p>\n","protected":false},"author":1,"featured_media":0,"parent":6299,"menu_order":0,"comment_status":"closed","ping_status":"closed","template":"","meta":{"_acf_changed":false,"footnotes":""},"class_list":["post-4257","page","type-page","status-publish","hentry"],"acf":[],"_links":{"self":[{"href":"https:\/\/ivfathenscenter.gr\/it\/wp-json\/wp\/v2\/pages\/4257","targetHints":{"allow":["GET"]}}],"collection":[{"href":"https:\/\/ivfathenscenter.gr\/it\/wp-json\/wp\/v2\/pages"}],"about":[{"href":"https:\/\/ivfathenscenter.gr\/it\/wp-json\/wp\/v2\/types\/page"}],"author":[{"embeddable":true,"href":"https:\/\/ivfathenscenter.gr\/it\/wp-json\/wp\/v2\/users\/1"}],"replies":[{"embeddable":true,"href":"https:\/\/ivfathenscenter.gr\/it\/wp-json\/wp\/v2\/comments?post=4257"}],"version-history":[{"count":19,"href":"https:\/\/ivfathenscenter.gr\/it\/wp-json\/wp\/v2\/pages\/4257\/revisions"}],"predecessor-version":[{"id":15450,"href":"https:\/\/ivfathenscenter.gr\/it\/wp-json\/wp\/v2\/pages\/4257\/revisions\/15450"}],"up":[{"embeddable":true,"href":"https:\/\/ivfathenscenter.gr\/it\/wp-json\/wp\/v2\/pages\/6299"}],"wp:attachment":[{"href":"https:\/\/ivfathenscenter.gr\/it\/wp-json\/wp\/v2\/media?parent=4257"}],"curies":[{"name":"wp","href":"https:\/\/api.w.org\/{rel}","templated":true}]}}