{"id":4251,"date":"2023-08-21T08:01:46","date_gmt":"2023-08-21T08:01:46","guid":{"rendered":"https:\/\/ivfathenscenter.gr\/fertility-preservation\/"},"modified":"2024-10-16T06:34:32","modified_gmt":"2024-10-16T06:34:32","slug":"preservazione-della-fertilita","status":"publish","type":"page","link":"https:\/\/ivfathenscenter.gr\/it\/fivet\/preservazione-della-fertilita\/","title":{"rendered":"Preservazione Della Fertilit\u00e0"},"content":{"rendered":"\r\n<section class=\"title-section  with-desc\" >\r\n    <div class=\"ivf-container\">\r\n        <div class=\"page-title-wrap \">\r\n            <div>\r\n                <h1 class=\"h2 page-title\">Preservazione Della Fertilit\u00e0<\/h1>\r\n                                    <div class=\"page-desc\">\r\n                        <p><p>La preservazione della fertilit\u00e0 pu\u00f2 essere applicata negli uomini come anche nelle donne.<\/p>\n<p>La crioconservazione dei gameti, ovvero campioni di sperma, ovociti non fecondati, ovociti fecondati (embrioni) in diversi stadi di sviluppo, frammenti di tessuto ovarico, \u00e8 un metodo rivoluzionario nel campo della procreazione assistita e mira a preservare la capacit\u00e0 riproduttiva e la possibilit\u00e0 di un utilizzo futuro per diversi motivi.<\/p>\n<\/p>\r\n                    <\/div>\r\n                            <\/div>\r\n        <\/div>\r\n    <\/div>\r\n<\/section>\r\n\n\n\n<section class=\" services-content\">\n\n    \n    <div class=\"ivf-container  ivf-small-container section-content-wrap split\">\n\n                    <div class=\"image \">\n                <img loading=\"lazy\" decoding=\"async\" width=\"1000\" height=\"1000\" src=\"https:\/\/ivfathenscenter.gr\/wp-content\/uploads\/2023\/08\/fertility-preservation.png\" class=\"attachment-large size-large\" alt=\"\" srcset=\"https:\/\/ivfathenscenter.gr\/wp-content\/uploads\/2023\/08\/fertility-preservation.png 1000w, https:\/\/ivfathenscenter.gr\/wp-content\/uploads\/2023\/08\/fertility-preservation-300x300.png 300w, https:\/\/ivfathenscenter.gr\/wp-content\/uploads\/2023\/08\/fertility-preservation-150x150.png 150w, https:\/\/ivfathenscenter.gr\/wp-content\/uploads\/2023\/08\/fertility-preservation-768x768.png 768w\" sizes=\"auto, (max-width: 1000px) 100vw, 1000px\" \/>            <\/div>\n        \n        <div class=\"text\">\n            <p class=\"text__desc\">\n                <p>IVF Athens Center \u00e8 orgoglioso dei risultati ottenuti nel 2008, quando \u00e8 nato il primo bambino in Grecia in seguito a procedura di vitrificazione\/riscaldamento, e da allora abbiamo eseguito migliaia di trasferimenti di embrioni in cicli di crioconservazione\/riscaldamento.<\/p>\n<p>I tassi di successo sono costantemente elevati e corrispondono a quelli internazionali e a quelli senza interventi di congelamento!<\/p>\n<p>&nbsp;<\/p>\n<p>La crioconservazione viene utilizzata:<\/p>\n<p>&nbsp;<\/p>\n<p><strong><span style=\"color: #b02e85\">In caso di uomini:<\/span><\/strong><\/p>\n<ul>\n<li>che devono necessariamente sottoporsi a chemioterapia o radioterapia<\/li>\n<li>con diversit\u00e0 nei parametri seminali, di solito in uomini con oligoastenospermia grave<\/li>\n<li style=\"font-weight: 400\">con diagnosi di ridotta capacit\u00e0 riproduttiva<\/li>\n<li style=\"font-weight: 400\">con difficolt\u00e0 sessuali (problemi di eiaculazione)<\/li>\n<\/ul>\n<p><i><span style=\"font-weight: 400\">I campioni di sperma vengono crioconservati con il metodo del congelamento lento<\/span><\/i><\/p>\n<p>&nbsp;<\/p>\n<p><strong><span style=\"color: #b02e85\">In casi di donne:<\/span><\/strong><\/p>\n<ul>\n<li style=\"font-weight: 400\">che devono necessariamente sottoporsi a chemioterapia o radioterapia<\/li>\n<li style=\"font-weight: 400\">che chiedono altre opzioni di pianificazione familiare<\/li>\n<\/ul>\n<p><i><span style=\"font-weight: 400\">I frammenti di tessuto ovarico vengono crioconservati con il metodo del congelamento lento<\/span><\/i><\/p>\n<p><i><span style=\"font-weight: 400\">Gli ovociti non fecondati vengono crioconservati con il metodo della vitrificazione<\/span><\/i><\/p>\n<p>&nbsp;<\/p>\n<p><strong><span style=\"color: #b02e85\">Alla coppia<\/span><\/strong><\/p>\n<ul>\n<li><span style=\"font-weight: 400\">per la conservazione degli embrioni soprannumerari creati durante un ciclo di FIVET<\/span><\/li>\n<li><span style=\"font-weight: 400\">Scelta di congelare tutto (Elective Freeze-All Cycle) <\/span><\/li>\n<li style=\"font-weight: 400\"><span style=\"font-weight: 400\">Diagnosi genetica preimpianto<br \/>\n<\/span><\/li>\n<\/ul>\n<p><i><span style=\"font-weight: 400\">Tutti gli ovociti fecondati (embrioni) vengono crioconservati con il metodo della vitrificazione<br \/>\n<\/span><\/i><\/p>\n            <\/p>\n        <\/div>\n\n        \n    <\/div>\n\n        \n<\/section>\n\n\n    <section class=\"services-faqs reverse\" id=>\r\n\r\n                    <div class=\"ivf-container ivf-small-container section-title-wrap\">\r\n                <h3 class=\"section-title\">\r\n                    Domande frequenti sulla crioconservazione                <\/h3>\r\n            <\/div>\r\n        \r\n        <div class=\"ivf-container ivf-small-container section-content-wrap\">\r\n            <div class=\"text\">\r\n                <div class=\"faq\">\r\n\r\n                                            <h4 class=\"faq-title active\">\r\n                            Perch\u00e9 preservare la fertilit\u00e0?                        <\/h4>\r\n                        <div class=\"faq-desc\">\r\n                            <span class=\"faq-desc-content\">\r\n                                <p>I motivi possono essere sia se ci si sottopone a trattamenti antitumorali (tra cui chemioterapia o radioterapia) sia se si soffre di malattie autoimmuni. Questo perch\u00e9 alcuni dei farmaci utilizzati in questi casi, soprattutto in dosi elevate, possono essere correlati all\u2019infertilit\u00e0, quindi la preservazione della fertilit\u00e0 aumenta le possibilit\u00e0 di poter creare una famiglia. Potete anche procedere alla preservazione della fertilit\u00e0, se non siete pronti a creare una famiglia!!!<\/p>\n                            <\/span>\r\n                        <\/div>\r\n                                            <h4 class=\"faq-title \">\r\n                            Cosa succede al materiale genetico crioconservato?                        <\/h4>\r\n                        <div class=\"faq-desc\">\r\n                            <span class=\"faq-desc-content\">\r\n                                <p>Tutto il materiale genetico crioconservato viene conservato presso la Banca di crioconservazione IVF Athens in speciali recipienti (vasche) in azoto liquido, LN2. Le vasche sono dotate di un sistema di allarme 24 ore su 24, 7 giorni su 7, installato per controllare e confermare le corrette condizioni criogenche.<\/p>\n<p>Quando sarete pronti a portare avanti la gravidanza, i nostri embriologi riscalderanno il materiale e seguiranno le procedure sulla base della rispettiva cartella clinica.<\/p>\n                            <\/span>\r\n                        <\/div>\r\n                                            <h4 class=\"faq-title \">\r\n                            Perch\u00e9 devo\/dobbiamo firmare tutti questi moduli?                        <\/h4>\r\n                        <div class=\"faq-desc\">\r\n                            <span class=\"faq-desc-content\">\r\n                                <p>I moduli di consenso devono essere compilati obbligatoriamente durante tutte le fasi della procreazione assistita, in conformit\u00e0 alla legislazione ellenica. Ci\u00f2 \u00e8 obbligatorio anche quando crioconserviamo il vostro materiale genetico. Pensando al futuro e ai diritti dei nascituri, conserviamo tutti questi moduli firmati al sicuro per garantire la privacy, la tracciabilit\u00e0 e la riservatezza.<\/p>\n                            <\/span>\r\n                        <\/div>\r\n                                            <h4 class=\"faq-title \">\r\n                            Quali sono i vantaggi della preservazione della fertilit\u00e0?                        <\/h4>\r\n                        <div class=\"faq-desc\">\r\n                            <span class=\"faq-desc-content\">\r\n                                <p>Il vantaggio principale \u00e8 che potrete avere un figlio biologico vostro, a prescindere dall\u2019et\u00e0 o da eventuali circostanze future.<\/p>\n                            <\/span>\r\n                        <\/div>\r\n                    \r\n                <\/div>\r\n            <\/div>\r\n        <\/div>\r\n    <\/section>\r\n\n\n","protected":false},"excerpt":{"rendered":"","protected":false},"author":1,"featured_media":0,"parent":6299,"menu_order":0,"comment_status":"closed","ping_status":"closed","template":"","meta":{"_acf_changed":false,"footnotes":""},"class_list":["post-4251","page","type-page","status-publish","hentry"],"acf":[],"_links":{"self":[{"href":"https:\/\/ivfathenscenter.gr\/it\/wp-json\/wp\/v2\/pages\/4251","targetHints":{"allow":["GET"]}}],"collection":[{"href":"https:\/\/ivfathenscenter.gr\/it\/wp-json\/wp\/v2\/pages"}],"about":[{"href":"https:\/\/ivfathenscenter.gr\/it\/wp-json\/wp\/v2\/types\/page"}],"author":[{"embeddable":true,"href":"https:\/\/ivfathenscenter.gr\/it\/wp-json\/wp\/v2\/users\/1"}],"replies":[{"embeddable":true,"href":"https:\/\/ivfathenscenter.gr\/it\/wp-json\/wp\/v2\/comments?post=4251"}],"version-history":[{"count":4,"href":"https:\/\/ivfathenscenter.gr\/it\/wp-json\/wp\/v2\/pages\/4251\/revisions"}],"predecessor-version":[{"id":6782,"href":"https:\/\/ivfathenscenter.gr\/it\/wp-json\/wp\/v2\/pages\/4251\/revisions\/6782"}],"up":[{"embeddable":true,"href":"https:\/\/ivfathenscenter.gr\/it\/wp-json\/wp\/v2\/pages\/6299"}],"wp:attachment":[{"href":"https:\/\/ivfathenscenter.gr\/it\/wp-json\/wp\/v2\/media?parent=4251"}],"curies":[{"name":"wp","href":"https:\/\/api.w.org\/{rel}","templated":true}]}}