{"id":4242,"date":"2023-08-21T08:01:15","date_gmt":"2023-08-21T08:01:15","guid":{"rendered":"https:\/\/ivfathenscenter.gr\/embryo-blastocyst-hatching\/"},"modified":"2024-10-16T06:34:05","modified_gmt":"2024-10-16T06:34:05","slug":"hatching-assistito-di-embrioni-blastocisti","status":"publish","type":"page","link":"https:\/\/ivfathenscenter.gr\/it\/fivet\/hatching-assistito-di-embrioni-blastocisti\/","title":{"rendered":"Hatching Assistito di Embrioni \/ Blastocisti"},"content":{"rendered":"\r\n<section class=\"title-section  with-desc\" >\r\n    <div class=\"ivf-container\">\r\n        <div class=\"page-title-wrap \">\r\n            <div>\r\n                <h1 class=\"h2 page-title\">Hatching Assistito di Embrioni \/ Blastocisti<\/h1>\r\n                                    <div class=\"page-desc\">\r\n                        <p><p>La fuoriuscita degli embrioni dal loro involucro protettivo (Zona Pellucida) \u00e8 una fase critica del loro sviluppo e pu\u00f2 essere assistita, se necessario, per aumentarne le possibilit\u00e0 di impianto.<\/p>\n<\/p>\r\n                    <\/div>\r\n                            <\/div>\r\n        <\/div>\r\n    <\/div>\r\n<\/section>\r\n\n\n\n<section class=\" services-content\">\n\n    \n    <div class=\"ivf-container  ivf-small-container section-content-wrap split\">\n\n                    <div class=\"image \">\n                <img loading=\"lazy\" decoding=\"async\" width=\"1000\" height=\"1000\" src=\"https:\/\/ivfathenscenter.gr\/wp-content\/uploads\/2023\/08\/embryo-blastocyst.png\" class=\"attachment-large size-large\" alt=\"\" srcset=\"https:\/\/ivfathenscenter.gr\/wp-content\/uploads\/2023\/08\/embryo-blastocyst.png 1000w, https:\/\/ivfathenscenter.gr\/wp-content\/uploads\/2023\/08\/embryo-blastocyst-300x300.png 300w, https:\/\/ivfathenscenter.gr\/wp-content\/uploads\/2023\/08\/embryo-blastocyst-150x150.png 150w, https:\/\/ivfathenscenter.gr\/wp-content\/uploads\/2023\/08\/embryo-blastocyst-768x768.png 768w\" sizes=\"auto, (max-width: 1000px) 100vw, 1000px\" \/>            <\/div>\n        \n        <div class=\"text\">\n            <p class=\"text__desc\">\n                <p><iframe loading=\"lazy\" src=\"https:\/\/www.youtube.com\/embed\/DKlQyTQt-aQ\" width=\"484\" height=\"273\" frameborder=\"0\" allowfullscreen=\"allowfullscreen\"><\/iframe><\/p>\n<p>&nbsp;<\/p>\n<p>La zona pellucida (ZP) protegge l\u2019ovocita e l\u2019embrione in via di sviluppo dalle infezioni e mantiene unite le cellule iniziali (blastomeri) quando sono ancora autonome. Quando l\u2019embrione si sviluppa dopo lo stadio di morula (approssimativamente il 4\u00b0 giorno di sviluppo, 87-96 ore dopo la fecondazione) i blastomeri si fondono e la ZP inizia ad assottigliarsi. Dopo l\u2019impianto, l\u2019embrione in crescita ha raggiunto lo stadio di blastocisti e avviene la schiusa della ZP.<\/p>\n<p>&nbsp;<\/p>\n<p><span style=\"font-weight: 400\">La zona pellucida degenera e si decompone, per essere sostituita dallo strato sottostante di cellule\u00a0<\/span><a href=\"https:\/\/en.wikipedia.org\/wiki\/Trophoblast\" target=\"_blank\" rel=\"noopener\"><span style=\"font-weight: 400\"> trofoblastiche :<\/span><\/a><span style=\"font-weight: 400\">\u00a0cha cos\u00ec inizio il percorso della gravidanza.<\/span><\/p>\n<p>&nbsp;<\/p>\n<p>Si sospetta che a causa delle tecniche di FIVET (maturazione multipla dei follicoli, farmaci, vitrificazione e riscaldamento), dell\u2019aumento dell\u2019et\u00e0 della donna, ecc. la ZP sia molto pi\u00f9 solida e quindi la sua schiusa naturale sia pi\u00f9 difficile.<\/p>\n<p>&nbsp;<\/p>\n<p>Per questo motivo, a IVF Athens Center nella maggior parte dei cicli FIVET, eseguiamo l\u2019apertura artificiale della zona pellucida con una tecnica chiamata <span style=\"font-weight: 400;color: #b02e85\"><b>Hatching Assistito.<\/b><\/span><\/p>\n<p>&nbsp;<\/p>\n<p>La tecnica non \u00e8 invasiva o dannosa, avviene al microscopio invertito utilizzando lenti laser specifiche e viene applicata prima del trasferimento dell\u2019embrione al 3\u00b0 giorno (stadio di clivaggio) o al 5\u00b0 giorno (stadio di blastocisti) dello sviluppo. Lo stesso metodo viene utilizzato anche nei casi di PGT, perch\u00e9 l\u2019apertura della zona pellucida \u00e8 assolutamente necessaria per rimuovere i blastomeri per i test genetici.<\/p>\n<p>&nbsp;<\/p>\n<p><span style=\"font-weight: 400\">La letteratura riporta che l\u2019<span style=\"font-weight: 400;color: #b02e85\"><b>Hatching Assistito<\/b><\/span><\/span><span style=\"font-weight: 400\"> aumenta i tassi di gravidanza.<\/span><\/p>\n            <\/p>\n        <\/div>\n\n        \n    <\/div>\n\n        \n<\/section>\n\n\n","protected":false},"excerpt":{"rendered":"","protected":false},"author":1,"featured_media":0,"parent":6299,"menu_order":0,"comment_status":"closed","ping_status":"closed","template":"","meta":{"_acf_changed":false,"footnotes":""},"class_list":["post-4242","page","type-page","status-publish","hentry"],"acf":[],"_links":{"self":[{"href":"https:\/\/ivfathenscenter.gr\/it\/wp-json\/wp\/v2\/pages\/4242","targetHints":{"allow":["GET"]}}],"collection":[{"href":"https:\/\/ivfathenscenter.gr\/it\/wp-json\/wp\/v2\/pages"}],"about":[{"href":"https:\/\/ivfathenscenter.gr\/it\/wp-json\/wp\/v2\/types\/page"}],"author":[{"embeddable":true,"href":"https:\/\/ivfathenscenter.gr\/it\/wp-json\/wp\/v2\/users\/1"}],"replies":[{"embeddable":true,"href":"https:\/\/ivfathenscenter.gr\/it\/wp-json\/wp\/v2\/comments?post=4242"}],"version-history":[{"count":5,"href":"https:\/\/ivfathenscenter.gr\/it\/wp-json\/wp\/v2\/pages\/4242\/revisions"}],"predecessor-version":[{"id":6779,"href":"https:\/\/ivfathenscenter.gr\/it\/wp-json\/wp\/v2\/pages\/4242\/revisions\/6779"}],"up":[{"embeddable":true,"href":"https:\/\/ivfathenscenter.gr\/it\/wp-json\/wp\/v2\/pages\/6299"}],"wp:attachment":[{"href":"https:\/\/ivfathenscenter.gr\/it\/wp-json\/wp\/v2\/media?parent=4242"}],"curies":[{"name":"wp","href":"https:\/\/api.w.org\/{rel}","templated":true}]}}