{"id":4238,"date":"2023-08-21T08:00:42","date_gmt":"2023-08-21T08:00:42","guid":{"rendered":"https:\/\/ivfathenscenter.gr\/intrauterine-insemination-iui\/"},"modified":"2024-10-16T06:33:54","modified_gmt":"2024-10-16T06:33:54","slug":"inseminazione-intrauterina-iui","status":"publish","type":"page","link":"https:\/\/ivfathenscenter.gr\/it\/fivet\/inseminazione-intrauterina-iui\/","title":{"rendered":"Inseminazione Intrauterina (IUI)"},"content":{"rendered":"\r\n<section class=\"title-section \" >\r\n    <div class=\"ivf-container\">\r\n        <div class=\"page-title-wrap \">\r\n            <div>\r\n                <h1 class=\"h2 page-title\">Inseminazione Intrauterina (IUI)<\/h1>\r\n                            <\/div>\r\n        <\/div>\r\n    <\/div>\r\n<\/section>\r\n\n\n\n<section class=\" services-content\">\n\n    \n    <div class=\"ivf-container  ivf-small-container section-content-wrap split\">\n\n                    <div class=\"image \">\n                <img loading=\"lazy\" decoding=\"async\" width=\"1000\" height=\"1000\" src=\"https:\/\/ivfathenscenter.gr\/wp-content\/uploads\/2023\/08\/intrauterine-insemination.png\" class=\"attachment-large size-large\" alt=\"\" srcset=\"https:\/\/ivfathenscenter.gr\/wp-content\/uploads\/2023\/08\/intrauterine-insemination.png 1000w, https:\/\/ivfathenscenter.gr\/wp-content\/uploads\/2023\/08\/intrauterine-insemination-300x300.png 300w, https:\/\/ivfathenscenter.gr\/wp-content\/uploads\/2023\/08\/intrauterine-insemination-150x150.png 150w, https:\/\/ivfathenscenter.gr\/wp-content\/uploads\/2023\/08\/intrauterine-insemination-768x768.png 768w\" sizes=\"auto, (max-width: 1000px) 100vw, 1000px\" \/>            <\/div>\n        \n        <div class=\"text\">\n            <p class=\"text__desc\">\n                <p>L\u2019inseminazione intrauterina (IUI) \u00e8 il primo trattamento e il meno invasivo della tecnologia di procreazione assistita. Questa procedura imita il concepimento naturale, poich\u00e9 la fecondazione dell\u2019ovocita da parte degli spermatozoi avviene nel tratto genitale femminile (tube di Falloppio).<\/p>\n<p>&nbsp;<\/p>\n<p><strong><span style=\"color: #b02e85\">La procedura pu\u00f2 essere applicata ed \u00e8 consigliata:<br \/>\n<\/span><\/strong><\/p>\n<p>&nbsp;<\/p>\n<ul>\n<li style=\"font-weight: 400\"><span style=\"font-weight: 400\">Per i casi d <\/span><strong><span style=\"color: #b02e85\">infertilit\u00e0 inspiegabile<\/span><\/strong><\/li>\n<li style=\"font-weight: 400\">Quando la donna ha almeno una tuba di Falloppio aperta e sana<\/li>\n<li style=\"font-weight: 400\">Se la qualit\u00e0 dello sperma non compromette seriamente la fertilit\u00e0 dell\u2019uomo<\/li>\n<li style=\"font-weight: 400\">Per i casi di disfunzione sessuale che impediscono l\u2019incontro tra ovocita e spermatozoo nel tratto genitale femminile<\/li>\n<\/ul>\n<p>&nbsp;<\/p>\n<p>La IUI aumenta le possibilit\u00e0 di gravidanza, in quanto spermatozoi appositamente preparati vengono introdotti direttamente nell\u2019utero attraverso uno speciale catetere sottile, all\u2019incirca al momento dell\u2019ovulazione (il momento in cui l\u2019ovaio rilascia uno o pi\u00f9 ovociti). Il risultato sperato \u00e8 che lo spermatozoo e l\u2019ovocita si uniscano nella tuba di Falloppio e, se ci\u00f2 avviene, si ottiene una gravidanza.<\/p>\n<p>&nbsp;<\/p>\n<p><strong><span style=\"color: #b02e85\">IUI omologa<\/span><\/strong><br \/>\n<span style=\"font-weight: 400\">Questo avviene quando lo sperma proviene dal coniuge\/partner della donna. Sebbene le percentuali di gravidanza siano storicamente basse e di solito siano necessarie pi\u00f9 IUI per avere successo, le donne preferiscono questo trattamento, perch\u00e9 \u00e8 facile e ben tollerato, \u00e8 meno invasivo, richiede pochi o nessun farmaco e ha un costo ridotto rispetto alla FIVET. <\/span><\/p>\n<p>&nbsp;<\/p>\n<p><strong><span style=\"color: #b02e85\">IUI eterologa<\/span><\/strong><br \/>\nIn questo caso lo sperma appartiene a un donatore. Potrebbe essere l\u2019opzione principale in caso di azoospermia, in presenza di gravi malattie che possono essere trasmesse geneticamente dal padre o per le donne single.<\/p>\n            <\/p>\n        <\/div>\n\n        \n    <\/div>\n\n        \n<\/section>\n\n\n    <section class=\"services-faqs reverse\" id=>\r\n\r\n                    <div class=\"ivf-container ivf-small-container section-title-wrap\">\r\n                <h3 class=\"section-title\">\r\n                    Domande frequenti sulla IUI                <\/h3>\r\n            <\/div>\r\n        \r\n        <div class=\"ivf-container ivf-small-container section-content-wrap\">\r\n            <div class=\"text\">\r\n                <div class=\"faq\">\r\n\r\n                                            <h4 class=\"faq-title active\">\r\n                            C\u2019\u00e8 qualcuno per cui la IUI non va bene?                        <\/h4>\r\n                        <div class=\"faq-desc\">\r\n                            <span class=\"faq-desc-content\">\r\n                                <ul>\n<li style=\"list-style-type: none\">\n<ul>\n<li style=\"font-weight: 400\">In caso di tube di Falloppio ostruite, endometriosi grave o bassa riserva follicolare con\/o bassa qualit\u00e0 degli ovociti (bassa riserva ovarica) la IUI non fa per Lei.<\/li>\n<li style=\"font-weight: 400\">Inoltre, le possibilit\u00e0 di successo a partire dai 35 anni diminuiscono<\/li>\n<\/ul>\n<\/li>\n<\/ul>\n<p>&nbsp;<\/p>\n<p><strong>Nota!!<\/strong> <em>Se si avvicina ai 40 anni o li ha superati, le potrebbe essere consigliata la FIVET anche se per lei sarebbe la IUI. Con l\u2019avanzare dell\u2019et\u00e0, il numero di ovociti disponibili diminuisce naturalmente, cos\u00ec come le possibilit\u00e0 di successo della IUI. Fonte: Human Fertilization &amp; Embryology Authority<\/em> <a href=\"https:\/\/www.hfea.gov.uk\/treatments\/explore-all-treatments\/intrauterine-insemination-iui\/\" target=\"_blank\" rel=\"noopener\"><i>https:\/\/www.hfea.gov.uk\/treatments\/explore-all-treatments\/intrauterine-insemination-iui\/<\/i><\/a><\/p>\n                            <\/span>\r\n                        <\/div>\r\n                    \r\n                <\/div>\r\n            <\/div>\r\n        <\/div>\r\n    <\/section>\r\n\n\n","protected":false},"excerpt":{"rendered":"","protected":false},"author":1,"featured_media":0,"parent":6299,"menu_order":0,"comment_status":"closed","ping_status":"closed","template":"","meta":{"_acf_changed":false,"footnotes":""},"class_list":["post-4238","page","type-page","status-publish","hentry"],"acf":[],"_links":{"self":[{"href":"https:\/\/ivfathenscenter.gr\/it\/wp-json\/wp\/v2\/pages\/4238","targetHints":{"allow":["GET"]}}],"collection":[{"href":"https:\/\/ivfathenscenter.gr\/it\/wp-json\/wp\/v2\/pages"}],"about":[{"href":"https:\/\/ivfathenscenter.gr\/it\/wp-json\/wp\/v2\/types\/page"}],"author":[{"embeddable":true,"href":"https:\/\/ivfathenscenter.gr\/it\/wp-json\/wp\/v2\/users\/1"}],"replies":[{"embeddable":true,"href":"https:\/\/ivfathenscenter.gr\/it\/wp-json\/wp\/v2\/comments?post=4238"}],"version-history":[{"count":3,"href":"https:\/\/ivfathenscenter.gr\/it\/wp-json\/wp\/v2\/pages\/4238\/revisions"}],"predecessor-version":[{"id":6778,"href":"https:\/\/ivfathenscenter.gr\/it\/wp-json\/wp\/v2\/pages\/4238\/revisions\/6778"}],"up":[{"embeddable":true,"href":"https:\/\/ivfathenscenter.gr\/it\/wp-json\/wp\/v2\/pages\/6299"}],"wp:attachment":[{"href":"https:\/\/ivfathenscenter.gr\/it\/wp-json\/wp\/v2\/media?parent=4238"}],"curies":[{"name":"wp","href":"https:\/\/api.w.org\/{rel}","templated":true}]}}