{"id":4234,"date":"2023-08-21T07:59:22","date_gmt":"2023-08-21T07:59:22","guid":{"rendered":"https:\/\/ivfathenscenter.gr\/natural-cycle-ivf\/"},"modified":"2024-10-16T06:33:44","modified_gmt":"2024-10-16T06:33:44","slug":"fivet-su-ciclo-naturale","status":"publish","type":"page","link":"https:\/\/ivfathenscenter.gr\/it\/fivet\/fivet-su-ciclo-naturale\/","title":{"rendered":"FIVET su Ciclo Naturale"},"content":{"rendered":"\r\n<section class=\"title-section \" >\r\n    <div class=\"ivf-container\">\r\n        <div class=\"page-title-wrap \">\r\n            <div>\r\n                <h1 class=\"h2 page-title\">FIVET su Ciclo Naturale<\/h1>\r\n                            <\/div>\r\n        <\/div>\r\n    <\/div>\r\n<\/section>\r\n\n\n\n<section class=\" services-content\">\n\n    \n    <div class=\"ivf-container  ivf-small-container section-content-wrap split\">\n\n                    <div class=\"image \">\n                <img loading=\"lazy\" decoding=\"async\" width=\"1000\" height=\"1000\" src=\"https:\/\/ivfathenscenter.gr\/wp-content\/uploads\/2023\/08\/natural-circle.png\" class=\"attachment-large size-large\" alt=\"\" srcset=\"https:\/\/ivfathenscenter.gr\/wp-content\/uploads\/2023\/08\/natural-circle.png 1000w, https:\/\/ivfathenscenter.gr\/wp-content\/uploads\/2023\/08\/natural-circle-300x300.png 300w, https:\/\/ivfathenscenter.gr\/wp-content\/uploads\/2023\/08\/natural-circle-150x150.png 150w, https:\/\/ivfathenscenter.gr\/wp-content\/uploads\/2023\/08\/natural-circle-768x768.png 768w\" sizes=\"auto, (max-width: 1000px) 100vw, 1000px\" \/>            <\/div>\n        \n        <div class=\"text\">\n            <p class=\"text__desc\">\n                <p>Molto spesso, nei programmi FIVET, non vengono somministrati farmaci per la stimolazione ovarica, ma procediamo con i cicli naturali. In questi casi, osserviamo lo sviluppo naturale del follicolo principale, come avviene nella maggior parte dei cicli mestruali. L\u2019osservazione si basa su esami ecografici e ormonali. Quando il follicolo principale raggiunge l\u2019ovulazione la valutazione ormonale e delle dimensioni ci indica l\u2019inizio dell\u2019ovulazione, segue il prelievo degli ovociti e la procedura di fecondazione in vitro \u00e8 il passaggio successivo.<\/p>\n<p>&nbsp;<\/p>\n<p><strong><span style=\"color: #b02e85\">Quando si fa la FIVET in un ciclo naturale?<\/span><\/strong><\/p>\n<p>&nbsp;<\/p>\n<ul>\n<li>Nelle donne che non desiderano o a cui non \u00e8 consentita la somministrazione di farmaci per la stimolazione ovarica<\/li>\n<li>Nelle donne con infertilit\u00e0 secondaria (cio\u00e8 che hanno gi\u00e0 avuto un figlio in passato) e che non desiderano lo sviluppo e la creazione di molti embrioni<\/li>\n<li>Donne con anamnesi di tentativi multipli di fecondazione in vitro non riusciti o di aborti<\/li>\n<li>Donne di et\u00e0 avanzata o con un\u2019anamnesi di sviluppo di embrioni di scarsa qualit\u00e0 in tentativi precedenti<\/li>\n<\/ul>\n<p>&nbsp;<\/p>\n<p><strong><span style=\"color: #b02e85\">Quali sono i vantaggi della FIVET con ciclo naturale?<\/span><\/strong><\/p>\n<p>&nbsp;<\/p>\n<p>Percentuali di successo in continuo aumento!!<\/p>\n<p>&nbsp;<\/p>\n<ul>\n<li>L\u2019individualizzazione di ogni caso \u00e8 la chiave del successo di un ciclo naturale<\/li>\n<li>Possiamo ottenere gravidanze &#8220;di valore&#8221;, soprattutto nelle donne di et\u00e0 superiore ai 40 anni.<\/li>\n<li>Inoltre, si tratta di una soluzione alternativa pi\u00f9 &#8220;naturale&#8221; rispetto a un ciclo di FIV, poich\u00e9 non prevede l\u2019uso di farmaci. Non esiste la possibilit\u00e0 di effetti collaterali come la sindrome da iperstimolazione ovarica (OHSS) Riduce le possibilit\u00e0 di gravidanze multiple.<\/li>\n<li>Riduce le possibilit\u00e0 di gravidanze multiple.<\/li>\n<li>La procedura pu\u00f2 essere ripetuta in cicli continui, senza il periodo di attesa che spesso \u00e8 necessario tra i cicli di fecondazione in vitro con stimolazione farmacologica.<\/li>\n<\/ul>\n            <\/p>\n        <\/div>\n\n        \n    <\/div>\n\n        \n<\/section>\n\n\n","protected":false},"excerpt":{"rendered":"","protected":false},"author":1,"featured_media":0,"parent":6299,"menu_order":0,"comment_status":"closed","ping_status":"closed","template":"","meta":{"_acf_changed":false,"footnotes":""},"class_list":["post-4234","page","type-page","status-publish","hentry"],"acf":[],"_links":{"self":[{"href":"https:\/\/ivfathenscenter.gr\/it\/wp-json\/wp\/v2\/pages\/4234","targetHints":{"allow":["GET"]}}],"collection":[{"href":"https:\/\/ivfathenscenter.gr\/it\/wp-json\/wp\/v2\/pages"}],"about":[{"href":"https:\/\/ivfathenscenter.gr\/it\/wp-json\/wp\/v2\/types\/page"}],"author":[{"embeddable":true,"href":"https:\/\/ivfathenscenter.gr\/it\/wp-json\/wp\/v2\/users\/1"}],"replies":[{"embeddable":true,"href":"https:\/\/ivfathenscenter.gr\/it\/wp-json\/wp\/v2\/comments?post=4234"}],"version-history":[{"count":4,"href":"https:\/\/ivfathenscenter.gr\/it\/wp-json\/wp\/v2\/pages\/4234\/revisions"}],"predecessor-version":[{"id":6777,"href":"https:\/\/ivfathenscenter.gr\/it\/wp-json\/wp\/v2\/pages\/4234\/revisions\/6777"}],"up":[{"embeddable":true,"href":"https:\/\/ivfathenscenter.gr\/it\/wp-json\/wp\/v2\/pages\/6299"}],"wp:attachment":[{"href":"https:\/\/ivfathenscenter.gr\/it\/wp-json\/wp\/v2\/media?parent=4234"}],"curies":[{"name":"wp","href":"https:\/\/api.w.org\/{rel}","templated":true}]}}