{"id":4204,"date":"2023-08-28T12:16:49","date_gmt":"2023-08-28T12:16:49","guid":{"rendered":"https:\/\/ivfathenscenter.gr\/ovulation-monitoring\/"},"modified":"2024-10-10T20:53:02","modified_gmt":"2024-10-10T20:53:02","slug":"monitoraggio-dellovulazione","status":"publish","type":"page","link":"https:\/\/ivfathenscenter.gr\/it\/fivet\/monitoraggio-dellovulazione\/","title":{"rendered":"Monitoraggio dell\u2019Ovulazione"},"content":{"rendered":"\r\n<section class=\"title-section  with-desc\" >\r\n    <div class=\"ivf-container\">\r\n        <div class=\"page-title-wrap  animate\">\r\n            <div>\r\n                <h1 class=\"h2 page-title\">Monitoraggio dell\u2019ovulazione<\/h1>\r\n                                    <div class=\"page-desc\">\r\n                        <p><p>I nostri specialisti monitorano il ciclo con frequenti ecografie sia che vengano somministrati farmaci per la FIVET per stimolare le ovaie, sia che si proceda con un ciclo naturale.<\/p>\n<\/p>\r\n                    <\/div>\r\n                            <\/div>\r\n        <\/div>\r\n    <\/div>\r\n<\/section>\r\n\n\n\n<section class=\" services-content\">\n\n    \n    <div class=\"ivf-container  ivf-small-container section-content-wrap split\">\n\n                    <div class=\"image \">\n                <img loading=\"lazy\" decoding=\"async\" width=\"896\" height=\"1024\" src=\"https:\/\/ivfathenscenter.gr\/wp-content\/uploads\/2023\/08\/ovulation-monitoring-896x1024.png\" class=\"attachment-large size-large\" alt=\"\" srcset=\"https:\/\/ivfathenscenter.gr\/wp-content\/uploads\/2023\/08\/ovulation-monitoring-896x1024.png 896w, https:\/\/ivfathenscenter.gr\/wp-content\/uploads\/2023\/08\/ovulation-monitoring-263x300.png 263w, https:\/\/ivfathenscenter.gr\/wp-content\/uploads\/2023\/08\/ovulation-monitoring-768x878.png 768w, https:\/\/ivfathenscenter.gr\/wp-content\/uploads\/2023\/08\/ovulation-monitoring.png 1323w\" sizes=\"auto, (max-width: 896px) 100vw, 896px\" \/>            <\/div>\n        \n        <div class=\"text\">\n            <p class=\"text__desc\">\n                <p>Molto spesso nei programmi FIVET non si somministrano farmaci per stimolare le ovaie, ma si procede con un ciclo naturale, in cui si controlla il normale processo di maturazione degli ovociti che avviene in ogni ciclo mestruale.<\/p>\n<p>&nbsp;<\/p>\n<p>Il ciclo naturale \u00e8 un\u2019alternativa per molti casi, come:<\/p>\n<p>&nbsp;<\/p>\n<ul>\n<li>Donne che non desiderano o a cui non \u00e8 consentito assumere farmaci per la stimolazione ovarica<\/li>\n<li>Donne con infertilit\u00e0 secondaria (cio\u00e8 che hanno gi\u00e0 un figlio) e che non desiderano creare pi\u00f9 embrioni.<\/li>\n<li>Le ovaie non hanno risposto adeguatamente in precedenti tentativi di FIVET dopo la somministrazione di farmaci.<\/li>\n<li>Donne con un\u2019anamnesi di pi\u00f9 tentativi FIVET non riusciti o di aborti<\/li>\n<li>Donne in et\u00e0 avanzata o con un\u2019anamnesi di embrioni di scarsa qualit\u00e0 in tentativi precedenti, dopo stimolazione con sviluppo follicolare multiplo.<\/li>\n<\/ul>\n<p>&nbsp;<\/p>\n<p>Sebbene la FIV in un ciclo naturale si sia spesso rivelata preziosa, occorre tuttavia notare che si tratta in realt\u00e0 dello sviluppo di un singolo ovocita e di conseguenza dello sviluppo di un singolo embrione, fatto che riduce le possibilit\u00e0 di gravidanza se l\u2019ovocita fecondato non si divide correttamente.<\/p>\n<p>&nbsp;<\/p>\n<p>Per questo motivo, a IVF Center Athens procediamo in due direzioni quando eseguiamo la FIVET in ciclo naturale. Se le condizioni sono molto incoraggianti (spessore dell\u2019endometrio, valutazione morfologica del feto, anamnesi medica ecc.) procediamo al trasferimento embrionale.<\/p>\n<p>&nbsp;<\/p>\n<p>Diversamente, raccogliamo un numero sufficiente di ovociti fecondati (dopo un numero sufficiente di cicli naturali) che vengono crioconservati. Quindi, dopo un\u2019adeguata preparazione dell\u2019endometrio, procediamo allo scongelamento degli ovociti fecondati e al trasferimento di 3-4 embrioni al massimo (a seconda dell\u2019et\u00e0 della donna), aumentando cos\u00ec le possibilit\u00e0 di ottenere una gravidanza.<\/p>\n<p>&nbsp;<\/p>\n            <\/p>\n        <\/div>\n\n        \n    <\/div>\n\n        \n<\/section>\n\n\n\n<section class=\"fasa light-magenta\">\n            <div class=\"ivf-container\">\n                <p>Questa tecnica ha permesso al Centro IVF di Atene di ottenere molte gravidanze preziose, specialmente nelle donne oltre i 40 anni, dove i tentativi di FIV precedenti avevano fallito!<\/p>\n            <\/div>\n        <\/section>\n\n\n    <section class=\"services-faqs reverse\" id=>\r\n\r\n                    <div class=\"ivf-container ivf-small-container section-title-wrap\">\r\n                <h3 class=\"section-title\">\r\n                    Domande frequenti sul ciclo naturale                <\/h3>\r\n            <\/div>\r\n        \r\n        <div class=\"ivf-container ivf-small-container section-content-wrap\">\r\n            <div class=\"text\">\r\n                <div class=\"faq\">\r\n\r\n                                            <h4 class=\"faq-title active\">\r\n                            Che cos\u2019\u00e8 la FIVET in un ciclo naturale?                        <\/h4>\r\n                        <div class=\"faq-desc\">\r\n                            <span class=\"faq-desc-content\">\r\n                                <p>Molto spesso, nei programmi di fecondazione in vitro, non si somministrano farmaci per la stimolazione ovarica, ma procediamo con il ciclo naturale; cio\u00e8 osserviamo il processo naturale di maturazione dell\u2019ovocita\/ovulo che avviene in ogni ciclo mestruale, mediante l\u2019uso di esami ecografici e test ormonali. Quando il follicolo ovarico raggiunge le dimensioni desiderate, avviene il prelievo degli ovociti e il processo di fecondazione in vitro (in laboratorio), proprio come nel ciclo di FIVET.<\/p>\n                            <\/span>\r\n                        <\/div>\r\n                                            <h4 class=\"faq-title \">\r\n                            Quando si fa la FIVET in un ciclo naturale?                        <\/h4>\r\n                        <div class=\"faq-desc\">\r\n                            <span class=\"faq-desc-content\">\r\n                                <p>Il ciclo naturale \u00e8 una soluzione alternativa in molti casi:<\/p>\n<ul>\n<li>Donne che non desiderano o a cui non \u00e8 consentita la somministrazione di farmaci per la stimolazione ovarica<\/li>\n<li>\u00a0Donne con infertilit\u00e0 secondaria (cio\u00e8 che hanno gi\u00e0 avuto un figlio in passato) e che non desiderano lo sviluppo e la creazione di molti embrioni<\/li>\n<li>\u00a0Donne con anamnesi di tentativi multipli di fecondazione in vitro non riusciti o di aborti<\/li>\n<li>Donne di et\u00e0 avanzata o con un\u2019anamnesi di sviluppo di embrioni di scarsa qualit\u00e0 in tentativi precedenti<\/li>\n<\/ul>\n                            <\/span>\r\n                        <\/div>\r\n                                            <h4 class=\"faq-title \">\r\n                            Qual \u00e8 il costo della FIVET con ciclo naturale?                        <\/h4>\r\n                        <div class=\"faq-desc\">\r\n                            <span class=\"faq-desc-content\">\r\n                                <p>Rispetto a un protocollo di FIVET completo, la FIVET in un ciclo naturale ha un costo terapeutico notevolmente inferiore, poich\u00e9 la quantit\u00e0 di farmaci necessari in un ciclo naturale \u00e8 significativamente ridotta e molto probabilmente ci\u00f2 si verifica anche nei costi di laboratorio (materiali di consumo ecc.).<\/p>\n                            <\/span>\r\n                        <\/div>\r\n                                            <h4 class=\"faq-title \">\r\n                            Quali sono i vantaggi di una FIVET con ciclo naturale?                        <\/h4>\r\n                        <div class=\"faq-desc\">\r\n                            <span class=\"faq-desc-content\">\r\n                                <p>Percentuali di successo in continuo aumento: individualizzando ogni caso, siamo in grado di ottenere gravidanze &#8220;di valore&#8221;, soprattutto nelle donne di et\u00e0 superiore ai 40 anni.<\/p>\n<p>Si tratta di una soluzione alternativa pi\u00f9 &#8220;naturale&#8221; rispetto a un ciclo di FIVET. Non prevede l\u2019uso di farmaci e quindi non c\u2019\u00e8 la possibilit\u00e0 di effetti collaterali come la sindrome da iperstimolazione ovarica; inoltre, le possibilit\u00e0 di gravidanze multiple sono ridotte.<\/p>\n<p>Il costo della terapia \u00e8 notevolmente ridotto.<\/p>\n<p>La procedura pu\u00f2 essere ripetuta in cicli continui, senza il periodo di attesa che spesso \u00e8 necessario tra i normali cicli di FIVET.<\/p>\n                            <\/span>\r\n                        <\/div>\r\n                    \r\n                <\/div>\r\n            <\/div>\r\n        <\/div>\r\n    <\/section>\r\n\n\n","protected":false},"excerpt":{"rendered":"<p>Questa tecnica ha permesso al Centro IVF di Atene di ottenere molte gravidanze preziose, specialmente nelle donne oltre i 40 anni, dove i tentativi di FIV precedenti avevano fallito!<\/p>\n","protected":false},"author":1,"featured_media":0,"parent":6299,"menu_order":0,"comment_status":"closed","ping_status":"closed","template":"","meta":{"_acf_changed":false,"footnotes":""},"class_list":["post-4204","page","type-page","status-publish","hentry"],"acf":[],"_links":{"self":[{"href":"https:\/\/ivfathenscenter.gr\/it\/wp-json\/wp\/v2\/pages\/4204","targetHints":{"allow":["GET"]}}],"collection":[{"href":"https:\/\/ivfathenscenter.gr\/it\/wp-json\/wp\/v2\/pages"}],"about":[{"href":"https:\/\/ivfathenscenter.gr\/it\/wp-json\/wp\/v2\/types\/page"}],"author":[{"embeddable":true,"href":"https:\/\/ivfathenscenter.gr\/it\/wp-json\/wp\/v2\/users\/1"}],"replies":[{"embeddable":true,"href":"https:\/\/ivfathenscenter.gr\/it\/wp-json\/wp\/v2\/comments?post=4204"}],"version-history":[{"count":8,"href":"https:\/\/ivfathenscenter.gr\/it\/wp-json\/wp\/v2\/pages\/4204\/revisions"}],"predecessor-version":[{"id":6419,"href":"https:\/\/ivfathenscenter.gr\/it\/wp-json\/wp\/v2\/pages\/4204\/revisions\/6419"}],"up":[{"embeddable":true,"href":"https:\/\/ivfathenscenter.gr\/it\/wp-json\/wp\/v2\/pages\/6299"}],"wp:attachment":[{"href":"https:\/\/ivfathenscenter.gr\/it\/wp-json\/wp\/v2\/media?parent=4204"}],"curies":[{"name":"wp","href":"https:\/\/api.w.org\/{rel}","templated":true}]}}