{"id":5067,"date":"2023-08-21T08:14:38","date_gmt":"2023-08-21T08:14:38","guid":{"rendered":"https:\/\/ivfathenscenter.gr\/faqs\/"},"modified":"2024-10-11T11:26:16","modified_gmt":"2024-10-11T11:26:16","slug":"faqs","status":"publish","type":"page","link":"https:\/\/ivfathenscenter.gr\/fr\/faqs\/","title":{"rendered":"Questions Fr\u00e9quemment Pos\u00e9es (FAQs)"},"content":{"rendered":"\r\n<section class=\"title-section \"  id=egg>\r\n    <div class=\"ivf-container\">\r\n        <div class=\"page-title-wrap  animate\">\r\n            <div>\r\n                <h1 class=\"h2 page-title\">DON D\u2019OVOCYTES<\/h1>\r\n                            <\/div>\r\n        <\/div>\r\n    <\/div>\r\n<\/section>\r\n\n\n    <section class=\"faqs reverse\" id=>\r\n\r\n        \r\n        <div class=\"ivf-container ivf-small-container section-content-wrap\">\r\n            <div class=\"text\">\r\n                <div class=\"faq\">\r\n\r\n                                            <h4 class=\"faq-title active\">\r\n                            La s\u00e9lection et l\u2019appariement des donneuses d&#039;ovocytes sont-ils effectu\u00e9s en interne ?                        <\/h4>\r\n                        <div class=\"faq-desc\">\r\n                            <span class=\"faq-desc-content\">\r\n                                <p>Nous recrutons et s\u00e9lectionnons des donneuses principalement en Gr\u00e8ce tout en respectant les directives de la r\u00e9glementation nationale et notre code d&rsquo;\u00e9thique professionnel. Avant de participer \u00e0 la proc\u00e9dure de pr\u00e9l\u00e8vement d\u2019ovocytes, les donneuses doivent subir des tests cliniques et de laboratoire. L\u2019IVF Athens Center demande la r\u00e9alisation de tests suppl\u00e9mentaires, recommand\u00e9s par la Soci\u00e9t\u00e9 europ\u00e9enne de reproduction humaine et d&#8217;embryologie (ESHRE). Notre processus de d\u00e9pistage comprend un examen complet des ant\u00e9c\u00e9dents m\u00e9dicaux personnels et familiaux, un examen physique, un d\u00e9pistage g\u00e9n\u00e9tique (caryotype et syndrome du X fragile), un d\u00e9pistage des maladies infectieuses et un bilan de sant\u00e9 mentale. Dans le cadre de notre approche int\u00e9gr\u00e9e, notre \u00e9quipe de s\u00e9lection des donneuses rassemble des scientifiques de diff\u00e9rentes disciplines et comprend un m\u00e9decin, un embryologiste, un consultant en g\u00e9n\u00e9tique et un psychologue.<\/p>\n                            <\/span>\r\n                        <\/div>\r\n                                            <h4 class=\"faq-title \">\r\n                            La fertilit\u00e9 des donneuses est-elle prouv\u00e9e ?                        <\/h4>\r\n                        <div class=\"faq-desc\">\r\n                            <span class=\"faq-desc-content\">\r\n                                <p>Toutes nos donneuses sont \u00e2g\u00e9es de 30 ans maximum, et pr\u00e9sentent un excellent profil hormonal. La plupart d\u2019entre elles ont eu au moins une naissance vivante.<\/p>\n                            <\/span>\r\n                        <\/div>\r\n                                            <h4 class=\"faq-title \">\r\n                            L\u2019option d\u2019une donneuse non anonyme est-elle propos\u00e9e ?                        <\/h4>\r\n                        <div class=\"faq-desc\">\r\n                            <span class=\"faq-desc-content\">\r\n                                <p>Le Centre IVF Ath\u00e8nes est pleinement conforme aux lois grecques sur la reproduction assist\u00e9e. La loi r\u00e9cente 4958 (<a href=\"https:\/\/eaiya.gov.gr\/wp-content\/uploads\/2022\/09\/%CE%9D.-4958.2022.pdf\" target=\"_blank\" rel=\"noopener\">loi 4958\/2022<\/a>) est consid\u00e9r\u00e9e comme extr\u00eamement importante car elle abolit l&rsquo;anonymat exclusif du troisi\u00e8me donneur.<br \/>\n<strong>Le b\u00e9n\u00e9ficiaire choisit s\u2019il souhaite avoir une donneuse d\u2019ovules anonyme ou \u00e9ponyme.<\/strong><\/p>\n                            <\/span>\r\n                        <\/div>\r\n                                            <h4 class=\"faq-title \">\r\n                            \u00c0 quoi puis-je m\u2019attendre apr\u00e8s la fin d\u2019un cycle de traitement aux fins du don d\u2019ovocytes ?                        <\/h4>\r\n                        <div class=\"faq-desc\">\r\n                            <span class=\"faq-desc-content\">\r\n                                <p>L\u2019IVF Athens Center garantit l\u2019obtention de 2 (deux) embryons de bonne qualit\u00e9 entre le 3e et le 5e jour, pendant un cycle de traitement avec don d\u2019ovocytes.<\/p>\n                            <\/span>\r\n                        <\/div>\r\n                                            <h4 class=\"faq-title \">\r\n                            Quel est le temps d&#039;attente moyen pour que la clinique trouve une donneuse d&#039;ovocytes compatible ?                        <\/h4>\r\n                        <div class=\"faq-desc\">\r\n                            <span class=\"faq-desc-content\">\r\n                                <p>Il n\u2019y a pas de liste d\u2019attente \u00e0 l\u2019IVF Athens Center<\/p>\n                            <\/span>\r\n                        <\/div>\r\n                                            <h4 class=\"faq-title \">\r\n                            Quelles techniques avanc\u00e9es d\u2019embryologie sont disponibles ?                        <\/h4>\r\n                        <div class=\"faq-desc\">\r\n                            <span class=\"faq-desc-content\">\r\n                                <p>\u00c0 l\u2019IVF Athens Center, nous nous tenons au courant de toutes les derni\u00e8res techniques de FIV, y compris la cong\u00e9lation (vitrification) de tous les embryons au 5e jour (stade de blastocyste) et le transfert d&#8217;embryons au cours des cycles suivants. Contrairement aux protocoles de FIV conventionnels, dans le cadre de la technique de \u00ab freeze-all \u00bb (vitrification), tous les embryons g\u00e9n\u00e9r\u00e9s \u00e0 partir d&rsquo;un cycle de collecte d&rsquo;ovocytes sont \u00e9lectivement congel\u00e9s pour \u00eatre transf\u00e9r\u00e9s lors d\u2019un cycle suivant. Les donn\u00e9es d\u2019une \u00e9tude r\u00e9cente prouvent que cette technique est associ\u00e9e \u00e0 des r\u00e9sultats de FIV consid\u00e9rablement am\u00e9lior\u00e9s, en particulier chez les femmes de plus de 40 ans.<\/p>\n<p>La vitrification est la m\u00e9thode la plus efficace pour congeler non seulement les embryons, mais \u00e9galement les ovocytes non f\u00e9cond\u00e9s, garantissant le succ\u00e8s lors de leur r\u00e9chauffement.<\/p>\n                            <\/span>\r\n                        <\/div>\r\n                                            <h4 class=\"faq-title \">\r\n                            Quelles techniques avanc\u00e9es en mati\u00e8re d\u2019andrologie sont disponibles ?                        <\/h4>\r\n                        <div class=\"faq-desc\">\r\n                            <span class=\"faq-desc-content\">\r\n                                <p>\u00c0 l\u2019IVF Athens Center, nous croyons profond\u00e9ment que le moindre d\u00e9tail fait la diff\u00e9rence. Suivant cette philosophie, nous r\u00e9alisons une \u00e9valuation compl\u00e8te du sperme qui comprend, en plus de l&rsquo;examen de base du sperme (investigation macroscopique et microscopique), une analyse \u00e9tendue (indice de fragmentation de l&rsquo;ADN du sperme &#8211; DFI, tests g\u00e9n\u00e9tiques relatifs aux facteurs d&rsquo;infertilit\u00e9 masculine) et une analyse avanc\u00e9e (stress oxydant spermatique et tests d&rsquo;esp\u00e8ces r\u00e9actives de l&rsquo;oxyg\u00e8ne) pour les enqu\u00eates de routine sur la fertilit\u00e9 masculine.<\/p>\n                            <\/span>\r\n                        <\/div>\r\n                                            <h4 class=\"faq-title \">\r\n                            Les femmes c\u00e9libataires sont-elles \u00e9ligibles pour rejoindre un programme de traitement avec don d&#039;ovocytes ?                        <\/h4>\r\n                        <div class=\"faq-desc\">\r\n                            <span class=\"faq-desc-content\">\r\n                                <p>Nous accueillons toutes les patientes jusqu\u2019\u00e0 54 ans, quel que soit leur statut matrimonial, relationnel ou sexuel. Selon la l\u00e9gislation grecque, l&rsquo;acc\u00e8s \u00e0 un programme de don d&rsquo;ovocytes est autoris\u00e9 aux femmes c\u00e9libataires, sur pr\u00e9sentation d\u2019un acte notari\u00e9.<\/p>\n                            <\/span>\r\n                        <\/div>\r\n                                            <h4 class=\"faq-title \">\r\n                            Quelle est l\u2019exp\u00e9rience des m\u00e9decins et des embryologistes ? Le centre dispose-t-il d&#039;autres sp\u00e9cialistes comme des psychologues et des conseillers en g\u00e9n\u00e9tique ?                        <\/h4>\r\n                        <div class=\"faq-desc\">\r\n                            <span class=\"faq-desc-content\">\r\n                                <p>Co-fondateurs de l\u2019IVF Athens Center, le Dr\u00a0Athanassiou, obst\u00e9tricien-gyn\u00e9cologue et le Dr Sakellariou, embryologiste confirm\u00e9e, certifi\u00e9e par l\u2019ESHRE, travaillent ensemble depuis <strong>plus de 20 ans<\/strong> et comptent parmi les experts en fertilit\u00e9 les plus exp\u00e9riment\u00e9s et les plus performants de Gr\u00e8ce. Ensemble, ils dirigent une \u00e9quipe de scientifiques tr\u00e8s exp\u00e9riment\u00e9s \u2013 m\u00e9decins, embryologistes, sages-femmes et psychologues \u2013 qui accueillent chaque patient et chaque couple avec int\u00e9grit\u00e9 et surtout avec humanit\u00e9.<\/p>\n                            <\/span>\r\n                        <\/div>\r\n                    \r\n                <\/div>\r\n            <\/div>\r\n        <\/div>\r\n    <\/section>\r\n\n\n    <section class=\"faqs reverse\" id=fiv>\r\n\r\n                    <div class=\"ivf-container ivf-small-container section-title-wrap\">\r\n                <h3 class=\"section-title\">\r\n                    FIV                <\/h3>\r\n            <\/div>\r\n        \r\n        <div class=\"ivf-container ivf-small-container section-content-wrap\">\r\n            <div class=\"text\">\r\n                <div class=\"faq\">\r\n\r\n                                            <h4 class=\"faq-title active\">\r\n                            La proc\u00e9dure de FIV est-elle douloureuse ?                        <\/h4>\r\n                        <div class=\"faq-desc\">\r\n                            <span class=\"faq-desc-content\">\r\n                                <p>De nombreuses femmes craignent que la FIV soit douloureuse. La v\u00e9rit\u00e9 est que la proc\u00e9dure en elle-m\u00eame n\u2019est pas douloureuse, mais elle cr\u00e9e un \u00e9tat \u00e9motionnel \u00e9prouvant. Un nouvel univers li\u00e9 \u00e0 la technologie red\u00e9finit la vie sexuelle, conjugale et reproductive du couple, affectant non seulement le couple mais aussi la famille \u00e9largie.<\/p>\n<p>C&rsquo;est la raison pour laquelle un conseiller en FIV est pr\u00e9cieux lors d\u2019un traitement de fertilit\u00e9, puisqu&rsquo;il \u00e0 l\u2019\u00e9coute des probl\u00e9matiques \u00e9motionnelles du couple, veille \u00e0 l\u2019am\u00e9lioration de leur relation et g\u00e8re leurs attentes pour une issue positive de leur tentative.<\/p>\n                            <\/span>\r\n                        <\/div>\r\n                                            <h4 class=\"faq-title \">\r\n                            \u00c0 quelle fr\u00e9quence peut-on r\u00e9p\u00e9ter un cycle de FIV ?                        <\/h4>\r\n                        <div class=\"faq-desc\">\r\n                            <span class=\"faq-desc-content\">\r\n                                <p>Malgr\u00e9 tous les efforts que nous d\u00e9ployons, il n\u2019est pas toujours possible d\u2019obtenir un r\u00e9sultat positif. En cas de r\u00e9sultat n\u00e9gatif, la proc\u00e9dure peut \u00eatre r\u00e9p\u00e9t\u00e9e apr\u00e8s une p\u00e9riode de 2 \u00e0 3 mois afin de permettre \u00e0 l\u2019organisme de retrouver son \u00e9quilibre hormonal. Toutefois, pendant cet intervalle, une proc\u00e9dure de cycle naturel peut \u00eatre tent\u00e9e ou un transfert d&#8217;embryons avec des embryons cryoconserv\u00e9s et d\u00e9congel\u00e9s, le cas \u00e9ch\u00e9ant, peut \u00eatre effectu\u00e9.<\/p>\n                            <\/span>\r\n                        <\/div>\r\n                                            <h4 class=\"faq-title \">\r\n                            Mon corps sera-t-il affect\u00e9 par la prise d\u2019hormones de stimulation ?                        <\/h4>\r\n                        <div class=\"faq-desc\">\r\n                            <span class=\"faq-desc-content\">\r\n                                <p>Chez la majorit\u00e9 des femmes qui subissent une stimulation m\u00e9dicamenteuse en vue d\u2019une tentative de FIV, la prise d\u2019hormones ne pose pas de probl\u00e8mes particuliers. Une faible proportion de femmes pr\u00e9sentent des gonflements mineurs ou une l\u00e9g\u00e8re r\u00e9tention d&rsquo;eau, des sympt\u00f4mes bien tol\u00e9r\u00e9s et sans signification particuli\u00e8re.<\/p>\n                            <\/span>\r\n                        <\/div>\r\n                                            <h4 class=\"faq-title \">\r\n                            \u00c0 quelle fr\u00e9quence dois-je me rendre \u00e0 la clinique lors d\u2019une tentative de FIV ?                        <\/h4>\r\n                        <div class=\"faq-desc\">\r\n                            <span class=\"faq-desc-content\">\r\n                                <p>Lors de toute tentative de FIV, chaque femme doit \u00eatre prise en charge individuellement car son organisme est susceptible de r\u00e9agir diff\u00e9remment \u00e0 chaque fois. Par cons\u00e9quent, les visites au Centre varient en fonction de la r\u00e9ponse \u00e0 la stimulation hormonale, de son profil et du type de stimulation pharmaceutique \u00e0 suivre.<\/p>\n<p>M\u00eame si trois \u00e0 quatre visites suffisent en g\u00e9n\u00e9ral, il faut garder \u00e0 l\u2019esprit que seul un suivi m\u00e9ticuleux peut garantir un r\u00e9sultat positif.<\/p>\n                            <\/span>\r\n                        <\/div>\r\n                                            <h4 class=\"faq-title \">\r\n                            Pendant combien de jours dois-je m&#039;absenter du travail ou prendre un cong\u00e9 ?                        <\/h4>\r\n                        <div class=\"faq-desc\">\r\n                            <span class=\"faq-desc-content\">\r\n                                <p>Habituellement, le jour du pr\u00e9l\u00e8vement d&rsquo;ovocytes et le jour du transfert d&#8217;embryons (ET), nous conseillons aux femmes de s&rsquo;abstenir de travailler. La raison n&rsquo;est pas la faiblesse physique mais plut\u00f4t le fait d\u2019\u00e9viter tout stress suppl\u00e9mentaire li\u00e9 \u00e0 la dur\u00e9e processus, \u00e0 tout retard \u00e9ventuel, ou au fait de devoir conduire, etc.<br \/>\nApr\u00e8s l&rsquo;ET et en fonction de l&rsquo;activit\u00e9 professionnelle de chaque femme, nous leur conseillons d&rsquo;avoir une activit\u00e9 l\u00e9g\u00e8re pendant les 2-3 jours suivants puis de reprendre une activit\u00e9 normale, en suivant strictement les instructions qui leur ont \u00e9t\u00e9 donn\u00e9es en mati\u00e8re d&rsquo;accompagnement m\u00e9dical.<\/p>\n                            <\/span>\r\n                        <\/div>\r\n                                            <h4 class=\"faq-title \">\r\n                            Est-il possible d&#039;interrompre ou d&#039;annuler un cycle ?                        <\/h4>\r\n                        <div class=\"faq-desc\">\r\n                            <span class=\"faq-desc-content\">\r\n                                <p>Si la r\u00e9ponse \u00e0 la stimulation hormonale n\u2019est pas satisfaisante, nous devrons peut-\u00eatre interrompre ou annuler le cycle.<br \/>\nCette solution est toutefois pr\u00e9f\u00e9rable \u00e0 la poursuite du processus, lorsque les signes ne sont pas encourageants.<\/p>\n                            <\/span>\r\n                        <\/div>\r\n                                            <h4 class=\"faq-title \">\r\n                            Est-il n\u00e9cessaire de subir une hyst\u00e9roscopie avant une proc\u00e9dure de FIV ?                        <\/h4>\r\n                        <div class=\"faq-desc\">\r\n                            <span class=\"faq-desc-content\">\r\n                                <p>Il est conseill\u00e9 de r\u00e9aliser une hyst\u00e9roscopie avant de d\u00e9buter un cycle de FIV, afin d\u2019exclure toute distorsion de la cavit\u00e9 ut\u00e9rine.<br \/>\nOutre la m\u00e9decine, il est bien connu qu\u2019il vaut mieux pr\u00e9venir que gu\u00e9rir !<\/p>\n                            <\/span>\r\n                        <\/div>\r\n                                            <h4 class=\"faq-title \">\r\n                            L&#039;accouchement par voies naturelles est-il possible ?                        <\/h4>\r\n                        <div class=\"faq-desc\">\r\n                            <span class=\"faq-desc-content\">\r\n                                <p>Si la grossesse se d\u00e9roule normalement et qu&rsquo;il n&rsquo;existe pas de probl\u00e8mes particuliers (pr\u00e9sentation par le si\u00e8ge, grossesses multiples, etc.), la femme peut accoucher par voie vaginale en toute s\u00e9curit\u00e9, quelle que soit la m\u00e9thode de conception.<\/p>\n                            <\/span>\r\n                        <\/div>\r\n                                            <h4 class=\"faq-title \">\r\n                            M\u00e9dicaments pour la FIV et cancer                        <\/h4>\r\n                        <div class=\"faq-desc\">\r\n                            <span class=\"faq-desc-content\">\r\n                                <p>Le lien \u00e9ventuel entre la stimulation hormonale au cours d\u2019un cycle de FIV et les risques de d\u00e9velopper un cancer est la plus grande pr\u00e9occupation de chaque femme qui entreprend un traitement de fertilit\u00e9. Cependant, la multitude de r\u00e9f\u00e9rences issues d\u2019\u00e9tudes scientifiques fiables, publi\u00e9es dans des revues m\u00e9dicales r\u00e9put\u00e9es \u00e0 travers le monde sont rassurantes et ne confirment pas cette inqui\u00e9tude.<\/p>\n                            <\/span>\r\n                        <\/div>\r\n                    \r\n                <\/div>\r\n            <\/div>\r\n        <\/div>\r\n    <\/section>\r\n","protected":false},"excerpt":{"rendered":"","protected":false},"author":1,"featured_media":0,"parent":0,"menu_order":0,"comment_status":"closed","ping_status":"closed","template":"","meta":{"_acf_changed":false,"footnotes":""},"class_list":["post-5067","page","type-page","status-publish","hentry"],"acf":[],"_links":{"self":[{"href":"https:\/\/ivfathenscenter.gr\/fr\/wp-json\/wp\/v2\/pages\/5067","targetHints":{"allow":["GET"]}}],"collection":[{"href":"https:\/\/ivfathenscenter.gr\/fr\/wp-json\/wp\/v2\/pages"}],"about":[{"href":"https:\/\/ivfathenscenter.gr\/fr\/wp-json\/wp\/v2\/types\/page"}],"author":[{"embeddable":true,"href":"https:\/\/ivfathenscenter.gr\/fr\/wp-json\/wp\/v2\/users\/1"}],"replies":[{"embeddable":true,"href":"https:\/\/ivfathenscenter.gr\/fr\/wp-json\/wp\/v2\/comments?post=5067"}],"version-history":[{"count":8,"href":"https:\/\/ivfathenscenter.gr\/fr\/wp-json\/wp\/v2\/pages\/5067\/revisions"}],"predecessor-version":[{"id":6665,"href":"https:\/\/ivfathenscenter.gr\/fr\/wp-json\/wp\/v2\/pages\/5067\/revisions\/6665"}],"wp:attachment":[{"href":"https:\/\/ivfathenscenter.gr\/fr\/wp-json\/wp\/v2\/media?parent=5067"}],"curies":[{"name":"wp","href":"https:\/\/api.w.org\/{rel}","templated":true}]}}