{"id":4983,"date":"2023-08-21T08:15:51","date_gmt":"2023-08-21T08:15:51","guid":{"rendered":"https:\/\/ivfathenscenter.gr\/visual-material\/"},"modified":"2024-10-11T11:31:58","modified_gmt":"2024-10-11T11:31:58","slug":"video","status":"publish","type":"page","link":"https:\/\/ivfathenscenter.gr\/fr\/video\/","title":{"rendered":"Vid\u00e9os de Support aux Patients"},"content":{"rendered":"\r\n<section class=\"title-section  with-desc\"  id=locaux>\r\n    <div class=\"ivf-container\">\r\n        <div class=\"page-title-wrap \">\r\n            <div>\r\n                <h1 class=\"h2 page-title\">LOCAUX<\/h1>\r\n                                    <div class=\"page-desc\">\r\n                        <p><p>Notre devoir est avant tout le respect essentiel de tout couple confront\u00e9 \u00e0 l\u2019infertilit\u00e9. Nous sommes fiers d\u2019annoncer qu\u2019\u00e0 ce jour, plus de 3\u00a0000 enfants sont n\u00e9s gr\u00e2ce \u00e0 nos efforts. Depuis des ann\u00e9es, nous nous consacrons aux probl\u00e8mes des couples infertiles, notre premier principe \u00e9tant d&rsquo;apporter une aide r\u00e9elle, honn\u00eate et qualitative \u00e0 ceux qui en ont besoin, dans le cadre du respect de la coh\u00e9rence scientifique et de l&rsquo;\u00e9thique. L\u2019adaptation constante de l\u2019IVF Athens Center aux d\u00e9veloppements continus de la science, notre excellente infrastructure, son environnement chaleureux et convivial ainsi que son personnel hautement qualifi\u00e9 \u2013 m\u00e9decins et personnel \u2013 nous offrent les conditions id\u00e9ales pour conseiller et guider les couples infertiles qui viennent \u00e0 nous pour atteindre leur objectif, en toute s\u00e9curit\u00e9 et de mani\u00e8re responsable.<\/p>\n<p>&nbsp;<\/p>\n<p>Nos installations sont situ\u00e9es sur une avenue centrale d\u2019Ath\u00e8nes, \u00e0 deux pas de deux des plus grandes maternit\u00e9s priv\u00e9es de la ville qui offrent une s\u00e9curit\u00e9 suppl\u00e9mentaire au couple, gr\u00e2ce \u00e0 des standards au-del\u00e0 des normes de laboratoire exig\u00e9es. Le Centre dispose d\u2019un laboratoire d\u2019embryologie et d\u2019andrologie ainsi que d\u2019une salle d\u2019op\u00e9ration enti\u00e8rement \u00e9quip\u00e9e, tous certifi\u00e9s selon la certification ISO 9001.<\/p>\n<\/p>\r\n                    <\/div>\r\n                            <\/div>\r\n        <\/div>\r\n    <\/div>\r\n<\/section>\r\n\n\n    <section class=\"premises\">\r\n        <div class=\"ivf-container section-content-wrap\">\r\n            <div class=\"gallery\">\r\n                <div class=\"gallery-image\">\r\n                    \r\n                                            <a href=\"https:\/\/ivfathenscenter.gr\/wp-content\/uploads\/2023\/08\/premises-1.jpg\" class=\"html5lightbox scaleup-anim\" data-group=\"premises-gallery\">\r\n                            <img loading=\"lazy\" decoding=\"async\" width=\"1000\" height=\"544\" src=\"https:\/\/ivfathenscenter.gr\/wp-content\/uploads\/2023\/08\/premises-1.jpg\" class=\"html5lightbox scaleup-anim\" alt=\"\" data-group=\"premises-gallery\" srcset=\"https:\/\/ivfathenscenter.gr\/wp-content\/uploads\/2023\/08\/premises-1.jpg 1000w, https:\/\/ivfathenscenter.gr\/wp-content\/uploads\/2023\/08\/premises-1-300x163.jpg 300w, https:\/\/ivfathenscenter.gr\/wp-content\/uploads\/2023\/08\/premises-1-768x418.jpg 768w\" sizes=\"auto, (max-width: 1000px) 100vw, 1000px\" \/>                        <\/a>\r\n                                            <a href=\"https:\/\/ivfathenscenter.gr\/wp-content\/uploads\/2023\/08\/premises-2.jpg\" class=\"html5lightbox scaleup-anim\" data-group=\"premises-gallery\">\r\n                            <img loading=\"lazy\" decoding=\"async\" width=\"428\" height=\"544\" src=\"https:\/\/ivfathenscenter.gr\/wp-content\/uploads\/2023\/08\/premises-2.jpg\" class=\"html5lightbox scaleup-anim\" alt=\"\" data-group=\"premises-gallery\" srcset=\"https:\/\/ivfathenscenter.gr\/wp-content\/uploads\/2023\/08\/premises-2.jpg 428w, https:\/\/ivfathenscenter.gr\/wp-content\/uploads\/2023\/08\/premises-2-236x300.jpg 236w\" sizes=\"auto, (max-width: 428px) 100vw, 428px\" \/>                        <\/a>\r\n                                            <a href=\"https:\/\/ivfathenscenter.gr\/wp-content\/uploads\/2023\/08\/premises-3.jpg\" class=\"html5lightbox scaleup-anim\" data-group=\"premises-gallery\">\r\n                            <img loading=\"lazy\" decoding=\"async\" width=\"428\" height=\"544\" src=\"https:\/\/ivfathenscenter.gr\/wp-content\/uploads\/2023\/08\/premises-3.jpg\" class=\"html5lightbox scaleup-anim\" alt=\"\" data-group=\"premises-gallery\" srcset=\"https:\/\/ivfathenscenter.gr\/wp-content\/uploads\/2023\/08\/premises-3.jpg 428w, https:\/\/ivfathenscenter.gr\/wp-content\/uploads\/2023\/08\/premises-3-236x300.jpg 236w\" sizes=\"auto, (max-width: 428px) 100vw, 428px\" \/>                        <\/a>\r\n                                            <a href=\"https:\/\/ivfathenscenter.gr\/wp-content\/uploads\/2023\/08\/premises-4.jpg\" class=\"html5lightbox scaleup-anim\" data-group=\"premises-gallery\">\r\n                            <img loading=\"lazy\" decoding=\"async\" width=\"1000\" height=\"544\" src=\"https:\/\/ivfathenscenter.gr\/wp-content\/uploads\/2023\/08\/premises-4.jpg\" class=\"html5lightbox scaleup-anim\" alt=\"\" data-group=\"premises-gallery\" srcset=\"https:\/\/ivfathenscenter.gr\/wp-content\/uploads\/2023\/08\/premises-4.jpg 1000w, https:\/\/ivfathenscenter.gr\/wp-content\/uploads\/2023\/08\/premises-4-300x163.jpg 300w, https:\/\/ivfathenscenter.gr\/wp-content\/uploads\/2023\/08\/premises-4-768x418.jpg 768w\" sizes=\"auto, (max-width: 1000px) 100vw, 1000px\" \/>                        <\/a>\r\n                                            <a href=\"https:\/\/ivfathenscenter.gr\/wp-content\/uploads\/2023\/08\/premises-5-1024x374.jpg\" class=\"html5lightbox scaleup-anim\" data-group=\"premises-gallery\">\r\n                            <img loading=\"lazy\" decoding=\"async\" width=\"1024\" height=\"374\" src=\"https:\/\/ivfathenscenter.gr\/wp-content\/uploads\/2023\/08\/premises-5-1024x374.jpg\" class=\"html5lightbox scaleup-anim\" alt=\"\" data-group=\"premises-gallery\" srcset=\"https:\/\/ivfathenscenter.gr\/wp-content\/uploads\/2023\/08\/premises-5-1024x374.jpg 1024w, https:\/\/ivfathenscenter.gr\/wp-content\/uploads\/2023\/08\/premises-5-300x110.jpg 300w, https:\/\/ivfathenscenter.gr\/wp-content\/uploads\/2023\/08\/premises-5-768x280.jpg 768w, https:\/\/ivfathenscenter.gr\/wp-content\/uploads\/2023\/08\/premises-5.jpg 1490w\" sizes=\"auto, (max-width: 1024px) 100vw, 1024px\" \/>                        <\/a>\r\n                                            <a href=\"https:\/\/ivfathenscenter.gr\/wp-content\/uploads\/2023\/08\/premises-6-1024x374.jpg\" class=\"html5lightbox scaleup-anim\" data-group=\"premises-gallery\">\r\n                            <img loading=\"lazy\" decoding=\"async\" width=\"1024\" height=\"374\" src=\"https:\/\/ivfathenscenter.gr\/wp-content\/uploads\/2023\/08\/premises-6-1024x374.jpg\" class=\"html5lightbox scaleup-anim\" alt=\"\" data-group=\"premises-gallery\" srcset=\"https:\/\/ivfathenscenter.gr\/wp-content\/uploads\/2023\/08\/premises-6-1024x374.jpg 1024w, https:\/\/ivfathenscenter.gr\/wp-content\/uploads\/2023\/08\/premises-6-300x110.jpg 300w, https:\/\/ivfathenscenter.gr\/wp-content\/uploads\/2023\/08\/premises-6-768x280.jpg 768w, https:\/\/ivfathenscenter.gr\/wp-content\/uploads\/2023\/08\/premises-6.jpg 1490w\" sizes=\"auto, (max-width: 1024px) 100vw, 1024px\" \/>                        <\/a>\r\n                                            <a href=\"https:\/\/ivfathenscenter.gr\/wp-content\/uploads\/2023\/08\/premises-7.jpg\" class=\"html5lightbox scaleup-anim\" data-group=\"premises-gallery\">\r\n                            <img loading=\"lazy\" decoding=\"async\" width=\"1000\" height=\"544\" src=\"https:\/\/ivfathenscenter.gr\/wp-content\/uploads\/2023\/08\/premises-7.jpg\" class=\"html5lightbox scaleup-anim\" alt=\"\" data-group=\"premises-gallery\" srcset=\"https:\/\/ivfathenscenter.gr\/wp-content\/uploads\/2023\/08\/premises-7.jpg 1000w, https:\/\/ivfathenscenter.gr\/wp-content\/uploads\/2023\/08\/premises-7-300x163.jpg 300w, https:\/\/ivfathenscenter.gr\/wp-content\/uploads\/2023\/08\/premises-7-768x418.jpg 768w\" sizes=\"auto, (max-width: 1000px) 100vw, 1000px\" \/>                        <\/a>\r\n                                            <a href=\"https:\/\/ivfathenscenter.gr\/wp-content\/uploads\/2023\/08\/premises-8.jpg\" class=\"html5lightbox scaleup-anim\" data-group=\"premises-gallery\">\r\n                            <img loading=\"lazy\" decoding=\"async\" width=\"428\" height=\"544\" src=\"https:\/\/ivfathenscenter.gr\/wp-content\/uploads\/2023\/08\/premises-8.jpg\" class=\"html5lightbox scaleup-anim\" alt=\"\" data-group=\"premises-gallery\" srcset=\"https:\/\/ivfathenscenter.gr\/wp-content\/uploads\/2023\/08\/premises-8.jpg 428w, https:\/\/ivfathenscenter.gr\/wp-content\/uploads\/2023\/08\/premises-8-236x300.jpg 236w\" sizes=\"auto, (max-width: 428px) 100vw, 428px\" \/>                        <\/a>\r\n                                            <a href=\"https:\/\/ivfathenscenter.gr\/wp-content\/uploads\/2023\/08\/premises-9.jpg\" class=\"html5lightbox scaleup-anim\" data-group=\"premises-gallery\">\r\n                            <img loading=\"lazy\" decoding=\"async\" width=\"428\" height=\"544\" src=\"https:\/\/ivfathenscenter.gr\/wp-content\/uploads\/2023\/08\/premises-9.jpg\" class=\"html5lightbox scaleup-anim\" alt=\"\" data-group=\"premises-gallery\" srcset=\"https:\/\/ivfathenscenter.gr\/wp-content\/uploads\/2023\/08\/premises-9.jpg 428w, https:\/\/ivfathenscenter.gr\/wp-content\/uploads\/2023\/08\/premises-9-236x300.jpg 236w\" sizes=\"auto, (max-width: 428px) 100vw, 428px\" \/>                        <\/a>\r\n                                            <a href=\"https:\/\/ivfathenscenter.gr\/wp-content\/uploads\/2023\/08\/premises-10.jpg\" class=\"html5lightbox scaleup-anim\" data-group=\"premises-gallery\">\r\n                            <img loading=\"lazy\" decoding=\"async\" width=\"1000\" height=\"544\" src=\"https:\/\/ivfathenscenter.gr\/wp-content\/uploads\/2023\/08\/premises-10.jpg\" class=\"html5lightbox scaleup-anim\" alt=\"\" data-group=\"premises-gallery\" srcset=\"https:\/\/ivfathenscenter.gr\/wp-content\/uploads\/2023\/08\/premises-10.jpg 1000w, https:\/\/ivfathenscenter.gr\/wp-content\/uploads\/2023\/08\/premises-10-300x163.jpg 300w, https:\/\/ivfathenscenter.gr\/wp-content\/uploads\/2023\/08\/premises-10-768x418.jpg 768w\" sizes=\"auto, (max-width: 1000px) 100vw, 1000px\" \/>                        <\/a>\r\n                    \r\n                <\/div>\r\n            <\/div>\r\n        <\/div>\r\n    <\/section>\r\n\n\n    <section class=\"interviews reverse\" id=\"entretiens\">\n\n                    <div class=\"ivf-container ivf-small-container section-title-wrap\">\n                <h3 class=\"section-title\">\n                    Entretiens                <\/h3>\n            <\/div>\n        \n        <div class=\"ivf-container section-content-wrap\">\n            <div class=\"gallery\">\n                <div class=\"gallery-video\">\n\n                                            <a href=\"https:\/\/youtu.be\/yNBW3sh6bvw\" class=\"html5lightbox scaleup-anim\" data-group=\"interviews-gallery\" target=\"_blank\" rel=\"noopener\">\n                            <iframe src=\"https:\/\/www.youtube.com\/embed\/yNBW3sh6bvw\"\n                                class=\"gallery-video-iframe\"><\/iframe>\n                            <div class=\"gallery-video-info\">\n                                <p class=\"gallery-video-date\">\n                                    26 ao\u00fbt                                <\/p>\n                                <p class=\"gallery-video-title\">\n                                    LA GR\u00c8CE EN LUMI\u00c8RE &#8211; Interview du Dr. Vasiliou Athanasiou et le Dr. Katerina Athanasiou                                <\/p>\n                            <\/div>\n                        <\/a>\n                                            <a href=\"https:\/\/youtu.be\/HnNfx0-trZ4\" class=\"html5lightbox scaleup-anim\" data-group=\"interviews-gallery\" target=\"_blank\" rel=\"noopener\">\n                            <iframe src=\"https:\/\/www.youtube.com\/embed\/HnNfx0-trZ4\"\n                                class=\"gallery-video-iframe\"><\/iframe>\n                            <div class=\"gallery-video-info\">\n                                <p class=\"gallery-video-date\">\n                                    26 ao\u00fbt                                <\/p>\n                                <p class=\"gallery-video-title\">\n                                    LA GR\u00c8CE EN LUMI\u00c8RE &#8211; Interview du Dr. Maria Sakelariou et l&#8217;embryologiste Electra Prifti                                <\/p>\n                            <\/div>\n                        <\/a>\n                                            <a href=\"https:\/\/youtu.be\/Tvq6pZt1AaM\" class=\"html5lightbox scaleup-anim\" data-group=\"interviews-gallery\" target=\"_blank\" rel=\"noopener\">\n                            <iframe src=\"https:\/\/www.youtube.com\/embed\/Tvq6pZt1AaM\"\n                                class=\"gallery-video-iframe\"><\/iframe>\n                            <div class=\"gallery-video-info\">\n                                <p class=\"gallery-video-date\">\n                                    24 septembre                                <\/p>\n                                <p class=\"gallery-video-title\">\n                                    PR\u00c9SENTATION DE L\u2019IVF ATHENS                                <\/p>\n                            <\/div>\n                        <\/a>\n                                            <a href=\"https:\/\/youtu.be\/oZiSbkckYVs\" class=\"html5lightbox scaleup-anim\" data-group=\"interviews-gallery\" target=\"_blank\" rel=\"noopener\">\n                            <iframe src=\"https:\/\/www.youtube.com\/embed\/oZiSbkckYVs\"\n                                class=\"gallery-video-iframe\"><\/iframe>\n                            <div class=\"gallery-video-info\">\n                                <p class=\"gallery-video-date\">\n                                    24 juin                                <\/p>\n                                <p class=\"gallery-video-title\">\n                                    L\u2019IVF ATHENS CENTER UTILISE UN EMBRYOSCOPE                                <\/p>\n                            <\/div>\n                        <\/a>\n                                            <a href=\"https:\/\/youtu.be\/sQNSTCcYyJg\" class=\"html5lightbox scaleup-anim\" data-group=\"interviews-gallery\" target=\"_blank\" rel=\"noopener\">\n                            <iframe src=\"https:\/\/www.youtube.com\/embed\/sQNSTCcYyJg\"\n                                class=\"gallery-video-iframe\"><\/iframe>\n                            <div class=\"gallery-video-info\">\n                                <p class=\"gallery-video-date\">\n                                    12 avril                                <\/p>\n                                <p class=\"gallery-video-title\">\n                                    INTRODUCTION \u00c0 NOTRE CENTRE                                <\/p>\n                            <\/div>\n                        <\/a>\n                                            <a href=\"https:\/\/youtu.be\/GaZ2YAvPBXg\" class=\"html5lightbox scaleup-anim\" data-group=\"interviews-gallery\" target=\"_blank\" rel=\"noopener\">\n                            <iframe src=\"https:\/\/www.youtube.com\/embed\/GaZ2YAvPBXg\"\n                                class=\"gallery-video-iframe\"><\/iframe>\n                            <div class=\"gallery-video-info\">\n                                <p class=\"gallery-video-date\">\n                                    10 avril                                <\/p>\n                                <p class=\"gallery-video-title\">\n                                    L&rsquo;ICSI DONNE-T-ELLE DE MEILLEURS R\u00c9SULTATS QUE LA FIV CONVENTIONNELLE ?                                <\/p>\n                            <\/div>\n                        <\/a>\n                                            <a href=\"https:\/\/youtu.be\/DKlQyTQt-aQ\" class=\"html5lightbox scaleup-anim\" data-group=\"interviews-gallery\" target=\"_blank\" rel=\"noopener\">\n                            <iframe src=\"https:\/\/www.youtube.com\/embed\/DKlQyTQt-aQ\"\n                                class=\"gallery-video-iframe\"><\/iframe>\n                            <div class=\"gallery-video-info\">\n                                <p class=\"gallery-video-date\">\n                                    28 mars                                <\/p>\n                                <p class=\"gallery-video-title\">\n                                    DEVRAI-JE SUBIR UN TRANSFERT D\u2019EMBRYONS AU 3e OU AU 5e JOUR ?                                <\/p>\n                            <\/div>\n                        <\/a>\n                                            <a href=\"https:\/\/youtu.be\/M_e2_9kUCpg\" class=\"html5lightbox scaleup-anim\" data-group=\"interviews-gallery\" target=\"_blank\" rel=\"noopener\">\n                            <iframe src=\"https:\/\/www.youtube.com\/embed\/M_e2_9kUCpg\"\n                                class=\"gallery-video-iframe\"><\/iframe>\n                            <div class=\"gallery-video-info\">\n                                <p class=\"gallery-video-date\">\n                                    14 f\u00e9vrier                                <\/p>\n                                <p class=\"gallery-video-title\">\n                                    COMBIEN D\u2019OVOCYTES DEVRONT \u00caTRE CONGEL\u00c9S ?                                <\/p>\n                            <\/div>\n                        <\/a>\n                                            <a href=\"https:\/\/youtu.be\/JQFqaaa7A8A\" class=\"html5lightbox scaleup-anim\" data-group=\"interviews-gallery\" target=\"_blank\" rel=\"noopener\">\n                            <iframe src=\"https:\/\/www.youtube.com\/embed\/JQFqaaa7A8A\"\n                                class=\"gallery-video-iframe\"><\/iframe>\n                            <div class=\"gallery-video-info\">\n                                <p class=\"gallery-video-date\">\n                                    3 ao\u00fbt                                <\/p>\n                                <p class=\"gallery-video-title\">\n                                    QUELLES SONT LES TECHNIQUES PGD ET PGS, ET QUELLE EST LA DIFF\u00c9RENCE ENTRE LES DEUX ?                                <\/p>\n                            <\/div>\n                        <\/a>\n                                            <a href=\"https:\/\/youtu.be\/r-ADSbbQArk\" class=\"html5lightbox scaleup-anim\" data-group=\"interviews-gallery\" target=\"_blank\" rel=\"noopener\">\n                            <iframe src=\"https:\/\/www.youtube.com\/embed\/r-ADSbbQArk\"\n                                class=\"gallery-video-iframe\"><\/iframe>\n                            <div class=\"gallery-video-info\">\n                                <p class=\"gallery-video-date\">\n                                    12 juin                                <\/p>\n                                <p class=\"gallery-video-title\">\n                                    FAIRE LE BON CHOIX : ME POUSSEREZ-VOUS \u00c0 SUIVRE UN TRAITEMENT DE FIV ? (1)                                <\/p>\n                            <\/div>\n                        <\/a>\n                                            <a href=\"https:\/\/youtu.be\/gt0cI9rkOGI\" class=\"html5lightbox scaleup-anim\" data-group=\"interviews-gallery\" target=\"_blank\" rel=\"noopener\">\n                            <iframe src=\"https:\/\/www.youtube.com\/embed\/gt0cI9rkOGI\"\n                                class=\"gallery-video-iframe\"><\/iframe>\n                            <div class=\"gallery-video-info\">\n                                <p class=\"gallery-video-date\">\n                                    12 juin                                <\/p>\n                                <p class=\"gallery-video-title\">\n                                    FAIRE LE BON CHOIX : ME POUSSEREZ-VOUS \u00c0 SUIVRE UN TRAITEMENT DE FIV ? (2)                                <\/p>\n                            <\/div>\n                        <\/a>\n                                            <a href=\"https:\/\/youtu.be\/4mZKKugmSQY\" class=\"html5lightbox scaleup-anim\" data-group=\"interviews-gallery\" target=\"_blank\" rel=\"noopener\">\n                            <iframe src=\"https:\/\/www.youtube.com\/embed\/4mZKKugmSQY\"\n                                class=\"gallery-video-iframe\"><\/iframe>\n                            <div class=\"gallery-video-info\">\n                                <p class=\"gallery-video-date\">\n                                    12 juin                                <\/p>\n                                <p class=\"gallery-video-title\">\n                                    QUI NOUS SOMMES &#8211; QUEL EST VOTRE PARCOURS DANS LE DOMAINE DE LA FERTILIT\u00c9 ?                                <\/p>\n                            <\/div>\n                        <\/a>\n                    \n                <\/div>\n            <\/div>\n        <\/div>\n    <\/section>\n\n\n\n\n<section class=\"brochure \" id=\"brochure\">\n    <div class=\"ivf-container ivf-small-container section-title-wrap\">\n        <h3 class=\"section-title\">\n            Brochure        <\/h3>\n    <\/div>\n    <div class=\"ivf-container section-content-wrap\">\n        <p style=\"text-align: center\">Notre brochure en fran\u00e7ais vous fournira des informations d\u00e9taill\u00e9es sur l\u2019IVF Athens Center, les techniques de procr\u00e9ation m\u00e9dicalement assist\u00e9e qu\u2019il utilise et son actualit\u00e9, ainsi que plusieurs \u00ab\u00a0v\u00e9rit\u00e9s et mythes\u00a0\u00bb sur la f\u00e9condation in vitro.<\/p>\n<p>&nbsp;<\/p>\n<p style=\"text-align: center\">N\u2019h\u00e9sitez pas \u00e0 la t\u00e9l\u00e9charger et \u00e0 l\u2019imprimer pour votre propre information, en cliquant sur l\u2019aper\u00e7u ci-dessous.<\/p>\n<p>&nbsp;<\/p>\n<p>&nbsp;<\/p>\n<p><a class=\"scaleup-anim scaleUpAnim\" href=\"http:\/\/ivfathenscenter.gr\/wp-content\/uploads\/2024\/08\/IVF_Brochure_Print_French_Edition-2019-WEB_compressed.pdf\" target=\"_blank\" rel=\"noopener noreferrer\"><img loading=\"lazy\" decoding=\"async\" class=\"aligncenter wp-image-808 size-full\" src=\"http:\/\/ivfathenscenter.gr\/wp-content\/uploads\/2024\/08\/book-fr-wdujwnw.jpg\" alt=\"\" width=\"1056\" height=\"1020\" \/><\/a><\/p>\n    <\/div>\n<\/section>\n\n\n\n<section class=\"fasa light-magenta\">\n            <div class=\"ivf-container\">\n                <p>Pour visualiser le document, vous devez avoir install\u00e9 Adobe Reader. Si vous n&rsquo;avez pas Adobe Reader, veuillez cliquer <a href=\"https:\/\/get.adobe.com\/uk\/reader\/download\" target=\"_blank\" rel=\"noopener noreferrer\">ici<\/a> pour le t\u00e9l\u00e9charger et l\u2019installer.<\/p>\n            <\/div>\n        <\/section>\n","protected":false},"excerpt":{"rendered":"<p>Pour visualiser le document, vous devez avoir install\u00e9 Adobe Reader. Si vous n&rsquo;avez pas Adobe Reader, veuillez cliquer ici pour le t\u00e9l\u00e9charger et l\u2019installer.<\/p>\n","protected":false},"author":1,"featured_media":0,"parent":0,"menu_order":0,"comment_status":"closed","ping_status":"closed","template":"","meta":{"_acf_changed":false,"footnotes":""},"class_list":["post-4983","page","type-page","status-publish","hentry"],"acf":[],"_links":{"self":[{"href":"https:\/\/ivfathenscenter.gr\/fr\/wp-json\/wp\/v2\/pages\/4983","targetHints":{"allow":["GET"]}}],"collection":[{"href":"https:\/\/ivfathenscenter.gr\/fr\/wp-json\/wp\/v2\/pages"}],"about":[{"href":"https:\/\/ivfathenscenter.gr\/fr\/wp-json\/wp\/v2\/types\/page"}],"author":[{"embeddable":true,"href":"https:\/\/ivfathenscenter.gr\/fr\/wp-json\/wp\/v2\/users\/1"}],"replies":[{"embeddable":true,"href":"https:\/\/ivfathenscenter.gr\/fr\/wp-json\/wp\/v2\/comments?post=4983"}],"version-history":[{"count":8,"href":"https:\/\/ivfathenscenter.gr\/fr\/wp-json\/wp\/v2\/pages\/4983\/revisions"}],"predecessor-version":[{"id":6671,"href":"https:\/\/ivfathenscenter.gr\/fr\/wp-json\/wp\/v2\/pages\/4983\/revisions\/6671"}],"wp:attachment":[{"href":"https:\/\/ivfathenscenter.gr\/fr\/wp-json\/wp\/v2\/media?parent=4983"}],"curies":[{"name":"wp","href":"https:\/\/api.w.org\/{rel}","templated":true}]}}