{"id":4977,"date":"2023-08-08T12:37:44","date_gmt":"2023-08-08T12:37:44","guid":{"rendered":"https:\/\/ivfathenscenter.gr\/contact-us\/"},"modified":"2024-10-11T11:02:43","modified_gmt":"2024-10-11T11:02:43","slug":"contactez-nous","status":"publish","type":"page","link":"https:\/\/ivfathenscenter.gr\/fr\/contactez-nous\/","title":{"rendered":"Contactez-nous"},"content":{"rendered":"\r\n<section class=\"title-section  with-desc\" >\r\n    <div class=\"ivf-container\">\r\n        <div class=\"page-title-wrap \">\r\n            <div>\r\n                <h1 class=\"h2 page-title\">Contactez nous<\/h1>\r\n                                    <div class=\"page-desc\">\r\n                        <p><p>Nous sommes \u00e0 votre disposition pour toute question !<\/p>\n<p>&nbsp;<\/p>\n<p>Si vous souhaitez que nous vous appelions, veuillez indiquer votre indicatif de pays, votre num\u00e9ro de t\u00e9l\u00e9phone et l\u2019heure souhait\u00e9e de l\u2019appel.<\/p>\n<p>Notre Chief Listening Officer est disponible pour r\u00e9pondre \u00e0 votre appel tous les jours de la semaine, de 10h \u00e0 20h (UTC+3h, GMT+2h)<\/p>\n<\/p>\r\n                    <\/div>\r\n                            <\/div>\r\n        <\/div>\r\n    <\/div>\r\n<\/section>\r\n\n\n\r\n<section class=\"contact-map\">\r\n    <div class=\"ivf-container section-content-wrap split\">\r\n\r\n        \r\n            <div class=\"map-wrap image\">\r\n                <div class=\"map scaleup-anim\">\r\n                    <iframe\r\n                        src=\"https:\/\/www.google.com\/maps\/embed?pb=!1m18!1m12!1m3!1d2222.3853987581615!2d23.789209290049126!3d38.025467957500204!2m3!1f0!2f0!3f0!3m2!1i1024!2i768!4f13.1!3m3!1m2!1s0x14a198f49c7959b7%3A0xcc6cc04fa162f2c5!2sLeof.%20Kifisias%205%2C%20Marousi%20151%2023!5e0!3m2!1sen!2sgr!4v1689256418246!5m2!1sen!2sgr\"\r\n                        width=\"600\" height=\"450\" style=\"border:0;\" allowfullscreen=\"\" loading=\"lazy\"\r\n                        referrerpolicy=\"no-referrer-when-downgrade\"><\/iframe>\r\n                <\/div>\r\n            <\/div>\r\n\r\n        \r\n        <div class=\"contact-form-wrap text\">\r\n\r\n            \n<div class=\"wpcf7 no-js\" id=\"wpcf7-f4980-o1\" lang=\"fr-FR\" dir=\"ltr\" data-wpcf7-id=\"4980\">\n<div class=\"screen-reader-response\"><p role=\"status\" aria-live=\"polite\" aria-atomic=\"true\"><\/p> <ul><\/ul><\/div>\n<form action=\"\/fr\/wp-json\/wp\/v2\/pages\/4977#wpcf7-f4980-o1\" method=\"post\" class=\"wpcf7-form init\" aria-label=\"Formulaire de contact\" novalidate=\"novalidate\" data-status=\"init\">\n<fieldset class=\"hidden-fields-container\"><input type=\"hidden\" name=\"_wpcf7\" value=\"4980\" \/><input type=\"hidden\" name=\"_wpcf7_version\" value=\"6.1.5\" \/><input type=\"hidden\" name=\"_wpcf7_locale\" value=\"fr_FR\" \/><input type=\"hidden\" name=\"_wpcf7_unit_tag\" value=\"wpcf7-f4980-o1\" \/><input type=\"hidden\" name=\"_wpcf7_container_post\" value=\"0\" \/><input type=\"hidden\" name=\"_wpcf7_posted_data_hash\" value=\"\" \/><input type=\"hidden\" name=\"_wpcf7_recaptcha_response\" value=\"\" \/>\n<\/fieldset>\n<div class=\"wrap no-cap\">\n    <p class=\"half-col\">\n        <label>\n            <span class=\"wpcf7-form-control-wrap\" data-name=\"your-name\"><input size=\"40\" maxlength=\"400\" class=\"wpcf7-form-control wpcf7-text wpcf7-validates-as-required\" autocomplete=\"name\" aria-required=\"true\" aria-invalid=\"false\" placeholder=\"Pr\u00e9nom*\" value=\"\" type=\"text\" name=\"your-name\" \/><\/span>\n        <\/label>\n    <\/p>\n    <p class=\"half-col\">\n        <label>\n            <span class=\"wpcf7-form-control-wrap\" data-name=\"lastname\"><input size=\"40\" maxlength=\"400\" class=\"wpcf7-form-control wpcf7-text wpcf7-validates-as-required\" autocomplete=\"name\" aria-required=\"true\" aria-invalid=\"false\" placeholder=\"Nom*\" value=\"\" type=\"text\" name=\"lastname\" \/><\/span>\n        <\/label>\n    <\/p>\n    <p class=\"half-col\">\n        <label>\n            <span class=\"wpcf7-form-control-wrap\" data-name=\"your-email\"><input size=\"40\" maxlength=\"400\" class=\"wpcf7-form-control wpcf7-email wpcf7-validates-as-required wpcf7-text wpcf7-validates-as-email\" autocomplete=\"email\" aria-required=\"true\" aria-invalid=\"false\" placeholder=\"Email*\" value=\"\" type=\"email\" name=\"your-email\" \/><\/span>\n        <\/label>\n    <\/p>\n    <p class=\"half-col\">\n        <label>\n            <span class=\"wpcf7-form-control-wrap\" data-name=\"your-country\"><input size=\"40\" maxlength=\"400\" class=\"wpcf7-form-control wpcf7-text wpcf7-validates-as-required\" autocomplete=\"country\" aria-required=\"true\" aria-invalid=\"false\" placeholder=\"Pays*\" value=\"\" type=\"text\" name=\"your-country\" \/><\/span>\n        <\/label>\n    <\/p>\n    <p>\n        <label>\n            <span class=\"wpcf7-form-control-wrap\" data-name=\"phone\"><input size=\"40\" maxlength=\"400\" class=\"wpcf7-form-control wpcf7-tel wpcf7-validates-as-required wpcf7-text wpcf7-validates-as-tel\" aria-required=\"true\" aria-invalid=\"false\" placeholder=\"T\u00e9l\u00e9phone\" value=\"\" type=\"tel\" name=\"phone\" \/><\/span>\n        <\/label>\n    <\/p>\n    <p>\n        <label>\n             <span class=\"wpcf7-form-control-wrap\" data-name=\"subject\"><input size=\"40\" maxlength=\"400\" class=\"wpcf7-form-control wpcf7-text wpcf7-validates-as-required\" aria-required=\"true\" aria-invalid=\"false\" placeholder=\"Sujet*\" value=\"\" type=\"text\" name=\"subject\" \/><\/span>\n        <\/label>\n    <\/p>\n    <p>\n        <label>\n             <span class=\"wpcf7-form-control-wrap\" data-name=\"message\"><textarea cols=\"40\" rows=\"4\" maxlength=\"2000\" class=\"wpcf7-form-control wpcf7-textarea\" aria-invalid=\"false\" placeholder=\"Votre message*\" name=\"message\"><\/textarea><\/span>\n        <\/label>\n    <\/p>\n\n    <span id=\"wpcf7-69d3a488a22bf-wrapper\" class=\"wpcf7-form-control-wrap honeypot-229-wrap\" style=\"display:none !important; visibility:hidden !important;\"><label for=\"wpcf7-69d3a488a22bf-field\" class=\"hp-message\">Veuillez laisser ce champ vide.<\/label><input id=\"wpcf7-69d3a488a22bf-field\"  class=\"wpcf7-form-control wpcf7-text\" type=\"text\" name=\"honeypot-229\" value=\"\" size=\"40\" tabindex=\"-1\" autocomplete=\"off\" \/><\/span>\n<\/div>\n<p class=\"submit-wrap\">\n    <input class=\"wpcf7-form-control wpcf7-submit has-spinner wpc7-submit linkmore\" type=\"submit\" value=\"ENVOYER\" \/>\n<\/p><div class=\"wpcf7-response-output\" aria-hidden=\"true\"><\/div>\n<\/form>\n<\/div>\n\r\n        <\/div>\r\n    <\/div>\r\n<\/section>\r\n\n\n\n<section class=\"contact-information light-turquoise reverse\">\n    <div class=\"ivf-container ivf-small-container section-title-wrap\">\n        <h3 class=\"section-title\">\n            Informations de contact        <\/h3>\n    <\/div>\n    <div class=\"ivf-container section-content-wrap\">\n        <div class=\"col-wrap\">\n            <div class=\"col\">\n                <div class=\"col-title\">\n                    <svg viewBox=\"0 0 350 350\">\n                        <path id=\"curve\" d=\"M43,175a132,132 0 0,1 264,0a132,132 0 0,1 -264,0\"><\/path>\n                        <text>\n                            <textPath xlink:href=\"#curve\" startOffset=\"25%\" text-anchor=\"middle\">\n                                notre adresse                            <\/textPath>\n                        <\/text>\n                    <\/svg>\n                <\/div>\n                <div class=\"col-info\">\n\n                                            <a href=\"https:\/\/www.google.com\/search?=Kifissias%20Ave.%205,%20Maroussi%20151%2023%20Athens,%20Greece\" target=\"_blank\" rel=\"noopener noreferrer\">\n                            Leof. Kifisias 5, Marousi 151 23<br \/>\r\n                        <\/a>\n                    \n                <\/div>\n            <\/div>\n            <div class=\"col\">\n                <div class=\"col-title\">\n                    <svg viewBox=\"0 0 350 350\">\n                        <path id=\"curve\" d=\"M43,175a132,132 0 0,1 264,0a132,132 0 0,1 -264,0\"><\/path>\n                        <text>\n                            <textPath xlink:href=\"#curve\" startOffset=\"25%\" text-anchor=\"middle\">\n                                notre adresse e-mail                            <\/textPath>\n                        <\/text>\n                    <\/svg>\n                <\/div>\n                <div class=\"col-info\">\n                                            <a href=\"mailto:&#099;lo&#064;i&#118;&#102;athe&#110;s&#099;&#101;&#110;&#116;&#101;r.&#103;&#114;\">\n                            clo&#064;&#105;&#118;&#102;&#097;&#116;&#104;&#101;&#110;&#115;&#099;&#101;&#110;t&#101;&#114;.&#103;&#114;                        <\/a>\n                                            <a href=\"mailto:inf&#111;&#064;&#105;v&#102;a&#116;he&#110;scen&#116;e&#114;&#046;gr\">\n                            &#105;nfo&#064;&#105;v&#102;&#097;&#116;h&#101;ns&#099;en&#116;e&#114;&#046;&#103;r                        <\/a>\n                                    <\/div>\n            <\/div>\n            <div class=\"col\">\n                <div class=\"col-title\">\n                    <svg viewBox=\"0 0 350 350\">\n                        <path id=\"curve\" d=\"\n                                M43,175\n                                a132,132 \n                                0 0,1 264,0\n                                a132,132 \n                                0 0,1 -264,0\"><\/path>\n                        <text>\n                            <textPath xlink:href=\"#curve\" startOffset=\"25%\" text-anchor=\"middle\">\n                                notre n\u00ba de t\u00e9l\u00e9phone                            <\/textPath>\n                        <\/text>\n                    <\/svg>\n                <\/div>\n                <div class=\"col-info\">\n\n                                            <a href=\"tel:302106859500\">\n                            (+30) 210 6859 500 \/ 502                        <\/a>\n                                            <a href=\"tel:306983073982\">\n                            (+30) 698 3073 982                        <\/a>\n                                            <a href=\"tel:302106859503\">\n                            (+30) 210 6859 503                        <\/a>\n                    \n                <\/div>\n            <\/div>\n            <div class=\"col\">\n                <div class=\"col-title\">\n                    <svg viewBox=\"0 0 350 350\">\n                        <path id=\"curve\" d=\"M43,175a132,132 0 0,1 264,0a132,132 0 0,1 -264,0\"><\/path>\n                        <text>\n                            <textPath xlink:href=\"#curve\" startOffset=\"25%\" text-anchor=\"middle\">\n                                nous suivre                            <\/textPath>\n                        <\/text>\n                    <\/svg>\n                <\/div>\n                <div class=\"col-info\">\n                        <div class=\"social-wrapper\">\n        <ul class=\"social\">\n                                            <li>\n                    <a href=\"https:\/\/www.facebook.com\/ivfathenscenter\/\" target=\"_blank\" rel=\"noopener noreferrer\" class=\"facebook\">\n                        https:\/\/www.facebook.com\/ivfathenscenter\/                    <\/a>\n                <\/li>\n                                            <li>\n                    <a href=\"https:\/\/www.linkedin.com\/company\/ivf-athens-center\" target=\"_blank\" rel=\"noopener noreferrer\" class=\"linkedin\">\n                        https:\/\/www.linkedin.com\/company\/ivf-athens-center                    <\/a>\n                <\/li>\n                                            <li>\n                    <a href=\"https:\/\/www.youtube.com\/channel\/UCbYG_uuca7w6Zm1vys5X-pQ\" target=\"_blank\" rel=\"noopener noreferrer\" class=\"youtube\">\n                        https:\/\/www.youtube.com\/channel\/UCbYG_uuca7w6Zm1vys5X-pQ                    <\/a>\n                <\/li>\n                                            <li>\n                    <a href=\"https:\/\/www.instagram.com\/ivfathenscenter\/\" target=\"_blank\" rel=\"noopener noreferrer\" class=\"instagram\">\n                        https:\/\/www.instagram.com\/ivfathenscenter\/                    <\/a>\n                <\/li>\n                    <\/ul>\n    <\/div>\n                    <\/div>\n            <\/div>\n        <\/div>\n    <\/div>\n<\/section>\n\n\n\n<section class=\"contact-details\">\n            <div class=\"ivf-container ivf-small-container section-title-wrap animate\">\n                <h3 class=\"section-title\">Comment se rendre \u00e0 l\u2019IVF Athens Center<\/h3>\n            <\/div>\n            <div class=\"ivf-container section-content-wrap split\">\n                <div class=\"image scaleup-anim scaleUpAnim\">\n                    <img decoding=\"async\" src=\"\/wp-content\/uploads\/2023\/08\/contact-image.png\" alt=\"contact\">\n                <\/div>\n                <div class=\"text\">\n                    <p class=\"text-title\">Depuis l\u2019A\u00e9roport International d\u2019Ath\u00e8nes :<\/p>\n                    <ul class=\"text-info\">\n                        <li><span class=\"medium\" style=\"font-weight: 500;\">Par le train de banlieue :<\/span>\n                            <br>\n                            Depuis la station \u00ab Airport \u00bb > station \u00ab Koropi \u00bb (non-stop, 6 minutes) Depuis la station \u00ab Koropi \u00bb > station \u00ab Nerantziotissa \u00bb (5 arr\u00eats, 20 minutes) De la station \u00ab Nerantziotissa \u00bb env. 11-12 minutes en voiture<\/li>\n                        <li><span class=\"medium\" style=\"font-weight: 500;\">En m\u00e9tro (ligne bleue M3, direction \u00ab Agia Marina \u00bb) : <\/span>\n                            <br>\n                            Depuis la Station \u00ab Airport \u00bb > station \u00ab Chalandri \u00bb (5 arr\u00eats, 23 minutes) De la station \u00ab Chalandri \u00bb env. 11-12 minutes en voiture<\/li>\n                        <li><span class=\"medium\" style=\"font-weight: 500;\">En bus :<\/span>\n                            <br>\n                            Ligne X93 \u00ab express \u00bb direction gare routi\u00e8re de Kifissos > station \u00ab Kifissias \u00bb, marcher 1 min jusqu&rsquo;\u00e0 la station \u00ab Vlastou \u00bb et bus 550 ou A7 ou X14; direction \u00ab centre \u00bb > station \u00ab Hygeia \u00bb (7 arr\u00eats, 10 min) puis marcher 2 min<\/li>\n                        <li><span class=\"medium\" style=\"font-weight: 500;\">En taxi<\/span> 25 minutes de trajet<\/li>\n                        <li><span class=\"medium\" style=\"font-weight: 500;\">By prearranged pick-up service<\/span>  (en fonction de l\u2019heure d\u2019arriv\u00e9e du vol)<\/li>\n                    <\/ul>\n                    <p class=\"text-title\">Depuis le centre d\u2019Ath\u00e8nes :<\/p>\n                    <ul class=\"text-info\">\n                        <li><span class=\"medium\" style=\"font-weight: 500;\">En m\u00e9tro (ligne bleue M3, direction \u00ab Doukissis Plakentias \u00bb ou \u00ab Airport \u00bb) : <\/span>\n                            <br>\n                            Depuis la station \u00ab Syntagma \u00bb > station \u00ab Chalandri \u00bb (10 arr\u00eats, 18 minutes) Depuis la station \u00ab Chalandri \u00bb env. 11-12 minutes en voiture<\/li>\n                    <\/ul>\n                <\/div>\n            <\/div>\n        <\/section>\n","protected":false},"excerpt":{"rendered":"<p>Comment se rendre \u00e0 l\u2019IVF Athens Center Depuis l\u2019A\u00e9roport International d\u2019Ath\u00e8nes : Par le train de banlieue : Depuis la station \u00ab Airport \u00bb > station \u00ab Koropi \u00bb (non-stop, 6 minutes) Depuis la station \u00ab Koropi \u00bb > station \u00ab Nerantziotissa \u00bb (5 arr\u00eats, 20 minutes) De la station \u00ab Nerantziotissa \u00bb env. 11-12 [&hellip;]<\/p>\n","protected":false},"author":1,"featured_media":0,"parent":0,"menu_order":0,"comment_status":"closed","ping_status":"closed","template":"","meta":{"_acf_changed":false,"footnotes":""},"class_list":["post-4977","page","type-page","status-publish","hentry"],"acf":[],"_links":{"self":[{"href":"https:\/\/ivfathenscenter.gr\/fr\/wp-json\/wp\/v2\/pages\/4977","targetHints":{"allow":["GET"]}}],"collection":[{"href":"https:\/\/ivfathenscenter.gr\/fr\/wp-json\/wp\/v2\/pages"}],"about":[{"href":"https:\/\/ivfathenscenter.gr\/fr\/wp-json\/wp\/v2\/types\/page"}],"author":[{"embeddable":true,"href":"https:\/\/ivfathenscenter.gr\/fr\/wp-json\/wp\/v2\/users\/1"}],"replies":[{"embeddable":true,"href":"https:\/\/ivfathenscenter.gr\/fr\/wp-json\/wp\/v2\/comments?post=4977"}],"version-history":[{"count":4,"href":"https:\/\/ivfathenscenter.gr\/fr\/wp-json\/wp\/v2\/pages\/4977\/revisions"}],"predecessor-version":[{"id":6646,"href":"https:\/\/ivfathenscenter.gr\/fr\/wp-json\/wp\/v2\/pages\/4977\/revisions\/6646"}],"wp:attachment":[{"href":"https:\/\/ivfathenscenter.gr\/fr\/wp-json\/wp\/v2\/media?parent=4977"}],"curies":[{"name":"wp","href":"https:\/\/api.w.org\/{rel}","templated":true}]}}