{"id":4944,"date":"2023-08-21T08:10:55","date_gmt":"2023-08-21T08:10:55","guid":{"rendered":"https:\/\/ivfathenscenter.gr\/psychological-counseling\/"},"modified":"2024-10-11T09:54:25","modified_gmt":"2024-10-11T09:54:25","slug":"soutien-et-suivi-phychologique","status":"publish","type":"page","link":"https:\/\/ivfathenscenter.gr\/fr\/soutien-et-suivi-phychologique\/","title":{"rendered":"Soutien et Suivi Psychologique"},"content":{"rendered":"\r\n<section class=\"title-section \" >\r\n    <div class=\"ivf-container\">\r\n        <div class=\"page-title-wrap \">\r\n            <div>\r\n                <h1 class=\"h2 page-title\">SOUTIEN PSYCHOLOGIQUE ET CONSEIL<\/h1>\r\n                            <\/div>\r\n        <\/div>\r\n    <\/div>\r\n<\/section>\r\n\n\n\n<section class=\" services-content psychological-counseling\">\n\n    \n    <div class=\"ivf-container  ivf-small-container section-content-wrap split\">\n\n                    <div class=\"image \">\n                <img loading=\"lazy\" decoding=\"async\" width=\"1024\" height=\"605\" src=\"https:\/\/ivfathenscenter.gr\/wp-content\/uploads\/2023\/08\/counseling-psychological-1024x605.png\" class=\"attachment-large size-large\" alt=\"\" srcset=\"https:\/\/ivfathenscenter.gr\/wp-content\/uploads\/2023\/08\/counseling-psychological-1024x605.png 1024w, https:\/\/ivfathenscenter.gr\/wp-content\/uploads\/2023\/08\/counseling-psychological-300x177.png 300w, https:\/\/ivfathenscenter.gr\/wp-content\/uploads\/2023\/08\/counseling-psychological-768x454.png 768w, https:\/\/ivfathenscenter.gr\/wp-content\/uploads\/2023\/08\/counseling-psychological-1536x908.png 1536w, https:\/\/ivfathenscenter.gr\/wp-content\/uploads\/2023\/08\/counseling-psychological.png 1613w\" sizes=\"auto, (max-width: 1024px) 100vw, 1024px\" \/>            <\/div>\n        \n        <div class=\"text\">\n            <p class=\"text__desc\">\n                <p>La f\u00e9condation in vitro (FIV) est un processus offrant aux couples confront\u00e9s \u00e0 des probl\u00e8mes de reproduction la possibilit\u00e9 de devenir parents. Les recherches et d\u00e9veloppements constants dans ce domaine augmentent de plus en plus l\u2019obtention de r\u00e9sultats positifs.<\/p>\n<p>&nbsp;<\/p>\n<p>N\u00e9anmoins, la FIV est un processus psychologiquement \u00e9puisant pour les deux partenaires. Un couple qui se tourne vers la FIV pour r\u00e9aliser son r\u00eave d\u2019avoir un enfant est g\u00e9n\u00e9ralement d\u00e9j\u00e0 \u00e9puis\u00e9 mentalement apr\u00e8s des mois, voire des ann\u00e9es d\u2019efforts infructueux. \u00c0 cela s&rsquo;ajoutent le stress et les peurs entourant les proc\u00e9dures et les r\u00e9sultats de la FIV, ainsi que les effets que les changements hormonaux auront in\u00e9vitablement sur l\u2019\u00e9tat psychologique de la femme. De plus, lorsque l\u2019infertilit\u00e9 est identifi\u00e9e comme provenant de l\u2019un des deux partenaires, il est fort probable que la faute soit imput\u00e9e, m\u00eame inconsciemment, \u00e0 l\u2019autre partenaire. Cela met la relation en grand p\u00e9ril.<\/p>\n<p>&nbsp;<\/p>\n<p>Le soutien psychologique pendant la FIV est extr\u00eamement b\u00e9n\u00e9fique pour les raisons suivantes :<\/p>\n<ul>\n<li>Les deux partenaires sont accompagn\u00e9s dans la gestion de leur stress et de leurs sentiments n\u00e9gatifs gr\u00e2ce \u00e0 une formation \u00e0 diverses techniques de relaxation<\/li>\n<li>La relation du couple est renforc\u00e9e contre les diff\u00e9rents facteurs de stress induits par la situation dans laquelle ils se trouvent<\/li>\n<li>Dans le cas d\u2019un cycle de FIV infructueux ou de l\u2019\u00e9chec d\u2019une grossesse, les sentiments de chagrin et d\u2019impuissance sont trait\u00e9s plus efficacement, donnant au couple la force de poursuivre ses efforts de FIV jusqu\u2019\u00e0 ce qu&rsquo;il atteigne son objectif<\/li>\n<li>Le couple est accompagn\u00e9 afin de prendre certaines d\u00e9cisions difficiles et complexes de mani\u00e8re plus sereine et lucide<\/li>\n<li>Les deux partenaires apprennent \u00e0 g\u00e9rer les pressions externes, par exemple de leur famille ou de leur cercle social, r\u00e9duisant ainsi les \u00e9motions n\u00e9gatives qu\u2019elles entra\u00eenent<\/li>\n<li>Pendant la grossesse, la future m\u00e8re est aid\u00e9e dans sa gestion du stress, de la peur, de l\u2019anxi\u00e9t\u00e9, de l\u2019humeur d\u00e9pressive, etc. qui r\u00e9sultent \u00e0 la fois de la tension psychologique inh\u00e9rente \u00e0 la situation, ainsi que de la fluctuation naturelle des niveaux d\u2019hormones, cons\u00e9quence de la situation d\u2019attente<\/li>\n<\/ul>\n<p>&nbsp;<\/p>\n<p>En conclusion, le soutien psychologique \u00e0 toutes les \u00e9tapes de la FIV est pr\u00e9cieux, car il r\u00e9duit les sympt\u00f4mes psychologiques n\u00e9gatifs chez les deux partenaires et, peut-\u00eatre plus important encore, prot\u00e8ge la relation du couple.<\/p>\n            <\/p>\n        <\/div>\n\n        \n    <\/div>\n\n        \n<\/section>\n\n\n","protected":false},"excerpt":{"rendered":"","protected":false},"author":1,"featured_media":0,"parent":0,"menu_order":0,"comment_status":"closed","ping_status":"closed","template":"","meta":{"_acf_changed":false,"footnotes":""},"class_list":["post-4944","page","type-page","status-publish","hentry"],"acf":[],"_links":{"self":[{"href":"https:\/\/ivfathenscenter.gr\/fr\/wp-json\/wp\/v2\/pages\/4944","targetHints":{"allow":["GET"]}}],"collection":[{"href":"https:\/\/ivfathenscenter.gr\/fr\/wp-json\/wp\/v2\/pages"}],"about":[{"href":"https:\/\/ivfathenscenter.gr\/fr\/wp-json\/wp\/v2\/types\/page"}],"author":[{"embeddable":true,"href":"https:\/\/ivfathenscenter.gr\/fr\/wp-json\/wp\/v2\/users\/1"}],"replies":[{"embeddable":true,"href":"https:\/\/ivfathenscenter.gr\/fr\/wp-json\/wp\/v2\/comments?post=4944"}],"version-history":[{"count":3,"href":"https:\/\/ivfathenscenter.gr\/fr\/wp-json\/wp\/v2\/pages\/4944\/revisions"}],"predecessor-version":[{"id":6607,"href":"https:\/\/ivfathenscenter.gr\/fr\/wp-json\/wp\/v2\/pages\/4944\/revisions\/6607"}],"wp:attachment":[{"href":"https:\/\/ivfathenscenter.gr\/fr\/wp-json\/wp\/v2\/media?parent=4944"}],"curies":[{"name":"wp","href":"https:\/\/api.w.org\/{rel}","templated":true}]}}