{"id":4941,"date":"2023-08-21T08:10:10","date_gmt":"2023-08-21T08:10:10","guid":{"rendered":"https:\/\/ivfathenscenter.gr\/donor-eggs-medical-screening\/"},"modified":"2024-10-16T06:24:03","modified_gmt":"2024-10-16T06:24:03","slug":"don-et-depistage-medical","status":"publish","type":"page","link":"https:\/\/ivfathenscenter.gr\/fr\/don-dovocytes\/don-et-depistage-medical\/","title":{"rendered":"Don d&rsquo;Ovocytes et D\u00e9pistage M\u00e9dical"},"content":{"rendered":"\r\n<section class=\"title-section  with-desc\" >\r\n    <div class=\"ivf-container\">\r\n        <div class=\"page-title-wrap \">\r\n            <div>\r\n                <h1 class=\"h2 page-title\">Don d&#039;Ovocytes et D\u00e9pistage M\u00e9dical<\/h1>\r\n                                    <div class=\"page-desc\">\r\n                        <p><p>Nous sommes l\u00e0 pour vous aider \u00e0 trouver la bonne donneuse d\u2019ovocytes et garantir une proc\u00e9dure de don d\u2019ovocytes fluide et s\u00fbre pour toutes les personnes impliqu\u00e9es.<\/p>\n<\/p>\r\n                    <\/div>\r\n                            <\/div>\r\n        <\/div>\r\n    <\/div>\r\n<\/section>\r\n\n\n\n<section class=\" services-content\">\n\n    \n    <div class=\"ivf-container  ivf-small-container section-content-wrap split\">\n\n                    <div class=\"image \">\n                <img loading=\"lazy\" decoding=\"async\" width=\"1008\" height=\"1024\" src=\"https:\/\/ivfathenscenter.gr\/wp-content\/uploads\/2023\/08\/donor-eggs-1-1008x1024.png\" class=\"attachment-large size-large\" alt=\"\" srcset=\"https:\/\/ivfathenscenter.gr\/wp-content\/uploads\/2023\/08\/donor-eggs-1-1008x1024.png 1008w, https:\/\/ivfathenscenter.gr\/wp-content\/uploads\/2023\/08\/donor-eggs-1-295x300.png 295w, https:\/\/ivfathenscenter.gr\/wp-content\/uploads\/2023\/08\/donor-eggs-1-768x780.png 768w, https:\/\/ivfathenscenter.gr\/wp-content\/uploads\/2023\/08\/donor-eggs-1.png 1050w\" sizes=\"auto, (max-width: 1008px) 100vw, 1008px\" \/>            <\/div>\n        \n        <div class=\"text\">\n            <p class=\"text__desc\">\n                <p>Un processus de s\u00e9lection approfondi est n\u00e9cessaire pour garantir que la donneuse choisie est en bonne sant\u00e9 et \u00e9ligible pour subir la proc\u00e9dure. De plus, le couple doit \u00e9galement subir un certain nombre de tests sanguins et hormonaux afin de se pr\u00e9parer au cycle de don.<\/p>\n<p>&nbsp;<\/p>\n<p>Ces tests comprennent des analyses de sang en laboratoire (groupe sanguin, formule sanguine compl\u00e8te) et des tests pour d\u00e9tecter d\u2019\u00e9ventuelles maladies infectieuses susceptibles d\u2019\u00eatre transmises \u00e0 l&rsquo;enfant\u00a0:<\/p>\n<p>&nbsp;<\/p>\n<ul>\n<li>VIH I,II<\/li>\n<li>H\u00e9patite B et C<\/li>\n<li>VDRL (test de d\u00e9pistage de la syphilis)<\/li>\n<li>CMV, Toxoplasma Ab, Rub\u00e9ole Ab<\/li>\n<li>ALPHA THALASSEMIA HBA1\/HBA2<\/li>\n<li>CYSTIC FIBROSIS CFTR<\/li>\n<li>KARYOTYPE (\u039a\u0391\u03a1\u03a5\u039f\u03a4\u03a5\u03a0\u039f\u03a3)<\/li>\n<li>SPINAL MUSCULAR ATROPHY SMN1<\/li>\n<li>GJB2 GENE<\/li>\n<\/ul>\n<p>&nbsp;<\/p>\n<p><strong><span style=\"color: #b02e85;font-weight: bold\">Examen gyn\u00e9cologique et pr\u00e9l\u00e8vements vaginaux<br \/>\nAnt\u00e9c\u00e9dents m\u00e9dicaux<\/span><\/strong> \u00e0 l\u2019\u00e9gard de tout probl\u00e8me h\u00e9r\u00e9ditaire<br \/>\n<strong><span style=\"color: #b02e85;font-weight: bold\">Bilan hormonal<\/span><\/strong><br \/>\n<strong><span style=\"color: #b02e85;font-weight: bold\">Diagnostic de sant\u00e9 mentale<\/span><\/strong><\/p>\n<p>&nbsp;<\/p>\n<p>\u00c0 l\u2019IVF Athens Center, nous effectuons davantage de tests m\u00e9dicaux (m\u00eame s\u2019ils ne sont pas exig\u00e9s par la loi grecque) et, en particulier<\/p>\n<p>&nbsp;<\/p>\n<p><strong><span style=\"color: #b02e85;font-weight: bold\">D\u00e9pistage des mutations des g\u00e8nes de la donneuse, \u00e0 l\u2019\u00e9gard de 27 maladies g\u00e9n\u00e9tiques<\/span><\/strong><\/p>\n            <\/p>\n        <\/div>\n\n        \n    <\/div>\n\n        \n<\/section>\n\n\n\n<section class=\" services-content services-content-last mb-fd-col-rev\">\n\n    \n    <div class=\"ivf-container  ivf-small-container section-content-wrap split\">\n\n        \n        <div class=\"text\">\n            <p class=\"text__desc\">\n                <p><strong><span style='color: #b02e85'>L\u00e9gislation sur la f\u00e9condation in-vitro h\u00e9t\u00e9rologue <\/span><\/strong><\/p>\n<p>&nbsp;<\/p>\n<p>Les femmes jusqu\u2019\u00e0 54 ans peuvent avoir acc\u00e8s \u00e0 tout processus de procr\u00e9ation m\u00e9dicalement assist\u00e9e apr\u00e8s avoir fourni un consentement \u00e9crit. Dans le cas de couples non mari\u00e9s ou de femmes c\u00e9libataires, un acte notari\u00e9 est n\u00e9cessaire pour qu\u2019ils puissent avoir acc\u00e8s \u00e0 la procr\u00e9ation assist\u00e9e. Le don de sperme est autoris\u00e9 pour les hommes jusqu\u2019\u00e0 40 ans, <span style='color: #b02e85'>tandis que les donneuses d\u2019ovocytes de l\u2019IVF Athens Center doivent \u00eatre \u00e2g\u00e9es de 30 ans au plus.<\/span> L\u2019utilisation de sperme congel\u00e9 est la seule autoris\u00e9e.<\/p>\n<p>&nbsp;<\/p>\n<p> L\u2019IVF Athens Center se conforme pleinement aux lois grecques sur la procr\u00e9ation assist\u00e9e. La r\u00e9cente loi (loi 4958\/2022) est consid\u00e9r\u00e9e comme extr\u00eamement importante car elle supprime l\u2019anonymat exclusif de la donneuse.<\/p>\n<p>&nbsp;<\/p>\n<p><b>La receveuse choisit si elle souhaite avoir une donneuse anonyme ou \u00e9ponyme.<\/b><\/p>\n            <\/p>\n        <\/div>\n\n                    <div class=\"image \">\n                <img loading=\"lazy\" decoding=\"async\" width=\"1000\" height=\"1000\" src=\"https:\/\/ivfathenscenter.gr\/wp-content\/uploads\/2023\/08\/donor-eggs-2.png\" class=\"attachment-large size-large\" alt=\"\" srcset=\"https:\/\/ivfathenscenter.gr\/wp-content\/uploads\/2023\/08\/donor-eggs-2.png 1000w, https:\/\/ivfathenscenter.gr\/wp-content\/uploads\/2023\/08\/donor-eggs-2-300x300.png 300w, https:\/\/ivfathenscenter.gr\/wp-content\/uploads\/2023\/08\/donor-eggs-2-150x150.png 150w, https:\/\/ivfathenscenter.gr\/wp-content\/uploads\/2023\/08\/donor-eggs-2-768x768.png 768w\" sizes=\"auto, (max-width: 1000px) 100vw, 1000px\" \/>            <\/div>\n        \n    <\/div>\n\n        \n<\/section>\n\n\n","protected":false},"excerpt":{"rendered":"","protected":false},"author":1,"featured_media":0,"parent":6302,"menu_order":0,"comment_status":"closed","ping_status":"closed","template":"","meta":{"_acf_changed":false,"footnotes":""},"class_list":["post-4941","page","type-page","status-publish","hentry"],"acf":[],"_links":{"self":[{"href":"https:\/\/ivfathenscenter.gr\/fr\/wp-json\/wp\/v2\/pages\/4941","targetHints":{"allow":["GET"]}}],"collection":[{"href":"https:\/\/ivfathenscenter.gr\/fr\/wp-json\/wp\/v2\/pages"}],"about":[{"href":"https:\/\/ivfathenscenter.gr\/fr\/wp-json\/wp\/v2\/types\/page"}],"author":[{"embeddable":true,"href":"https:\/\/ivfathenscenter.gr\/fr\/wp-json\/wp\/v2\/users\/1"}],"replies":[{"embeddable":true,"href":"https:\/\/ivfathenscenter.gr\/fr\/wp-json\/wp\/v2\/comments?post=4941"}],"version-history":[{"count":7,"href":"https:\/\/ivfathenscenter.gr\/fr\/wp-json\/wp\/v2\/pages\/4941\/revisions"}],"predecessor-version":[{"id":6763,"href":"https:\/\/ivfathenscenter.gr\/fr\/wp-json\/wp\/v2\/pages\/4941\/revisions\/6763"}],"up":[{"embeddable":true,"href":"https:\/\/ivfathenscenter.gr\/fr\/wp-json\/wp\/v2\/pages\/6302"}],"wp:attachment":[{"href":"https:\/\/ivfathenscenter.gr\/fr\/wp-json\/wp\/v2\/media?parent=4941"}],"curies":[{"name":"wp","href":"https:\/\/api.w.org\/{rel}","templated":true}]}}