{"id":4936,"date":"2023-08-21T08:08:51","date_gmt":"2023-08-21T08:08:51","guid":{"rendered":"https:\/\/ivfathenscenter.gr\/endometriosis\/"},"modified":"2024-10-11T09:41:01","modified_gmt":"2024-10-11T09:41:01","slug":"endometriose","status":"publish","type":"page","link":"https:\/\/ivfathenscenter.gr\/fr\/gynecologie\/endometriose\/","title":{"rendered":"Endom\u00e9triose"},"content":{"rendered":"\r\n<section class=\"title-section \" >\r\n    <div class=\"ivf-container\">\r\n        <div class=\"page-title-wrap \">\r\n            <div>\r\n                <h1 class=\"h2 page-title\">ENDOM\u00c9TRIOSE<\/h1>\r\n                            <\/div>\r\n        <\/div>\r\n    <\/div>\r\n<\/section>\r\n\n\n\n<section class=\" services-content\">\n\n    \n    <div class=\"ivf-container  ivf-small-container section-content-wrap split\">\n\n                    <div class=\"image \">\n                <img loading=\"lazy\" decoding=\"async\" width=\"1000\" height=\"1015\" src=\"https:\/\/ivfathenscenter.gr\/wp-content\/uploads\/2023\/08\/endometriosis-1.png\" class=\"attachment-large size-large\" alt=\"\" srcset=\"https:\/\/ivfathenscenter.gr\/wp-content\/uploads\/2023\/08\/endometriosis-1.png 1000w, https:\/\/ivfathenscenter.gr\/wp-content\/uploads\/2023\/08\/endometriosis-1-296x300.png 296w, https:\/\/ivfathenscenter.gr\/wp-content\/uploads\/2023\/08\/endometriosis-1-768x780.png 768w\" sizes=\"auto, (max-width: 1000px) 100vw, 1000px\" \/>            <\/div>\n        \n        <div class=\"text\">\n            <p class=\"text__desc\">\n                <p>L\u2019endom\u00e8tre est le tissu qui recouvre la cavit\u00e9 ut\u00e9rine, \u00e0 la mani\u00e8re d\u2019un tapis o\u00f9 l\u2019embryon vient s\u2019implanter. L\u2019endom\u00e9triose est une affection dans laquelle un tissu identique \u00e0 la paroi ut\u00e9rine (endom\u00e8tre) est d\u00e9tect\u00e9 hors de l\u2019ut\u00e9rus, en particulier dans la cavit\u00e9 pelvienne. Ce tissu peut se d\u00e9velopper dans des organes tels que les ovaires, l\u2019ut\u00e9rus, les parois intestinales et pelviennes, provoquant inflammation et douleur.<\/p>\n<p>&nbsp;<\/p>\n<p>Au cours de chaque cycle, lorsqu\u2019un ovocyte n\u2019est pas f\u00e9cond\u00e9 et qu\u2019aucune implantation ou grossesse ne se produit, la muqueuse interne de l\u2019ut\u00e9rus est rejet\u00e9e par un saignement, \u00e0 travers la cavit\u00e9 vaginale (r\u00e8gles ou menstruations). Mais en cas de rupture de la paroi ext\u00e9rieure de l\u2019ut\u00e9rus, le sang ne peut pas quitter le corps, cr\u00e9ant ainsi une inflammation et une douleur. L\u2019endom\u00e9triose peut affecter les femmes physiquement, socialement et mentalement. Les sympt\u00f4mes les plus courants sont la dysm\u00e9norrh\u00e9e et l\u2019ovulation douloureuse, les saignements anormaux, les douleurs pendant ou apr\u00e8s les rapports sexuels, les douleurs abdominales, la fatigue et \u00e9ventuellement l\u2019infertilit\u00e9.<\/p>\n<p>&nbsp;<\/p>\n<p>Environ 10% des femmes en \u00e2ge de procr\u00e9er pr\u00e9sentent des sympt\u00f4mes d\u2019endom\u00e9triose et 30 \u00e0 40% d\u2019entre elles pourraient ne jamais pouvoir avoir d\u2019enfants. Par ailleurs, 50% des femmes infertiles souffrent d\u2019endom\u00e9triose. \u00c0 l\u2019heure actuelle, il n\u2019existe aucun rem\u00e8de connu contre l\u2019endom\u00e9triose et le diagnostic repose sur la laparoscopie. Il est \u00e0 noter qu\u2019il faut en moyenne 8,5 ans apr\u00e8s l\u2019apparition des premiers sympt\u00f4mes, avant d\u2019obtenir un diagnostic complet.<\/p>\n<p>&nbsp;<\/p>\n<p>L\u2019ad\u00e9nomyose est une pathologie dans laquelle le tissu endom\u00e9trial p\u00e9n\u00e8tre dans la paroi de l\u2019ut\u00e9rus. Elle survient chez les femmes en \u00e2ge de procr\u00e9er et constitue une maladie b\u00e9nigne. Il existe parfois des sympt\u00f4mes tels que des douleurs pendant les r\u00e8gles (dysm\u00e9norrh\u00e9e), une augmentation du flux sanguin pendant les r\u00e8gles et \u00e9galement une augmentation de la taille de l\u2019ut\u00e9rus. Diverses th\u00e9ories ont \u00e9t\u00e9 avanc\u00e9es concernant l\u2019ad\u00e9nomyose, comme les facteurs g\u00e9n\u00e9tiques associ\u00e9s au d\u00e9veloppement ut\u00e9rin du f\u0153tus au cours des premiers mois de la grossesse.<\/p>\n            <\/p>\n        <\/div>\n\n        \n    <\/div>\n\n        \n<\/section>\n\n\n\n<section class=\" services-content services-content-2 mb-fd-col-rev\">\n\n    \n    <div class=\"ivf-container  ivf-small-container section-content-wrap split\">\n\n        \n        <div class=\"text\">\n            <p class=\"text__desc\">\n                <p>D\u2019autres consid\u00e8rent que la rupture de la couche entre l\u2019endom\u00e8tre et le myom\u00e8tre lors d&rsquo;une intervention chirurgicale permet la p\u00e9n\u00e9tration des cellules de l\u2019endom\u00e8tre dans le myom\u00e8tre. Depuis peu, la technologie de pointe de l\u2019\u00e9chographie 3D et de l\u2019IRM permet de confirmer l\u2019existence de l\u2019ad\u00e9nomyose.<\/p>\n<p>Ces m\u00e9thodes d\u2019imagerie indolore, combin\u00e9es \u00e0 l\u2019histopathologie, nous aident \u00e0 classer l\u2019ad\u00e9nomyose en 2 cat\u00e9gories : focale, pr\u00e9sentant un aspect tumoral b\u00e9nin organis\u00e9 (ad\u00e9nomyome), et diffuse.<\/p>\n<p>&nbsp;<\/p>\n<p>Les femmes atteintes d&rsquo;ad\u00e9nomyose ont tendance \u00e0 pr\u00e9senter un taux accru d\u2019infertilit\u00e9 et de fausses couches par rapport aux femmes du m\u00eame \u00e2ge et du m\u00eame profil reproductif g\u00e9n\u00e9ral. Cela est d\u00fb \u00e0 des alt\u00e9rations du microenvironnement de l\u2019ut\u00e9rus qui n\u2019est plus r\u00e9ceptif \u00e0 l\u2019implantation d\u2019embryons. Concernant les fausses couches, elles sont principalement li\u00e9es \u00e0 des changements de facteurs hormonaux et \u00e0 des perturbations de la microcirculation de la cavit\u00e9 endom\u00e9triale.<\/p>\n<p>Ainsi, le sp\u00e9cialiste de la fertilit\u00e9 doit mettre en \u00e9vidence l\u2019existence d&rsquo;une ad\u00e9nomyose du couple infertile et mettre en place une strat\u00e9gie appropri\u00e9e afin d\u2019obtenir une grossesse dans les meilleurs d\u00e9lais.<\/p>\n<p>&nbsp;<\/p>\n<p>L\u2019approche peut \u00eatre pharmaceutique, chirurgicale \u2013 laparoscopique ou simplement consister en attendre, c\u2019est-\u00e0-dire que dans le cas d\u2019un jeune couple infertile sans autres facteurs coexistants, l\u2019attente et la surveillance pourraient \u00e9ventuellement apporter les r\u00e9sultats souhait\u00e9s.<\/p>\n<p>&nbsp;<\/p>\n<p>L\u2019existence d&rsquo;une ad\u00e9nomyose coexiste dans la majorit\u00e9 des cas avec l\u2019endom\u00e9triose. L\u2019endom\u00e9triose et l\u2019ad\u00e9nomyose restent encore une \u00e9nigme m\u00e9dicale quant \u00e0 leur m\u00e9canisme physiopathologique et leur apparition n\u2019a pas \u00e9t\u00e9 enti\u00e8rement \u00e9lucid\u00e9e. La prise en charge des couples infertiles doit \u00eatre minutieuse, afin d\u2019obtenir le meilleur r\u00e9sultat possible.<\/p>\n            <\/p>\n        <\/div>\n\n                    <div class=\"image \">\n                <img loading=\"lazy\" decoding=\"async\" width=\"1024\" height=\"868\" src=\"https:\/\/ivfathenscenter.gr\/wp-content\/uploads\/2023\/08\/endometriosis-2-1024x868.png\" class=\"attachment-large size-large\" alt=\"\" srcset=\"https:\/\/ivfathenscenter.gr\/wp-content\/uploads\/2023\/08\/endometriosis-2-1024x868.png 1024w, https:\/\/ivfathenscenter.gr\/wp-content\/uploads\/2023\/08\/endometriosis-2-300x254.png 300w, https:\/\/ivfathenscenter.gr\/wp-content\/uploads\/2023\/08\/endometriosis-2-768x651.png 768w, https:\/\/ivfathenscenter.gr\/wp-content\/uploads\/2023\/08\/endometriosis-2.png 1180w\" sizes=\"auto, (max-width: 1024px) 100vw, 1024px\" \/>            <\/div>\n        \n    <\/div>\n\n        \n<\/section>\n\n\n","protected":false},"excerpt":{"rendered":"","protected":false},"author":1,"featured_media":0,"parent":6182,"menu_order":0,"comment_status":"closed","ping_status":"closed","template":"","meta":{"_acf_changed":false,"footnotes":""},"class_list":["post-4936","page","type-page","status-publish","hentry"],"acf":[],"_links":{"self":[{"href":"https:\/\/ivfathenscenter.gr\/fr\/wp-json\/wp\/v2\/pages\/4936","targetHints":{"allow":["GET"]}}],"collection":[{"href":"https:\/\/ivfathenscenter.gr\/fr\/wp-json\/wp\/v2\/pages"}],"about":[{"href":"https:\/\/ivfathenscenter.gr\/fr\/wp-json\/wp\/v2\/types\/page"}],"author":[{"embeddable":true,"href":"https:\/\/ivfathenscenter.gr\/fr\/wp-json\/wp\/v2\/users\/1"}],"replies":[{"embeddable":true,"href":"https:\/\/ivfathenscenter.gr\/fr\/wp-json\/wp\/v2\/comments?post=4936"}],"version-history":[{"count":1,"href":"https:\/\/ivfathenscenter.gr\/fr\/wp-json\/wp\/v2\/pages\/4936\/revisions"}],"predecessor-version":[{"id":4940,"href":"https:\/\/ivfathenscenter.gr\/fr\/wp-json\/wp\/v2\/pages\/4936\/revisions\/4940"}],"up":[{"embeddable":true,"href":"https:\/\/ivfathenscenter.gr\/fr\/wp-json\/wp\/v2\/pages\/6182"}],"wp:attachment":[{"href":"https:\/\/ivfathenscenter.gr\/fr\/wp-json\/wp\/v2\/media?parent=4936"}],"curies":[{"name":"wp","href":"https:\/\/api.w.org\/{rel}","templated":true}]}}