{"id":4921,"date":"2023-08-21T08:06:23","date_gmt":"2023-08-21T08:06:23","guid":{"rendered":"https:\/\/ivfathenscenter.gr\/hysteroscopy\/"},"modified":"2024-10-11T09:43:19","modified_gmt":"2024-10-11T09:43:19","slug":"hysteroscopie","status":"publish","type":"page","link":"https:\/\/ivfathenscenter.gr\/fr\/gynecologie\/hysteroscopie\/","title":{"rendered":"Hyst\u00e9roscopie"},"content":{"rendered":"\r\n<section class=\"title-section \" >\r\n    <div class=\"ivf-container\">\r\n        <div class=\"page-title-wrap \">\r\n            <div>\r\n                <h1 class=\"h2 page-title\">HYST\u00c9ROSCOPIE<\/h1>\r\n                            <\/div>\r\n        <\/div>\r\n    <\/div>\r\n<\/section>\r\n\n\n\n<section class=\" services-content\">\n\n    \n    <div class=\"ivf-container  ivf-small-container section-content-wrap split\">\n\n                    <div class=\"image \">\n                <img loading=\"lazy\" decoding=\"async\" width=\"1000\" height=\"1000\" src=\"https:\/\/ivfathenscenter.gr\/wp-content\/uploads\/2023\/08\/hysterosopy.png\" class=\"attachment-large size-large\" alt=\"\" srcset=\"https:\/\/ivfathenscenter.gr\/wp-content\/uploads\/2023\/08\/hysterosopy.png 1000w, https:\/\/ivfathenscenter.gr\/wp-content\/uploads\/2023\/08\/hysterosopy-300x300.png 300w, https:\/\/ivfathenscenter.gr\/wp-content\/uploads\/2023\/08\/hysterosopy-150x150.png 150w, https:\/\/ivfathenscenter.gr\/wp-content\/uploads\/2023\/08\/hysterosopy-768x768.png 768w\" sizes=\"auto, (max-width: 1000px) 100vw, 1000px\" \/>            <\/div>\n        \n        <div class=\"text\">\n            <p class=\"text__desc\">\n                <p><strong><span style=\"color: #b02e85\">L&rsquo;hyst\u00e9roscopie<\/span><\/strong> est l\u2019exploration visuelle de l\u2019ut\u00e9rus permettant de d\u00e9tecter et de traiter les pathologies de l\u2019endom\u00e8tre, la zone o\u00f9 l\u2019embryon va s\u2019implanter.<\/p>\n<p>&nbsp;<\/p>\n<p>Quelles sont les indications d\u00bbune hyst\u00e9roscopie op\u00e9ratoire :<\/p>\n<ul>\n<li style=\"font-weight: 400\">Polypes de l&rsquo;endom\u00e8tre<\/li>\n<li style=\"font-weight: 400\">Fibromes<\/li>\n<li style=\"font-weight: 400\">Adh\u00e9rences<\/li>\n<li style=\"font-weight: 400\">M\u00e9taplasie ost\u00e9\u00efde de l&rsquo;endom\u00e8tre<\/li>\n<li style=\"font-weight: 400\">Et des anomalies anatomiques ut\u00e9rines, telles que : Ut\u00e9rus bicorne et ut\u00e9rus septum<\/li>\n<\/ul>\n<p>&nbsp;<\/p>\n<p><span style=\"font-weight: 400\">Pendant l\u2019hyst\u00e9roscopie, un instrument sp\u00e9cial (hyst\u00e9roscope) est ins\u00e9r\u00e9 dans le vagin et le col de l\u2019ut\u00e9rus, l\u2019administration d\u2019une anesth\u00e9sie \u00e9tant \u00e0 cette fin n\u00e9cessaire. La r\u00e9cup\u00e9ration est imm\u00e9diate et la femme peut reprendre ses activit\u00e9s normales le jour m\u00eame. <\/span><\/p>\n<p>&nbsp;<\/p>\n<p><span style=\"font-weight: 400\">L\u2019hyst\u00e9roscopie diagnostique suit la m\u00eame proc\u00e9dure puisque l\u2019hyst\u00e9roscope est ins\u00e9r\u00e9 \u00e0 travers le col jusqu&rsquo;\u00e0 la cavit\u00e9 ut\u00e9rine, sous s\u00e9dation afin d\u00bb\u00e9viter tout inconfort. <\/span><\/p>\n<p>&nbsp;<\/p>\n<p><span style=\"font-weight: 400\">En particulier en cas de tentatives r\u00e9p\u00e9t\u00e9es et infructueuses de f\u00e9condation in vitro, l\u2019hyst\u00e9roscopie est impos\u00e9e, permettant de d\u00e9tecter et de traiter les anomalies anatomiques de la cavit\u00e9 ut\u00e9rine. <\/span><\/p>\n<p>&nbsp;<\/p>\n<p><span style=\"font-weight: 400\">La correction hyst\u00e9roscopique de ces anomalies permet d\u2019aboutir plus rapidement au r\u00e9sultat souhait\u00e9, \u00e0 savoir la grossesse et l\u2019accouchement. <\/span><\/p>\n<p>&nbsp;<\/p>\n<p><span style=\"font-weight: 400\">Les \u00e9tudes m\u00e9dicales r\u00e9centes r\u00e9v\u00e8lent que les transferts d\u2019embryons chez les femmes ayant subi une hyst\u00e9roscopie donnent des pourcentages plus \u00e9lev\u00e9s de tests de grossesse positifs et de r\u00e9sultats de naissances vivantes, qu\u2019il s\u2019agisse d\u2019hyst\u00e9roscopies diagnostiques ou op\u00e9ratoires. <\/span><\/p>\n<p>&nbsp;<\/p>\n<p>Cette technique simple est n\u00e9anmoins fiable et efficace, \u00e9conomique et facilement tol\u00e9r\u00e9e par chaque femme.<\/p>\n            <\/p>\n        <\/div>\n\n        \n    <\/div>\n\n        \n<\/section>\n\n\n","protected":false},"excerpt":{"rendered":"","protected":false},"author":1,"featured_media":0,"parent":6182,"menu_order":0,"comment_status":"closed","ping_status":"closed","template":"","meta":{"_acf_changed":false,"footnotes":""},"class_list":["post-4921","page","type-page","status-publish","hentry"],"acf":[],"_links":{"self":[{"href":"https:\/\/ivfathenscenter.gr\/fr\/wp-json\/wp\/v2\/pages\/4921","targetHints":{"allow":["GET"]}}],"collection":[{"href":"https:\/\/ivfathenscenter.gr\/fr\/wp-json\/wp\/v2\/pages"}],"about":[{"href":"https:\/\/ivfathenscenter.gr\/fr\/wp-json\/wp\/v2\/types\/page"}],"author":[{"embeddable":true,"href":"https:\/\/ivfathenscenter.gr\/fr\/wp-json\/wp\/v2\/users\/1"}],"replies":[{"embeddable":true,"href":"https:\/\/ivfathenscenter.gr\/fr\/wp-json\/wp\/v2\/comments?post=4921"}],"version-history":[{"count":1,"href":"https:\/\/ivfathenscenter.gr\/fr\/wp-json\/wp\/v2\/pages\/4921\/revisions"}],"predecessor-version":[{"id":4924,"href":"https:\/\/ivfathenscenter.gr\/fr\/wp-json\/wp\/v2\/pages\/4921\/revisions\/4924"}],"up":[{"embeddable":true,"href":"https:\/\/ivfathenscenter.gr\/fr\/wp-json\/wp\/v2\/pages\/6182"}],"wp:attachment":[{"href":"https:\/\/ivfathenscenter.gr\/fr\/wp-json\/wp\/v2\/media?parent=4921"}],"curies":[{"name":"wp","href":"https:\/\/api.w.org\/{rel}","templated":true}]}}