{"id":4907,"date":"2023-08-21T08:09:34","date_gmt":"2023-08-21T08:09:34","guid":{"rendered":"https:\/\/ivfathenscenter.gr\/egg-donation-process\/"},"modified":"2025-07-24T09:12:35","modified_gmt":"2025-07-24T09:12:35","slug":"processus","status":"publish","type":"page","link":"https:\/\/ivfathenscenter.gr\/fr\/don-dovocytes\/processus\/","title":{"rendered":"Processus de Don d&rsquo;Ovocytes"},"content":{"rendered":"\r\n<section class=\"title-section  with-desc\" >\r\n    <div class=\"ivf-container\">\r\n        <div class=\"page-title-wrap \">\r\n            <div>\r\n                <h1 class=\"h2 page-title\">Processus de Don d&#039;Ovocytes<\/h1>\r\n                                    <div class=\"page-desc\">\r\n                        <p><p>Une proc\u00e9dure de don d\u2019ovocytes tout compris et sans stress en Gr\u00e8ce, comprenant des soins m\u00e9dicaux, un h\u00e9bergement et un transport de premier ordre.<\/p>\n<\/p>\r\n                    <\/div>\r\n                            <\/div>\r\n        <\/div>\r\n    <\/div>\r\n<\/section>\r\n\n\n\n<section class=\" services-content\">\n\n    \n    <div class=\"ivf-container  ivf-small-container section-content-wrap split\">\n\n                    <div class=\"image \">\n                <img loading=\"lazy\" decoding=\"async\" width=\"1024\" height=\"928\" src=\"https:\/\/ivfathenscenter.gr\/wp-content\/uploads\/2023\/08\/egg-donation-process-1-1024x928.png\" class=\"attachment-large size-large\" alt=\"\" srcset=\"https:\/\/ivfathenscenter.gr\/wp-content\/uploads\/2023\/08\/egg-donation-process-1-1024x928.png 1024w, https:\/\/ivfathenscenter.gr\/wp-content\/uploads\/2023\/08\/egg-donation-process-1-300x272.png 300w, https:\/\/ivfathenscenter.gr\/wp-content\/uploads\/2023\/08\/egg-donation-process-1-768x696.png 768w, https:\/\/ivfathenscenter.gr\/wp-content\/uploads\/2023\/08\/egg-donation-process-1.png 1200w\" sizes=\"auto, (max-width: 1024px) 100vw, 1024px\" \/>            <\/div>\n        \n        <div class=\"text\">\n            <p class=\"text__desc\">\n                <p>La d\u00e9cision d\u2019avoir recours au mat\u00e9riel g\u00e9n\u00e9tique d\u2019un donneur est une question tr\u00e8s sensible qui n\u00e9cessite une attention et un examen approfondis. Notre vaste exp\u00e9rience garantit que tous les aspects juridiques et sanitaires sont couverts et que chaque patient ou donneur est trait\u00e9 de mani\u00e8re anonyme et en toute discr\u00e9tion. Les couples venant de l\u2019\u00e9tranger b\u00e9n\u00e9ficieront, outre d\u2019une aide th\u00e9rapeutique m\u00e9ticuleuse, d\u2019un traitement tout compris comprenant l\u2019h\u00e9bergement et le transport.<\/p>\n<p>&nbsp;<\/p>\n<p>Le processus de don d\u2019ovocytes commence g\u00e9n\u00e9ralement par une premi\u00e8re consultation pour le couple qui peut \u00eatre effectu\u00e9e par t\u00e9l\u00e9phone, via Skype ou dans notre clinique de fertilit\u00e9, afin que vous puissiez rencontrer notre \u00e9quipe et vous familiariser avec les lieux. Nous vous expliquerons l\u2019ensemble du processus, passerons en revue vos ant\u00e9c\u00e9dents m\u00e9dicaux et vous indiquerons si le don d\u2019ovocytes est le choix appropri\u00e9 pour vous. Toutes les autres questions pertinentes, y compris le co\u00fbt, seront discut\u00e9es.<\/p>\n<p>&nbsp;<\/p>\n<p>Les femmes doivent subir une surveillance \u00e9chographique de leur muqueuse ut\u00e9rine soit le jour m\u00eame \u00e0 la clinique, soit sur leur lieu de r\u00e9sidence, et les deux partenaires subiront certains tests sanguins n\u00e9cessaires \u00e0 la proc\u00e9dure.<\/p>\n<p>&nbsp;<\/p>\n<p>Une fois les premi\u00e8res \u00e9tapes franchies, deux options s\u2019offrent g\u00e9n\u00e9ralement au couple\u00a0:<\/p>\n<p>&nbsp;<\/p>\n<ul>\n<li>Le conjoint doit se pr\u00e9senter \u00e0 la clinique la veille du pr\u00e9l\u00e8vement des ovocytes de la donneuse pour nous fournir un \u00e9chantillon de sperme \u00e0 analyser. L&rsquo;\u00e9chantillon peut \u00e9galement \u00eatre congel\u00e9 pour une utilisation ult\u00e9rieure. La conjointe peut se pr\u00e9senter la veille du transfert d\u2019embryon.<\/li>\n<li>Les deux partenaires peuvent se rendre \u00e0 Ath\u00e8nes et y rester tout au long de la proc\u00e9dure (s\u00e9jour prolong\u00e9) : pr\u00e9l\u00e8vement d\u2019ovocytes et transfert d\u2019embryons. Cette option prend g\u00e9n\u00e9ralement jusqu\u2019\u00e0 deux semaines, toujours en fonction du moment o\u00f9 la donneuse commencera sa stimulation ovarienne.<\/li>\n<\/ul>\n            <\/p>\n        <\/div>\n\n        \n    <\/div>\n\n        \n<\/section>\n\n\n\n<section class=\" services-content services-content-2 mb-fd-col-rev\">\n\n    \n    <div class=\"ivf-container  ivf-small-container section-content-wrap split\">\n\n        \n        <div class=\"text\">\n            <p class=\"text__desc\">\n                <p>Apr\u00e8s le transfert d\u2019embryons, la femme reste alit\u00e9e pendant environ une demi-heure, puis elle peut rentrer chez elle, o\u00f9, prenant les m\u00e9dicaments appropri\u00e9s, elle doit se reposer et limiter les activit\u00e9s trop fatigantes. <\/p>\n<p>En cas de fausses couches \u00e0 r\u00e9p\u00e9tition ou d\u2019indications post-\u00e9chographiques (polypes, fibromes etc), nous vous proposons de subir une hyst\u00e9roscopie qui permettra de mieux examiner l\u2019int\u00e9rieur de l\u2019ut\u00e9rus.<\/p>\n<p>&nbsp;<\/p>\n<p><strong><span style=\"color: #b02e85\">Le processus de don d\u2019ovocytes \u2013 Cycle\u00a0<\/span><\/strong><\/p>\n<p>&nbsp;<\/p>\n<p>Afin de pr\u00e9parer le corps de la m\u00e8re \u00e0 la grossesse, celle-ci doit subir une induction hormonale. Apr\u00e8s l\u2019\u00e9valuation hormonale, vous recevrez des \u0153strog\u00e8nes et d\u2019autres suppl\u00e9ments visant \u00e0 pr\u00e9parer l\u2019endom\u00e8tre. Cela se fait en synchronisation avec le d\u00e9but du traitement de stimulation ovarienne de la donneuse d\u2019ovocytes, ou sera d\u00e9termin\u00e9 par votre protocole personnalis\u00e9. Gr\u00e2ce \u00e0 des analyses de sang et des \u00e9chographies fr\u00e9quentes, nous pouvons surveiller votre muqueuse ut\u00e9rine pour garantir une parfaite r\u00e9ceptivit\u00e9 \u00e0 vos embryons. Si vous le pr\u00e9f\u00e9rez, les analyses de sang et les \u00e9chographies peuvent \u00eatre r\u00e9alis\u00e9es dans votre pays et nous \u00eatre envoy\u00e9es par e-mail.<\/p>\n<p>&nbsp;<\/p>\n<p>Le jour du pr\u00e9l\u00e8vement des ovocytes de votre donneuse, un \u00e9chantillon de sperme de votre partenaire sera fourni pour f\u00e9conder les ovocytes frais, ou nous utiliserons l\u2019\u00e9chantillon de sperme congel\u00e9 puis d\u00e9congel\u00e9 qu\u2019il aura fourni au pr\u00e9alable. Vous recevrez \u00e9galement ce jour-l\u00e0 une injection de progest\u00e9rone ou un suppositoire vaginal. Environ trois (3) \u00e0 cinq (5) jours apr\u00e8s la f\u00e9condation, les embryons seront transf\u00e9r\u00e9s dans votre ut\u00e9rus. Il vous sera demand\u00e9 de faire un test de grossesse entre le dixi\u00e8me (10) et le douzi\u00e8me (12) jour, pour v\u00e9rifier si l\u2019implantation de l\u2019embryon a r\u00e9ussi. Si le test est positif, vous devrez continuer le traitement aux \u0153strog\u00e8nes et \u00e0 la progest\u00e9rone pendant encore deux mois. Selon votre protocole, des m\u00e9dicaments suppl\u00e9mentaires pourront \u00e9galement vous \u00eatre administr\u00e9s.<\/p>\n            <\/p>\n        <\/div>\n\n                    <div class=\"image \">\n                <img loading=\"lazy\" decoding=\"async\" width=\"1000\" height=\"1000\" src=\"https:\/\/ivfathenscenter.gr\/wp-content\/uploads\/2023\/08\/egg-donation-process-2.png\" class=\"attachment-large size-large\" alt=\"\" srcset=\"https:\/\/ivfathenscenter.gr\/wp-content\/uploads\/2023\/08\/egg-donation-process-2.png 1000w, https:\/\/ivfathenscenter.gr\/wp-content\/uploads\/2023\/08\/egg-donation-process-2-300x300.png 300w, https:\/\/ivfathenscenter.gr\/wp-content\/uploads\/2023\/08\/egg-donation-process-2-150x150.png 150w, https:\/\/ivfathenscenter.gr\/wp-content\/uploads\/2023\/08\/egg-donation-process-2-768x768.png 768w\" sizes=\"auto, (max-width: 1000px) 100vw, 1000px\" \/>            <\/div>\n        \n    <\/div>\n\n            <a href=\"https:\/\/ivfathenscenter.gr\/fr\/faqs\/\" class=\"linkmore\">FAQ sur le don d\u2019ovocytes <\/a>\n        \n<\/section>\n\n\n","protected":false},"excerpt":{"rendered":"","protected":false},"author":1,"featured_media":0,"parent":6302,"menu_order":0,"comment_status":"closed","ping_status":"closed","template":"","meta":{"_acf_changed":false,"footnotes":""},"class_list":["post-4907","page","type-page","status-publish","hentry"],"acf":[],"_links":{"self":[{"href":"https:\/\/ivfathenscenter.gr\/fr\/wp-json\/wp\/v2\/pages\/4907","targetHints":{"allow":["GET"]}}],"collection":[{"href":"https:\/\/ivfathenscenter.gr\/fr\/wp-json\/wp\/v2\/pages"}],"about":[{"href":"https:\/\/ivfathenscenter.gr\/fr\/wp-json\/wp\/v2\/types\/page"}],"author":[{"embeddable":true,"href":"https:\/\/ivfathenscenter.gr\/fr\/wp-json\/wp\/v2\/users\/1"}],"replies":[{"embeddable":true,"href":"https:\/\/ivfathenscenter.gr\/fr\/wp-json\/wp\/v2\/comments?post=4907"}],"version-history":[{"count":10,"href":"https:\/\/ivfathenscenter.gr\/fr\/wp-json\/wp\/v2\/pages\/4907\/revisions"}],"predecessor-version":[{"id":15446,"href":"https:\/\/ivfathenscenter.gr\/fr\/wp-json\/wp\/v2\/pages\/4907\/revisions\/15446"}],"up":[{"embeddable":true,"href":"https:\/\/ivfathenscenter.gr\/fr\/wp-json\/wp\/v2\/pages\/6302"}],"wp:attachment":[{"href":"https:\/\/ivfathenscenter.gr\/fr\/wp-json\/wp\/v2\/media?parent=4907"}],"curies":[{"name":"wp","href":"https:\/\/api.w.org\/{rel}","templated":true}]}}