{"id":4874,"date":"2023-08-21T08:05:31","date_gmt":"2023-08-21T08:05:31","guid":{"rendered":"https:\/\/ivfathenscenter.gr\/testicular-biopsy\/"},"modified":"2024-10-11T09:33:58","modified_gmt":"2024-10-11T09:33:58","slug":"biopsie-testiculaire","status":"publish","type":"page","link":"https:\/\/ivfathenscenter.gr\/fr\/infertilite\/biopsie-testiculaire\/","title":{"rendered":"Biopsie Testiculaire"},"content":{"rendered":"\n<p><\/p>\n\n\n\r\n<section class=\"title-section \" >\r\n    <div class=\"ivf-container\">\r\n        <div class=\"page-title-wrap \">\r\n            <div>\r\n                <h1 class=\"h2 page-title\">BIOPSIE TESTICULAIRE<\/h1>\r\n                            <\/div>\r\n        <\/div>\r\n    <\/div>\r\n<\/section>\r\n\n\n\n<section class=\" services-content\">\n\n    \n    <div class=\"ivf-container  ivf-small-container section-content-wrap split\">\n\n                    <div class=\"image \">\n                <img loading=\"lazy\" decoding=\"async\" width=\"1024\" height=\"730\" src=\"https:\/\/ivfathenscenter.gr\/wp-content\/uploads\/2023\/08\/testicular-biopsy-1024x730.png\" class=\"attachment-large size-large\" alt=\"\" srcset=\"https:\/\/ivfathenscenter.gr\/wp-content\/uploads\/2023\/08\/testicular-biopsy-1024x730.png 1024w, https:\/\/ivfathenscenter.gr\/wp-content\/uploads\/2023\/08\/testicular-biopsy-300x214.png 300w, https:\/\/ivfathenscenter.gr\/wp-content\/uploads\/2023\/08\/testicular-biopsy-768x547.png 768w, https:\/\/ivfathenscenter.gr\/wp-content\/uploads\/2023\/08\/testicular-biopsy.png 1231w\" sizes=\"auto, (max-width: 1024px) 100vw, 1024px\" \/>            <\/div>\n        \n        <div class=\"text\">\n            <p class=\"text__desc\">\n                <p><strong><span style=\"color: #b02e85\">L&rsquo;azoospermie ou manque de spermatozo\u00efdes dans le liquide s\u00e9minal<\/span><\/strong> est la forme la plus grave d\u2019infertilit\u00e9 masculine.<\/p>\n<p>&nbsp;<\/p>\n<p>Les spermatozo\u00efdes sont produits dans les testicules et acqui\u00e8rent leur motilit\u00e9 et leur maturit\u00e9 finale au cours de leur trajet vers l\u2019appareil g\u00e9nital masculin. L\u2019azoospermie (absence totale de spermatozo\u00efdes dans l\u2019\u00e9jaculat) touche environ 1% de la population masculine et 10 \u00e0 15% de tous les cas d\u2019infertilit\u00e9 masculine.<\/p>\n<p>On distingue trois causes diff\u00e9rentes (pr\u00e9-testiculaire, testiculaire et post-testiculaire), l\u2019azoospermie pouvant \u00eatre class\u00e9e comme obstructive ou non obstructive.<\/p>\n<p>La biopsie testiculaire permet de rep\u00e9rer et de pr\u00e9lever des spermatozo\u00efdes chez ces hommes infertiles.<\/p>\n<p>&nbsp;<\/p>\n<p>La <strong><span style=\"color: #b02e85\">TESE<\/span><\/strong> (extraction directe de spermatozo\u00efdes testiculaires) est une proc\u00e9dure dans laquelle, sous anesth\u00e9sie g\u00e9n\u00e9rale, un urologue sp\u00e9cialis\u00e9 pr\u00e9l\u00e8ve une petite partie du testicule et la transmet au laboratoire d\u2019embryologie, o\u00f9 un examen approfondi et sous microscope est effectu\u00e9.<\/p>\n<p>En plus d\u2019\u00eatre un tr\u00e8s bon outil de diagnostic, la biopsie testiculaire a l\u2019avantage de permettre la collecte de spermatozo\u00efdes qui n\u2019auraient probablement pas pu \u00eatre obtenus autrement et pourront \u00eatre utilis\u00e9s pour une ICSI\/PISCI ou \u00eatre cryoconserv\u00e9s.<\/p>\n<p>&nbsp;<\/p>\n<p>D\u2019autres techniques avanc\u00e9es mises en \u0153uvre dans notre clinique comprennent<\/p>\n<ul>\n<li style=\"font-weight: 400\"><i><span style=\"font-weight: 400\">La <strong><span style=\"color: #b02e85\">TESA<\/span><\/strong> (Testicular Sperm Aspiration) \u2013 pr\u00e9l\u00e8vement testiculaire direct par aspiration \u00e0 l\u2019aiguille\u00a0<\/span><\/i><\/li>\n<\/ul>\n<ul>\n<li style=\"font-weight: 400\"><i><span style=\"font-weight: 400\">La <strong><span style=\"color: #b02e85\">MESA<\/span><\/strong> (Microsurgical Epididymal Sperm Aspiration) \u2013 aspiration microchirurgicale des spermatozo\u00efdes \u00e9pididymaires\u00a0<\/span><\/i><\/li>\n<\/ul>\n<ul>\n<li style=\"font-weight: 400\"><span style=\"font-weight: 400\">La <span style=\"color: #b02e85\"><strong>micro-TESE<\/strong><\/span> (extraction microchirurgicale de spermatozo\u00efdes testiculaires)\u00a0<\/span><\/li>\n<li style=\"font-weight: 400\"><span style=\"font-weight: 400\">La <strong><span style=\"color: #b02e85\">PESA<\/span><\/strong> (aspiration percutan\u00e9e de spermatozo\u00efdes \u00e9pididymaires)<\/span><\/li>\n<\/ul>\n            <\/p>\n        <\/div>\n\n        \n    <\/div>\n\n        \n<\/section>\n\n\n    <section class=\"services-faqs reverse\" id=>\r\n\r\n                    <div class=\"ivf-container ivf-small-container section-title-wrap\">\r\n                <h3 class=\"section-title\">\r\n                    FAQ sur la biopsie testiculaire                <\/h3>\r\n            <\/div>\r\n        \r\n        <div class=\"ivf-container ivf-small-container section-content-wrap\">\r\n            <div class=\"text\">\r\n                <div class=\"faq\">\r\n\r\n                                            <h4 class=\"faq-title active\">\r\n                            Quels tests dois-je subir avant la proc\u00e9dure de biopsie testiculaire ?                        <\/h4>\r\n                        <div class=\"faq-desc\">\r\n                            <span class=\"faq-desc-content\">\r\n                                <p>Avant l\u2019organisation de la proc\u00e9dure, au moins deux spermogrammes, un test hormonal et un examen physique doivent \u00eatre effectu\u00e9s pour d\u00e9tecter la cause, puis l\u2019urologue de l\u2019unit\u00e9 d\u00e9cide quelle technique vous convient le mieux.<\/p>\n                            <\/span>\r\n                        <\/div>\r\n                                            <h4 class=\"faq-title \">\r\n                            Combien de biopsies testiculaires faut-il faire pour trouver des spermatozo\u00efdes ?                        <\/h4>\r\n                        <div class=\"faq-desc\">\r\n                            <span class=\"faq-desc-content\">\r\n                                <p>Habituellement, lors de la premi\u00e8re biopsie testiculaire, un nombre suffisant de spermatozo\u00efdes peut \u00eatre trouv\u00e9, mais il n\u2019y a pas de limite r\u00e9elle \u00e0 la r\u00e9p\u00e9tition d\u2019un tel test.<\/p>\n                            <\/span>\r\n                        <\/div>\r\n                    \r\n                <\/div>\r\n            <\/div>\r\n        <\/div>\r\n    <\/section>\r\n\n\n","protected":false},"excerpt":{"rendered":"","protected":false},"author":1,"featured_media":0,"parent":6097,"menu_order":0,"comment_status":"closed","ping_status":"closed","template":"","meta":{"_acf_changed":false,"footnotes":""},"class_list":["post-4874","page","type-page","status-publish","hentry"],"acf":[],"_links":{"self":[{"href":"https:\/\/ivfathenscenter.gr\/fr\/wp-json\/wp\/v2\/pages\/4874","targetHints":{"allow":["GET"]}}],"collection":[{"href":"https:\/\/ivfathenscenter.gr\/fr\/wp-json\/wp\/v2\/pages"}],"about":[{"href":"https:\/\/ivfathenscenter.gr\/fr\/wp-json\/wp\/v2\/types\/page"}],"author":[{"embeddable":true,"href":"https:\/\/ivfathenscenter.gr\/fr\/wp-json\/wp\/v2\/users\/1"}],"replies":[{"embeddable":true,"href":"https:\/\/ivfathenscenter.gr\/fr\/wp-json\/wp\/v2\/comments?post=4874"}],"version-history":[{"count":1,"href":"https:\/\/ivfathenscenter.gr\/fr\/wp-json\/wp\/v2\/pages\/4874\/revisions"}],"predecessor-version":[{"id":4877,"href":"https:\/\/ivfathenscenter.gr\/fr\/wp-json\/wp\/v2\/pages\/4874\/revisions\/4877"}],"up":[{"embeddable":true,"href":"https:\/\/ivfathenscenter.gr\/fr\/wp-json\/wp\/v2\/pages\/6097"}],"wp:attachment":[{"href":"https:\/\/ivfathenscenter.gr\/fr\/wp-json\/wp\/v2\/media?parent=4874"}],"curies":[{"name":"wp","href":"https:\/\/api.w.org\/{rel}","templated":true}]}}