{"id":4868,"date":"2023-08-21T08:05:01","date_gmt":"2023-08-21T08:05:01","guid":{"rendered":"https:\/\/ivfathenscenter.gr\/male-fertility-evaluation\/"},"modified":"2024-10-16T06:26:12","modified_gmt":"2024-10-16T06:26:12","slug":"bilan-fertilite-homme","status":"publish","type":"page","link":"https:\/\/ivfathenscenter.gr\/fr\/infertilite\/bilan-fertilite-homme\/","title":{"rendered":"Le bilan de fertilit\u00e9 chez l&rsquo;homme"},"content":{"rendered":"\r\n<section class=\"title-section \" >\r\n    <div class=\"ivf-container\">\r\n        <div class=\"page-title-wrap \">\r\n            <div>\r\n                <h1 class=\"h2 page-title\">Le bilan de fertilit\u00e9 chez l&#039;homme<\/h1>\r\n                            <\/div>\r\n        <\/div>\r\n    <\/div>\r\n<\/section>\r\n\n\n\n<section class=\" services-content\">\n\n    \n    <div class=\"ivf-container  ivf-small-container section-content-wrap split\">\n\n                    <div class=\"image \">\n                <img loading=\"lazy\" decoding=\"async\" width=\"833\" height=\"1024\" src=\"https:\/\/ivfathenscenter.gr\/wp-content\/uploads\/2023\/08\/male-fertility-evaluation-1-833x1024.png\" class=\"attachment-large size-large\" alt=\"\" srcset=\"https:\/\/ivfathenscenter.gr\/wp-content\/uploads\/2023\/08\/male-fertility-evaluation-1-833x1024.png 833w, https:\/\/ivfathenscenter.gr\/wp-content\/uploads\/2023\/08\/male-fertility-evaluation-1-244x300.png 244w, https:\/\/ivfathenscenter.gr\/wp-content\/uploads\/2023\/08\/male-fertility-evaluation-1-768x944.png 768w, https:\/\/ivfathenscenter.gr\/wp-content\/uploads\/2023\/08\/male-fertility-evaluation-1.png 1085w\" sizes=\"auto, (max-width: 833px) 100vw, 833px\" \/>            <\/div>\n        \n        <div class=\"text\">\n            <p class=\"text__desc\">\n                <p><strong><span style='color: #b02e85'>Nous fournissons une \u00e9valuation compl\u00e8te de la fertilit\u00e9 masculine en fonction des ant\u00e9c\u00e9dents m\u00e9dicaux de chaque patient et \u00e9galement selon les crit\u00e8res de la sixi\u00e8me \u00e9dition du Manuel de laboratoire pour l&rsquo;analyse et la pr\u00e9paration du sperme humain de l\u2019OMS. <\/span><\/strong><\/p>\n<p>&nbsp;<\/p>\n<p>Plus pr\u00e9cis\u00e9ment\u00a0:<\/p>\n<ul>\n<li><strong style=\"color: #b02e85\">Un examen de base du sperme, comprenant :<br \/>\n<\/strong><\/p>\n<ul>\n<li>un examen macroscopique et des pr\u00e9l\u00e8vements aux fins de la culture de sperme<\/li>\n<li>une investigation microscopique<\/li>\n<\/ul>\n<\/li>\n<li><strong><span style='color: #b02e85'>Une analyse \u00e9tendue<\/span><\/strong> [indice de fragmentation de l\u2019ADN des spermatozo\u00efdes (DFI), des tests g\u00e9n\u00e9tiques pour les facteurs d\u2019infertilit\u00e9 masculine, etc.]<\/li>\n<li><strong><span style='color: #b02e85'>Une analyse avanc\u00e9e <\/span><\/strong> [test du stress oxydant spermatique et des esp\u00e8ces r\u00e9actives de l\u2019oxyg\u00e8ne (ROS), une analyse du sperme assist\u00e9e par ordinateur -(CASA), etc.]<\/li>\n<\/ul>\n<p>&nbsp;<\/p>\n<p><span style=\"font-weight: 400\">D\u2019apr\u00e8s la sixi\u00e8me \u00e9dition du Manuel de laboratoire pour l\u2019analyse et la pr\u00e9paration du sperme humain de l\u2019OMS (2021), <strong style=\"color: #b02e85\">l\u2019examen de base du sperme<\/strong><span style=\"font-weight: 400\"> iest la premi\u00e8re proc\u00e9dure de d\u00e9pistage, et la plus courante, chez les hommes. Les param\u00e8tres (macro- et microscopiques) dont l\u2019\u00e9valuation est la plus recommand\u00e9e, et la plus importante, sont:\u00a0<\/span><\/span><\/p>\n<ul>\n<li style=\"font-weight: 400\">Le volume de sperme<\/li>\n<li style=\"font-weight: 400\">liqu\u00e9faction<\/li>\n<li style=\"font-weight: 400\">apparence<\/li>\n<li style=\"font-weight: 400\">viscosit\u00e9<\/li>\n<li style=\"font-weight: 400\"><span style=\"font-weight: 400\">pH<\/span><\/li>\n<li style=\"font-weight: 400\"><span style=\"font-weight: 400\">concentration<\/span><\/li>\n<li style=\"font-weight: 400\">motilit\u00e9<\/li>\n<li style=\"font-weight: 400\">morphologie<\/li>\n<li style=\"font-weight: 400\">pr\u00e9sence d\u2019autres cellules<\/li>\n<\/ul>\n<p><em>* Le tout conform\u00e9ment \u00e0 la sixi\u00e8me \u00e9dition du Manuel de laboratoire pour l\u2019analyse et la pr\u00e9paration du sperme humain de l\u2019OMS, 2021.<\/em><\/p>\n<p>&nbsp;<\/p>\n<p><strong style=\"color: #b02e85\">Le test de l\u2019indice de fragmentation de l\u2019ADN du sperme (DFI)<\/strong><\/p>\n<p>&nbsp;<\/p>\n<p>La fragmentation de l\u2019ADN des spermatozo\u00efdes (DFI) est l\u2019une des perturbations les plus courantes affectant le mat\u00e9riel g\u00e9n\u00e9tique masculin.<\/p>\n<p>&nbsp;<\/p>\n<p>&nbsp;<\/p>\n<p>Le test DFI du sperme rel\u00e8ve des proc\u00e9dures <span style=\"color: #b02e85\"><strong><span style=\"color: #b02e85\">d\u2019analyse<\/span> \u00e9tendue des spermatozo\u00efdes<\/strong><\/span> et est une technique mol\u00e9culaire permettant de d\u00e9tecter le pourcentage de spermatozo\u00efdes dont le mat\u00e9riel est fragment\u00e9 \u2013 endommag\u00e9. Ces spermatozo\u00efdes sont entr\u00e9s dans le processus d\u2019apoptose (mort cellulaire programm\u00e9e), qui est en r\u00e9alit\u00e9 un processus normal, suivi par toutes les cellules de chaque organisme vivant. Cependant, les individus hypofertiles ont un pourcentage de spermatozo\u00efdes apoptotiques plus \u00e9lev\u00e9 que la population fertile.<\/p>\n<p><span style=\"font-weight: 400\"><br \/>\nLa fragmentation de l\u2019ADN des spermatozo\u00efdes a \u00e9t\u00e9 associ\u00e9e \u00e0 une r\u00e9duction des taux d\u2019ins\u00e9mination et de f\u00e9condation, \u00e0 la qualit\u00e9 des embryons, aux taux de grossesse, \u00e0 une augmentation des taux de fausses couches et \u00e0 un risque accru d\u2019avortement spontan\u00e9 ou d\u2019arr\u00eat pr\u00e9matur\u00e9 du d\u00e9veloppement embryonnaire.<br \/>\n<\/span><\/p>\n<p>&nbsp;<\/p>\n<p>Nous classons les DFI en trois groupes\u00a0:<\/p>\n<ul>\n<li style=\"font-weight: 400\">0-15%\u00a0: Faible indice de fragmentation de l\u2019ADN \u2013 Haute capacit\u00e9 de f\u00e9condation<\/li>\n<li style=\"font-weight: 400\">16-30%\u00a0: Indice de fragmentation de l\u2019ADN mod\u00e9r\u00e9 \u2013 Capacit\u00e9 de f\u00e9condation mod\u00e9r\u00e9e<\/li>\n<li style=\"font-weight: 400\">&gt;30%\u00a0: Indice de fragmentation de l\u2019ADN \u00e9lev\u00e9 \u2013 Faible capacit\u00e9 de f\u00e9condation<\/li>\n<\/ul>\n            <\/p>\n        <\/div>\n\n        \n    <\/div>\n\n        \n<\/section>\n\n\n\n<section class=\" services-content services-content-2\">\n\n    \n    <div class=\"ivf-container  ivf-small-container section-content-wrap split\">\n\n        \n        <div class=\"text\">\n            <p class=\"text__desc\">\n                <p><b><strong><span style='color: #b02e85'>Causes de l\u2019indice de fragmentation de l\u2019ADN\u00a0: <\/span><\/strong><\/b><\/p>\n<p>De tr\u00e8s nombreuses causes peuvent augmenter la fragmentation de l\u2019ADN, telles que les temp\u00e9ratures \u00e9lev\u00e9es, les bains chauds, le tabagisme excessif, l\u2019utilisation \u00e0 long terme de st\u00e9ro\u00efdes, l\u2019ob\u00e9sit\u00e9, une mauvaise alimentation, etc.)<\/p>\n<p>&nbsp;<\/p>\n<p><span style=\"font-weight: 400\">Selon l\u2019\u00e9dition du Manuel de l\u2019OMS 2021, <strong><span style=\"color: #b02e85\">les tests d\u2019analyse avanc\u00e9s<\/span><\/strong> comprennent<\/p>\n<p><\/span><\/p>\n<p>&nbsp;<\/p>\n<p><strong><span style=\"color: #b02e85\">L\u2019indice de stress oxydant (OS)<\/span><\/strong> spermatique, une situation bien connue, susceptible d\u2019affecter la fertilit\u00e9 masculine. De plus en plus de preuves sugg\u00e8rent que le <strong><span style=\"color: #b02e85\">stress oxydant (OS)<\/span><\/strong> pourrait jouer un r\u00f4le ind\u00e9pendant dans l\u2019\u00e9tiologie de l\u2019infertilit\u00e9 masculine, 30 \u00e0 80% des hommes hypofertiles pr\u00e9sentant des niveaux \u00e9lev\u00e9s d\u2019esp\u00e8ces r\u00e9actives de l\u2019oxyg\u00e8ne du sperme.<\/p>\n<p>&nbsp;<\/p>\n<p>&nbsp;<\/p>\n<p><strong><span style=\"color: #b02e85\">Le stress oxydant (OS)<\/span><\/strong> peut affecter n\u00e9gativement la fertilit\u00e9 par un certain nombre de voies, notamment l\u2019interf\u00e9rence de la capacitation et d\u2019\u00e9ventuels dommages \u00e0 la membrane et \u00e0 l\u2019ADN des spermatozo\u00efdes, qui peuvent alt\u00e9rer le potentiel de f\u00e9condation des spermatozo\u00efdes.<\/p>\n            <\/p>\n        <\/div>\n\n                    <div class=\"image \">\n                <img loading=\"lazy\" decoding=\"async\" width=\"1024\" height=\"1007\" src=\"https:\/\/ivfathenscenter.gr\/wp-content\/uploads\/2023\/08\/male-fertility-evaluation-2-1024x1007.png\" class=\"attachment-large size-large\" alt=\"\" srcset=\"https:\/\/ivfathenscenter.gr\/wp-content\/uploads\/2023\/08\/male-fertility-evaluation-2-1024x1007.png 1024w, https:\/\/ivfathenscenter.gr\/wp-content\/uploads\/2023\/08\/male-fertility-evaluation-2-300x295.png 300w, https:\/\/ivfathenscenter.gr\/wp-content\/uploads\/2023\/08\/male-fertility-evaluation-2-768x755.png 768w, https:\/\/ivfathenscenter.gr\/wp-content\/uploads\/2023\/08\/male-fertility-evaluation-2-1536x1510.png 1536w, https:\/\/ivfathenscenter.gr\/wp-content\/uploads\/2023\/08\/male-fertility-evaluation-2.png 1972w\" sizes=\"auto, (max-width: 1024px) 100vw, 1024px\" \/>            <\/div>\n        \n    <\/div>\n\n        \n<\/section>\n\n\n\n<section class=\" services-content\">\n\n    \n    <div class=\"ivf-container  ivf-small-container section-content-wrap split\">\n\n                    <div class=\"image \">\n                <img loading=\"lazy\" decoding=\"async\" width=\"968\" height=\"1024\" src=\"https:\/\/ivfathenscenter.gr\/wp-content\/uploads\/2023\/08\/male-fertility-evaluation-3-968x1024.png\" class=\"attachment-large size-large\" alt=\"\" srcset=\"https:\/\/ivfathenscenter.gr\/wp-content\/uploads\/2023\/08\/male-fertility-evaluation-3-968x1024.png 968w, https:\/\/ivfathenscenter.gr\/wp-content\/uploads\/2023\/08\/male-fertility-evaluation-3-284x300.png 284w, https:\/\/ivfathenscenter.gr\/wp-content\/uploads\/2023\/08\/male-fertility-evaluation-3-768x813.png 768w, https:\/\/ivfathenscenter.gr\/wp-content\/uploads\/2023\/08\/male-fertility-evaluation-3.png 1000w\" sizes=\"auto, (max-width: 968px) 100vw, 968px\" \/>            <\/div>\n        \n        <div class=\"text\">\n            <p class=\"text__desc\">\n                <p><span style=\"font-weight: 400\">Nous utilisons le terme <strong><span style=\"color: #b02e85\">d&rsquo;infertilit\u00e9 masculine due au stress oxydant, ou MOSI<\/span><\/strong>, comme nouveau descripteur pour les hommes infertiles pr\u00e9sentant des caract\u00e9ristiques de sperme et un OS anormaux, y compris de nombreux patients qui \u00e9taient auparavant class\u00e9s comme souffrant d\u2019infertilit\u00e9 masculine idiopathique. Gr\u00e2ce \u00e0 la prise de conscience et \u00e0 la compr\u00e9hension croissantes du MOSI en tant que diagnostic distinct d\u2019infertilit\u00e9 masculine, les futurs efforts de recherche pourront faciliter le d\u00e9veloppement de traitements fond\u00e9s sur des preuves qui ciblent sa cause sous-jacente.<\/span><\/p>\n<p><span style=\"font-weight: 400\"><br \/>\n<\/span><b style=\"color: #b02e85\">Causes du stress oxydant spermatique :<\/b><\/p>\n<p>Comme pour la fragmentation de l\u2019ADN, de tr\u00e8s nombreuses causes peuvent \u00eatre incrimin\u00e9es dans le d\u00e9s\u00e9quilibre du stress oxydant, telles le tabagisme excessif, les m\u00e9dicaments, l\u2019alcool, les probl\u00e8mes de sant\u00e9 (par exemple le diab\u00e8te, certains types de cancer, la prostatite, les inflammations) et d\u2019autres facteurs associ\u00e9s au syst\u00e8me reproducteur masculin.<\/p>\n<p>&nbsp;<\/p>\n<p><span style=\"font-weight: 400\">Le test de <strong><span style=\"color: #b02e85\">stress oxydant spermatique<\/span><\/strong> est r\u00e9alis\u00e9 \u00e0 l\u2019<span style=\"color: #b02e85\"><strong>IVF Athens Center<\/strong><\/span>, par l\u2019utilisation d\u2019un appareil sp\u00e9cialis\u00e9 dans notre laboratoire d\u2019andrologie. .<\/span><\/p>\n<p><span style=\"font-weight: 400\"><br \/>\n<\/span><span style=\"font-weight: 400\">Le test est r\u00e9alis\u00e9 sur un \u00e9chantillon de sperme, avec un param\u00e8tre restrictif en pr\u00e9sence d\u2019un nombre suffisant de spermatozo\u00efdes (concentration en spermatozo\u00efdes &gt; 1 million de spermatozo\u00efdes\/mL). <\/span><\/p>\n            <\/p>\n        <\/div>\n\n        \n    <\/div>\n\n        \n<\/section>\n\n\n    <section class=\"services-faqs reverse\" id=>\r\n\r\n                    <div class=\"ivf-container ivf-small-container section-title-wrap\">\r\n                <h3 class=\"section-title\">\r\n                    FAQ sur l\u2019hypofertilit\u00e9 masculine                <\/h3>\r\n            <\/div>\r\n        \r\n        <div class=\"ivf-container ivf-small-container section-content-wrap\">\r\n            <div class=\"text\">\r\n                <div class=\"faq\">\r\n\r\n                                            <h4 class=\"faq-title active\">\r\n                            Quelle est la dur\u00e9e d\u2019abstinence recommand\u00e9e pour une analyse de sperme repr\u00e9sentative ?                        <\/h4>\r\n                        <div class=\"faq-desc\">\r\n                            <span class=\"faq-desc-content\">\r\n                                <p>Selon les directives de l\u2019OMS, 3 \u00e0 5 jours d&rsquo;abstinence est le d\u00e9lai recommand\u00e9 avant une analyse de sperme. Le volume du sperme et le nombre de spermatozo\u00efdes (concentration) augmentent apr\u00e8s cette p\u00e9riode, mais d\u2019un autre c\u00f4t\u00e9, la motilit\u00e9 (mouvement) et la morphologie des spermatozo\u00efdes diminuent consid\u00e9rablement apr\u00e8s 7 \u00e0 10 jours. C\u2019est pourquoi des donn\u00e9es bibliographiques r\u00e9centes indiquent qu\u2019une abstinence ne d\u00e9passant pas deux jours permet d\u2019obtenir un r\u00e9sultat jug\u00e9 comme plus repr\u00e9sentatif.<\/p>\n                            <\/span>\r\n                        <\/div>\r\n                                            <h4 class=\"faq-title \">\r\n                            Le stress peut-il affecter une analyse de sperme ?                        <\/h4>\r\n                        <div class=\"faq-desc\">\r\n                            <span class=\"faq-desc-content\">\r\n                                <p>Les facteurs de stress peuvent clairement affecter une analyse de sperme, et des \u00e9tudes ont m\u00eame observ\u00e9 une diminution de 39% de la concentration des spermatozo\u00efdes et de 48% de leur motilit\u00e9, associ\u00e9es au stress li\u00e9 \u00e0 la production d\u2019un \u00e9chantillon. C&rsquo;est pourquoi \u00e0 l\u2019IVF Athens Center, nous disposons d\u2019une salle sp\u00e9cialement con\u00e7ue pour r\u00e9duire tout facteur de stress possible pendant au cours de toute proc\u00e9dure de fertilit\u00e9 !<\/p>\n                            <\/span>\r\n                        <\/div>\r\n                    \r\n                <\/div>\r\n            <\/div>\r\n        <\/div>\r\n    <\/section>\r\n\n\n\n<section class=\"fasa light-magenta\">\n    <div class=\"ivf-container\">\n        <p>Au Centre IVF d&rsquo;Ath\u00e8nes, nous croyons fermement que l&rsquo;approche personnalis\u00e9e et la th\u00e9rapie adapt\u00e9e sont les cl\u00e9s du succ\u00e8s de chaque processus de fertilit\u00e9!<\/p>\n    <\/div>\n<\/section>\n\n\n","protected":false},"excerpt":{"rendered":"<p>Au Centre IVF d&rsquo;Ath\u00e8nes, nous croyons fermement que l&rsquo;approche personnalis\u00e9e et la th\u00e9rapie adapt\u00e9e sont les cl\u00e9s du succ\u00e8s de chaque processus de fertilit\u00e9!<\/p>\n","protected":false},"author":1,"featured_media":0,"parent":6097,"menu_order":0,"comment_status":"closed","ping_status":"closed","template":"","meta":{"_acf_changed":false,"footnotes":""},"class_list":["post-4868","page","type-page","status-publish","hentry"],"acf":[],"_links":{"self":[{"href":"https:\/\/ivfathenscenter.gr\/fr\/wp-json\/wp\/v2\/pages\/4868","targetHints":{"allow":["GET"]}}],"collection":[{"href":"https:\/\/ivfathenscenter.gr\/fr\/wp-json\/wp\/v2\/pages"}],"about":[{"href":"https:\/\/ivfathenscenter.gr\/fr\/wp-json\/wp\/v2\/types\/page"}],"author":[{"embeddable":true,"href":"https:\/\/ivfathenscenter.gr\/fr\/wp-json\/wp\/v2\/users\/1"}],"replies":[{"embeddable":true,"href":"https:\/\/ivfathenscenter.gr\/fr\/wp-json\/wp\/v2\/comments?post=4868"}],"version-history":[{"count":4,"href":"https:\/\/ivfathenscenter.gr\/fr\/wp-json\/wp\/v2\/pages\/4868\/revisions"}],"predecessor-version":[{"id":6766,"href":"https:\/\/ivfathenscenter.gr\/fr\/wp-json\/wp\/v2\/pages\/4868\/revisions\/6766"}],"up":[{"embeddable":true,"href":"https:\/\/ivfathenscenter.gr\/fr\/wp-json\/wp\/v2\/pages\/6097"}],"wp:attachment":[{"href":"https:\/\/ivfathenscenter.gr\/fr\/wp-json\/wp\/v2\/media?parent=4868"}],"curies":[{"name":"wp","href":"https:\/\/api.w.org\/{rel}","templated":true}]}}