{"id":4864,"date":"2023-08-21T08:04:20","date_gmt":"2023-08-21T08:04:20","guid":{"rendered":"https:\/\/ivfathenscenter.gr\/female-male-infertility\/"},"modified":"2024-10-11T09:32:19","modified_gmt":"2024-10-11T09:32:19","slug":"infertilite-feminine-masculine","status":"publish","type":"page","link":"https:\/\/ivfathenscenter.gr\/fr\/infertilite\/infertilite-feminine-masculine\/","title":{"rendered":"Infertilit\u00e9 Feminine \/ Masculine"},"content":{"rendered":"\r\n<section class=\"title-section \" >\r\n    <div class=\"ivf-container\">\r\n        <div class=\"page-title-wrap \">\r\n            <div>\r\n                <h1 class=\"h2 page-title\">INFERTILIT\u00c9 F\u00c9MININE\/MASCULINE<\/h1>\r\n                            <\/div>\r\n        <\/div>\r\n    <\/div>\r\n<\/section>\r\n\n\n\n<section class=\" services-content\">\n\n    \n    <div class=\"ivf-container  ivf-small-container section-content-wrap split\">\n\n                    <div class=\"image \">\n                <img loading=\"lazy\" decoding=\"async\" width=\"711\" height=\"1024\" src=\"https:\/\/ivfathenscenter.gr\/wp-content\/uploads\/2023\/08\/female-male-infertility-711x1024.png\" class=\"attachment-large size-large\" alt=\"\" srcset=\"https:\/\/ivfathenscenter.gr\/wp-content\/uploads\/2023\/08\/female-male-infertility-711x1024.png 711w, https:\/\/ivfathenscenter.gr\/wp-content\/uploads\/2023\/08\/female-male-infertility-208x300.png 208w, https:\/\/ivfathenscenter.gr\/wp-content\/uploads\/2023\/08\/female-male-infertility-768x1106.png 768w, https:\/\/ivfathenscenter.gr\/wp-content\/uploads\/2023\/08\/female-male-infertility.png 1042w\" sizes=\"auto, (max-width: 711px) 100vw, 711px\" \/>            <\/div>\n        \n        <div class=\"text\">\n            <p class=\"text__desc\">\n                <p>L\u2019infertilit\u00e9 constitue un probl\u00e8me m\u00e9dical complexe dont la tendance est en hausse constante, touchant au moins 15\u00a0% des couples modernes souhaitant avoir des enfants<\/p>\n<p>L\u2019infertilit\u00e9 ne fait aucune discrimination et touche aussi bien les hommes que les femmes, et les facteurs les plus courants qui y conduisent sont\u00a0:<\/p>\n<p>&nbsp;<\/p>\n<p><strong><span style='color: #b02e85'>Infertilit\u00e9 masculine\u00a0: <\/span><\/strong><\/p>\n<ul>\n<li>Perturbation des param\u00e8tres du sperme\n<ul>\n<li>Faible concentration de spermatozo\u00efdes<\/li>\n<li>Motilit\u00e9 alt\u00e9r\u00e9e<\/li>\n<li>Morphologie anormale des spermatozo\u00efdes<\/li>\n<li>Degr\u00e9 d\u2019oxydation augment\u00e9<\/li>\n<li>Fragmentation accrue de l\u2019ADN des spermatozo\u00efdes<\/li>\n<\/ul>\n<\/li>\n<li>Difficult\u00e9s \u00e0 \u00e9jaculer<\/li>\n<li>Pr\u00e9sence d&rsquo;anomalies\/d\u00e9s\u00e9quilibres chromosomiques\/maladies g\u00e9n\u00e9tiques h\u00e9r\u00e9ditaires<\/li>\n<\/ul>\n<p>&nbsp;<\/p>\n<p><a style=\"color: #1cabb0;text-decoration: underline\" href=\"http:\/\/ivfathenscenter.gr\/wp-content\/uploads\/2024\/07\/Agarwal_et_al-2017-Andrology.pdf\" target=\"_blank\" rel=\"noopener\">Une \u00e9tude multicentrique pour \u00e9valuer le stress oxydant par potentiel d\u2019oxydation \u2013 r\u00e9duction, une m\u00e9thode fiable et reproductible<\/a><\/p>\n<p>&nbsp;<\/p>\n<p><strong><span style='color: #b02e85'>Infertilit\u00e9 f\u00e9minine\u00a0: <\/span><\/strong><\/p>\n<ul>\n<li>D\u00e9s\u00e9quilibres hormonaux du cycle menstruel<\/li>\n<li>Probl\u00e8mes anatomiques et fonctionnels des ovaires et des trompes de Fallope<\/li>\n<li>\u00c2ge reproductif avanc\u00e9<\/li>\n<li>Syndrome des ovaires polykystiques (SOPK)<\/li>\n<li>Fausses couches\/avortements \u00e0 r\u00e9p\u00e9tition<\/li>\n<li>Endom\u00e9triose<\/li>\n<li>Pr\u00e9sence d&rsquo;anomalies\/d\u00e9s\u00e9quilibres chromosomiques\/maladies g\u00e9n\u00e9tiques h\u00e9r\u00e9ditaires<\/li>\n<\/ul>\n<p>&nbsp;<\/p>\n<p>L&rsquo;identification des causes de l&rsquo;infertilit\u00e9, le diagnostic du probl\u00e8me et le traitement individualis\u00e9 sont des facteurs d\u00e9terminants pour une issue positive dans un avenir proche.<\/p>\n<p>&nbsp;<\/p>\n<p><strong><span style='color: #b02e85'>Traitements de l&rsquo;infertilit\u00e9\u00a0: <\/span><\/strong><\/p>\n<ul>\n<li>Observation \/surveillance de l&rsquo;ovulation lors d\u2019un cycle naturel<\/li>\n<li>Rapports sexuels recommand\u00e9s<\/li>\n<li>Stimulation ovarienne avec prise en charge m\u00e9dicale personnalis\u00e9e et adapt\u00e9e \u2013 induction de l\u2019ovulation<\/li>\n<li>Ins\u00e9mination intra-ut\u00e9rine (homologue ou h\u00e9t\u00e9rologue)<\/li>\n<li>F\u00e9condation in vitro<\/li>\n<li>Tests g\u00e9n\u00e9tiques pr\u00e9-implantatoires (PGT-A, PGT-M, PGT-SR)<\/li>\n<li>Pr\u00e9servation de la fertilit\u00e9 \/ Cryoconservation des tissus gonadiques<\/li>\n<li>Recours \u00e0 la gestation pour autrui et au don de mat\u00e9riel g\u00e9n\u00e9tique<\/li>\n<\/ul>\n<p>&nbsp;<\/p>\n<p>Tous traitements m\u00e9dicaux, fournis conform\u00e9ment aux l\u00e9gislations grecques et aux d\u00e9cisions de <a href=\"https:\/\/eaiya.gov.gr\/en\/%20\" target=\"_blank\" rel=\"noopener\">l&rsquo;Autorit\u00e9 nationale pour la procr\u00e9ation m\u00e9dicalement assist\u00e9e<\/a>.<\/p>\n            <\/p>\n        <\/div>\n\n        \n    <\/div>\n\n        \n<\/section>\n","protected":false},"excerpt":{"rendered":"","protected":false},"author":1,"featured_media":0,"parent":6097,"menu_order":0,"comment_status":"closed","ping_status":"closed","template":"","meta":{"_acf_changed":false,"footnotes":""},"class_list":["post-4864","page","type-page","status-publish","hentry"],"acf":[],"_links":{"self":[{"href":"https:\/\/ivfathenscenter.gr\/fr\/wp-json\/wp\/v2\/pages\/4864","targetHints":{"allow":["GET"]}}],"collection":[{"href":"https:\/\/ivfathenscenter.gr\/fr\/wp-json\/wp\/v2\/pages"}],"about":[{"href":"https:\/\/ivfathenscenter.gr\/fr\/wp-json\/wp\/v2\/types\/page"}],"author":[{"embeddable":true,"href":"https:\/\/ivfathenscenter.gr\/fr\/wp-json\/wp\/v2\/users\/1"}],"replies":[{"embeddable":true,"href":"https:\/\/ivfathenscenter.gr\/fr\/wp-json\/wp\/v2\/comments?post=4864"}],"version-history":[{"count":3,"href":"https:\/\/ivfathenscenter.gr\/fr\/wp-json\/wp\/v2\/pages\/4864\/revisions"}],"predecessor-version":[{"id":6590,"href":"https:\/\/ivfathenscenter.gr\/fr\/wp-json\/wp\/v2\/pages\/4864\/revisions\/6590"}],"up":[{"embeddable":true,"href":"https:\/\/ivfathenscenter.gr\/fr\/wp-json\/wp\/v2\/pages\/6097"}],"wp:attachment":[{"href":"https:\/\/ivfathenscenter.gr\/fr\/wp-json\/wp\/v2\/media?parent=4864"}],"curies":[{"name":"wp","href":"https:\/\/api.w.org\/{rel}","templated":true}]}}