{"id":4861,"date":"2023-08-21T08:03:11","date_gmt":"2023-08-21T08:03:11","guid":{"rendered":"https:\/\/ivfathenscenter.gr\/embryo-transfer\/"},"modified":"2024-10-16T06:30:11","modified_gmt":"2024-10-16T06:30:11","slug":"transfert-dembryon","status":"publish","type":"page","link":"https:\/\/ivfathenscenter.gr\/fr\/fiv\/transfert-dembryon\/","title":{"rendered":"Transfert d&rsquo;Embryon"},"content":{"rendered":"\r\n<section class=\"title-section  with-desc\" >\r\n    <div class=\"ivf-container\">\r\n        <div class=\"page-title-wrap \">\r\n            <div>\r\n                <h1 class=\"h2 page-title\">Transfert d&#039;Embryon<\/h1>\r\n                                    <div class=\"page-desc\">\r\n                        <p><p>Une tentative de FIV se termine par le transfert d\u2019embryons, qui est le transfert des ovules (embryons) morphologiquement les mieux f\u00e9cond\u00e9s dans l\u2019ut\u00e9rus de la femme, afin qu\u2019ils s\u2019y implantent.<\/p>\n<\/p>\r\n                    <\/div>\r\n                            <\/div>\r\n        <\/div>\r\n    <\/div>\r\n<\/section>\r\n\n\n\n<section class=\" services-content\">\n\n    \n    <div class=\"ivf-container  ivf-small-container section-content-wrap split\">\n\n                    <div class=\"image \">\n                <img loading=\"lazy\" decoding=\"async\" width=\"1000\" height=\"1000\" src=\"https:\/\/ivfathenscenter.gr\/wp-content\/uploads\/2023\/08\/embryo-transfer.png\" class=\"attachment-large size-large\" alt=\"\" srcset=\"https:\/\/ivfathenscenter.gr\/wp-content\/uploads\/2023\/08\/embryo-transfer.png 1000w, https:\/\/ivfathenscenter.gr\/wp-content\/uploads\/2023\/08\/embryo-transfer-300x300.png 300w, https:\/\/ivfathenscenter.gr\/wp-content\/uploads\/2023\/08\/embryo-transfer-150x150.png 150w, https:\/\/ivfathenscenter.gr\/wp-content\/uploads\/2023\/08\/embryo-transfer-768x768.png 768w\" sizes=\"auto, (max-width: 1000px) 100vw, 1000px\" \/>            <\/div>\n        \n        <div class=\"text\">\n            <p class=\"text__desc\">\n                <p>&nbsp;<\/p>\n<p>Le jour exact du transfert d&#8217;embryons (2e, 3e ou 5e jour de d\u00e9veloppement) et le statut (frais ou vitrifi\u00e9) d\u00e9pendent de divers param\u00e8tres, tels que le nombre, la qualit\u00e9 et le taux de d\u00e9veloppement des embryons, les ant\u00e9c\u00e9dents m\u00e9dicaux et l&rsquo;\u00e2ge de la femme.<\/p>\n<p>&nbsp;<\/p>\n<p>En veillant \u00e0 chaque d\u00e9tail des \u00e9tapes de FIV dans notre unit\u00e9, nous donnons un coup de main \u00e0 vos embryons pendant le transfert d&#8217;embryons. Au cours de ce processus, nous pla\u00e7ons le ou les embryons dans une concentration moyennement \u00e9lev\u00e9e d\u2019une <a href=\"https:\/\/www.vitrolife.com\/why-vitrolife\/the-patient-ivf-journey\/embryoglue\/\" target=\"_blank\" rel=\"noopener\">macromol\u00e9cule (hyaluronane)<\/a> imitant les fluides naturels au moment de l&rsquo;implantation. La production d\u2019hyaluronane augmente consid\u00e9rablement le jour de l\u2019implantation, tandis qu\u2019elle diminue jusqu\u2019\u00e0 des niveaux presque basaux le lendemain, ce qui indique son importance pour le processus d\u2019implantation.<\/p>\n<p>&nbsp;<\/p>\n<p>La proc\u00e9dure de transfert d\u2019embryons est totalement indolore et ne n\u00e9cessite aucune anesth\u00e9sie. Elle est r\u00e9alis\u00e9e avec pr\u00e9cision \u00e0 l\u2019aide d\u2019un cath\u00e9ter fin de fabrication sp\u00e9ciale, sous surveillance \u00e9chographique constante.<\/p>\n<p><span style=\"font-weight: 400\">\u00a0<\/span><\/p>\n<p>Apr\u00e8s le transfert d&#8217;embryons, la femme reste alit\u00e9e pendant environ une heure, puis elle peut rentrer chez elle, o\u00f9, prenant les m\u00e9dicaments appropri\u00e9s, elle doit se reposer et limiter les activit\u00e9s trop fatigantes.<\/p>\n<p>Quelle que soit la m\u00e9thode de FIV suivie au laboratoire d\u2019embryologie (FIV conventionnelle, ICSI, PICSI ou DPI), le r\u00e9sultat de la tentative est v\u00e9rifi\u00e9 10 \u00e0 12 jours apr\u00e8s le transfert d\u2019embryon, par une simple prise de sang.<\/p>\n<p>Dans le cas heureux d\u2019un r\u00e9sultat positif, la prise de sang est r\u00e9p\u00e9t\u00e9e apr\u00e8s 3 jours, puis environ un mois apr\u00e8s le pr\u00e9l\u00e8vement des ovocytes, la premi\u00e8re \u00e9chographie de grossesse \u00e9tant alors r\u00e9alis\u00e9e pour confirmer le bon r\u00e9sultat.<\/p>\n<p>&nbsp;<\/p>\n<p><strong>EMBRYOGLUE<br \/>\n&nbsp;<\/p>\n<p><\/strong><\/p>\n<p class=\"p1\"><span class=\"s1\">L&rsquo; Embryoglue <a href=\"https:\/\/www.ncbi.nlm.nih.gov\/pmc\/articles\/PMC4691973\/\" target=\"_blank\" rel=\"noopener\"><span class=\"s2\"><b>https:\/\/www.ncbi.nlm.nih.gov\/pmc\/articles\/PMC4691973\/<\/b><\/span><\/a><\/span><\/p>\n<p class=\"p2\">est un milieu de transfert d&#8217;embryons (ET) enrichi en acide hyaluronique qui aide \u00e0 l&rsquo;implantation d&#8217;embryons, am\u00e9liorant ainsi les taux de grossesse dans les cycles de f\u00e9condation in vitro FIV<\/p>\n<p><strong>\u00a0<\/strong><\/p>\n            <\/p>\n        <\/div>\n\n        \n    <\/div>\n\n        \n<\/section>\n\n\n\r\n<section class=\"title-section  with-desc\" >\r\n    <div class=\"ivf-container\">\r\n        <div class=\"page-title-wrap \">\r\n            <div>\r\n                <h1 class=\"h2 page-title\">Embryoglue<\/h1>\r\n                                    <div class=\"page-desc\">\r\n                        <p><p class=\"p1\"><span class=\"s1\">L&rsquo; Embryoglue <a href=\"https:\/\/www.ncbi.nlm.nih.gov\/pmc\/articles\/PMC4691973\/\" target=\"_blank\" rel=\"noopener\"><span class=\"s2\"><b>https:\/\/www.ncbi.nlm.nih.gov\/pmc\/articles\/PMC4691973\/<\/b><\/span><\/a><b> <\/b><\/span>est un milieu de transfert d&#8217;embryons (ET) enrichi en acide hyaluronique qui aide \u00e0 l&rsquo;implantation d&#8217;embryons, am\u00e9liorant ainsi les taux de grossesse dans les cycles de f\u00e9condation in vitro FIV.<\/p>\n<\/p>\r\n                    <\/div>\r\n                            <\/div>\r\n        <\/div>\r\n    <\/div>\r\n<\/section>\r\n\n\n    <section class=\"services-faqs reverse\" id=>\r\n\r\n                    <div class=\"ivf-container ivf-small-container section-title-wrap\">\r\n                <h3 class=\"section-title\">\r\n                    FAQ sur le transfert d&#039;embryons                <\/h3>\r\n            <\/div>\r\n        \r\n        <div class=\"ivf-container ivf-small-container section-content-wrap\">\r\n            <div class=\"text\">\r\n                <div class=\"faq\">\r\n\r\n                                            <h4 class=\"faq-title active\">\r\n                            Qui d\u00e9cide quel(s) embryon(s) doivent \u00eatre transf\u00e9r\u00e9(s) ?                        <\/h4>\r\n                        <div class=\"faq-desc\">\r\n                            <span class=\"faq-desc-content\">\r\n                                <p>Le transfert d\u2019embryon a g\u00e9n\u00e9ralement lieu soit au stade de clivage (jour 2\/3), soit au stade de blastocyste (jour 5\/6). Le choix du ou des meilleurs embryons \u00e0 transf\u00e9rer est tout \u00e0 fait crucial, et d\u00e9termin\u00e9 par les embryologistes. Les embryologistes surveillent de pr\u00e8s chaque embryon et disposent de la formation et de l\u2019expertise n\u00e9cessaires pour s\u00e9lectionner le ou les embryons de la meilleure qualit\u00e9 en fonction de crit\u00e8res de laboratoire sp\u00e9cifiques (c\u2019est-\u00e0-dire le nombre de cellules, le taux de division, le pourcentage de fragmentation, etc.). Tout cela constitue l\u2019\u00e9valuation morphologique des embryons en d\u00e9veloppement in vitro.<\/p>\n                            <\/span>\r\n                        <\/div>\r\n                                            <h4 class=\"faq-title \">\r\n                            Qu\u2019en est-il de la technologie de l\u2019intelligence artificielle (IA) en laboratoire ?                        <\/h4>\r\n                        <div class=\"faq-desc\">\r\n                            <span class=\"faq-desc-content\">\r\n                                <p><span style=\"font-weight: 400\">L\u2019IVF Athens Center prend s\u00e9rieusement en consid\u00e9ration toutes <a href=\"https:\/\/ivfathenscenter.gr\/services\/ivf\/embryo-monitoring-system\/\">innovations<\/a>.\u00a0<\/span><\/p>\n<p>Nous sommes l\u2019une des premi\u00e8res unit\u00e9s de FIV en Gr\u00e8ce, mais aussi dans le monde, \u00e0 avoir accueilli l\u2019intelligence artificielle (IA) dans nos laboratoires, d\u00e8s 2021. Le syst\u00e8me d\u2019IA offre une analyse enti\u00e8rement automatis\u00e9e non seulement sur le plan morphologique mais \u00e9galement sur le d\u00e9veloppement des blastocystes, donnant un score de probabilit\u00e9 d\u2019implantation. En ao\u00fbt 2023, ce <a href=\"https:\/\/www.vitrolife.com\/our-products\/idascore-intelligent-data-analysis-for-embryo-evaluation\/\" target=\"_blank\" rel=\"noopener\">logiciel d\u2019IA<\/a> a \u00e9t\u00e9 mis \u00e0 niveau et la deuxi\u00e8me version a \u00e9t\u00e9 install\u00e9e, offrant \u00e9galement une option de score pour les embryons des jours 2 et 3.<\/p>\n                            <\/span>\r\n                        <\/div>\r\n                                            <h4 class=\"faq-title \">\r\n                            Combien d\u2019embryons est-il possible d\u2019implanter ?                        <\/h4>\r\n                        <div class=\"faq-desc\">\r\n                            <span class=\"faq-desc-content\">\r\n                                <p>La l\u00e9gislation grecque (<a href=\"https:\/\/eaiya.gov.gr\/wp-content\/uploads\/2015\/03\/2589__29.9.14.pdf\" target=\"_blank\" rel=\"noopener\">FEK 2589\/2014<\/a>) d\u00e9finit le nombre exact d\u2019embryons pouvant \u00eatre transf\u00e9r\u00e9s en fonction de l\u2019\u00e2ge de la femme et de proc\u00e9dures sp\u00e9cifiques (par exemple, don d\u2019ovocytes).<\/p>\n<p>&nbsp;<\/p>\n                            <\/span>\r\n                        <\/div>\r\n                                            <h4 class=\"faq-title \">\r\n                            Le transfert d\u2019embryons est-il un processus douloureux ?                        <\/h4>\r\n                        <div class=\"faq-desc\">\r\n                            <span class=\"faq-desc-content\">\r\n                                <p>Non, le transfert d\u2019embryon est indolore et ne n\u00e9cessite aucune anesth\u00e9sie ni pr\u00e9paration particuli\u00e8re de la part de la femme.<\/p>\n                            <\/span>\r\n                        <\/div>\r\n                                            <h4 class=\"faq-title \">\r\n                            Dois-je rester allong\u00e9e apr\u00e8s un transfert d\u2019embryon ?                        <\/h4>\r\n                        <div class=\"faq-desc\">\r\n                            <span class=\"faq-desc-content\">\r\n                                <p>Bien que le transfert d&#8217;embryons soit une proc\u00e9dure simple, indolore et ne n\u00e9cessitant pas de s\u00e9dation, nous conseillons \u00e0 nos patientes de rester dans notre unit\u00e9, allong\u00e9e, pendant environ une heure. Une fois rentr\u00e9es chez elles, elles ne sont pas oblig\u00e9es de rester allong\u00e9es, mais devront s\u2019abstenir de toute activit\u00e9 physique intense. Il n&rsquo;est pas n\u00e9cessaire de s\u2019absenter du travail, mais il est crucial de suivre les instructions m\u00e9dicales.<\/p>\n                            <\/span>\r\n                        <\/div>\r\n                    \r\n                <\/div>\r\n            <\/div>\r\n        <\/div>\r\n    <\/section>\r\n\n\n","protected":false},"excerpt":{"rendered":"","protected":false},"author":1,"featured_media":0,"parent":6298,"menu_order":0,"comment_status":"closed","ping_status":"closed","template":"","meta":{"_acf_changed":false,"footnotes":""},"class_list":["post-4861","page","type-page","status-publish","hentry"],"acf":[],"_links":{"self":[{"href":"https:\/\/ivfathenscenter.gr\/fr\/wp-json\/wp\/v2\/pages\/4861","targetHints":{"allow":["GET"]}}],"collection":[{"href":"https:\/\/ivfathenscenter.gr\/fr\/wp-json\/wp\/v2\/pages"}],"about":[{"href":"https:\/\/ivfathenscenter.gr\/fr\/wp-json\/wp\/v2\/types\/page"}],"author":[{"embeddable":true,"href":"https:\/\/ivfathenscenter.gr\/fr\/wp-json\/wp\/v2\/users\/1"}],"replies":[{"embeddable":true,"href":"https:\/\/ivfathenscenter.gr\/fr\/wp-json\/wp\/v2\/comments?post=4861"}],"version-history":[{"count":10,"href":"https:\/\/ivfathenscenter.gr\/fr\/wp-json\/wp\/v2\/pages\/4861\/revisions"}],"predecessor-version":[{"id":6775,"href":"https:\/\/ivfathenscenter.gr\/fr\/wp-json\/wp\/v2\/pages\/4861\/revisions\/6775"}],"up":[{"embeddable":true,"href":"https:\/\/ivfathenscenter.gr\/fr\/wp-json\/wp\/v2\/pages\/6298"}],"wp:attachment":[{"href":"https:\/\/ivfathenscenter.gr\/fr\/wp-json\/wp\/v2\/media?parent=4861"}],"curies":[{"name":"wp","href":"https:\/\/api.w.org\/{rel}","templated":true}]}}