{"id":4857,"date":"2023-08-21T08:02:24","date_gmt":"2023-08-21T08:02:24","guid":{"rendered":"https:\/\/ivfathenscenter.gr\/pgt\/"},"modified":"2024-10-16T06:28:28","modified_gmt":"2024-10-16T06:28:28","slug":"diagnostique-preimplantatoire","status":"publish","type":"page","link":"https:\/\/ivfathenscenter.gr\/fr\/fiv\/diagnostique-preimplantatoire\/","title":{"rendered":"Diagnostique Pr\u00e9implantatoire (DPI)"},"content":{"rendered":"\r\n<section class=\"title-section  with-desc\" >\r\n    <div class=\"ivf-container\">\r\n        <div class=\"page-title-wrap \">\r\n            <div>\r\n                <h1 class=\"h2 page-title\">Diagnostique Pr\u00e9implantatoire (DPI)<\/h1>\r\n                                    <div class=\"page-desc\">\r\n                        <p><p><span style=\"font-weight: 400\"><b><i>Le Diagnostique Pr\u00e9implantatoire (DPI) est autoris\u00e9<\/i><\/b>, sous condition d\u2019obtention du consentement et de l\u2019autorisation de l\u2019<strong>Autorit\u00e9 nationale pour la procr\u00e9ation m\u00e9dicalement assist\u00e9e<\/strong> grecque, afin d&rsquo;\u00e9viter la transmission \u00e0 l\u2019enfant de certaines maladies ou troubles g\u00e9n\u00e9tiques (PGT-M, PGT-SR ou PGT-A). Le PGT-A peut \u00e9galement \u00eatre utilis\u00e9 pour identifier les causes d&rsquo;infertilit\u00e9 chez les couples pr\u00e9sentant des fausses couches ou des \u00e9checs r\u00e9p\u00e9t\u00e9s apr\u00e8s des cycles de FIV (au moins trois tentatives infructueuses) <\/span><span style=\"font-weight: 400\">\u00a0(<a href=\"https:\/\/eaiya.gov.gr\/wp-content\/uploads\/2023\/01\/%CE%A6%CE%95%CE%9A-6549.%CE%92.21.12.20221.pdf\" target=\"_blank\" rel=\"noopener\">FEK 6549\/2022<\/a>)<\/span><span style=\"font-weight: 400\">\u00a0<\/span><\/p>\n<\/p>\r\n                    <\/div>\r\n                            <\/div>\r\n        <\/div>\r\n    <\/div>\r\n<\/section>\r\n\n\n\n<section class=\" services-content\">\n\n    \n    <div class=\"ivf-container  ivf-small-container section-content-wrap split\">\n\n                    <div class=\"image \">\n                <img loading=\"lazy\" decoding=\"async\" width=\"1024\" height=\"841\" src=\"https:\/\/ivfathenscenter.gr\/wp-content\/uploads\/2023\/08\/pgd-1024x841.png\" class=\"attachment-large size-large\" alt=\"\" srcset=\"https:\/\/ivfathenscenter.gr\/wp-content\/uploads\/2023\/08\/pgd-1024x841.png 1024w, https:\/\/ivfathenscenter.gr\/wp-content\/uploads\/2023\/08\/pgd-300x246.png 300w, https:\/\/ivfathenscenter.gr\/wp-content\/uploads\/2023\/08\/pgd-768x631.png 768w, https:\/\/ivfathenscenter.gr\/wp-content\/uploads\/2023\/08\/pgd.png 1396w\" sizes=\"auto, (max-width: 1024px) 100vw, 1024px\" \/>            <\/div>\n        \n        <div class=\"text\">\n            <p class=\"text__desc\">\n                <p>Le d\u00e9veloppement rapide de la science g\u00e9n\u00e9tique permet aux couples \u2013 et notamment \u00e0 ceux ayant des ant\u00e9c\u00e9dents familiaux graves \u2013 d\u2019avoir des enfants en bonne sant\u00e9.<\/p>\n<p>&nbsp;<\/p>\n<p>Gr\u00e2ce au diagnostic pr\u00e9implantatoire, les ovules f\u00e9cond\u00e9s pr\u00e9sentant des aberrations chromosomiques et des maladies g\u00e9n\u00e9tiques peuvent \u00eatre d\u00e9tect\u00e9s et \u00e9limin\u00e9s, afin que seuls les ovules sains soient transf\u00e9r\u00e9s dans l&rsquo;ut\u00e9rus de la femme.<\/p>\n<p>&nbsp;<\/p>\n<p>La proc\u00e9dure n&rsquo;est pas tr\u00e8s diff\u00e9rente d&rsquo;un cycle de f\u00e9condation in vitro, sauf qu&rsquo;elle comprend une biopsie des embryons dans le laboratoire d&#8217;embryologie. Au cours du processus de biopsie, quelques blastom\u00e8res (cellules) des embryons en croissance sont isol\u00e9s et analys\u00e9s dans un laboratoire g\u00e9n\u00e9tique d\u00fbment form\u00e9.<\/p>\n<p>&nbsp;<\/p>\n<p>La biopsie des embryons est r\u00e9alis\u00e9e en diff\u00e9rentes \u00e9tapes<\/p>\n<p>&nbsp;<\/p>\n<ul>\n<li style=\"font-weight: 400\">Le 3e jour suivant la collecte des ovocytes, pour les embryons de 8 cellules environ, selon la toute premi\u00e8re m\u00e9thode \u00e0 avoir \u00e9t\u00e9 mise en \u0153uvre<\/li>\n<li style=\"font-weight: 400\">Le 5e jour apr\u00e8s la collecte des ovocytes, pour les embryons au stade de blastocyste. La biopsie du blastocyste suscite de plus en plus d\u2019int\u00e9r\u00eat et tend \u00e0 remplacer la biopsie du 3e jour, car cette m\u00e9thode pr\u00e9sente de nombreux avantages.<\/li>\n<li style=\"font-weight: 400\">La biopsie du corpuscule polaire est \u00e9galement sugg\u00e9r\u00e9e comme alternative, pour v\u00e9rifier la qualit\u00e9 du mat\u00e9riel g\u00e9n\u00e9tique maternel sans intervenir sur l&#8217;embryon, mais en raison des limites de la m\u00e9thode, elle n&rsquo;est pas commun\u00e9ment utilis\u00e9e.<\/li>\n<\/ul>\n<p>&nbsp;<\/p>\n<p>La proc\u00e9dure la plus courante apr\u00e8s la technique de la biopsie consiste \u00e0 congeler les blastocystes biopsi\u00e9s dans un court laps de temps, jusqu&rsquo;\u00e0 l\u2019obtention des r\u00e9sultats finaux du laboratoire de g\u00e9n\u00e9tique. Le transfert d&#8217;embryons est effectu\u00e9 lors d&rsquo;un cycle ult\u00e9rieur, lorsque la femmes pr\u00e9sente une pr\u00e9paration endom\u00e9triale optimale, avec les embryons sugg\u00e9r\u00e9s uniquement, afin d&rsquo;obtenir une grossesse saine<\/p>\n<p>&nbsp;<\/p>\n<p>&nbsp;<\/p>\n<p>Nos embryologistes sont form\u00e9s \u00e0 cette technique depuis 2000 et poursuivent leur formation encore aujourd\u2019hui, selon les protocoles p\u00e9dagogiques les plus sophistiqu\u00e9s.<\/p>\n            <\/p>\n        <\/div>\n\n        \n    <\/div>\n\n        \n<\/section>\n\n\n    <section class=\"services-faqs reverse\" id=>\r\n\r\n                    <div class=\"ivf-container ivf-small-container section-title-wrap\">\r\n                <h3 class=\"section-title\">\r\n                    FAQ sur le DPI                <\/h3>\r\n            <\/div>\r\n        \r\n        <div class=\"ivf-container ivf-small-container section-content-wrap\">\r\n            <div class=\"text\">\r\n                <div class=\"faq\">\r\n\r\n                                            <h4 class=\"faq-title active\">\r\n                            Dans quels cas les tests g\u00e9n\u00e9tiques de diagnostic pr\u00e9implantatoire sont-ils effectu\u00e9s ?                        <\/h4>\r\n                        <div class=\"faq-desc\">\r\n                            <span class=\"faq-desc-content\">\r\n                                <p><b>Le Diagnostique Pr\u00e9implantatoire (DPI) peut \u00eatre utilise pour de tr\u00e8s nombreuses maladies<\/b>. Nous sommes fiers de nos taux de r\u00e9ussite \u00e9lev\u00e9s chez les patientes pr\u00e9sentant une thalass\u00e9mie ou de dr\u00e9panocytose, ou une maladie rare comme la neurofibromatose, le syndrome de Stargart, la XLA, etc.<\/p>\n<p>Scellant le succ\u00e8s et l\u2019innovation qui caract\u00e9risent l\u2019IVF Athens Center, nous avons \u00e9t\u00e9 les premiers au monde \u00e0 permettre les grossesses d\u2019une femme atteinte d&rsquo;achondroplasie (nanisme), suite \u00e0 un PGT. Apr\u00e8s la r\u00e9alisation de transferts d&#8217;embryons en cycles artificiels, suite \u00e0 la cryoconservation et au r\u00e9chauffement de blastocystes sains, l\u2019heureux couple a r\u00e9ussi \u00e0 avoir deux beaux enfants en bonne sant\u00e9.<\/p>\n                            <\/span>\r\n                        <\/div>\r\n                    \r\n                <\/div>\r\n            <\/div>\r\n        <\/div>\r\n    <\/section>\r\n\n\n","protected":false},"excerpt":{"rendered":"","protected":false},"author":1,"featured_media":0,"parent":6298,"menu_order":0,"comment_status":"closed","ping_status":"closed","template":"","meta":{"_acf_changed":false,"footnotes":""},"class_list":["post-4857","page","type-page","status-publish","hentry"],"acf":[],"_links":{"self":[{"href":"https:\/\/ivfathenscenter.gr\/fr\/wp-json\/wp\/v2\/pages\/4857","targetHints":{"allow":["GET"]}}],"collection":[{"href":"https:\/\/ivfathenscenter.gr\/fr\/wp-json\/wp\/v2\/pages"}],"about":[{"href":"https:\/\/ivfathenscenter.gr\/fr\/wp-json\/wp\/v2\/types\/page"}],"author":[{"embeddable":true,"href":"https:\/\/ivfathenscenter.gr\/fr\/wp-json\/wp\/v2\/users\/1"}],"replies":[{"embeddable":true,"href":"https:\/\/ivfathenscenter.gr\/fr\/wp-json\/wp\/v2\/comments?post=4857"}],"version-history":[{"count":4,"href":"https:\/\/ivfathenscenter.gr\/fr\/wp-json\/wp\/v2\/pages\/4857\/revisions"}],"predecessor-version":[{"id":6774,"href":"https:\/\/ivfathenscenter.gr\/fr\/wp-json\/wp\/v2\/pages\/4857\/revisions\/6774"}],"up":[{"embeddable":true,"href":"https:\/\/ivfathenscenter.gr\/fr\/wp-json\/wp\/v2\/pages\/6298"}],"wp:attachment":[{"href":"https:\/\/ivfathenscenter.gr\/fr\/wp-json\/wp\/v2\/media?parent=4857"}],"curies":[{"name":"wp","href":"https:\/\/api.w.org\/{rel}","templated":true}]}}