{"id":4852,"date":"2023-08-21T08:02:08","date_gmt":"2023-08-21T08:02:08","guid":{"rendered":"https:\/\/ivfathenscenter.gr\/oocyte-vitrification\/"},"modified":"2025-07-24T09:13:19","modified_gmt":"2025-07-24T09:13:19","slug":"congelation-ovocyte","status":"publish","type":"page","link":"https:\/\/ivfathenscenter.gr\/fr\/fiv\/congelation-ovocyte\/","title":{"rendered":"Cong\u00e9lation d&rsquo; Ovocyte (Vitrification)"},"content":{"rendered":"\r\n<section class=\"title-section \" >\r\n    <div class=\"ivf-container\">\r\n        <div class=\"page-title-wrap \">\r\n            <div>\r\n                <h1 class=\"h2 page-title\">Cong\u00e9lation d&#039; Ovocyte (Vitrification)<\/h1>\r\n                            <\/div>\r\n        <\/div>\r\n    <\/div>\r\n<\/section>\r\n\n\n\n<section class=\" services-content\">\n\n    \n    <div class=\"ivf-container  ivf-small-container section-content-wrap split\">\n\n                    <div class=\"image \">\n                <img loading=\"lazy\" decoding=\"async\" width=\"1000\" height=\"1000\" src=\"https:\/\/ivfathenscenter.gr\/wp-content\/uploads\/2023\/08\/egg-freezing.png\" class=\"attachment-large size-large\" alt=\"\" srcset=\"https:\/\/ivfathenscenter.gr\/wp-content\/uploads\/2023\/08\/egg-freezing.png 1000w, https:\/\/ivfathenscenter.gr\/wp-content\/uploads\/2023\/08\/egg-freezing-300x300.png 300w, https:\/\/ivfathenscenter.gr\/wp-content\/uploads\/2023\/08\/egg-freezing-150x150.png 150w, https:\/\/ivfathenscenter.gr\/wp-content\/uploads\/2023\/08\/egg-freezing-768x768.png 768w\" sizes=\"auto, (max-width: 1000px) 100vw, 1000px\" \/>            <\/div>\n        \n        <div class=\"text\">\n            <p class=\"text__desc\">\n                <p>La vitrification des ovocytes, commun\u00e9ment appel\u00e9e cong\u00e9lation des ovules, est aujourd&rsquo;hui une technique innovante, couramment pratiqu\u00e9e et s\u00fbre, permettant \u00e0 une femme de maintenir et de pr\u00e9server sa fertilit\u00e9, jusqu&rsquo;\u00e0 ce qu&rsquo;elle soit pr\u00eate \u00e0 devenir m\u00e8re.<\/p>\n<p>&nbsp;<\/p>\n<p>La vitrification des ovocytes peut \u00eatre r\u00e9alis\u00e9e \u00e0 l\u2019\u00e9gard de la pr\u00e9sence de facteurs f\u00e9minins ou masculins.<\/p>\n<p>&nbsp;<\/p>\n<p>Concernant les indications chez la femme, la vitrification est indiqu\u00e9e non seulement pour les femmes qui souhaitent avoir des enfants \u00e0 l&rsquo;avenir, mais aussi pour celles qui ont des ant\u00e9c\u00e9dents m\u00e9dicaux (faible taux de AMH, FSH \u00e9lev\u00e9e ou indications de m\u00e9nopause pr\u00e9coce) ou sont confront\u00e9es \u00e0 diverses raisons \u00e9thiques. Elle est fortement recommand\u00e9e en cas de probl\u00e8mes de sant\u00e9, lorsqu\u2019une chimioth\u00e9rapie ou une radioth\u00e9rapie est n\u00e9cessaire (le tissu ovarien peut \u00e9galement \u00eatre cryoconserv\u00e9).<\/p>\n<p>&nbsp;<\/p>\n<p>Les indications chez les hommes peuvent \u00eatre son absence prolong\u00e9e en tant que conjoint, la difficult\u00e9 \u00e0 produire du sperme et des raisons m\u00e9dicales (probl\u00e8mes de sant\u00e9 graves ou dysfonctionnement des gonades masculines).<\/p>\n<p>&nbsp;<\/p>\n<p>Gr\u00e2ce \u00e0 ce processus, les ovocytes non f\u00e9cond\u00e9s peuvent \u00eatre vitrifi\u00e9s et offrent l\u2019autonomie n\u00e9cessaire \u00e0 une planification familiale ult\u00e9rieure, avec un potentiel de fertilit\u00e9 plus jeune, sans pression ni crainte de manquer de temps.<\/p>\n            <\/p>\n        <\/div>\n\n        \n    <\/div>\n\n        \n<\/section>\n\n\n\n<div class=\"wp-block-group\"><div class=\"wp-block-group__inner-container is-layout-constrained wp-block-group-is-layout-constrained\">\n<div class=\"wp-block-group ivf-container ivf-small-container is-nowrap is-layout-flex wp-container-core-group-is-layout-ad2f72ca wp-block-group-is-layout-flex\">\n<div class=\"wp-block-columns is-layout-flex wp-container-core-columns-is-layout-9d6595d7 wp-block-columns-is-layout-flex\">\n<div class=\"wp-block-column is-layout-flow wp-block-column-is-layout-flow\">\n<p>La vitrification ovocytaire est effectu\u00e9e dans le cadre d\u2019un cycle de FIV \u00ab traditionnel \u00bb, selon un protocole adapt\u00e9 aux ant\u00e9c\u00e9dents m\u00e9dicaux et au profil hormonal de la femme, \u00e0 savoir&nbsp;:<\/p>\n\n\n\n<ul class=\"wp-block-list\">\n<li><strong><a href=\"https:\/\/ivfathenscenter.gr\/fr\/fiv\/stimulation-ovarienne\/\">stimulation ovarienne<\/a><\/strong> et mesures des taux d\u2019hormones<\/li>\n\n\n\n<li><strong><a href=\"https:\/\/ivfathenscenter.gr\/fr\/fiv\/monitorage-de-lovulation\/\">surveillance<\/a><\/strong> \u00e9chographique de la taille du ou des follicules<\/li>\n\n\n\n<li>technique simple, invasive (<strong><a href=\"https:\/\/ivfathenscenter.gr\/fr\/fiv\/ponction-ovocyte\/\">collecte d&rsquo;ovules<\/a><\/strong>), lorsque les follicules ont atteint la bonne taille et le niveau de maturit\u00e9 appropri\u00e9<\/li>\n\n\n\n<li>et la <strong>vitrification<\/strong> des ovocytes matures \u00e0 l\u2019\u00e9tape finale.<\/li>\n<\/ul>\n\n\n\n<p><\/p>\n\n\n\n<p>Au IVF Athens Center, nos embryologistes sp\u00e9cialement form\u00e9s, toujours \u00e0 l\u2019\u00e9coute des derni\u00e8res \u00e9volutions en mati\u00e8re de FIV, utilisent la \u00ab&nbsp;<a href=\"https:\/\/kitazato-ivf.com\/wp-content\/uploads\/2022\/03\/Kitazato-Vitrification-Catalogue.pdf\" target=\"_blank\" rel=\"noopener\">m\u00e9thode Cryotop\u00ae<\/a>&nbsp;\u00bb pour la vitrification et le r\u00e9chauffement des ovules. Cette m\u00e9thode est appliqu\u00e9e dans plus de 2&nbsp;500&nbsp;000 cas cliniques par an dans le monde (plus de 115 pays et 3&nbsp;000 centres de procr\u00e9ation assist\u00e9e). Des centaines de publications scientifiques certifient l\u2019excellence de cette m\u00e9thode en termes de taux de survie (comme indiqu\u00e9 ci-dessous).<\/p>\n\n\n<div class=\"wp-block-image wp-image-3292\">\n<figure class=\"aligncenter\"><img loading=\"lazy\" decoding=\"async\" width=\"1024\" height=\"742\" src=\"http:\/\/ivfathenscenter.gr\/wp-content\/uploads\/2023\/11\/Screenshot-2023-11-22-at-10.49.51-AM-1024x742.jpg\" alt=\"\" class=\"wp-image-3292\" srcset=\"https:\/\/ivfathenscenter.gr\/wp-content\/uploads\/2023\/11\/Screenshot-2023-11-22-at-10.49.51-AM-1024x742.jpg 1024w, https:\/\/ivfathenscenter.gr\/wp-content\/uploads\/2023\/11\/Screenshot-2023-11-22-at-10.49.51-AM-300x217.jpg 300w, https:\/\/ivfathenscenter.gr\/wp-content\/uploads\/2023\/11\/Screenshot-2023-11-22-at-10.49.51-AM-768x556.jpg 768w, https:\/\/ivfathenscenter.gr\/wp-content\/uploads\/2023\/11\/Screenshot-2023-11-22-at-10.49.51-AM.jpg 1292w\" sizes=\"auto, (max-width: 1024px) 100vw, 1024px\" \/><figcaption class=\"wp-element-caption\"><em>Sources&nbsp;: Cobo A., Oocyte vitrification as an efficient option for elective fertility preservation. Fertility &amp; Sterility, 2016. \u2014 Cobo A., Effect of oocyte vitrification on embryo quality: time-lapse analysis and morphokinetic evaluation. Fertility &amp; Sterility, 2017. \u2014 Rienzi L., Definition of a clinical strategy to enhance the efficacy, efficiency and safety of egg donation cycles with imported vitrified oocytes. Human Reproduction, 2020.<\/em><\/figcaption><\/figure><\/div>\n\n\n<p><br>Toute femme d\u00e9sireuse de \u00ab sauvegarder \u00bb sa fertilit\u00e9 doit pr\u00eater une attention particuli\u00e8re aux points suivants :<\/p>\n\n\n\n<p>\u0391. Un protocole de stimulation l\u00e9ger, individualis\u00e9\/personnalis\u00e9.<br>\u0392. Un centre agr\u00e9\u00e9 de m\u00e9decine reproductive qui garantira la pr\u00e9servation des pr\u00e9cieux ovocytes.<br>C. Un laboratoire d&#8217;embryologie comp\u00e9tent.<br>D. L\u2019\u00e9tablissement d\u2019une relation de confiance et efficace entre la femme, le m\u00e9decin et le personnel de l\u2019Unit\u00e9 (\u00e9l\u00e9ment pr\u00e9cieux, favorisant un processus sans heurts et sans anxi\u00e9t\u00e9).<\/p>\n<\/div>\n<\/div>\n<\/div>\n<\/div><\/div>\n\n\n    <section class=\"services-faqs reverse\" id=>\r\n\r\n                    <div class=\"ivf-container ivf-small-container section-title-wrap\">\r\n                <h3 class=\"section-title\">\r\n                    FAQ sur la cryoconservation des ovocytes                <\/h3>\r\n            <\/div>\r\n        \r\n        <div class=\"ivf-container ivf-small-container section-content-wrap\">\r\n            <div class=\"text\">\r\n                <div class=\"faq\">\r\n\r\n                                            <h4 class=\"faq-title active\">\r\n                            Quel est l\u2019\u00e2ge limite pour la vitrification des ovocytes ?                        <\/h4>\r\n                        <div class=\"faq-desc\">\r\n                            <span class=\"faq-desc-content\">\r\n                                <p>En r\u00e9alit\u00e9, il n\u2019y a pas d\u2019\u00e2ge limite pour la vitrification des ovocytes, n\u00e9anmoins le potentiel de naissance vivante issue de ces ovocytes diminue \u00e0 mesure que l\u2019\u00e2ge augmente. Les femmes qui souhaitent proc\u00e9der \u00e0 la cong\u00e9lation de leurs ovocytes doivent le faire le plus t\u00f4t possible. En effet, si vous subissez l\u2019intervention \u00e0 28 ans et que vous d\u00e9cidez d\u2019utiliser les ovocytes \u00e0 38 ans, vos chances de succ\u00e8s sont celles d\u2019une femme de 28 ans, et non de 38 ans.<\/p>\n                            <\/span>\r\n                        <\/div>\r\n                                            <h4 class=\"faq-title \">\r\n                            Si je cong\u00e8le mes ovules, puis-je quand m\u00eame avoir des enfants de mani\u00e8re naturelle ?                        <\/h4>\r\n                        <div class=\"faq-desc\">\r\n                            <span class=\"faq-desc-content\">\r\n                                <p>Oui, bien s\u00fbr. Lors de la proc\u00e9dure de vitrification des ovocytes, nous utilisons uniquement les ovocytes affect\u00e9s \u00e0 un cycle menstruel sp\u00e9cifique. Ainsi, la r\u00e9serve d\u2019ovocytes de la femme demeure.<\/p>\n                            <\/span>\r\n                        <\/div>\r\n                                            <h4 class=\"faq-title \">\r\n                            Combien d\u2019ovocytes dois-je faire congeler ?                        <\/h4>\r\n                        <div class=\"faq-desc\">\r\n                            <span class=\"faq-desc-content\">\r\n                                <p>La situation de chaque patiente est unique et diff\u00e9rente, mais une moyenne de 8 \u00e0 10 ovocytes matures est id\u00e9ale pour avoir au moins un b\u00e9b\u00e9.<\/p>\n                            <\/span>\r\n                        <\/div>\r\n                    \r\n                <\/div>\r\n            <\/div>\r\n        <\/div>\r\n    <\/section>\r\n\n\n","protected":false},"excerpt":{"rendered":"<p>La vitrification ovocytaire est effectu\u00e9e dans le cadre d\u2019un cycle de FIV \u00ab traditionnel \u00bb, selon un protocole adapt\u00e9 aux ant\u00e9c\u00e9dents m\u00e9dicaux et au profil hormonal de la femme, \u00e0 savoir&nbsp;: Au IVF Athens Center, nos embryologistes sp\u00e9cialement form\u00e9s, toujours \u00e0 l\u2019\u00e9coute des derni\u00e8res \u00e9volutions en mati\u00e8re de FIV, utilisent la \u00ab&nbsp;m\u00e9thode Cryotop\u00ae&nbsp;\u00bb pour la [&hellip;]<\/p>\n","protected":false},"author":1,"featured_media":0,"parent":6298,"menu_order":0,"comment_status":"closed","ping_status":"closed","template":"","meta":{"_acf_changed":false,"footnotes":""},"class_list":["post-4852","page","type-page","status-publish","hentry"],"acf":[],"_links":{"self":[{"href":"https:\/\/ivfathenscenter.gr\/fr\/wp-json\/wp\/v2\/pages\/4852","targetHints":{"allow":["GET"]}}],"collection":[{"href":"https:\/\/ivfathenscenter.gr\/fr\/wp-json\/wp\/v2\/pages"}],"about":[{"href":"https:\/\/ivfathenscenter.gr\/fr\/wp-json\/wp\/v2\/types\/page"}],"author":[{"embeddable":true,"href":"https:\/\/ivfathenscenter.gr\/fr\/wp-json\/wp\/v2\/users\/1"}],"replies":[{"embeddable":true,"href":"https:\/\/ivfathenscenter.gr\/fr\/wp-json\/wp\/v2\/comments?post=4852"}],"version-history":[{"count":9,"href":"https:\/\/ivfathenscenter.gr\/fr\/wp-json\/wp\/v2\/pages\/4852\/revisions"}],"predecessor-version":[{"id":15448,"href":"https:\/\/ivfathenscenter.gr\/fr\/wp-json\/wp\/v2\/pages\/4852\/revisions\/15448"}],"up":[{"embeddable":true,"href":"https:\/\/ivfathenscenter.gr\/fr\/wp-json\/wp\/v2\/pages\/6298"}],"wp:attachment":[{"href":"https:\/\/ivfathenscenter.gr\/fr\/wp-json\/wp\/v2\/media?parent=4852"}],"curies":[{"name":"wp","href":"https:\/\/api.w.org\/{rel}","templated":true}]}}