{"id":4848,"date":"2023-08-21T08:01:46","date_gmt":"2023-08-21T08:01:46","guid":{"rendered":"https:\/\/ivfathenscenter.gr\/fertility-preservation\/"},"modified":"2024-10-11T10:39:47","modified_gmt":"2024-10-11T10:39:47","slug":"preservation-de-la-fertilite","status":"publish","type":"page","link":"https:\/\/ivfathenscenter.gr\/fr\/fiv\/preservation-de-la-fertilite\/","title":{"rendered":"Pr\u00e9servation de la Fertilit\u00e9"},"content":{"rendered":"\r\n<section class=\"title-section  with-desc\" >\r\n    <div class=\"ivf-container\">\r\n        <div class=\"page-title-wrap \">\r\n            <div>\r\n                <h1 class=\"h2 page-title\">PR\u00c9SERVATION DE LA FERTILIT\u00c9<\/h1>\r\n                                    <div class=\"page-desc\">\r\n                        <p><p>La pr\u00e9servation de la fertilit\u00e9 s\u2019adresse aussi bien aux hommes qu\u2019aux femmes.<\/p>\n<p>La cryoconservation des gam\u00e8tes, c&rsquo;est-\u00e0-dire des \u00e9chantillons de sperme, des ovocytes non f\u00e9cond\u00e9s, des ovules (embryons) f\u00e9cond\u00e9s \u00e0 diff\u00e9rents stades de d\u00e9veloppement, des fragments de tissu ovarien, est une m\u00e9thode r\u00e9volutionnaire dans le domaine de la procr\u00e9ation assist\u00e9e et vise \u00e0 pr\u00e9server la capacit\u00e9 de reproduction et la possibilit\u00e9 d\u2019une future utilisation, pour diverses raisons.<\/p>\n<\/p>\r\n                    <\/div>\r\n                            <\/div>\r\n        <\/div>\r\n    <\/div>\r\n<\/section>\r\n\n\n\n<section class=\" services-content\">\n\n    \n    <div class=\"ivf-container  ivf-small-container section-content-wrap split\">\n\n                    <div class=\"image \">\n                <img loading=\"lazy\" decoding=\"async\" width=\"1000\" height=\"1000\" src=\"https:\/\/ivfathenscenter.gr\/wp-content\/uploads\/2023\/08\/fertility-preservation.png\" class=\"attachment-large size-large\" alt=\"\" srcset=\"https:\/\/ivfathenscenter.gr\/wp-content\/uploads\/2023\/08\/fertility-preservation.png 1000w, https:\/\/ivfathenscenter.gr\/wp-content\/uploads\/2023\/08\/fertility-preservation-300x300.png 300w, https:\/\/ivfathenscenter.gr\/wp-content\/uploads\/2023\/08\/fertility-preservation-150x150.png 150w, https:\/\/ivfathenscenter.gr\/wp-content\/uploads\/2023\/08\/fertility-preservation-768x768.png 768w\" sizes=\"auto, (max-width: 1000px) 100vw, 1000px\" \/>            <\/div>\n        \n        <div class=\"text\">\n            <p class=\"text__desc\">\n                <p>L\u2019IVF Athens Center a r\u00e9alis\u00e9 l\u2019exploit en 2008, de permettre la naissance du premier b\u00e9b\u00e9 en Gr\u00e8ce, apr\u00e8s la proc\u00e9dure de vitrification\/r\u00e9chauffement et, depuis lors, nous avons effectu\u00e9 des milliers de transferts d\u2019embryons au cours de cycles de cryoconservation-r\u00e9chauffement.<\/p>\n<p>Les taux de r\u00e9ussite sont \u00e9lev\u00e9s, de mani\u00e8re constante, correspondant aux taux internationaux observ\u00e9s sans recours \u00e0 la cryoconservation.<\/p>\n<p>&nbsp;<\/p>\n<p>La cryoconservation et le stockage cryog\u00e9nique sont mis en \u0153uvre\u00a0:<\/p>\n<p>&nbsp;<\/p>\n<p><strong><span style=\"color: #b02e85\">Chez les hommes :\u00a0<\/span><\/strong><\/p>\n<ul>\n<li>Dont l\u2019\u00e9tat de sant\u00e9 n\u00e9cessite un chimioth\u00e9rapie ou une radioth\u00e9rapie<\/li>\n<li>Pr\u00e9sentant une diversit\u00e9 des param\u00e8tres du sperme, g\u00e9n\u00e9ralement chez les hommes atteints d&rsquo;oligoasth\u00e9nospermie s\u00e9v\u00e8re<\/li>\n<li style=\"font-weight: 400\">Chez lesquels une capacit\u00e9 de reproduction r\u00e9duite a \u00e9t\u00e9 diagnostiqu\u00e9e<\/li>\n<li>Pr\u00e9sentant des troubles sexuels (probl\u00e8mes d&rsquo;\u00e9jaculation)<\/li>\n<\/ul>\n<p><em>Les \u00e9chantillons de sperme sont cryoconserv\u00e9s par la m\u00e9thode de cong\u00e9lation lente<\/em><\/p>\n<p>&nbsp;<\/p>\n<p><strong><span style=\"color: #b02e85\">Chez les femmes :<\/span><\/strong><\/p>\n<ul>\n<li style=\"font-weight: 400\">Dont l\u2019\u00e9tat de sant\u00e9 n\u00e9cessite un chimioth\u00e9rapie ou une radioth\u00e9rapie<\/li>\n<li style=\"font-weight: 400\">Autres options de planification familiale<\/li>\n<\/ul>\n<p><em>Des fragments de tissus ovariens sont cryoconserv\u00e9s par la m\u00e9thode de cong\u00e9lation lente<\/em><\/p>\n<p><em>Les ovocytes non f\u00e9cond\u00e9s sont cryoconserv\u00e9s par la m\u00e9thode de la vitrification<\/em><\/p>\n<p>&nbsp;<\/p>\n<p><strong><span style=\"color: #b02e85\">Chez les couples<\/span><\/strong><\/p>\n<ul>\n<li>Conservation des embryons surnum\u00e9raires cr\u00e9\u00e9s lors d&rsquo;un cycle de FIV<\/li>\n<li>Approche dite \u00ab\u00a0freeze-all\u00a0\u00bb<\/li>\n<li style=\"font-weight: 400\"><span style=\"font-weight: 400\">Tests g\u00e9n\u00e9tiques pr\u00e9implantatoires <\/span><\/li>\n<\/ul>\n<p><em>Tous les ovules (embryons) f\u00e9cond\u00e9s sont cryoconserv\u00e9s par la m\u00e9thode de vitrification <\/em><\/p>\n            <\/p>\n        <\/div>\n\n        \n    <\/div>\n\n        \n<\/section>\n\n\n    <section class=\"services-faqs reverse\" id=>\r\n\r\n                    <div class=\"ivf-container ivf-small-container section-title-wrap\">\r\n                <h3 class=\"section-title\">\r\n                    FAQ sur la cryoconservation                <\/h3>\r\n            <\/div>\r\n        \r\n        <div class=\"ivf-container ivf-small-container section-content-wrap\">\r\n            <div class=\"text\">\r\n                <div class=\"faq\">\r\n\r\n                                            <h4 class=\"faq-title active\">\r\n                            Pourquoi pr\u00e9server sa fertilit\u00e9 ?                        <\/h4>\r\n                        <div class=\"faq-desc\">\r\n                            <span class=\"faq-desc-content\">\r\n                                <p>La raison peut \u00eatre que vous suivez un traitement contre le cancer (notamment chimioth\u00e9rapie ou radioth\u00e9rapie) ou que vous souffrez d\u2019une maladie auto-immune. En effet, certains des m\u00e9dicaments utilis\u00e9s dans de tels cas, en particulier \u00e0 fortes doses, peuvent provoquer une infertilit\u00e9. La pr\u00e9servation de la fertilit\u00e9 augmente donc vos chances de fonder une famille. Vous pouvez \u00e9galement proc\u00e9der \u00e0 la pr\u00e9servation de la fertilit\u00e9, si vous n&rsquo;\u00eates pas encore pr\u00eat(e) \u00e0 fonder une famille !<\/p>\n                            <\/span>\r\n                        <\/div>\r\n                                            <h4 class=\"faq-title \">\r\n                            Que devient le mat\u00e9riel g\u00e9n\u00e9tique cryopr\u00e9serv\u00e9 ?                        <\/h4>\r\n                        <div class=\"faq-desc\">\r\n                            <span class=\"faq-desc-content\">\r\n                                <p>Tout le mat\u00e9riel g\u00e9n\u00e9tique cryopr\u00e9serv\u00e9 est cryoconserv\u00e9 dans la banque de cryoconservation de l\u2019IVF Athens, dans des r\u00e9cipients sp\u00e9cialement con\u00e7us, remplis d\u2019azote liquide, LN2. Ces r\u00e9cipients sont \u00e9quip\u00e9s d&rsquo;un syst\u00e8me d&rsquo;alarme 24h\/24 et 7j\/7 permettant de v\u00e9rifier et confirmer les bonnes conditions cryog\u00e9niques.<\/p>\n<p>Lorsque vous serez pr\u00eat(e) \u00e0 poursuivre votre grossesse, nos embryologistes r\u00e9chaufferont le mat\u00e9riel et suivront les proc\u00e9dures conform\u00e9ment \u00e0 votre dossier m\u00e9dical.<\/p>\n                            <\/span>\r\n                        <\/div>\r\n                                            <h4 class=\"faq-title \">\r\n                            Pourquoi devons-nous\/nous devons signer tous ces formulaires ?                        <\/h4>\r\n                        <div class=\"faq-desc\">\r\n                            <span class=\"faq-desc-content\">\r\n                                <p>Les formulaires de consentement doivent obligatoirement \u00eatre remplis \u00e0 toutes les \u00e9tapes de la procr\u00e9ation assist\u00e9e, conform\u00e9ment \u00e0 la l\u00e9gislation grecque. Ceci est \u00e9galement obligatoire pour chaque op\u00e9ration de cryop\u00e9servation ou de cryoconservation de votre mat\u00e9riel g\u00e9n\u00e9tique. Gardant \u00e0 l\u2019esprit l\u2019avenir et les droits des enfants \u00e0 na\u00eetre, nous conservons en s\u00e9curit\u00e9 tous ces formulaires sign\u00e9s, \u00e0 des fins de tra\u00e7abilit\u00e9, de respect de votre vie priv\u00e9e et de confidentialit\u00e9.<\/p>\n                            <\/span>\r\n                        <\/div>\r\n                                            <h4 class=\"faq-title \">\r\n                            Quels sont les avantages de la pr\u00e9servation de la fertilit\u00e9 ?                        <\/h4>\r\n                        <div class=\"faq-desc\">\r\n                            <span class=\"faq-desc-content\">\r\n                                <p>Le principal avantage est que vous pourrez mettre au monde votre enfant biologique, sans tenir compte de votre \u00e2ge ou de toute \u00e9ventuelle circonstance future.<\/p>\n                            <\/span>\r\n                        <\/div>\r\n                    \r\n                <\/div>\r\n            <\/div>\r\n        <\/div>\r\n    <\/section>\r\n\n\n","protected":false},"excerpt":{"rendered":"","protected":false},"author":1,"featured_media":0,"parent":6298,"menu_order":0,"comment_status":"closed","ping_status":"closed","template":"","meta":{"_acf_changed":false,"footnotes":""},"class_list":["post-4848","page","type-page","status-publish","hentry"],"acf":[],"_links":{"self":[{"href":"https:\/\/ivfathenscenter.gr\/fr\/wp-json\/wp\/v2\/pages\/4848","targetHints":{"allow":["GET"]}}],"collection":[{"href":"https:\/\/ivfathenscenter.gr\/fr\/wp-json\/wp\/v2\/pages"}],"about":[{"href":"https:\/\/ivfathenscenter.gr\/fr\/wp-json\/wp\/v2\/types\/page"}],"author":[{"embeddable":true,"href":"https:\/\/ivfathenscenter.gr\/fr\/wp-json\/wp\/v2\/users\/1"}],"replies":[{"embeddable":true,"href":"https:\/\/ivfathenscenter.gr\/fr\/wp-json\/wp\/v2\/comments?post=4848"}],"version-history":[{"count":1,"href":"https:\/\/ivfathenscenter.gr\/fr\/wp-json\/wp\/v2\/pages\/4848\/revisions"}],"predecessor-version":[{"id":4851,"href":"https:\/\/ivfathenscenter.gr\/fr\/wp-json\/wp\/v2\/pages\/4848\/revisions\/4851"}],"up":[{"embeddable":true,"href":"https:\/\/ivfathenscenter.gr\/fr\/wp-json\/wp\/v2\/pages\/6298"}],"wp:attachment":[{"href":"https:\/\/ivfathenscenter.gr\/fr\/wp-json\/wp\/v2\/media?parent=4848"}],"curies":[{"name":"wp","href":"https:\/\/api.w.org\/{rel}","templated":true}]}}