{"id":4843,"date":"2023-08-21T08:02:50","date_gmt":"2023-08-21T08:02:50","guid":{"rendered":"https:\/\/ivfathenscenter.gr\/embryo-monitoring-system\/"},"modified":"2024-10-16T06:27:31","modified_gmt":"2024-10-16T06:27:31","slug":"embryoscope-time-lapse-fiv","status":"publish","type":"page","link":"https:\/\/ivfathenscenter.gr\/fr\/fiv\/embryoscope-time-lapse-fiv\/","title":{"rendered":"Embryoscope and Time Lapse FIV"},"content":{"rendered":"\r\n<section class=\"title-section  with-desc\" >\r\n    <div class=\"ivf-container\">\r\n        <div class=\"page-title-wrap \">\r\n            <div>\r\n                <h1 class=\"h2 page-title\">Embryoscope and Time Lapse FIV<\/h1>\r\n                                    <div class=\"page-desc\">\r\n                        <p><p>Gr\u00e2ce \u00e0 la surveillance microscopique non invasive et continue des embryons (Time-Lapse), nous sommes en mesure de recevoir des informations cruciales concernant leur d\u00e9veloppement et leur capacit\u00e9 potentielle \u00e0 s&rsquo;implanter.<\/p>\n<p>L\u2019IVF Athens Center est \u00e9quip\u00e9 et dispose de la technologie de FIV la plus sophistiqu\u00e9e et la plus avanc\u00e9e dans les laboratoires de FIV.<\/p>\n<\/p>\r\n                    <\/div>\r\n                            <\/div>\r\n        <\/div>\r\n    <\/div>\r\n<\/section>\r\n\n\n\n<section class=\" services-content\">\n\n    \n    <div class=\"ivf-container  ivf-small-container section-content-wrap split\">\n\n                    <div class=\"image \">\n                <img loading=\"lazy\" decoding=\"async\" width=\"1024\" height=\"719\" src=\"https:\/\/ivfathenscenter.gr\/wp-content\/uploads\/2023\/08\/embryo-monitoring-system-1-1024x719.png\" class=\"attachment-large size-large\" alt=\"\" srcset=\"https:\/\/ivfathenscenter.gr\/wp-content\/uploads\/2023\/08\/embryo-monitoring-system-1-1024x719.png 1024w, https:\/\/ivfathenscenter.gr\/wp-content\/uploads\/2023\/08\/embryo-monitoring-system-1-300x211.png 300w, https:\/\/ivfathenscenter.gr\/wp-content\/uploads\/2023\/08\/embryo-monitoring-system-1-768x539.png 768w, https:\/\/ivfathenscenter.gr\/wp-content\/uploads\/2023\/08\/embryo-monitoring-system-1-1536x1078.png 1536w, https:\/\/ivfathenscenter.gr\/wp-content\/uploads\/2023\/08\/embryo-monitoring-system-1.png 1667w\" sizes=\"auto, (max-width: 1024px) 100vw, 1024px\" \/>            <\/div>\n        \n        <div class=\"text\">\n            <p class=\"text__desc\">\n                <p>&nbsp;<\/p>\n<p>Dans le cadre de son engagement et de notre d\u00e9vouement \u00e0 l\u2019\u00e9gard des progr\u00e8s de la science, de notre volont\u00e9 de maximiser le succ\u00e8s de toutes les proc\u00e9dures de procr\u00e9ation assist\u00e9e, l\u2019IVF Athens Center met en \u0153uvre depuis de nombreuses ann\u00e9es le syst\u00e8me r\u00e9volutionnaire de surveillance microscopique continue des embryons.<\/p>\n<p>&nbsp;<\/p>\n<p><span style=\"font-weight: 400\">Les embryons sont plac\u00e9s, dans les conditions appropri\u00e9es, dans des incubateurs (<strong><span style=\"color: #b02e85\">Primo Vision<\/span><\/strong>) ou des incubateurs de fabrication sp\u00e9ciale <strong><span style=\"color: #b02e85\">(EmbryoScope\u00ae)<\/span> <\/strong>connect\u00e9s avec des lentilles qui nous permettent d&rsquo;observer constamment le d\u00e9veloppement de chaque embryon, chaque minute et chaque jour (24h\/24 et 7j\/7). <\/span><\/p>\n<p>&nbsp;<\/p>\n<p>Comme s&rsquo;il y avait un microscope \u00e0 l&rsquo;int\u00e9rieur de l&rsquo;incubateur qui surveillait et enregistrait en continu et sans interruption tout signe au cours de la vie embryonnaire. Il est \u00e0 noter que le contr\u00f4le microscopique n\u2019a aucune cons\u00e9quence n\u00e9gative sur le d\u00e9veloppement des embryons. Au contraire, l\u2019utilisation de ce proc\u00e9d\u00e9 augmentent les chances de grossesse jusqu&rsquo;\u00e0 20\u00a0%.<\/p>\n<p>&nbsp;<\/p>\n<p><span style=\"color: #b02e85\"><b>Primo <span style=\"color: #b02e85\">Vision<\/span><\/b><\/span><\/p>\n<p>&nbsp;<\/p>\n<p>Il s&rsquo;agit du premier syst\u00e8me de surveillance mis en place dans l\u2019IVF Athens Center depuis septembre 2012, aujourd&rsquo;hui remplac\u00e9 par des syst\u00e8mes de nouvelle g\u00e9n\u00e9ration <strong><span style=\"color: #b02e85\">(EmbryoScope\u00ae).<\/span><\/strong><\/p>\n<p>&nbsp;<\/p>\n            <\/p>\n        <\/div>\n\n        \n    <\/div>\n\n        \n<\/section>\n\n\n\n<section class=\" services-content services-content-2\">\n\n    \n    <div class=\"ivf-container  ivf-small-container section-content-wrap split\">\n\n        \n        <div class=\"text\">\n            <p class=\"text__desc\">\n                <p><span style=\"color: #b02e85\"><strong>Le centre de FIV d&rsquo;Ath\u00e8nes utilise un EmbryoScope\u00ae<\/strong> <\/span><\/p>\n<p>&nbsp;<\/p>\n<p>Se tenant au courant de toutes les \u00e9volutions majeures en mati\u00e8re de procr\u00e9ation assist\u00e9e, l\u2019IVF Athens Center a adopt\u00e9 un syst\u00e8me innovant d&rsquo;incubation et de suivi des embryons : l&rsquo;<span style=\"color: #b02e85\"><strong>EmbryoScope\u00ae<\/strong><\/span> de derni\u00e8re g\u00e9n\u00e9ration.<\/p>\n<p>&nbsp;<\/p>\n<p>L\u2019<strong><span style=\"color: #b02e85\">EmbryoScope\u00ae<\/span><\/strong> est un incubateur d&#8217;embryons de pointe et de haute qualit\u00e9, capable de surveiller simultan\u00e9ment l&rsquo;\u00e9volution de jusqu&rsquo;\u00e0 240 embryons et permettant d\u2019obtenir des informations critiques sur leur taux de croissance et leur dynamique.<\/p>\n<p>&nbsp;<\/p>\n<p>Les images en temps r\u00e9el des embryons, associ\u00e9es \u00e0 la perspicacit\u00e9 de nos embryologistes exp\u00e9riment\u00e9s et au logiciel sp\u00e9cialis\u00e9 de l\u2019embryoscope, donnent acc\u00e8s \u00e0 une nouvelle approche du pr\u00e9cieux voyage vers la parentalit\u00e9, fournissant des informations extr\u00eamement pr\u00e9cises sur le d\u00e9veloppement de chaque embryon.<\/p>\n<p>&nbsp;<\/p>\n<p>Un autre avantage important de l\u2019embryoscope est qu\u2019il offre des conditions environnementales immuables. Les embryons restent dans l\u2019embryoscope tout au long de leur s\u00e9jour et de leur incubation de cinq jours, \u00e9vitant ainsi toute fluctuation possible qui pourrait survenir lors de leur examen programm\u00e9 par les embryologistes.<\/p>\n<p>&nbsp;<\/p>\n<p><strong><span style=\"color: #b02e85\">Des taux de r\u00e9ussite plus \u00e9lev\u00e9s et davantage d&#8217;embryons de meilleure qualit\u00e9, gr\u00e2ce \u00e0 l\u2019EmbryoScope\u00ae<\/span> <\/strong><\/p>\n<p>&nbsp;<\/p>\n<p>Une multitude d&rsquo;\u00e9tudes scientifiques au niveau international ont conclu que les grossesses cliniques avec recours \u00e0 l\u2019<span style=\"color: #b02e85\"><strong>EmbryoScope\u00ae<\/strong><\/span> montrent une augmentation significative de 15 \u00e0 20\u00a0%, gr\u00e2ce aux avantages susmentionn\u00e9s, r\u00e9sultats qui s\u2019ajoutent aux taux \u00e9lev\u00e9s de r\u00e9sultats cliniques positifs de l\u2019IVF Athens Center.<\/p>\n<p>&nbsp;<\/p>\n<p><strong><span style=\"color: #b02e85\">Notre syst\u00e8me EmbryoScope\u00ae est dot\u00e9 d\u2019un syst\u00e8me d\u2019intelligence artificielle (IA) fournissant un score distinct pour le groupe d\u2019embryons de chaque patiente, permettant de rep\u00e9rer les embryons les plus \u00e0 m\u00eame d\u2019\u00eatre implant\u00e9s.<\/span> <\/strong><\/p>\n<p>&nbsp;<\/p>\n<p>L\u2019<strong><span style=\"color: #b02e85\">EmbryoScope\u00ae<\/span><\/strong> en combinaison avec l&rsquo;<span style=\"color: #b02e85\"><strong>intelligence artificielle (IA)<\/strong><\/span> nous donne la<\/p>\n<ul>\n<li style=\"font-weight: 400\">possibilit\u00e9 d&rsquo;\u00e9viter toute annotation manuelle et perturbation des<\/li>\n<li style=\"font-weight: 400\">embryons en croissance, de choisir le ou les embryons les plus appropri\u00e9s, pr\u00e9sentant la plus haute qualit\u00e9 morphologique et d\u00e9veloppementale aux fins du transfert.<\/li>\n<\/ul>\n<p>&nbsp;<\/p>\n<p>Nous obtenons ainsi<\/p>\n<ul>\n<li style=\"font-weight: 400\">les taux de r\u00e9ussite les plus \u00e9lev\u00e9s dans un laps<\/li>\n<li style=\"font-weight: 400\">de temps plus court, des taux de<\/li>\n<li style=\"font-weight: 400\">fausses couches plus faibles, une meilleure s\u00e9lection et classification de tout embryon \u00e0 vitrifier pour une utilisation future.<\/li>\n<\/ul>\n            <\/p>\n        <\/div>\n\n                    <div class=\"image \">\n                <img loading=\"lazy\" decoding=\"async\" width=\"1000\" height=\"1000\" src=\"https:\/\/ivfathenscenter.gr\/wp-content\/uploads\/2023\/08\/embryo-monitoring-system-2.png\" class=\"attachment-large size-large\" alt=\"\" srcset=\"https:\/\/ivfathenscenter.gr\/wp-content\/uploads\/2023\/08\/embryo-monitoring-system-2.png 1000w, https:\/\/ivfathenscenter.gr\/wp-content\/uploads\/2023\/08\/embryo-monitoring-system-2-300x300.png 300w, https:\/\/ivfathenscenter.gr\/wp-content\/uploads\/2023\/08\/embryo-monitoring-system-2-150x150.png 150w, https:\/\/ivfathenscenter.gr\/wp-content\/uploads\/2023\/08\/embryo-monitoring-system-2-768x768.png 768w\" sizes=\"auto, (max-width: 1000px) 100vw, 1000px\" \/>            <\/div>\n        \n    <\/div>\n\n        \n<\/section>\n\n\n\n<section class=\"services-video\">\n            <div class=\"ivf-container ivf-small-container\">\n                <div class=\"video-wrap\">\n                    <iframe loading=\"lazy\" width=\"420\" height=\"315\" src=\"https:\/\/www.youtube.com\/embed\/oZiSbkckYVs\"><\/iframe>\n                <\/div>\n            <\/div>\n        <\/section>\n\n\n","protected":false},"excerpt":{"rendered":"","protected":false},"author":1,"featured_media":0,"parent":6298,"menu_order":0,"comment_status":"closed","ping_status":"closed","template":"","meta":{"_acf_changed":false,"footnotes":""},"class_list":["post-4843","page","type-page","status-publish","hentry"],"acf":[],"_links":{"self":[{"href":"https:\/\/ivfathenscenter.gr\/fr\/wp-json\/wp\/v2\/pages\/4843","targetHints":{"allow":["GET"]}}],"collection":[{"href":"https:\/\/ivfathenscenter.gr\/fr\/wp-json\/wp\/v2\/pages"}],"about":[{"href":"https:\/\/ivfathenscenter.gr\/fr\/wp-json\/wp\/v2\/types\/page"}],"author":[{"embeddable":true,"href":"https:\/\/ivfathenscenter.gr\/fr\/wp-json\/wp\/v2\/users\/1"}],"replies":[{"embeddable":true,"href":"https:\/\/ivfathenscenter.gr\/fr\/wp-json\/wp\/v2\/comments?post=4843"}],"version-history":[{"count":3,"href":"https:\/\/ivfathenscenter.gr\/fr\/wp-json\/wp\/v2\/pages\/4843\/revisions"}],"predecessor-version":[{"id":6772,"href":"https:\/\/ivfathenscenter.gr\/fr\/wp-json\/wp\/v2\/pages\/4843\/revisions\/6772"}],"up":[{"embeddable":true,"href":"https:\/\/ivfathenscenter.gr\/fr\/wp-json\/wp\/v2\/pages\/6298"}],"wp:attachment":[{"href":"https:\/\/ivfathenscenter.gr\/fr\/wp-json\/wp\/v2\/media?parent=4843"}],"curies":[{"name":"wp","href":"https:\/\/api.w.org\/{rel}","templated":true}]}}