{"id":4826,"date":"2023-11-22T08:30:15","date_gmt":"2023-11-22T08:30:15","guid":{"rendered":"https:\/\/ivfathenscenter.gr\/artificial-intelligence\/"},"modified":"2024-10-16T06:28:13","modified_gmt":"2024-10-16T06:28:13","slug":"intelligence-artificielle","status":"publish","type":"page","link":"https:\/\/ivfathenscenter.gr\/fr\/fiv\/intelligence-artificielle\/","title":{"rendered":"Intelligence Artificielle"},"content":{"rendered":"\r\n<section class=\"title-section \" >\r\n    <div class=\"ivf-container\">\r\n        <div class=\"page-title-wrap  animate\">\r\n            <div>\r\n                <h1 class=\"h2 page-title\">Intelligence Artificielle<\/h1>\r\n                            <\/div>\r\n        <\/div>\r\n    <\/div>\r\n<\/section>\r\n\n\n\n<section class=\" services-content\">\n\n    \n    <div class=\"ivf-container  ivf-small-container section-content-wrap split\">\n\n                    <div class=\"image \">\n                <img loading=\"lazy\" decoding=\"async\" width=\"1\" height=\"1\" src=\"https:\/\/ivfathenscenter.gr\/wp-content\/uploads\/2023\/12\/Group-1823.svg\" class=\"attachment-large size-large\" alt=\"\" \/>            <\/div>\n        \n        <div class=\"text\">\n            <p class=\"text__desc\">\n                <p><strong><span style=\"color: #b02e85\">L&rsquo;intelligence artificielle (IA)<\/span><\/strong> est largement utilis\u00e9e dans la vie moderne, affectant notre quotidien m\u00eame si nous ne le remarquons pas.<\/p>\n<p><strong><span style=\"color: #b02e85\">\u00c9tant donn\u00e9 que les techniques de FIV<\/span><\/strong> sont en constante \u00e9volution, en esp\u00e9rant que chaque tentative soit r\u00e9ussie et aboutisse \u00e0 un b\u00e9b\u00e9 en bonne sant\u00e9, l&rsquo;IA a \u00e9t\u00e9 introduite pour r\u00e9volutionner ce domaine.<\/p>\n<p><strong><span style=\"color: #b02e85\">L&rsquo;intelligence artificielle (IA)<\/span><\/strong> r\u00e9pond aux normes les plus \u00e9lev\u00e9es de la technologie de laboratoire dans le domaine de la FIV.<\/p>\n<p>Nous sommes heureux d&rsquo;annoncer que le Centre de FIV d&rsquo;Ath\u00e8nes, une fois de plus \u00e0 la pointe, est l&rsquo;une des premi\u00e8res unit\u00e9s de FIV en Gr\u00e8ce, mais aussi dans le monde, \u00e0 avoir int\u00e9gr\u00e9 <strong><span style=\"color: #b02e85\">l&rsquo;Intelligence Artificielle (IA)<\/span><\/strong> dans le laboratoire depuis 2021.<\/p>\n<p>Nous utilisons IDAScore, un algorithme logiciel d&rsquo;intelligence artificielle (IA), en conjonction avec <span style=\"color: #b02e85\">EmbryoScope\u00ae<\/span>.<\/p>\n            <\/p>\n        <\/div>\n\n        \n    <\/div>\n\n        \n<\/section>\n\n\n\n<section class=\" services-content services-content-2\">\n\n    \n    <div class=\"ivf-container  ivf-small-container section-content-wrap split\">\n\n        \n        <div class=\"text\">\n            <p class=\"text__desc\">\n                <p><strong><span style=\"color: #b02e85\">IDAScore<\/span><\/strong> est une am\u00e9lioration significative par rapport \u00e0 tout autre syst\u00e8me utilis\u00e9 jusqu&rsquo;\u00e0 pr\u00e9sent en embryologie humaine apr\u00e8s avoir \u00e9t\u00e9 test\u00e9 et bas\u00e9 sur des \u00e9tudes multicentriques (115 000 embryons de 18 cliniques diff\u00e9rentes dans le monde) et fournit des processus de s\u00e9lection et d&rsquo;\u00e9valuation enti\u00e8rement automatis\u00e9s pour chaque embryon de la cohorte de patients, \u00e9liminant les \u00e9valuations subjectives avec des analyses totalement objectives.<\/p>\n<p>D&rsquo;autres \u00e9tudes depuis lors ont montr\u00e9 que les embryons les mieux not\u00e9s dans le processus de s\u00e9lection automatis\u00e9 offrent les plus grandes probabilit\u00e9s de succ\u00e8s de l&rsquo;implantation et de battements cardiaques positifs du f\u0153tus.<\/p>\n<p>R\u00e9cemment, une nouvelle version d&rsquo;IDA Score a \u00e9t\u00e9 install\u00e9e au Centre de FIV d&rsquo;Ath\u00e8nes (<strong><span style=\"color: #b02e85\">IDA Score version 2.0<\/span><\/strong>) bas\u00e9e sur la m\u00eame technologie d&rsquo;intelligence artificielle, d\u00e9riv\u00e9e de plus de donn\u00e9es (&gt;181 000 embryons), plus d&rsquo;unit\u00e9s de FIV et offre de bons r\u00e9sultats (taux de naissances). Il fournit un processus de s\u00e9lection et d&rsquo;\u00e9valuation enti\u00e8rement automatis\u00e9 pour chaque ovocyte f\u00e9cond\u00e9 (embryon) et \u00e0 plus de stades de d\u00e9veloppement (jour 2, 3 ou 5\/6).<\/p>\n<p>Les avantages de la <span style=\"color: #b02e85\"><strong>version 2.0 du score iDA<\/strong><\/span> install\u00e9 sont les suivants :<\/p>\n<ul>\n<li style=\"font-weight: 400\">La disponibilit\u00e9 d&rsquo;un score \u00e0 tout moment \u00e0 partir du jour 2 (au moins 39 heures apr\u00e8s la f\u00e9condation), du jour 3 (72 heures apr\u00e8s la f\u00e9condation) ou jusqu&rsquo;aux jours 5\/6 (108 &#8211; 148 heures apr\u00e8s la f\u00e9condation).<\/li>\n<li style=\"font-weight: 400\">Les r\u00e9sultats sont comparables entre les jours, ce qui signifie qu&rsquo;un embryon de jour 2 avec un score \u00e9lev\u00e9 a la m\u00eame probabilit\u00e9 d&rsquo;implantation quel que soit le jour du transfert d&#8217;embryon, et les embryons avec des scores similaires ont la m\u00eame probabilit\u00e9 d&rsquo;implantation quel que soit le jour de l&rsquo;\u00e9valuation.<\/li>\n<\/ul>\n            <\/p>\n        <\/div>\n\n                    <div class=\"image \">\n                <img loading=\"lazy\" decoding=\"async\" width=\"1024\" height=\"656\" src=\"https:\/\/ivfathenscenter.gr\/wp-content\/uploads\/2023\/12\/6453211@2x-1024x656.png\" class=\"attachment-large size-large\" alt=\"\" srcset=\"https:\/\/ivfathenscenter.gr\/wp-content\/uploads\/2023\/12\/6453211@2x-1024x656.png 1024w, https:\/\/ivfathenscenter.gr\/wp-content\/uploads\/2023\/12\/6453211@2x-300x192.png 300w, https:\/\/ivfathenscenter.gr\/wp-content\/uploads\/2023\/12\/6453211@2x-768x492.png 768w, https:\/\/ivfathenscenter.gr\/wp-content\/uploads\/2023\/12\/6453211@2x.png 1302w\" sizes=\"auto, (max-width: 1024px) 100vw, 1024px\" \/>            <\/div>\n        \n    <\/div>\n\n        \n<\/section>\n\n\n    <section class=\"services-faqs reverse\" id=>\r\n\r\n                    <div class=\"ivf-container ivf-small-container section-title-wrap\">\r\n                <h3 class=\"section-title\">\r\n                    FAQ sur l&#039;Intelligence Artificielle (IA)                <\/h3>\r\n            <\/div>\r\n        \r\n        <div class=\"ivf-container ivf-small-container section-content-wrap\">\r\n            <div class=\"text\">\r\n                <div class=\"faq\">\r\n\r\n                                            <h4 class=\"faq-title active\">\r\n                            Comment l&#039;IA affecte-t-elle la FIV?                        <\/h4>\r\n                        <div class=\"faq-desc\">\r\n                            <span class=\"faq-desc-content\">\r\n                                <p>Des \u00e9tudes scientifiques ont montr\u00e9 que la combinaison de l&rsquo;homme (embryologistes) et de l&rsquo;intelligence artificielle (IA) dans la s\u00e9lection des embryons pourrait \u00eatre la cl\u00e9 pour maximiser les r\u00e9sultats r\u00e9ussis et \u00e9galement r\u00e9duire le temps, le co\u00fbt et le stress des personnes subfertiles et de leurs familles.<\/p>\n                            <\/span>\r\n                        <\/div>\r\n                                            <h4 class=\"faq-title \">\r\n                            Que signifie un score \u00e9lev\u00e9 d&#039;iDA pour les embryons en d\u00e9veloppement?                        <\/h4>\r\n                        <div class=\"faq-desc\">\r\n                            <span class=\"faq-desc-content\">\r\n                                <p>Des \u00e9tudes ont prouv\u00e9 que les embryons avec les scores <strong><span style=\"color: #b02e85\">iDA<\/span><\/strong> les plus \u00e9lev\u00e9s ont les plus grandes probabilit\u00e9s de donner naissance \u00e0 des b\u00e9b\u00e9s en bonne sant\u00e9 et sont associ\u00e9s \u00e0 :<\/p>\n<ul>\n<li style=\"font-weight: 400\">des taux accrus de naissances vivantes en un temps plus court<\/li>\n<li style=\"font-weight: 400\">des pourcentages accrus d&#8217;embryons sains (euplo\u00efdes)<\/li>\n<li style=\"font-weight: 400\">des taux plus faibles de fausses couches (1er et 2\u00e8me trimestre)<\/li>\n<\/ul>\n                            <\/span>\r\n                        <\/div>\r\n                    \r\n                <\/div>\r\n            <\/div>\r\n        <\/div>\r\n    <\/section>\r\n\n\n","protected":false},"excerpt":{"rendered":"","protected":false},"author":1,"featured_media":0,"parent":6298,"menu_order":0,"comment_status":"closed","ping_status":"closed","template":"","meta":{"_acf_changed":false,"footnotes":""},"class_list":["post-4826","page","type-page","status-publish","hentry"],"acf":[],"_links":{"self":[{"href":"https:\/\/ivfathenscenter.gr\/fr\/wp-json\/wp\/v2\/pages\/4826","targetHints":{"allow":["GET"]}}],"collection":[{"href":"https:\/\/ivfathenscenter.gr\/fr\/wp-json\/wp\/v2\/pages"}],"about":[{"href":"https:\/\/ivfathenscenter.gr\/fr\/wp-json\/wp\/v2\/types\/page"}],"author":[{"embeddable":true,"href":"https:\/\/ivfathenscenter.gr\/fr\/wp-json\/wp\/v2\/users\/1"}],"replies":[{"embeddable":true,"href":"https:\/\/ivfathenscenter.gr\/fr\/wp-json\/wp\/v2\/comments?post=4826"}],"version-history":[{"count":7,"href":"https:\/\/ivfathenscenter.gr\/fr\/wp-json\/wp\/v2\/pages\/4826\/revisions"}],"predecessor-version":[{"id":6773,"href":"https:\/\/ivfathenscenter.gr\/fr\/wp-json\/wp\/v2\/pages\/4826\/revisions\/6773"}],"up":[{"embeddable":true,"href":"https:\/\/ivfathenscenter.gr\/fr\/wp-json\/wp\/v2\/pages\/6298"}],"wp:attachment":[{"href":"https:\/\/ivfathenscenter.gr\/fr\/wp-json\/wp\/v2\/media?parent=4826"}],"curies":[{"name":"wp","href":"https:\/\/api.w.org\/{rel}","templated":true}]}}