{"id":4824,"date":"2023-08-21T08:00:42","date_gmt":"2023-08-21T08:00:42","guid":{"rendered":"https:\/\/ivfathenscenter.gr\/intrauterine-insemination-iui\/"},"modified":"2024-10-11T10:01:37","modified_gmt":"2024-10-11T10:01:37","slug":"insemination-intra-uterine-iui","status":"publish","type":"page","link":"https:\/\/ivfathenscenter.gr\/fr\/fiv\/insemination-intra-uterine-iui\/","title":{"rendered":"Ins\u00e9mination Intra-Ut\u00e9rine (IIU)"},"content":{"rendered":"\r\n<section class=\"title-section \" >\r\n    <div class=\"ivf-container\">\r\n        <div class=\"page-title-wrap \">\r\n            <div>\r\n                <h1 class=\"h2 page-title\">INS\u00c9MINATION INTRA-UT\u00c9RINE (IIU)<\/h1>\r\n                            <\/div>\r\n        <\/div>\r\n    <\/div>\r\n<\/section>\r\n\n\n\n<section class=\" services-content\">\n\n    \n    <div class=\"ivf-container  ivf-small-container section-content-wrap split\">\n\n                    <div class=\"image \">\n                <img loading=\"lazy\" decoding=\"async\" width=\"1000\" height=\"1000\" src=\"https:\/\/ivfathenscenter.gr\/wp-content\/uploads\/2023\/08\/intrauterine-insemination.png\" class=\"attachment-large size-large\" alt=\"\" srcset=\"https:\/\/ivfathenscenter.gr\/wp-content\/uploads\/2023\/08\/intrauterine-insemination.png 1000w, https:\/\/ivfathenscenter.gr\/wp-content\/uploads\/2023\/08\/intrauterine-insemination-300x300.png 300w, https:\/\/ivfathenscenter.gr\/wp-content\/uploads\/2023\/08\/intrauterine-insemination-150x150.png 150w, https:\/\/ivfathenscenter.gr\/wp-content\/uploads\/2023\/08\/intrauterine-insemination-768x768.png 768w\" sizes=\"auto, (max-width: 1000px) 100vw, 1000px\" \/>            <\/div>\n        \n        <div class=\"text\">\n            <p class=\"text__desc\">\n                <p>L&rsquo;ins\u00e9mination intra-ut\u00e9rine (IIU) est le premier traitement en mati\u00e8re de technologie de procr\u00e9ation assist\u00e9e, et le moins invasif. Cette proc\u00e9dure imite la conception naturelle puisque la f\u00e9condation de l\u2019ovocyte par les spermatozo\u00efdes se produit dans le tractus g\u00e9nital f\u00e9minin (trompe de Fallope).<\/p>\n<p>&nbsp;<\/p>\n<p><strong><span style=\"color: #b02e85\">Elle est propos\u00e9e et mise en \u0153uvre :<br \/>\n<\/span><\/strong><\/p>\n<p>&nbsp;<\/p>\n<ul>\n<li style=\"font-weight: 400\"><span style=\"font-weight: 400\">Dans les cas <\/span><strong><span style=\"color: #b02e85\">d\u2019infertilit\u00e9 inexpliqu\u00e9e <\/span><\/strong><\/li>\n<li style=\"font-weight: 400\">Lorsque la femme a au moins une trompe de Fallope ouverte et saine<\/li>\n<li style=\"font-weight: 400\">Lorsque la qualit\u00e9 du sperme ne compromet pas s\u00e9rieusement la fertilit\u00e9 de l\u2019homme<\/li>\n<li style=\"font-weight: 400\">Dans les cas de dysfonctionnement sexuel qui emp\u00eachent l\u2019ovocyte et le sperme de se rencontrer dans le tractus g\u00e9nital f\u00e9minin<\/li>\n<\/ul>\n<p>&nbsp;<\/p>\n<p>L&rsquo;IIU augmente les chances de grossesse en pla\u00e7ant des spermatozo\u00efdes sp\u00e9cialement pr\u00e9par\u00e9s, directement dans l&rsquo;ut\u00e9rus via un cath\u00e9ter fin sp\u00e9cial, au moment de l&rsquo;ovulation (le moment o\u00f9 un ovaire lib\u00e8re un ou plusieurs ovocytes). Le r\u00e9sultat esp\u00e9r\u00e9 est que le sperme et l\u2019ovocyte s\u2019unissent dans la trompe de Fallope et si cela se produit, cela conduit \u00e0 une grossesse.<\/p>\n<p>&nbsp;<\/p>\n<p><strong><span style=\"color: #b02e85\">IIU homologue\u00a0<\/span><\/strong><br \/>\n<span style=\"font-weight: 400\">On parle d\u2019IIU homologue lorsque le sperme utilis\u00e9 provient du conjoint. Bien que les taux de grossesse soient historiquement faibles et que plusieurs IIU soient g\u00e9n\u00e9ralement n\u00e9cessaires pour parvenir \u00e0 ce r\u00e9sultat, ce traitement est pr\u00e9f\u00e9r\u00e9 par les femmes, car il est facile et bien tol\u00e9r\u00e9, moins invasif, n\u00e9cessite peu ou pas de m\u00e9dicaments et son co\u00fbt est faible par rapport \u00e0 la FIV. <\/span><\/p>\n<p>&nbsp;<\/p>\n<p><strong><span style=\"color: #b02e85\">IIU h\u00e9t\u00e9rologue\u00a0<\/span><\/strong><br \/>\nDans ce cas, le sperme provient d\u2019un donneur. Cette m\u00e9thode peut \u00eatre une option de choix en cas d&rsquo;azoospermie, en pr\u00e9sence de maladies graves pouvant \u00eatre transmises g\u00e9n\u00e9tiquement par le p\u00e8re, ou chez les femmes c\u00e9libataires.<\/p>\n            <\/p>\n        <\/div>\n\n        \n    <\/div>\n\n        \n<\/section>\n\n\n    <section class=\"services-faqs reverse\" id=>\r\n\r\n                    <div class=\"ivf-container ivf-small-container section-title-wrap\">\r\n                <h3 class=\"section-title\">\r\n                    FAQ sur l\u2019IIU                <\/h3>\r\n            <\/div>\r\n        \r\n        <div class=\"ivf-container ivf-small-container section-content-wrap\">\r\n            <div class=\"text\">\r\n                <div class=\"faq\">\r\n\r\n                                            <h4 class=\"faq-title active\">\r\n                            Quels sont les cas o\u00f9 l\u2019IIU n\u2019est pas indiqu\u00e9e ?                        <\/h4>\r\n                        <div class=\"faq-desc\">\r\n                            <span class=\"faq-desc-content\">\r\n                                <ul>\n<li style=\"list-style-type: none\">\n<ul>\n<li style=\"font-weight: 400\">Si vous pr\u00e9sentez une obstruction des trompes de Fallope, une endom\u00e9triose s\u00e9v\u00e8re ou une faible r\u00e9serve folliculaire et\/ou une mauvaise qualit\u00e9 des ovocytes (faible r\u00e9serve ovarienne), l\u2019IIU n\u2019est pas pour vous.<\/li>\n<li style=\"font-weight: 400\">Par ailleurs, les chances de r\u00e9ussite \u00e0 plus de 35\u00a0ans diminuent.<\/li>\n<\/ul>\n<\/li>\n<\/ul>\n<p>&nbsp;<\/p>\n<p><strong>\u00c0 noter<\/strong> ! <em>Si vous avez la trentaine ou plus de 40 ans, il peut \u00e9galement vous \u00eatre conseill\u00e9 de subir une FIV, m\u00eame si l\u2019IIU vous convient. \u00c0 mesure que l\u2019\u00e2ge des femmes augmente, le nombre d\u2019ovocytes disponibles diminue naturellement, tout comme les chances de r\u00e9ussite de l\u2019IIU. <\/em><\/p>\n<p><i><span style=\"font-weight: 400\">Source: Human Fertilization &amp; Embryology Authority<\/span><\/i> <a href=\"https:\/\/www.hfea.gov.uk\/treatments\/explore-all-treatments\/intrauterine-insemination-iui\/\" target=\"_blank\" rel=\"noopener\"><i><span style=\"font-weight: 400\">https:\/\/www.hfea.gov.uk\/treatments\/explore-all-treatments\/intrauterine-insemination-iui\/<\/span><\/i><\/a><\/p>\n                            <\/span>\r\n                        <\/div>\r\n                    \r\n                <\/div>\r\n            <\/div>\r\n        <\/div>\r\n    <\/section>\r\n\n\n","protected":false},"excerpt":{"rendered":"","protected":false},"author":1,"featured_media":0,"parent":6298,"menu_order":0,"comment_status":"closed","ping_status":"closed","template":"","meta":{"_acf_changed":false,"footnotes":""},"class_list":["post-4824","page","type-page","status-publish","hentry"],"acf":[],"_links":{"self":[{"href":"https:\/\/ivfathenscenter.gr\/fr\/wp-json\/wp\/v2\/pages\/4824","targetHints":{"allow":["GET"]}}],"collection":[{"href":"https:\/\/ivfathenscenter.gr\/fr\/wp-json\/wp\/v2\/pages"}],"about":[{"href":"https:\/\/ivfathenscenter.gr\/fr\/wp-json\/wp\/v2\/types\/page"}],"author":[{"embeddable":true,"href":"https:\/\/ivfathenscenter.gr\/fr\/wp-json\/wp\/v2\/users\/1"}],"replies":[{"embeddable":true,"href":"https:\/\/ivfathenscenter.gr\/fr\/wp-json\/wp\/v2\/comments?post=4824"}],"version-history":[{"count":3,"href":"https:\/\/ivfathenscenter.gr\/fr\/wp-json\/wp\/v2\/pages\/4824\/revisions"}],"predecessor-version":[{"id":6613,"href":"https:\/\/ivfathenscenter.gr\/fr\/wp-json\/wp\/v2\/pages\/4824\/revisions\/6613"}],"up":[{"embeddable":true,"href":"https:\/\/ivfathenscenter.gr\/fr\/wp-json\/wp\/v2\/pages\/6298"}],"wp:attachment":[{"href":"https:\/\/ivfathenscenter.gr\/fr\/wp-json\/wp\/v2\/media?parent=4824"}],"curies":[{"name":"wp","href":"https:\/\/api.w.org\/{rel}","templated":true}]}}