{"id":4820,"date":"2023-08-21T07:59:22","date_gmt":"2023-08-21T07:59:22","guid":{"rendered":"https:\/\/ivfathenscenter.gr\/natural-cycle-ivf\/"},"modified":"2024-10-11T10:00:29","modified_gmt":"2024-10-11T10:00:29","slug":"fiv-en-cycle-naturel","status":"publish","type":"page","link":"https:\/\/ivfathenscenter.gr\/fr\/fiv\/fiv-en-cycle-naturel\/","title":{"rendered":"FIV en Cycle Naturel"},"content":{"rendered":"\r\n<section class=\"title-section \" >\r\n    <div class=\"ivf-container\">\r\n        <div class=\"page-title-wrap \">\r\n            <div>\r\n                <h1 class=\"h2 page-title\">FIV EN CYCLE NATUREL<\/h1>\r\n                            <\/div>\r\n        <\/div>\r\n    <\/div>\r\n<\/section>\r\n\n\n\n<section class=\" services-content\">\n\n    \n    <div class=\"ivf-container  ivf-small-container section-content-wrap split\">\n\n                    <div class=\"image \">\n                <img loading=\"lazy\" decoding=\"async\" width=\"1000\" height=\"1000\" src=\"https:\/\/ivfathenscenter.gr\/wp-content\/uploads\/2023\/08\/natural-circle.png\" class=\"attachment-large size-large\" alt=\"\" srcset=\"https:\/\/ivfathenscenter.gr\/wp-content\/uploads\/2023\/08\/natural-circle.png 1000w, https:\/\/ivfathenscenter.gr\/wp-content\/uploads\/2023\/08\/natural-circle-300x300.png 300w, https:\/\/ivfathenscenter.gr\/wp-content\/uploads\/2023\/08\/natural-circle-150x150.png 150w, https:\/\/ivfathenscenter.gr\/wp-content\/uploads\/2023\/08\/natural-circle-768x768.png 768w\" sizes=\"auto, (max-width: 1000px) 100vw, 1000px\" \/>            <\/div>\n        \n        <div class=\"text\">\n            <p class=\"text__desc\">\n                <p>Tr\u00e8s souvent, dans les programmes de FIV, aucun m\u00e9dicament de stimulation ovarienne n\u2019est administr\u00e9, et l\u2019on proc\u00e8de selon les cycles naturels. Dans de tels cas, nous observons le d\u00e9veloppement naturel du follicule principal, comme cela se produit dans la plupart des cycles menstruels. L&rsquo;observation est bas\u00e9e sur des \u00e9chographies et des tests hormonaux. Lorsque le follicule principal atteint la taille de l&rsquo;ovulation et que l&rsquo;\u00e9valuation hormonale montre que l&rsquo;ovulation a d\u00e9but\u00e9, les ovocytes sont pr\u00e9lev\u00e9s puis soumis \u00e0 la proc\u00e9dure de f\u00e9condation in vitro.<\/p>\n<p>&nbsp;<\/p>\n<p><strong><span style=\"color: #b02e85\">Dans quelle circonstance une FIV en cycle naturel est-elle pratiqu\u00e9e ?<\/span><\/strong><\/p>\n<p>&nbsp;<\/p>\n<ul>\n<li>Chez les femmes qui ne souhaitent pas ou ne sont pas autoris\u00e9es \u00e0 prendre des m\u00e9dicaments pour la stimulation ovarienne<\/li>\n<li>Chez les femmes souffrant d&rsquo;infertilit\u00e9 secondaire (c&rsquo;est-\u00e0-dire qu&rsquo;elles ont d\u00e9j\u00e0 eu un enfant dans le pass\u00e9) et ne souhaitant pas le d\u00e9veloppement et la cr\u00e9ation de nombreux embryons<\/li>\n<li>Dans le cadre d&rsquo;ant\u00e9c\u00e9dents de multiples tentatives de FIV infructueuses ou fausses-couches<\/li>\n<li>Chez les femmes d&rsquo;un \u00e2ge avanc\u00e9 ou ayant des ant\u00e9c\u00e9dents de d\u00e9veloppement d&#8217;embryons de mauvaise qualit\u00e9 lors de tentatives pr\u00e9c\u00e9dentes<\/li>\n<\/ul>\n<p>&nbsp;<\/p>\n<p><strong><span style=\"color: #b02e85\">Quels sont les avantages d\u2019une FIV en cycle naturel ?\u00a0<\/span><\/strong><\/p>\n<p>&nbsp;<\/p>\n<p>Des taux de r\u00e9ussite en constante augmentation !<\/p>\n<p>&nbsp;<\/p>\n<p>&nbsp;<\/p>\n<ul>\n<li>La prise en charge individualis\u00e9e de chaque cas est la cl\u00e9 du succ\u00e8s dans un cycle naturel<\/li>\n<li>Nous sommes en mesure d\u2019obtenir des grossesses fructueuses, notamment chez les femmes de plus de 40 ans.<\/li>\n<li>Il s\u2019agit par ailleurs de la solution alternative la plus \u00ab naturelle \u00bb par rapport \u00e0 un cycle de FIV, puisqu\u2019elle ne fait appel \u00e0 aucun m\u00e9dicament.<\/li>\n<li>Elle n\u2019implique aucun risque d&rsquo;effets secondaires tels que le syndrome d&rsquo;hyperstimulation ovarienne (SHO)<\/li>\n<li>Elle r\u00e9duit les possibilit\u00e9s de grossesses multiples.<\/li>\n<li>Le processus peut \u00eatre r\u00e9p\u00e9t\u00e9 en cycles continus, sans la p\u00e9riode d\u2019attente souvent requise entre les cycles habituels de FIV.<\/li>\n<\/ul>\n            <\/p>\n        <\/div>\n\n        \n    <\/div>\n\n        \n<\/section>\n\n\n","protected":false},"excerpt":{"rendered":"","protected":false},"author":1,"featured_media":0,"parent":6298,"menu_order":0,"comment_status":"closed","ping_status":"closed","template":"","meta":{"_acf_changed":false,"footnotes":""},"class_list":["post-4820","page","type-page","status-publish","hentry"],"acf":[],"_links":{"self":[{"href":"https:\/\/ivfathenscenter.gr\/fr\/wp-json\/wp\/v2\/pages\/4820","targetHints":{"allow":["GET"]}}],"collection":[{"href":"https:\/\/ivfathenscenter.gr\/fr\/wp-json\/wp\/v2\/pages"}],"about":[{"href":"https:\/\/ivfathenscenter.gr\/fr\/wp-json\/wp\/v2\/types\/page"}],"author":[{"embeddable":true,"href":"https:\/\/ivfathenscenter.gr\/fr\/wp-json\/wp\/v2\/users\/1"}],"replies":[{"embeddable":true,"href":"https:\/\/ivfathenscenter.gr\/fr\/wp-json\/wp\/v2\/comments?post=4820"}],"version-history":[{"count":2,"href":"https:\/\/ivfathenscenter.gr\/fr\/wp-json\/wp\/v2\/pages\/4820\/revisions"}],"predecessor-version":[{"id":6612,"href":"https:\/\/ivfathenscenter.gr\/fr\/wp-json\/wp\/v2\/pages\/4820\/revisions\/6612"}],"up":[{"embeddable":true,"href":"https:\/\/ivfathenscenter.gr\/fr\/wp-json\/wp\/v2\/pages\/6298"}],"wp:attachment":[{"href":"https:\/\/ivfathenscenter.gr\/fr\/wp-json\/wp\/v2\/media?parent=4820"}],"curies":[{"name":"wp","href":"https:\/\/api.w.org\/{rel}","templated":true}]}}