{"id":4815,"date":"2023-08-21T07:58:59","date_gmt":"2023-08-21T07:58:59","guid":{"rendered":"https:\/\/ivfathenscenter.gr\/fertilization-micro-insemination\/"},"modified":"2024-10-16T06:26:56","modified_gmt":"2024-10-16T06:26:56","slug":"fecondation","status":"publish","type":"page","link":"https:\/\/ivfathenscenter.gr\/fr\/fiv\/fecondation\/","title":{"rendered":"F\u00e9condation \/ F\u00e9condation In Vitro"},"content":{"rendered":"\r\n<section class=\"title-section \" >\r\n    <div class=\"ivf-container\">\r\n        <div class=\"page-title-wrap \">\r\n            <div>\r\n                <h1 class=\"h2 page-title\">F\u00e9condation \/ F\u00e9condation In Vitro<\/h1>\r\n                            <\/div>\r\n        <\/div>\r\n    <\/div>\r\n<\/section>\r\n\n\n\n<section class=\" services-content\">\n\n    \n    <div class=\"ivf-container  ivf-small-container section-content-wrap split\">\n\n                    <div class=\"image \">\n                <img loading=\"lazy\" decoding=\"async\" width=\"1000\" height=\"1000\" src=\"https:\/\/ivfathenscenter.gr\/wp-content\/uploads\/2023\/08\/fertilization-1.png\" class=\"attachment-large size-large\" alt=\"\" srcset=\"https:\/\/ivfathenscenter.gr\/wp-content\/uploads\/2023\/08\/fertilization-1.png 1000w, https:\/\/ivfathenscenter.gr\/wp-content\/uploads\/2023\/08\/fertilization-1-300x300.png 300w, https:\/\/ivfathenscenter.gr\/wp-content\/uploads\/2023\/08\/fertilization-1-150x150.png 150w, https:\/\/ivfathenscenter.gr\/wp-content\/uploads\/2023\/08\/fertilization-1-768x768.png 768w\" sizes=\"auto, (max-width: 1000px) 100vw, 1000px\" \/>            <\/div>\n        \n        <div class=\"text\">\n            <p class=\"text__desc\">\n                <p><iframe loading=\"lazy\" src=\"https:\/\/www.youtube.com\/embed\/GaZ2YAvPBXg?si=sYsB8spHQvDTVToo\" width=\"484\" height=\"273\" frameborder=\"0\" allowfullscreen=\"allowfullscreen\"><\/iframe><\/p>\n<p>&nbsp;<\/p>\n<p>La f\u00e9condation in vitro (FIV) est la m\u00e9thode la plus connue dans le domaine de la procr\u00e9ation m\u00e9dicalement assist\u00e9e et implique la f\u00e9condation de l&rsquo;ovocyte et l&rsquo;incubation du ou des embryons(s) obtenu(s) en laboratoire. Le processus est divis\u00e9 en plusieurs \u00e9tapes, la premi\u00e8re \u00e9tant une \u00e9tude de fertilit\u00e9, qui consiste en des tests complets men\u00e9s sur les facteurs f\u00e9minins et masculins ainsi qu&rsquo;un contr\u00f4le sanguin et hormonal. Vient ensuite la stimulation ovarienne m\u00e9dicamenteuse, suivie du transfert d\u2019embryons, qui constitue en fait l\u2019ach\u00e8vement de la proc\u00e9dure.<\/p>\n<p>La f\u00e9condation des ovocytes se fait soit par la m\u00e9thode de f\u00e9condation in vitro classique (FIV conventionnelle), soit par la m\u00e9thode d&rsquo;injection intra-cytoplasmique de spermatozo\u00efdes (ICSI).<\/p>\n<p>&nbsp;<\/p>\n<p><strong><span style=\"color: #b02e85\"> F\u00e9condation <\/span><\/strong><\/p>\n<ul>\n<li><strong><span style=\"color: #b02e85\">FIV conventionnelle<\/span><\/strong><\/li>\n<\/ul>\n<p>La FIV conventionnelle est la m\u00e9thode la plus connue et la premi\u00e8re utilis\u00e9e dans le domaine de la procr\u00e9ation m\u00e9dicalement assist\u00e9e. Elle implique la co-incubation du ou des ovocytes avec un nombre suffisant de spermatozo\u00efdes mobiles, sp\u00e9cialement pr\u00e9par\u00e9s pendant une p\u00e9riode de 16 \u00e0 18 heures. Ainsi, les spermatozo\u00efdes ayant la forme mobile l plus progressive et g\u00e9n\u00e9ralement normale p\u00e9n\u00e8trent dans la zone des ovocytes, comme cela se produit lors de la conception naturelle, et la f\u00e9condation a lieu.<\/p>\n<p>&nbsp;<\/p>\n<p>Apr\u00e8s la p\u00e9riode de co-incubation (16-18 heures), les embryologistes identifient les ovocytes correctement f\u00e9cond\u00e9s et la vie embryonnaire commence, dans des conditions sp\u00e9ciales, dans des incubateurs sp\u00e9cialement con\u00e7us.<\/p>\n<p>&nbsp;<\/p>\n<ul>\n<li><strong><span style=\"color: #b02e85\">ICSI (injection intra-cytoplasmique de spermatozo\u00efde)<\/span><\/strong><\/li>\n<\/ul>\n<p><span style=\"font-weight: 400\"><a href=\"https:\/\/pubmed.ncbi.nlm.nih.gov\/1351601\/\" target=\"_blank\" rel=\"noopener\">L&rsquo;ICSI<\/a> est la m\u00e9thode la plus r\u00e9volutionnaire en mati\u00e8re de FIV, d\u00e9couverte de mani\u00e8re accidentelle en 1992 par le Pr. Palermo, \u00e0 Bruxelles. Gr\u00e2ce \u00e0 cette m\u00e9thode, des millions d&rsquo;enfants sont n\u00e9s dans le monde entier, \u00e0 partir du mat\u00e9riel g\u00e9n\u00e9tique de leur propre p\u00e8re, m\u00eame dans des cas o\u00f9 les param\u00e8tres du sperme \u00e9taient extr\u00eamement faibles. <\/span><\/p>\n<p>&nbsp;<\/p>\n<p>Dans le cadre de cette proc\u00e9dure, les ovocytes sont pr\u00e9lev\u00e9s puis isol\u00e9s des cellules environnantes (cellules de masse cumulus) et seuls ceux qui sont matures (m\u00e9taphase II) font l\u2019objet d\u2019une micro-ins\u00e9mination.<\/p>\n<p>&nbsp;<\/p>\n<p>Dans un syst\u00e8me de micromanipulation, un spermatozo\u00efde est s\u00e9lectionn\u00e9 et aspir\u00e9 dans une micropipette sp\u00e9ciale, puis ins\u00e9r\u00e9 dans le cytoplasme de chaque ovocyte. L&rsquo;ovocyte ins\u00e9min\u00e9 est ensuite conserv\u00e9 dans des conditions de culture dans un incubateur et, 16 \u00e0 18 heures plus tard, les embryologistes v\u00e9rifient la pr\u00e9sence de deux pronuclei (femelle et m\u00e2le) dans le cytoplasme, indiquant le succ\u00e8s de la technique d\u2019ins\u00e9mination. Les conditions de culture in vitro sont exactement les m\u00eames que dans la FIV conventionnelle.<\/p>\n            <\/p>\n        <\/div>\n\n        \n    <\/div>\n\n        \n<\/section>\n\n\n\n<section class=\" services-content services-content-2\">\n\n    \n    <div class=\"ivf-container  ivf-small-container section-content-wrap split\">\n\n        \n        <div class=\"text\">\n            <p class=\"text__desc\">\n                <ul>\n<li><strong><span style=\"color: #b02e85\">Am\u00e9liorations de l\u2019ICSI : IMSI \/ PICSI (Injection physiologique intra-cytoplasmique de spermatozo\u00efdes)<\/span><\/strong><\/li>\n<\/ul>\n<p>&nbsp;<\/p>\n<p><strong><span style=\"color: #b02e85\"><b>La m\u00e9thode PICSI (Injection physiologique intra-cytoplasmique de spermatozo\u00efdes)<\/b><\/span><\/strong><br \/>\nIl s\u2019agit d\u2019un mode de f\u00e9condation bas\u00e9 sur la physiologie des spermatozo\u00efdes et des ovocytes, d\u2019o\u00f9 le nom d\u2019ICSI physiologique (PICSI).<\/p>\n<p><span style=\"font-weight: 400\"><br \/>\n<\/span><span style=\"font-weight: 400\">Sa diff\u00e9rence avec l&rsquo;ICSI r\u00e9side dans l&rsquo;utilisation de plaques sp\u00e9ciales et de milieux de culture dans lesquels sont plac\u00e9es de petites quantit\u00e9s d&rsquo;\u00e9chantillons de sperme trait\u00e9s, provenant du conjoint. <\/span><\/p>\n<p>Dans ce mat\u00e9riau, la liaison des spermatozo\u00efdes immatures est impossible car ils ne poss\u00e8dent pas les r\u00e9cepteurs appropri\u00e9s. Au contraire, les spermatozo\u00efdes pr\u00e9sentant des aberrations chromosomiques nettement limit\u00e9es et une am\u00e9lioration significative de la maturation de leur noyau sont li\u00e9s et s\u00e9lectionn\u00e9s pour la f\u00e9condation.<\/p>\n<p>&nbsp;<\/p>\n<p><strong><span style=\"color: #b02e85\"><b>La m\u00e9thode IMSI (Injection intra-cytoplasmique de spermatozo\u00efdes morphologiquement s\u00e9lectionn\u00e9s)<\/b><\/span><\/strong><\/p>\n<p><span style=\"font-weight: 400\">Il s&rsquo;agit d&rsquo;une am\u00e9lioration de la technique de micro-ins\u00e9mination (ICSI) o\u00f9 des spermatozo\u00efdes morphologiquement s\u00e9lectionn\u00e9s sont inject\u00e9s lors de la f\u00e9condation. <\/span><\/p>\n<p>Cette m\u00e9thode est utilis\u00e9e dans les cas d\u2019oligo-asth\u00e9no-t\u00e9rato-spermie s\u00e9v\u00e8re,c\u2019est-\u00e0-dire en pr\u00e9sence de nombreux spermatozo\u00efdes de morphologie d\u00e9viante dans l\u2019\u00e9chantillon de sperme. \u00c0 l&rsquo;aide de lentilles sp\u00e9ciales, une microscopie haute d\u00e9finition est obtenue ainsi qu&rsquo;un agrandissement de l&rsquo;image des spermatozo\u00efdes, jusqu&rsquo;\u00e0 environ 6 500 fois. Nous disposons ainsi d\u2019une illustration d\u00e9taill\u00e9e de leur t\u00eate et de leur morphologie et seuls les meilleurs spermatozo\u00efdes en termes de morphologie sont utilis\u00e9s pour l\u2019ins\u00e9mination des ovocytes. Les inconv\u00e9nients de cette m\u00e9thode sont qu\u2019elle prend du temps, n\u2019est pas facile \u00e0 appliquer et ne semble pas tr\u00e8s efficace.<\/p>\n            <\/p>\n        <\/div>\n\n                    <div class=\"image \">\n                <img loading=\"lazy\" decoding=\"async\" width=\"1000\" height=\"1000\" src=\"https:\/\/ivfathenscenter.gr\/wp-content\/uploads\/2023\/08\/fertilization-2.png\" class=\"attachment-large size-large\" alt=\"\" srcset=\"https:\/\/ivfathenscenter.gr\/wp-content\/uploads\/2023\/08\/fertilization-2.png 1000w, https:\/\/ivfathenscenter.gr\/wp-content\/uploads\/2023\/08\/fertilization-2-300x300.png 300w, https:\/\/ivfathenscenter.gr\/wp-content\/uploads\/2023\/08\/fertilization-2-150x150.png 150w, https:\/\/ivfathenscenter.gr\/wp-content\/uploads\/2023\/08\/fertilization-2-768x768.png 768w\" sizes=\"auto, (max-width: 1000px) 100vw, 1000px\" \/>            <\/div>\n        \n    <\/div>\n\n        \n<\/section>\n\n\n    <section class=\"services-faqs reverse\" id=>\r\n\r\n                    <div class=\"ivf-container ivf-small-container section-title-wrap\">\r\n                <h3 class=\"section-title\">\r\n                    FAQ sur les m\u00e9thodes de f\u00e9condation                <\/h3>\r\n            <\/div>\r\n        \r\n        <div class=\"ivf-container ivf-small-container section-content-wrap\">\r\n            <div class=\"text\">\r\n                <div class=\"faq\">\r\n\r\n                                            <h4 class=\"faq-title active\">\r\n                            Dans quels cas l\u2019SCSI est-elle la technique de f\u00e9condation de premier choix ?                        <\/h4>\r\n                        <div class=\"faq-desc\">\r\n                            <span class=\"faq-desc-content\">\r\n                                <p>Certaines indications de la proc\u00e9dure ICSI peuvent \u00eatre li\u00e9es \u00e0 des facteurs masculins, f\u00e9minins ou \u00e0 une combinaison des deux\u00a0:<\/p>\n<ul>\n<li>Alt\u00e9ration des param\u00e8tres du sperme (faible concentration et\/ou motilit\u00e9, tr\u00e8s nombreuses formes anormales, pr\u00e9sence de stress oxydant, etc.)<\/li>\n<li>Pr\u00e9sence de diverses cellules dans le sperme, cause d&rsquo;une inflammation chronique<\/li>\n<li>Ant\u00e9c\u00e9dents m\u00e9dicaux sp\u00e9cifiques (c&rsquo;est-\u00e0-dire cycles de PGT)<\/li>\n<li>R\u00e9chauffement et f\u00e9condation d&rsquo;ovocytes pr\u00e9alablement vitrifi\u00e9s<\/li>\n<li>Nombreuses tentatives de FIV infructueuse, ou ayant eu un faible impact<\/li>\n<\/ul>\n                            <\/span>\r\n                        <\/div>\r\n                                            <h4 class=\"faq-title \">\r\n                            Quelle technique, entre la PICSI et l\u2019IMSI, s&#039;est av\u00e9r\u00e9e plus efficace et fructueuse ?                        <\/h4>\r\n                        <div class=\"faq-desc\">\r\n                            <span class=\"faq-desc-content\">\r\n                                <p><span style=\"font-weight: 400\">Dans le cadre de ces deux techniques (PICSI et IMSI), utilis\u00e9es s\u00e9par\u00e9ment ou en combinaison, nous s\u00e9lectionnons des spermatozo\u00efdes matures et morphologiquement normaux. <\/span><\/p>\n<p>Concernant plus particuli\u00e8rement la m\u00e9thode PICSI, largement utilis\u00e9e \u00e0 l\u2019IVF Athens Center, on constate une nette am\u00e9lioration de la qualit\u00e9 de l&#8217;embryon, une augmentation des chances d&rsquo;implantation, une augmentation du taux de grossesses cliniques et une diminution des fausses couches cliniques.<\/p>\n                            <\/span>\r\n                        <\/div>\r\n                    \r\n                <\/div>\r\n            <\/div>\r\n        <\/div>\r\n    <\/section>\r\n\n\n","protected":false},"excerpt":{"rendered":"","protected":false},"author":1,"featured_media":0,"parent":6298,"menu_order":0,"comment_status":"closed","ping_status":"closed","template":"","meta":{"_acf_changed":false,"footnotes":""},"class_list":["post-4815","page","type-page","status-publish","hentry"],"acf":[],"_links":{"self":[{"href":"https:\/\/ivfathenscenter.gr\/fr\/wp-json\/wp\/v2\/pages\/4815","targetHints":{"allow":["GET"]}}],"collection":[{"href":"https:\/\/ivfathenscenter.gr\/fr\/wp-json\/wp\/v2\/pages"}],"about":[{"href":"https:\/\/ivfathenscenter.gr\/fr\/wp-json\/wp\/v2\/types\/page"}],"author":[{"embeddable":true,"href":"https:\/\/ivfathenscenter.gr\/fr\/wp-json\/wp\/v2\/users\/1"}],"replies":[{"embeddable":true,"href":"https:\/\/ivfathenscenter.gr\/fr\/wp-json\/wp\/v2\/comments?post=4815"}],"version-history":[{"count":6,"href":"https:\/\/ivfathenscenter.gr\/fr\/wp-json\/wp\/v2\/pages\/4815\/revisions"}],"predecessor-version":[{"id":6770,"href":"https:\/\/ivfathenscenter.gr\/fr\/wp-json\/wp\/v2\/pages\/4815\/revisions\/6770"}],"up":[{"embeddable":true,"href":"https:\/\/ivfathenscenter.gr\/fr\/wp-json\/wp\/v2\/pages\/6298"}],"wp:attachment":[{"href":"https:\/\/ivfathenscenter.gr\/fr\/wp-json\/wp\/v2\/media?parent=4815"}],"curies":[{"name":"wp","href":"https:\/\/api.w.org\/{rel}","templated":true}]}}