{"id":4800,"date":"2023-08-28T12:16:49","date_gmt":"2023-08-28T12:16:49","guid":{"rendered":"https:\/\/ivfathenscenter.gr\/ovulation-monitoring\/"},"modified":"2024-10-16T06:26:27","modified_gmt":"2024-10-16T06:26:27","slug":"monitorage-de-lovulation","status":"publish","type":"page","link":"https:\/\/ivfathenscenter.gr\/fr\/fiv\/monitorage-de-lovulation\/","title":{"rendered":"Monitorage de l&rsquo;Ovulation"},"content":{"rendered":"\r\n<section class=\"title-section  with-desc\" >\r\n    <div class=\"ivf-container\">\r\n        <div class=\"page-title-wrap  animate\">\r\n            <div>\r\n                <h1 class=\"h2 page-title\">Monitorage de l&#039;Ovulation<\/h1>\r\n                                    <div class=\"page-desc\">\r\n                        <p><p>Qu&rsquo;il s&rsquo;agisse d&rsquo;administrer des m\u00e9dicaments de FIV pour stimuler les ovaires ou de suivre un cycle naturel, nos sp\u00e9cialistes surveillent votre cycle au moyen de fr\u00e9quentes \u00e9chographies.<\/p>\n<\/p>\r\n                    <\/div>\r\n                            <\/div>\r\n        <\/div>\r\n    <\/div>\r\n<\/section>\r\n\n\n\n<section class=\" services-content\">\n\n    \n    <div class=\"ivf-container  ivf-small-container section-content-wrap split\">\n\n                    <div class=\"image \">\n                <img loading=\"lazy\" decoding=\"async\" width=\"896\" height=\"1024\" src=\"https:\/\/ivfathenscenter.gr\/wp-content\/uploads\/2023\/08\/ovulation-monitoring-896x1024.png\" class=\"attachment-large size-large\" alt=\"\" srcset=\"https:\/\/ivfathenscenter.gr\/wp-content\/uploads\/2023\/08\/ovulation-monitoring-896x1024.png 896w, https:\/\/ivfathenscenter.gr\/wp-content\/uploads\/2023\/08\/ovulation-monitoring-263x300.png 263w, https:\/\/ivfathenscenter.gr\/wp-content\/uploads\/2023\/08\/ovulation-monitoring-768x878.png 768w, https:\/\/ivfathenscenter.gr\/wp-content\/uploads\/2023\/08\/ovulation-monitoring.png 1323w\" sizes=\"auto, (max-width: 896px) 100vw, 896px\" \/>            <\/div>\n        \n        <div class=\"text\">\n            <p class=\"text__desc\">\n                <p>Tr\u00e8s souvent, dans les programmes de FIV, nous n&rsquo;administrons pas de m\u00e9dicaments pour stimuler les ovaires, mais proc\u00e9dons dans le cadre du cycle naturel, au cours duquel nous surveillons le processus normal de maturation des ovocytes, qui se d\u00e9roule \u00e0 chaque cycle menstruel.<\/p>\n<p>&nbsp;<\/p>\n<p>Le cycle naturel est une alternative en de nombreuses circonstances, par exemple lorsque :<\/p>\n<p>&nbsp;<\/p>\n<ul>\n<li>La patiente ne souhaite pas prendre de m\u00e9dicaments pour la stimulation ovarienne, ou en cas de contre-indication<\/li>\n<li>La patiente souffre d&rsquo;infertilit\u00e9 secondaire (c&rsquo;est-\u00e0-dire qu&rsquo;elle a d\u00e9j\u00e0 un enfant) et ne souhaite pas obtenir plusieurs embryons.<\/li>\n<li>Les ovaires n&rsquo;ont pas r\u00e9pondu correctement au traitement m\u00e9dicamenteux lors de pr\u00e9c\u00e9dentes tentatives de FIV<\/li>\n<li>La patiente a des ant\u00e9c\u00e9dents d\u2019\u00e9checs ou de fausses couches dans le cadre d\u2019une FIV<\/li>\n<li>La patiente est d\u2019un \u00e2ge avanc\u00e9 ou a des ant\u00e9c\u00e9dents d\u2019embryons de mauvaise qualit\u00e9 lors de tentatives ant\u00e9rieures, apr\u00e8s stimulation de plusieurs follicules.<\/li>\n<\/ul>\n<p>&nbsp;<\/p>\n<p>M\u00eame si la FIV en cycle naturel se r\u00e9v\u00e8le souvent utile, il faut cependant noter qu&rsquo;il s&rsquo;agit en r\u00e9alit\u00e9 du d\u00e9veloppement d\u2019un seul ovule et, par cons\u00e9quent, d&rsquo;un seul embryon, ce qui r\u00e9duit les chances de grossesse si l\u2019ovule f\u00e9cond\u00e9 ne se divise pas correctement.<\/p>\n<p>&nbsp;<\/p>\n<p>Pour cette raison, \u00e0 l\u2019IVF Center Athens, nous proc\u00e9dons dans deux directions lors de la r\u00e9alisation d&rsquo;une FIV en cycle naturel. Si les conditions sont tr\u00e8s encourageantes (\u00e9paisseur de l&rsquo;endom\u00e8tre, \u00e9valuation morphologique du f\u0153tus, ant\u00e9c\u00e9dents m\u00e9dicaux, etc.) nous proc\u00e9dons au transfert d&#8217;embryon.<\/p>\n<p>&nbsp;<\/p>\n<p>Dans le cas contraire, nous collectons un nombre suffisant d&rsquo;ovules f\u00e9cond\u00e9s (apr\u00e8s un nombre suffisant de cycles naturels) qui seront ensuite cryoconserv\u00e9s. Puis, apr\u00e8s une pr\u00e9paration appropri\u00e9e de l\u2019endom\u00e8tre, nous proc\u00e9dons \u00e0 la d\u00e9cong\u00e9lation des ovules f\u00e9cond\u00e9s et au transfert d\u2019embryons &#8211; au maximum 3 \u00e0 4 embryons (selon l&rsquo;\u00e2ge de la femme), augmentant ainsi les chances de grossesse.<\/p>\n<p>&nbsp;<\/p>\n            <\/p>\n        <\/div>\n\n        \n    <\/div>\n\n        \n<\/section>\n\n\n\n<section class=\"fasa light-magenta\">\n            <div class=\"ivf-container\">\n                <p>Cette technique a permis au Centre IVF d&rsquo;Ath\u00e8nes d&rsquo;obtenir de nombreuses grossesses pr\u00e9cieuses, en particulier chez les femmes de plus de 40 ans, o\u00f9 les tentatives de FIV pr\u00e9c\u00e9dentes avaient \u00e9chou\u00e9!<\/p>\n            <\/div>\n        <\/section>\n\n\n    <section class=\"services-faqs reverse\" id=>\r\n\r\n                    <div class=\"ivf-container ivf-small-container section-title-wrap\">\r\n                <h3 class=\"section-title\">\r\n                    FAQ sur le cycle naturel                <\/h3>\r\n            <\/div>\r\n        \r\n        <div class=\"ivf-container ivf-small-container section-content-wrap\">\r\n            <div class=\"text\">\r\n                <div class=\"faq\">\r\n\r\n                                            <h4 class=\"faq-title active\">\r\n                            Qu&#039;est-ce que la FIV en cycle naturel ?                        <\/h4>\r\n                        <div class=\"faq-desc\">\r\n                            <span class=\"faq-desc-content\">\r\n                                <p>Tr\u00e8s souvent, dans les programmes de FIV, aucun m\u00e9dicament pour la stimulation ovarienne n\u2019est administr\u00e9, mais nous suivons le cycle naturel ; c&rsquo;est-\u00e0-dire que nous observons le processus naturel de maturation de l&rsquo;ovocyte qui se produit \u00e0 chaque cycle menstruel, gr\u00e2ce au moyen d\u2019examens \u00e9chographiques et de tests hormonaux. Lorsque le follicule atteint la taille souhait\u00e9e, le pr\u00e9l\u00e8vement des ovocytes est effectu\u00e9, puis nous proc\u00e9dons \u00e0 la f\u00e9condation in vitro (en laboratoire), tout comme dans le cycle de FIV.<\/p>\n                            <\/span>\r\n                        <\/div>\r\n                                            <h4 class=\"faq-title \">\r\n                            Dans quelle circonstance une FIV en cycle naturel est-elle pratiqu\u00e9e ?                        <\/h4>\r\n                        <div class=\"faq-desc\">\r\n                            <span class=\"faq-desc-content\">\r\n                                <p>Le cycle naturel est une solution alternative dans de nombreux cas :<\/p>\n<ul>\n<li>\u00a0Chez les femmes qui ne souhaitent pas ou ne sont pas autoris\u00e9es \u00e0 prendre des m\u00e9dicaments pour la stimulation ovarienne<\/li>\n<li>\u00a0Chez les femmes souffrant d&rsquo;infertilit\u00e9 secondaire (c&rsquo;est-\u00e0-dire qu&rsquo;elles ont d\u00e9j\u00e0 eu un enfant dans le pass\u00e9) et ne souhaitant pas le d\u00e9veloppement et la cr\u00e9ation de nombreux embryons<\/li>\n<li>\u00a0Dans le cadre d&rsquo;ant\u00e9c\u00e9dents de multiples tentatives de FIV infructueuses ou fausses-couches<\/li>\n<li>\u00a0Chez les femmes d&rsquo;un \u00e2ge avanc\u00e9 ou ayant des ant\u00e9c\u00e9dents de d\u00e9veloppement d&#8217;embryons de mauvaise qualit\u00e9 lors de tentatives pr\u00e9c\u00e9dentes<\/li>\n<\/ul>\n                            <\/span>\r\n                        <\/div>\r\n                                            <h4 class=\"faq-title \">\r\n                            Quel est le co\u00fbt d\u2019une FIV en cycle naturel ?                        <\/h4>\r\n                        <div class=\"faq-desc\">\r\n                            <span class=\"faq-desc-content\">\r\n                                <p>Par rapport \u00e0 un protocole de FIV complet, la FIV en cycle naturel a un co\u00fbt th\u00e9rapeutique consid\u00e9rablement inf\u00e9rieur, car la quantit\u00e9 de m\u00e9dicaments requise dans un cycle naturel est consid\u00e9rablement r\u00e9duite, ce qui se r\u00e9percute sur les co\u00fbts de laboratoire (fournitures, etc.).<\/p>\n                            <\/span>\r\n                        <\/div>\r\n                                            <h4 class=\"faq-title \">\r\n                            Quels sont les avantages d\u2019une FIV en cycle naturel ?                        <\/h4>\r\n                        <div class=\"faq-desc\">\r\n                            <span class=\"faq-desc-content\">\r\n                                <p>Des taux de r\u00e9ussite en constante augmentation : gr\u00e2ce \u00e0 une prise en charge personnalis\u00e9e, nous sommes en mesure de r\u00e9aliser des grossesses \u00ab valoris\u00e9es \u00bb, surtout chez les femmes de plus de 40 ans.<\/p>\n<p>Elle constitue alors une solution alternative plus \u00ab naturelle \u00bb \u00e0 un cycle de FIV. Elle n&rsquo;implique pas la prise de m\u00e9dicaments et, par cons\u00e9quent, \u00e9limine la possibilit\u00e9 d&rsquo;effets secondaires tels que le syndrome d&rsquo;hyperstimulation ovarienne\u00a0; les possibilit\u00e9s de grossesses multiples sont en outre r\u00e9duites.<\/p>\n<p>Le co\u00fbt du traitement est consid\u00e9rablement r\u00e9duit.<\/p>\n<p>Le processus peut \u00eatre r\u00e9p\u00e9t\u00e9 en cycles continus, sans la p\u00e9riode d\u2019attente souvent requise entre les cycles habituels de FIV.<\/p>\n                            <\/span>\r\n                        <\/div>\r\n                    \r\n                <\/div>\r\n            <\/div>\r\n        <\/div>\r\n    <\/section>\r\n\n\n","protected":false},"excerpt":{"rendered":"<p>Cette technique a permis au Centre IVF d&rsquo;Ath\u00e8nes d&rsquo;obtenir de nombreuses grossesses pr\u00e9cieuses, en particulier chez les femmes de plus de 40 ans, o\u00f9 les tentatives de FIV pr\u00e9c\u00e9dentes avaient \u00e9chou\u00e9!<\/p>\n","protected":false},"author":1,"featured_media":0,"parent":6298,"menu_order":0,"comment_status":"closed","ping_status":"closed","template":"","meta":{"_acf_changed":false,"footnotes":""},"class_list":["post-4800","page","type-page","status-publish","hentry"],"acf":[],"_links":{"self":[{"href":"https:\/\/ivfathenscenter.gr\/fr\/wp-json\/wp\/v2\/pages\/4800","targetHints":{"allow":["GET"]}}],"collection":[{"href":"https:\/\/ivfathenscenter.gr\/fr\/wp-json\/wp\/v2\/pages"}],"about":[{"href":"https:\/\/ivfathenscenter.gr\/fr\/wp-json\/wp\/v2\/types\/page"}],"author":[{"embeddable":true,"href":"https:\/\/ivfathenscenter.gr\/fr\/wp-json\/wp\/v2\/users\/1"}],"replies":[{"embeddable":true,"href":"https:\/\/ivfathenscenter.gr\/fr\/wp-json\/wp\/v2\/comments?post=4800"}],"version-history":[{"count":4,"href":"https:\/\/ivfathenscenter.gr\/fr\/wp-json\/wp\/v2\/pages\/4800\/revisions"}],"predecessor-version":[{"id":6767,"href":"https:\/\/ivfathenscenter.gr\/fr\/wp-json\/wp\/v2\/pages\/4800\/revisions\/6767"}],"up":[{"embeddable":true,"href":"https:\/\/ivfathenscenter.gr\/fr\/wp-json\/wp\/v2\/pages\/6298"}],"wp:attachment":[{"href":"https:\/\/ivfathenscenter.gr\/fr\/wp-json\/wp\/v2\/media?parent=4800"}],"curies":[{"name":"wp","href":"https:\/\/api.w.org\/{rel}","templated":true}]}}